{"id":60,"date":"2023-02-05T21:23:15","date_gmt":"2023-02-05T20:23:15","guid":{"rendered":"https:\/\/larevuelike.fr\/?post_type=product&#038;p=60"},"modified":"2025-05-29T05:43:42","modified_gmt":"2025-05-29T04:43:42","slug":"sebastiao-salgado-like-la-revue-12","status":"publish","type":"product","link":"https:\/\/www.touslesjourscurieux.fr\/en\/product\/sebastiao-salgado-like-la-revue-12","title":{"rendered":"Sebasti\u00e3o Salgado &#8211; LIKE la revue #12"},"content":{"rendered":"<h1>Sebasti\u00e3o Salgado<\/h1>\n<h2>L\u2019entretien v\u00e9rit\u00e9 Sebasti\u00e3o Salgado<\/h2>\n<p>Il vous dit: \u00ab\u00c9coute\u2026\u00bb Alors, le verbe roule, limpide, enthousiaste, sombre ou poignant. En rien de temps nous passons d\u2019Aubervilliers pour atterrir au c\u0153ur de l\u2019Amazonie. Nous retournons au Rwanda et rejoignons le Grand Nord dans la m\u00eame phrase. Sebasti\u00e3o Salgado est avant tout un homme engag\u00e9 arm\u00e9 d\u2019un simple appareil photo et d\u2019une volont\u00e9 hors du commun. Un entretien v\u00e9rit\u00e9. Notre couverture.<\/p>\n<h3><span style=\"color: #3366ff;\"><a style=\"color: #3366ff;\" href=\"https:\/\/www.touslesjourscurieux.fr\/wp-content\/uploads\/2024\/09\/LIKE-N18-EXTRAITS-SALGADO.pdf\"><strong>LIRE UN EXTRAIT<\/strong><\/a><\/span><\/h3>\n<h2>Les premiers <strong>photographes de lib\u00e9ration<\/strong><\/h2>\n<p>Lib\u00e9ration f\u00eate ses 50 ans cette ann\u00e9e. Le quotidien a r\u00e9volutionn\u00e9 la presse quotidienne Fran\u00e7aise. Pourtant les d\u00e9buts furent plus que chaotiques. Guid\u00e9s par leur envie de proposer une information diff\u00e9rente, ils sont rejoints par un groupe de jeunes photographes qui se mobilisent pour cr\u00e9er une agence photo au service du nouveau journal. C\u2019est l\u2019histoire de Fotolib jamais racont\u00e9e.<\/p>\n<h2><strong>Dominique Issermann<\/strong> Histoire de mon timbre<\/h2>\n<p>Le 27\u202ff\u00e9vrier dernier, le groupe La Poste a \u00e9mis un timbre sign\u00e9 Dominique Issermann. Parmi ses photos les plus c\u00e9l\u00e8bres, c\u2019est celle de la main de Laetitia Casta qui a \u00e9t\u00e9 retenue. Avec la complicit\u00e9 de J\u00e9r\u00f4me Hinstin, elle nous raconte les \u00e9tapes de cette aventure, du choix initial jusqu\u2019\u00e0 l\u2019impression. Cela valait bien une carte blanche!<\/p>\n<h2><strong>Pierre de Vallombreuse<\/strong> 2 ans au commissariat<\/h2>\n<p>Depuis 35 ans, Pierre de Vallombreuse arpente le monde \u00e0 la rencontre des peuples autochtones. D\u2019une jungle, l\u2019autre. C\u2019est une toute autre population qu\u2019il doit apprivoiser. L\u00e0 o\u00f9 il \u00e9tait question de libert\u00e9, de nature et de beaut\u00e9, le voici au contact de probl\u00e8mes bien urbains, fait de stress et d\u2019actions. La vie quotidienne d\u2019un commissariat n\u2019est pas un long fleuve tranquille. Pas l\u2019enfer non plus. Reportage.<\/p>\n<h2><strong>Marie Baronnet<\/strong> La grande marche des migrants<\/h2>\n<p>En 2009, Marie Baronnet commence \u00e0 photographier et \u00e0 filmer la fronti\u00e8re am\u00e9ricano-mexicaine sur 10 ans Elle suit les migrants du c\u00f4t\u00e9 Mexicain, attendant avec eux des jours entiers le bon moment pour passer le mur. Un travail t\u00eatu qui l\u2019a amen\u00e9e \u00e0 croiser tour \u00e0 tour les passeurs impitoyables, mais aussi des militants des droits humains, des sh\u00e9rifs, des m\u00e9decins l\u00e9gistes et de nombreuses familles marchant vers le \u00abr\u00eave Am\u00e9ricain\u00bb. T\u00e9moignage.<\/p>\n<h2><strong>St\u00e9phanie Lacombe<\/strong> L\u2019ordinaire au menu<\/h2>\n<p>Pour la grande commande de la BNF, St\u00e9phanie Lacombe a pos\u00e9 son sac \u00e0 dos \u00e0 Flixecourt. Dans cette ville durement touch\u00e9e par la d\u00e9sindustrialisation, elle a partag\u00e9 la vie quotidienne des familles qui touchent des revenus minimums. Elles s\u2019en sortent difficilement et par cons\u00e9quent, d\u00e9veloppent des strat\u00e9gies pour am\u00e9liorer le quotidien. Elles font preuve d\u2019une grande imagination pour donner de l\u2019exotisme \u00e0 leur vie. R\u00e9cit.<\/p>\n<h2><strong>Jean-Denis Walter<\/strong> La photo de sport et rien d\u2019autre<\/h2>\n<p>Des galeries photos ont pouss\u00e9 comme des champignons ces trente derni\u00e8res ann\u00e9es. Elles proposent un large choix d\u2019intentions photographiques. Du plus classique au plus abstrait, il en existe pour tous les go\u00fbts. Vraiment\u2009? Pourtant, Jean-Denis Walter est le seul \u00e0 proposer de la photo de sport. Il lui a fallu batailler ferme, ne rien l\u00e2cher pour imposer ce genre photographique plus associ\u00e9 au poster imprim\u00e9 qu\u2019aux cimaises. Dix ans d\u00e9j\u00e0 et une implication intacte. Portrait.<\/p>\n<h2><strong>Rapha\u00ebl Blasselle<\/strong> La vie des paroissien<\/h2>\n<p>\u00c0 44 ans, Rapha\u00ebl Blasselle est confront\u00e9 \u00e0 des interrogations. Elles ont \u00e0 voir avec la spiritualit\u00e9, la connaissance de Dieu. Lui, l\u2019agnostique a commenc\u00e9 \u00e0 se pencher s\u00e9rieusement sur la question. Quelle est la construction intellectuelle qui vous am\u00e8ne \u00e0 croire\u2009? En quoi la foi aide-t-elle les fid\u00e8les \u00e0 se remettre en question, \u00e0 se d\u00e9passer, \u00e0 aller vers l\u2019autre\u2009? Puisqu\u2019il est photographe, il a choisi de s\u2019int\u00e9grer au c\u0153ur d\u2019une paroisse.<\/p>\n<p>Les petits papiers de <strong>Thomas Demand\u2022<\/strong>100 photos de <strong>Marc Riboud<\/strong>\u2022 Nos pages livres et nos chroniques.<\/p>","protected":false},"excerpt":{"rendered":"<p><strong>Le N\u00b0 11 \ud83d\udc49<\/strong>Recevez le lien par mail pour lire la version Flipbbook<\/p>\n<p>C\u2019est l\u2019histoire d\u2019une communaut\u00e9 juive aujourd\u2019hui disparue. C\u2019\u00e9tait \u00e0 la fin des ann\u00e9es 1970 et South Beach \u00e0 Miami \u00e9tait un village et Andy Sweet son photographe. &#8211; Goran Toma\u0161evi\u0107, The photojournaliste. &#8211; Sarah Moon Dior mon amour &#8211; R\u00e9flexions sur les manipulations photographiques\u202fJoan Fontcuberta &#8211; L\u2019Iran sans voile Alexandre Arminjon -Agathe Gaillard Andr\u00e9 Kert\u00e9sz mon ami &#8211; Arnaud Baumann F\u00eates au Palace &#8211; Impressions Maliennes Bernard Descamps &#8211; Comprendre les NFT\u2009Pierre-Elie de Pibrac &#8211; Sally Mann l\u2019inspiratrice &#8211; Les portraits pour l\u2019histoire de Jean Mounicq &#8211; La chronique de Marc Pussemier.<\/p>","protected":false},"featured_media":3665,"comment_status":"closed","ping_status":"closed","template":"","meta":[],"product_brand":[],"product_cat":[19,25,27],"product_tag":[],"class_list":{"0":"post-60","1":"product","2":"type-product","3":"status-publish","4":"has-post-thumbnail","6":"product_cat-like-la-revue","7":"product_cat-photographe-et-artiste","8":"product_cat-revue-papier-de-photographie","10":"first","11":"instock","12":"virtual","13":"taxable","14":"product-type-simple"},"yoast_head":"<!-- This site is optimized with the Yoast SEO plugin v27.3 - https:\/\/yoast.com\/product\/yoast-seo-wordpress\/ -->\n<title>Sebasti\u00e3o Salgado - LIKE la revue #12 - LIKE la revue<\/title>\n<meta name=\"description\" content=\"Il vous dit: \u00ab\u00c9coute\u2026\u00bb Alors, le verbe roule, limpide, enthousiaste, sombre ou poignant. Sebastiao Salgado est avant tout un homme engag\u00e9.\" \/>\n<meta name=\"robots\" content=\"index, follow, max-snippet:-1, max-image-preview:large, max-video-preview:-1\" \/>\n<link rel=\"canonical\" href=\"https:\/\/www.touslesjourscurieux.fr\/en\/product\/sebastiao-salgado-like-la-revue-12\/\" \/>\n<meta property=\"og:locale\" content=\"en_US\" \/>\n<meta property=\"og:type\" content=\"article\" \/>\n<meta property=\"og:title\" content=\"Sebasti\u00e3o Salgado - LIKE la revue #12 - LIKE la revue\" \/>\n<meta property=\"og:description\" content=\"Il vous dit: \u00ab\u00c9coute\u2026\u00bb Alors, le verbe roule, limpide, enthousiaste, sombre ou poignant. Sebastiao Salgado est avant tout un homme engag\u00e9.\" \/>\n<meta property=\"og:url\" content=\"https:\/\/www.touslesjourscurieux.fr\/en\/product\/sebastiao-salgado-like-la-revue-12\/\" \/>\n<meta property=\"og:site_name\" content=\"LIKE la revue\" \/>\n<meta property=\"article:publisher\" content=\"https:\/\/www.facebook.com\/Touslesjourscurieux\" \/>\n<meta property=\"article:modified_time\" content=\"2025-05-29T04:43:42+00:00\" \/>\n<meta property=\"og:image\" content=\"https:\/\/www.touslesjourscurieux.fr\/wp-content\/uploads\/2025\/05\/REVUE-LIKE-N12-ok.jpg\" \/>\n\t<meta property=\"og:image:width\" content=\"600\" \/>\n\t<meta property=\"og:image:height\" content=\"600\" \/>\n\t<meta property=\"og:image:type\" content=\"image\/jpeg\" \/>\n<meta name=\"twitter:card\" content=\"summary_large_image\" \/>\n<meta name=\"twitter:label1\" content=\"Est. reading time\" \/>\n\t<meta name=\"twitter:data1\" content=\"4 minutes\" \/>\n<script type=\"application\/ld+json\" class=\"yoast-schema-graph\">{\"@context\":\"https:\\\/\\\/schema.org\",\"@graph\":[{\"@type\":\"WebPage\",\"@id\":\"https:\\\/\\\/www.touslesjourscurieux.fr\\\/produit\\\/sebastiao-salgado-like-la-revue-12\",\"url\":\"https:\\\/\\\/www.touslesjourscurieux.fr\\\/produit\\\/sebastiao-salgado-like-la-revue-12\",\"name\":\"Sebasti\u00e3o Salgado - LIKE la revue #12 - LIKE la revue\",\"isPartOf\":{\"@id\":\"https:\\\/\\\/www.touslesjourscurieux.fr\\\/#website\"},\"primaryImageOfPage\":{\"@id\":\"https:\\\/\\\/www.touslesjourscurieux.fr\\\/produit\\\/sebastiao-salgado-like-la-revue-12#primaryimage\"},\"image\":{\"@id\":\"https:\\\/\\\/www.touslesjourscurieux.fr\\\/produit\\\/sebastiao-salgado-like-la-revue-12#primaryimage\"},\"thumbnailUrl\":\"https:\\\/\\\/i0.wp.com\\\/www.touslesjourscurieux.fr\\\/wp-content\\\/uploads\\\/2025\\\/05\\\/REVUE-LIKE-N12-ok.jpg?fit=600%2C600&ssl=1\",\"datePublished\":\"2023-02-05T20:23:15+00:00\",\"dateModified\":\"2025-05-29T04:43:42+00:00\",\"description\":\"Il vous dit: \u00ab\u00c9coute\u2026\u00bb Alors, le verbe roule, limpide, enthousiaste, sombre ou poignant. Sebastiao Salgado est avant tout un homme engag\u00e9.\",\"breadcrumb\":{\"@id\":\"https:\\\/\\\/www.touslesjourscurieux.fr\\\/produit\\\/sebastiao-salgado-like-la-revue-12#breadcrumb\"},\"inLanguage\":\"en-US\",\"potentialAction\":[{\"@type\":\"ReadAction\",\"target\":[\"https:\\\/\\\/www.touslesjourscurieux.fr\\\/produit\\\/sebastiao-salgado-like-la-revue-12\"]}]},{\"@type\":\"ImageObject\",\"inLanguage\":\"en-US\",\"@id\":\"https:\\\/\\\/www.touslesjourscurieux.fr\\\/produit\\\/sebastiao-salgado-like-la-revue-12#primaryimage\",\"url\":\"https:\\\/\\\/i0.wp.com\\\/www.touslesjourscurieux.fr\\\/wp-content\\\/uploads\\\/2025\\\/05\\\/REVUE-LIKE-N12-ok.jpg?fit=600%2C600&ssl=1\",\"contentUrl\":\"https:\\\/\\\/i0.wp.com\\\/www.touslesjourscurieux.fr\\\/wp-content\\\/uploads\\\/2025\\\/05\\\/REVUE-LIKE-N12-ok.jpg?fit=600%2C600&ssl=1\",\"width\":600,\"height\":600,\"caption\":\"Salgado\"},{\"@type\":\"BreadcrumbList\",\"@id\":\"https:\\\/\\\/www.touslesjourscurieux.fr\\\/produit\\\/sebastiao-salgado-like-la-revue-12#breadcrumb\",\"itemListElement\":[{\"@type\":\"ListItem\",\"position\":1,\"name\":\"Accueil\",\"item\":\"https:\\\/\\\/www.touslesjourscurieux.fr\\\/\"},{\"@type\":\"ListItem\",\"position\":2,\"name\":\"LIKE la Revue, la boutique\",\"item\":\"https:\\\/\\\/www.touslesjourscurieux.fr\\\/\"},{\"@type\":\"ListItem\",\"position\":3,\"name\":\"Sebasti\u00e3o Salgado &#8211; LIKE la revue #12\"}]},{\"@type\":\"WebSite\",\"@id\":\"https:\\\/\\\/www.touslesjourscurieux.fr\\\/#website\",\"url\":\"https:\\\/\\\/www.touslesjourscurieux.fr\\\/\",\"name\":\"LIKE la revue\",\"description\":\"petit format grandes photos\",\"publisher\":{\"@id\":\"https:\\\/\\\/www.touslesjourscurieux.fr\\\/#organization\"},\"potentialAction\":[{\"@type\":\"SearchAction\",\"target\":{\"@type\":\"EntryPoint\",\"urlTemplate\":\"https:\\\/\\\/www.touslesjourscurieux.fr\\\/?s={search_term_string}\"},\"query-input\":{\"@type\":\"PropertyValueSpecification\",\"valueRequired\":true,\"valueName\":\"search_term_string\"}}],\"inLanguage\":\"en-US\"},{\"@type\":\"Organization\",\"@id\":\"https:\\\/\\\/www.touslesjourscurieux.fr\\\/#organization\",\"name\":\"LIKE la revue\",\"url\":\"https:\\\/\\\/www.touslesjourscurieux.fr\\\/\",\"logo\":{\"@type\":\"ImageObject\",\"inLanguage\":\"en-US\",\"@id\":\"https:\\\/\\\/www.touslesjourscurieux.fr\\\/#\\\/schema\\\/logo\\\/image\\\/\",\"url\":\"https:\\\/\\\/i0.wp.com\\\/www.touslesjourscurieux.fr\\\/wp-content\\\/uploads\\\/2024\\\/09\\\/162305199_131399045654938_3947990576801447511_n.jpg?fit=942%2C514&ssl=1\",\"contentUrl\":\"https:\\\/\\\/i0.wp.com\\\/www.touslesjourscurieux.fr\\\/wp-content\\\/uploads\\\/2024\\\/09\\\/162305199_131399045654938_3947990576801447511_n.jpg?fit=942%2C514&ssl=1\",\"width\":942,\"height\":514,\"caption\":\"LIKE la revue\"},\"image\":{\"@id\":\"https:\\\/\\\/www.touslesjourscurieux.fr\\\/#\\\/schema\\\/logo\\\/image\\\/\"},\"sameAs\":[\"https:\\\/\\\/www.facebook.com\\\/Touslesjourscurieux\",\"http:\\\/\\\/instagram.com\\\/likelarevuetouslesjourscurieux\"]}]}<\/script>\n<!-- \/ Yoast SEO plugin. -->","yoast_head_json":{"title":"Sebasti\u00e3o Salgado - LIKE la revue #12 - LIKE la revue","description":"Il vous dit: \u00ab\u00c9coute\u2026\u00bb Alors, le verbe roule, limpide, enthousiaste, sombre ou poignant. Sebastiao Salgado est avant tout un homme engag\u00e9.","robots":{"index":"index","follow":"follow","max-snippet":"max-snippet:-1","max-image-preview":"max-image-preview:large","max-video-preview":"max-video-preview:-1"},"canonical":"https:\/\/www.touslesjourscurieux.fr\/en\/product\/sebastiao-salgado-like-la-revue-12\/","og_locale":"en_US","og_type":"article","og_title":"Sebasti\u00e3o Salgado - LIKE la revue #12 - LIKE la revue","og_description":"Il vous dit: \u00ab\u00c9coute\u2026\u00bb Alors, le verbe roule, limpide, enthousiaste, sombre ou poignant. Sebastiao Salgado est avant tout un homme engag\u00e9.","og_url":"https:\/\/www.touslesjourscurieux.fr\/en\/product\/sebastiao-salgado-like-la-revue-12\/","og_site_name":"LIKE la revue","article_publisher":"https:\/\/www.facebook.com\/Touslesjourscurieux","article_modified_time":"2025-05-29T04:43:42+00:00","og_image":[{"width":600,"height":600,"url":"https:\/\/www.touslesjourscurieux.fr\/wp-content\/uploads\/2025\/05\/REVUE-LIKE-N12-ok.jpg","type":"image\/jpeg"}],"twitter_card":"summary_large_image","twitter_misc":{"Est. reading time":"4 minutes"},"schema":{"@context":"https:\/\/schema.org","@graph":[{"@type":"WebPage","@id":"https:\/\/www.touslesjourscurieux.fr\/produit\/sebastiao-salgado-like-la-revue-12","url":"https:\/\/www.touslesjourscurieux.fr\/produit\/sebastiao-salgado-like-la-revue-12","name":"Sebasti\u00e3o Salgado - LIKE la revue #12 - LIKE la revue","isPartOf":{"@id":"https:\/\/www.touslesjourscurieux.fr\/#website"},"primaryImageOfPage":{"@id":"https:\/\/www.touslesjourscurieux.fr\/produit\/sebastiao-salgado-like-la-revue-12#primaryimage"},"image":{"@id":"https:\/\/www.touslesjourscurieux.fr\/produit\/sebastiao-salgado-like-la-revue-12#primaryimage"},"thumbnailUrl":"https:\/\/i0.wp.com\/www.touslesjourscurieux.fr\/wp-content\/uploads\/2025\/05\/REVUE-LIKE-N12-ok.jpg?fit=600%2C600&ssl=1","datePublished":"2023-02-05T20:23:15+00:00","dateModified":"2025-05-29T04:43:42+00:00","description":"Il vous dit: \u00ab\u00c9coute\u2026\u00bb Alors, le verbe roule, limpide, enthousiaste, sombre ou poignant. Sebastiao Salgado est avant tout un homme engag\u00e9.","breadcrumb":{"@id":"https:\/\/www.touslesjourscurieux.fr\/produit\/sebastiao-salgado-like-la-revue-12#breadcrumb"},"inLanguage":"en-US","potentialAction":[{"@type":"ReadAction","target":["https:\/\/www.touslesjourscurieux.fr\/produit\/sebastiao-salgado-like-la-revue-12"]}]},{"@type":"ImageObject","inLanguage":"en-US","@id":"https:\/\/www.touslesjourscurieux.fr\/produit\/sebastiao-salgado-like-la-revue-12#primaryimage","url":"https:\/\/i0.wp.com\/www.touslesjourscurieux.fr\/wp-content\/uploads\/2025\/05\/REVUE-LIKE-N12-ok.jpg?fit=600%2C600&ssl=1","contentUrl":"https:\/\/i0.wp.com\/www.touslesjourscurieux.fr\/wp-content\/uploads\/2025\/05\/REVUE-LIKE-N12-ok.jpg?fit=600%2C600&ssl=1","width":600,"height":600,"caption":"Salgado"},{"@type":"BreadcrumbList","@id":"https:\/\/www.touslesjourscurieux.fr\/produit\/sebastiao-salgado-like-la-revue-12#breadcrumb","itemListElement":[{"@type":"ListItem","position":1,"name":"Accueil","item":"https:\/\/www.touslesjourscurieux.fr\/"},{"@type":"ListItem","position":2,"name":"LIKE la Revue, la boutique","item":"https:\/\/www.touslesjourscurieux.fr\/"},{"@type":"ListItem","position":3,"name":"Sebasti\u00e3o Salgado &#8211; LIKE la revue #12"}]},{"@type":"WebSite","@id":"https:\/\/www.touslesjourscurieux.fr\/#website","url":"https:\/\/www.touslesjourscurieux.fr\/","name":"LIKE la revue","description":"petit format grandes photos","publisher":{"@id":"https:\/\/www.touslesjourscurieux.fr\/#organization"},"potentialAction":[{"@type":"SearchAction","target":{"@type":"EntryPoint","urlTemplate":"https:\/\/www.touslesjourscurieux.fr\/?s={search_term_string}"},"query-input":{"@type":"PropertyValueSpecification","valueRequired":true,"valueName":"search_term_string"}}],"inLanguage":"en-US"},{"@type":"Organization","@id":"https:\/\/www.touslesjourscurieux.fr\/#organization","name":"LIKE la revue","url":"https:\/\/www.touslesjourscurieux.fr\/","logo":{"@type":"ImageObject","inLanguage":"en-US","@id":"https:\/\/www.touslesjourscurieux.fr\/#\/schema\/logo\/image\/","url":"https:\/\/i0.wp.com\/www.touslesjourscurieux.fr\/wp-content\/uploads\/2024\/09\/162305199_131399045654938_3947990576801447511_n.jpg?fit=942%2C514&ssl=1","contentUrl":"https:\/\/i0.wp.com\/www.touslesjourscurieux.fr\/wp-content\/uploads\/2024\/09\/162305199_131399045654938_3947990576801447511_n.jpg?fit=942%2C514&ssl=1","width":942,"height":514,"caption":"LIKE la revue"},"image":{"@id":"https:\/\/www.touslesjourscurieux.fr\/#\/schema\/logo\/image\/"},"sameAs":["https:\/\/www.facebook.com\/Touslesjourscurieux","http:\/\/instagram.com\/likelarevuetouslesjourscurieux"]}]}},"jetpack_sharing_enabled":true,"_links":{"self":[{"href":"https:\/\/www.touslesjourscurieux.fr\/en\/wp-json\/wp\/v2\/product\/60","targetHints":{"allow":["GET"]}}],"collection":[{"href":"https:\/\/www.touslesjourscurieux.fr\/en\/wp-json\/wp\/v2\/product"}],"about":[{"href":"https:\/\/www.touslesjourscurieux.fr\/en\/wp-json\/wp\/v2\/types\/product"}],"replies":[{"embeddable":true,"href":"https:\/\/www.touslesjourscurieux.fr\/en\/wp-json\/wp\/v2\/comments?post=60"}],"wp:featuredmedia":[{"embeddable":true,"href":"https:\/\/www.touslesjourscurieux.fr\/en\/wp-json\/wp\/v2\/media\/3665"}],"wp:attachment":[{"href":"https:\/\/www.touslesjourscurieux.fr\/en\/wp-json\/wp\/v2\/media?parent=60"}],"wp:term":[{"taxonomy":"product_brand","embeddable":true,"href":"https:\/\/www.touslesjourscurieux.fr\/en\/wp-json\/wp\/v2\/product_brand?post=60"},{"taxonomy":"product_cat","embeddable":true,"href":"https:\/\/www.touslesjourscurieux.fr\/en\/wp-json\/wp\/v2\/product_cat?post=60"},{"taxonomy":"product_tag","embeddable":true,"href":"https:\/\/www.touslesjourscurieux.fr\/en\/wp-json\/wp\/v2\/product_tag?post=60"}],"curies":[{"name":"wp","href":"https:\/\/api.w.org\/{rel}","templated":true}]}}