{"id":58,"date":"2023-02-05T21:22:14","date_gmt":"2023-02-05T20:22:14","guid":{"rendered":"https:\/\/larevuelike.fr\/?post_type=product&#038;p=58"},"modified":"2025-05-22T14:47:58","modified_gmt":"2025-05-22T13:47:58","slug":"andy-sweet-like-la-revue-11","status":"publish","type":"product","link":"https:\/\/www.touslesjourscurieux.fr\/en\/product\/andy-sweet-like-la-revue-11","title":{"rendered":"Andy Sweet &#8211; LIKE la revue #11"},"content":{"rendered":"<h1>Andy Sweet<\/h1>\n<h2>C\u2019est l\u2019histoire d\u2019une communaut\u00e9 juive aujourd\u2019hui disparue. C\u2019\u00e9tait \u00e0 la fin des ann\u00e9es 1970 et South Beach \u00e0 Miami \u00e9tait un village et Andy Sweet son photographe.<\/h2>\n<p>Sans une d\u00e9couverte familiale de bo\u00eetes de tirages, l\u2019\u0153uvre du photographe Andy Sweet aurait pu \u00eatre perdue \u00e0 jamais. Ces photographies racontent l\u2019histoire d\u2019une communaut\u00e9 juive disparue pour la plupart survivants de l\u2019Holocauste. C\u2019\u00e9tait \u00e0 la fin des ann\u00e9es 70 et South Beach \u00e0 Miami \u00e9tait un village de retrait\u00e9s paisibles issus de la classe ouvri\u00e8re \u00e0 la recherche d\u2019un endroit abordable pour \u00e9chapper au froid. Andy Sweet a \u00e9t\u00e9 assassin\u00e9 alors qu&#8217;il n&#8217;avait pas 30 ans.<\/p>\n<p><a href=\"https:\/\/www.touslesjourscurieux.fr\/wp-content\/uploads\/2024\/09\/LIKE-N18-EXTRAITS-SWEET.pdf\"><strong><span style=\"color: #3366ff;\">LIRE UN EXTRAIT<\/span><\/strong><\/a><\/p>\n<h2><strong>Goran Toma\u0161evi\u0107,<\/strong> The photojournaliste<\/h2>\n<p>Percutantes et sans artifices. Ses photos sont comme lui. Elles vont \u00e0 l\u2019essentiel, vous emm\u00e8nent au c\u0153ur de l\u2019action, brutes, exaltantes ou terrifiantes, toujours incarn\u00e9es. Pour son nouveau livre, Goran Toma\u0161evic n\u2019a pas r\u00e9ussi \u00e0 trouver un titre qui arrive \u00e0 d\u00e9finir ses trente ann\u00e9es de photos pour l\u2019agence Reuters. Alors, faute de qualificatif satisfaisant, il y a appos\u00e9 son nom. Comme si pour une fois, il s\u2019autorisait \u00e0 r\u00e9v\u00e9ler un peu plus de lui-m\u00eame au fil de son t\u00e9moignage. Un choc\u00a0!<\/p>\n<h2><strong>Sarah Moon<\/strong> Dior mon amour<\/h2>\n<p>\u00c0 deux pas de la station de m\u00e9tro Al\u00e9sia, pass\u00e9 l\u2019entr\u00e9e, vous p\u00e9n\u00e9trez dans un petit coin de paradis. Un parc arbor\u00e9 entour\u00e9 de demeures sagement align\u00e9es. Sur le portail de la maison, il n\u2019y a pas de nom. Juste un chiffre. Le 5. Sarah Moon, v\u00eatue de noir comme toujours, se tient sur le porche, une cigarette pas encore allum\u00e9e \u00e0 la main. Derri\u00e8re elle, son attach\u00e9e de presse Catherine Philippot lance d\u00e9j\u00e0 des volutes de fum\u00e9e vers le ciel. Nous voici tous les trois autour de la table basse, dans une ambiance cosy.<\/p>\n<h2><strong>Joan Fontcuberta<\/strong> R\u00e9flexions sur les manipulations photographiques<\/h2>\n<p>Joan Fontcuberta a \u00e9t\u00e9 confront\u00e9 \u00e0 la dictature franquiste dans sa jeunesse et avec elle \u00e0 la manipulation de l\u2019information qui la caract\u00e9risait. Dans son dernier ouvrage\u00a0: Manifeste pour une post-photographie, il nous invite \u00e0 r\u00e9fl\u00e9chir sur \u00ab\u202fla culture visuelle au sein d\u2019un capitalisme esth\u00e9tique d\u00e9voreur de signes, d\u2019exp\u00e9riences, de m\u00e9moires qui nous presse \u00e0 r\u00e9agir\u202f\u00bb. Cela valait bien quelques \u00e9claircissements.<\/p>\n<h2><strong>L\u2019Iran sans voile Alexandre Arminjo<\/strong>n<\/h2>\n<p>\u00c0 l\u2019heure o\u00f9 nous \u00e9crivons ces lignes, la contestation en Iran est toujours vivante. Alexandre Arminjon s\u2019y est rendu en ao\u00fbt dernier. Ce jeune photographe, plus plasticien que photojournaliste, s\u2019est immerg\u00e9 au sein de la soci\u00e9t\u00e9 iranienne quelques semaines avant le soul\u00e8vement. Ses images nous parlent d\u2019un pays en pleine mutation.<\/p>\n<h2><strong>Agathe Gaillard<\/strong> Andr\u00e9 Kert\u00e9sz mon ami<\/h2>\n<p>C\u2019est en 1975 que la galeriste Agathe Gaillard rencontre le photographe Andr\u00e9 Kert\u00e9sz pour la premi\u00e8re fois. S\u2019ensuit une relation tr\u00e8s simple, faite de moments pass\u00e9s ensemble sur les quais de Paris ou de discussions tranquilles \u00e0 la galerie de la rue du Pont-Louis-Philippe. Des ann\u00e9es d\u2019amiti\u00e9 qu\u2019elle nous raconte autour d\u2019un th\u00e9 vert \u00e0 deux pas du Centre Pompidou.<\/p>\n<h2><strong>Arnaud Baumann<\/strong> F\u00eates au Palace<\/h2>\n<p>Dans un premier temps associ\u00e9 \u00e0 Xavier Lambours au sein de la r\u00e9daction de Hara-Kiri, photographe ind\u00e9pendant, Arnaud Baumann int\u00e8gre dans les ann\u00e9es 1990 l\u2019agence Sipa, o\u00f9 il devient le portraitiste de la maison. Cette ann\u00e9e, il f\u00eate ses cinquante ans de photos, l\u2019occasion d\u2019un retour en arri\u00e8re et de revisiter les incroyables ann\u00e9es du Palace. Un livre \u00e0 regarder et \u00e0 lire. Le temps de l\u2019insouciance o\u00f9 la sobri\u00e9t\u00e9 n\u2019\u00e9tait pas de mise. Paris \u00e9tait une f\u00eate. Un roman visuel.<\/p>\n<h2>Impressions Maliennes <strong>Bernard Descamps<\/strong><\/h2>\n<p>Bernard Descamps est f\u00eat\u00e9 dignement cette ann\u00e9e avec deux livres et une formidable exposition \u00e0 Tours. Il a parcouru le monde selon une m\u00e9thode toute personnelle\u2009: s\u2019installer un mois, pas plus dans un endroit et partager la vie quotidienne des habitants. Pour nous, celui qui fut l\u2019un des fondateurs du premier festival photo africain<br \/>\n\u00e0 Bamako revient sur sa d\u00e9couverte du Mali et des photographes africains. Notre portfolio.<\/p>\n<h2>Comprendre les NFT\u2009<strong>Pierre-Elie de Pibrac<\/strong><\/h2>\n<p>N &#8211; F &#8211; T\u2026 Il suffit de prononcer ces trois lettres pour lancer Pierre-Elie de Pibrac. Son regard s\u2019illumine et la parole s\u2019emballe. Il faut bien s\u2019accrocher pour comprendre les enjeux et les espoirs que l\u00e8ve ce nouveau march\u00e9 de l\u2019art. Rhapsody Curated vient de lancer le premier site de vente de NFT d\u00e9di\u00e9 \u00e0 la photo en France. Visionnaires ou kamikazes\u2009? Une visite \u00e0 Boulogne-Billancourt s\u2019imposait pour comprendre de quoi ces lettres sont le nom. Mode d\u2019emploi.<\/p>\n<h2><strong>Sally Mann<\/strong> l\u2019inspiratrice<\/h2>\n<p>Lorsque B\u00e9atrice Chauvin part en qu\u00eate de ses premi\u00e8res ann\u00e9es v\u00e9cues en Am\u00e9rique, elle rembobine le fil de sa vie par la photo et entre en communion avec Sally Mann sans le savoir. La connexion entre elles existe bel et bien, en la personne de Maude Schuyler Clay, autre formidable photographe, puisque amie proche de l\u2019une et de l\u2019autre\u2026 Trois femmes d\u2019images \u00e9prises de nature, de libert\u00e9 et de litt\u00e9rature.<\/p>\n<h2>Les portraits pour l\u2019histoire de <strong>Jean Mounicq<\/strong><\/h2>\n<p>Et aussi Ulrich Lebeuf, Mikiko Hara, Stefania Rousselle, Michel Eisenlohr, Jean-David Morvan, Tina M\u00e9randon, Christophe Jacrot, Loury Lag, Michael Kenna, Paolo Roversi, Ga\u00ebl Bonnefon, Ewan Lebourdais, Philippe Chancel, Thierry Clech, Franck Seguin, Dominique Genty, Fabiola Ferrero, Denis Dailleux. Sans oublier les chroniques de Natalie Amargier et de Marc Pussemier\u2009!<\/p>","protected":false},"excerpt":{"rendered":"<p><strong><span style=\"color: #ff0000;\">Le N\u00b0 11<\/span> \ud83d\udc49<\/strong>Envoy\u00e9 directement chez vous +Frais de port 2,50\u20ac<\/p>\n<p>C\u2019est l\u2019histoire d\u2019une communaut\u00e9 juive aujourd\u2019hui disparue. C\u2019\u00e9tait \u00e0 la fin des ann\u00e9es 1970 et South Beach \u00e0 Miami \u00e9tait un village et Andy Sweet son photographe. &#8211; Goran Toma\u0161evi\u0107, The photojournaliste. &#8211; Sarah Moon Dior mon amour &#8211; R\u00e9flexions sur les manipulations photographiques\u202fJoan Fontcuberta &#8211; L\u2019Iran sans voile Alexandre Arminjon -Agathe Gaillard Andr\u00e9 Kert\u00e9sz mon ami &#8211; Arnaud Baumann F\u00eates au Palace &#8211; Impressions Maliennes Bernard Descamps &#8211; Comprendre les NFT\u2009Pierre-Elie de Pibrac &#8211; Sally Mann l\u2019inspiratrice &#8211; Les portraits pour l\u2019histoire de Jean Mounicq &#8211; La chronique de Marc Pussemier.<\/p>","protected":false},"featured_media":3632,"comment_status":"closed","ping_status":"closed","template":"","meta":[],"product_brand":[],"product_cat":[19,25,27],"product_tag":[],"class_list":{"0":"post-58","1":"product","2":"type-product","3":"status-publish","4":"has-post-thumbnail","6":"product_cat-like-la-revue","7":"product_cat-photographe-et-artiste","8":"product_cat-revue-papier-de-photographie","9":"product_shipping_class-revue","11":"first","12":"instock","13":"taxable","14":"shipping-taxable","15":"purchasable","16":"product-type-simple"},"yoast_head":"<!-- This site is optimized with the Yoast SEO plugin v27.3 - https:\/\/yoast.com\/product\/yoast-seo-wordpress\/ -->\n<title>Andy Sweet - LIKE la revue #11 - LIKE la revue<\/title>\n<meta name=\"description\" content=\"C\u2019est l\u2019histoire d\u2019une communaut\u00e9 juive aujourd\u2019hui disparue. C\u2019\u00e9tait \u00e0 la fin des ann\u00e9es 1970 \u00e0 Miami \u00e9tait un village et Andy Sweet son photographe.\" \/>\n<meta name=\"robots\" content=\"index, follow, max-snippet:-1, max-image-preview:large, max-video-preview:-1\" \/>\n<link rel=\"canonical\" href=\"https:\/\/www.touslesjourscurieux.fr\/en\/product\/andy-sweet-like-la-revue-11\/\" \/>\n<meta property=\"og:locale\" content=\"en_US\" \/>\n<meta property=\"og:type\" content=\"article\" \/>\n<meta property=\"og:title\" content=\"Andy Sweet - LIKE la revue #11 - LIKE la revue\" \/>\n<meta property=\"og:description\" content=\"C\u2019est l\u2019histoire d\u2019une communaut\u00e9 juive aujourd\u2019hui disparue. C\u2019\u00e9tait \u00e0 la fin des ann\u00e9es 1970 \u00e0 Miami \u00e9tait un village et Andy Sweet son photographe.\" \/>\n<meta property=\"og:url\" content=\"https:\/\/www.touslesjourscurieux.fr\/en\/product\/andy-sweet-like-la-revue-11\/\" \/>\n<meta property=\"og:site_name\" content=\"LIKE la revue\" \/>\n<meta property=\"article:publisher\" content=\"https:\/\/www.facebook.com\/Touslesjourscurieux\" \/>\n<meta property=\"article:modified_time\" content=\"2025-05-22T13:47:58+00:00\" \/>\n<meta property=\"og:image\" content=\"https:\/\/www.touslesjourscurieux.fr\/wp-content\/uploads\/2023\/02\/REVUE-LIKE-N11-TOUTES-LES-COUVES-CARRE-NEW11-min.jpg\" \/>\n\t<meta property=\"og:image:width\" content=\"600\" \/>\n\t<meta property=\"og:image:height\" content=\"600\" \/>\n\t<meta property=\"og:image:type\" content=\"image\/jpeg\" \/>\n<meta name=\"twitter:card\" content=\"summary_large_image\" \/>\n<meta name=\"twitter:label1\" content=\"Est. reading time\" \/>\n\t<meta name=\"twitter:data1\" content=\"5 minutes\" \/>\n<script type=\"application\/ld+json\" class=\"yoast-schema-graph\">{\"@context\":\"https:\\\/\\\/schema.org\",\"@graph\":[{\"@type\":\"WebPage\",\"@id\":\"https:\\\/\\\/www.touslesjourscurieux.fr\\\/produit\\\/andy-sweet-like-la-revue-11\",\"url\":\"https:\\\/\\\/www.touslesjourscurieux.fr\\\/produit\\\/andy-sweet-like-la-revue-11\",\"name\":\"Andy Sweet - LIKE la revue #11 - LIKE la revue\",\"isPartOf\":{\"@id\":\"https:\\\/\\\/www.touslesjourscurieux.fr\\\/#website\"},\"primaryImageOfPage\":{\"@id\":\"https:\\\/\\\/www.touslesjourscurieux.fr\\\/produit\\\/andy-sweet-like-la-revue-11#primaryimage\"},\"image\":{\"@id\":\"https:\\\/\\\/www.touslesjourscurieux.fr\\\/produit\\\/andy-sweet-like-la-revue-11#primaryimage\"},\"thumbnailUrl\":\"https:\\\/\\\/i0.wp.com\\\/www.touslesjourscurieux.fr\\\/wp-content\\\/uploads\\\/2023\\\/02\\\/REVUE-LIKE-N11-TOUTES-LES-COUVES-CARRE-NEW11-min.jpg?fit=600%2C600&ssl=1\",\"datePublished\":\"2023-02-05T20:22:14+00:00\",\"dateModified\":\"2025-05-22T13:47:58+00:00\",\"description\":\"C\u2019est l\u2019histoire d\u2019une communaut\u00e9 juive aujourd\u2019hui disparue. C\u2019\u00e9tait \u00e0 la fin des ann\u00e9es 1970 \u00e0 Miami \u00e9tait un village et Andy Sweet son photographe.\",\"breadcrumb\":{\"@id\":\"https:\\\/\\\/www.touslesjourscurieux.fr\\\/produit\\\/andy-sweet-like-la-revue-11#breadcrumb\"},\"inLanguage\":\"en-US\",\"potentialAction\":[{\"@type\":\"ReadAction\",\"target\":[\"https:\\\/\\\/www.touslesjourscurieux.fr\\\/produit\\\/andy-sweet-like-la-revue-11\"]}]},{\"@type\":\"ImageObject\",\"inLanguage\":\"en-US\",\"@id\":\"https:\\\/\\\/www.touslesjourscurieux.fr\\\/produit\\\/andy-sweet-like-la-revue-11#primaryimage\",\"url\":\"https:\\\/\\\/i0.wp.com\\\/www.touslesjourscurieux.fr\\\/wp-content\\\/uploads\\\/2023\\\/02\\\/REVUE-LIKE-N11-TOUTES-LES-COUVES-CARRE-NEW11-min.jpg?fit=600%2C600&ssl=1\",\"contentUrl\":\"https:\\\/\\\/i0.wp.com\\\/www.touslesjourscurieux.fr\\\/wp-content\\\/uploads\\\/2023\\\/02\\\/REVUE-LIKE-N11-TOUTES-LES-COUVES-CARRE-NEW11-min.jpg?fit=600%2C600&ssl=1\",\"width\":600,\"height\":600},{\"@type\":\"BreadcrumbList\",\"@id\":\"https:\\\/\\\/www.touslesjourscurieux.fr\\\/produit\\\/andy-sweet-like-la-revue-11#breadcrumb\",\"itemListElement\":[{\"@type\":\"ListItem\",\"position\":1,\"name\":\"Accueil\",\"item\":\"https:\\\/\\\/www.touslesjourscurieux.fr\\\/\"},{\"@type\":\"ListItem\",\"position\":2,\"name\":\"LIKE la Revue, la boutique\",\"item\":\"https:\\\/\\\/www.touslesjourscurieux.fr\\\/\"},{\"@type\":\"ListItem\",\"position\":3,\"name\":\"Andy Sweet &#8211; LIKE la revue #11\"}]},{\"@type\":\"WebSite\",\"@id\":\"https:\\\/\\\/www.touslesjourscurieux.fr\\\/#website\",\"url\":\"https:\\\/\\\/www.touslesjourscurieux.fr\\\/\",\"name\":\"LIKE la revue\",\"description\":\"petit format grandes photos\",\"publisher\":{\"@id\":\"https:\\\/\\\/www.touslesjourscurieux.fr\\\/#organization\"},\"potentialAction\":[{\"@type\":\"SearchAction\",\"target\":{\"@type\":\"EntryPoint\",\"urlTemplate\":\"https:\\\/\\\/www.touslesjourscurieux.fr\\\/?s={search_term_string}\"},\"query-input\":{\"@type\":\"PropertyValueSpecification\",\"valueRequired\":true,\"valueName\":\"search_term_string\"}}],\"inLanguage\":\"en-US\"},{\"@type\":\"Organization\",\"@id\":\"https:\\\/\\\/www.touslesjourscurieux.fr\\\/#organization\",\"name\":\"LIKE la revue\",\"url\":\"https:\\\/\\\/www.touslesjourscurieux.fr\\\/\",\"logo\":{\"@type\":\"ImageObject\",\"inLanguage\":\"en-US\",\"@id\":\"https:\\\/\\\/www.touslesjourscurieux.fr\\\/#\\\/schema\\\/logo\\\/image\\\/\",\"url\":\"https:\\\/\\\/i0.wp.com\\\/www.touslesjourscurieux.fr\\\/wp-content\\\/uploads\\\/2024\\\/09\\\/162305199_131399045654938_3947990576801447511_n.jpg?fit=942%2C514&ssl=1\",\"contentUrl\":\"https:\\\/\\\/i0.wp.com\\\/www.touslesjourscurieux.fr\\\/wp-content\\\/uploads\\\/2024\\\/09\\\/162305199_131399045654938_3947990576801447511_n.jpg?fit=942%2C514&ssl=1\",\"width\":942,\"height\":514,\"caption\":\"LIKE la revue\"},\"image\":{\"@id\":\"https:\\\/\\\/www.touslesjourscurieux.fr\\\/#\\\/schema\\\/logo\\\/image\\\/\"},\"sameAs\":[\"https:\\\/\\\/www.facebook.com\\\/Touslesjourscurieux\",\"http:\\\/\\\/instagram.com\\\/likelarevuetouslesjourscurieux\"]}]}<\/script>\n<!-- \/ Yoast SEO plugin. -->","yoast_head_json":{"title":"Andy Sweet - LIKE la revue #11 - LIKE la revue","description":"C\u2019est l\u2019histoire d\u2019une communaut\u00e9 juive aujourd\u2019hui disparue. C\u2019\u00e9tait \u00e0 la fin des ann\u00e9es 1970 \u00e0 Miami \u00e9tait un village et Andy Sweet son photographe.","robots":{"index":"index","follow":"follow","max-snippet":"max-snippet:-1","max-image-preview":"max-image-preview:large","max-video-preview":"max-video-preview:-1"},"canonical":"https:\/\/www.touslesjourscurieux.fr\/en\/product\/andy-sweet-like-la-revue-11\/","og_locale":"en_US","og_type":"article","og_title":"Andy Sweet - LIKE la revue #11 - LIKE la revue","og_description":"C\u2019est l\u2019histoire d\u2019une communaut\u00e9 juive aujourd\u2019hui disparue. C\u2019\u00e9tait \u00e0 la fin des ann\u00e9es 1970 \u00e0 Miami \u00e9tait un village et Andy Sweet son photographe.","og_url":"https:\/\/www.touslesjourscurieux.fr\/en\/product\/andy-sweet-like-la-revue-11\/","og_site_name":"LIKE la revue","article_publisher":"https:\/\/www.facebook.com\/Touslesjourscurieux","article_modified_time":"2025-05-22T13:47:58+00:00","og_image":[{"width":600,"height":600,"url":"https:\/\/www.touslesjourscurieux.fr\/wp-content\/uploads\/2023\/02\/REVUE-LIKE-N11-TOUTES-LES-COUVES-CARRE-NEW11-min.jpg","type":"image\/jpeg"}],"twitter_card":"summary_large_image","twitter_misc":{"Est. reading time":"5 minutes"},"schema":{"@context":"https:\/\/schema.org","@graph":[{"@type":"WebPage","@id":"https:\/\/www.touslesjourscurieux.fr\/produit\/andy-sweet-like-la-revue-11","url":"https:\/\/www.touslesjourscurieux.fr\/produit\/andy-sweet-like-la-revue-11","name":"Andy Sweet - LIKE la revue #11 - LIKE la revue","isPartOf":{"@id":"https:\/\/www.touslesjourscurieux.fr\/#website"},"primaryImageOfPage":{"@id":"https:\/\/www.touslesjourscurieux.fr\/produit\/andy-sweet-like-la-revue-11#primaryimage"},"image":{"@id":"https:\/\/www.touslesjourscurieux.fr\/produit\/andy-sweet-like-la-revue-11#primaryimage"},"thumbnailUrl":"https:\/\/i0.wp.com\/www.touslesjourscurieux.fr\/wp-content\/uploads\/2023\/02\/REVUE-LIKE-N11-TOUTES-LES-COUVES-CARRE-NEW11-min.jpg?fit=600%2C600&ssl=1","datePublished":"2023-02-05T20:22:14+00:00","dateModified":"2025-05-22T13:47:58+00:00","description":"C\u2019est l\u2019histoire d\u2019une communaut\u00e9 juive aujourd\u2019hui disparue. C\u2019\u00e9tait \u00e0 la fin des ann\u00e9es 1970 \u00e0 Miami \u00e9tait un village et Andy Sweet son photographe.","breadcrumb":{"@id":"https:\/\/www.touslesjourscurieux.fr\/produit\/andy-sweet-like-la-revue-11#breadcrumb"},"inLanguage":"en-US","potentialAction":[{"@type":"ReadAction","target":["https:\/\/www.touslesjourscurieux.fr\/produit\/andy-sweet-like-la-revue-11"]}]},{"@type":"ImageObject","inLanguage":"en-US","@id":"https:\/\/www.touslesjourscurieux.fr\/produit\/andy-sweet-like-la-revue-11#primaryimage","url":"https:\/\/i0.wp.com\/www.touslesjourscurieux.fr\/wp-content\/uploads\/2023\/02\/REVUE-LIKE-N11-TOUTES-LES-COUVES-CARRE-NEW11-min.jpg?fit=600%2C600&ssl=1","contentUrl":"https:\/\/i0.wp.com\/www.touslesjourscurieux.fr\/wp-content\/uploads\/2023\/02\/REVUE-LIKE-N11-TOUTES-LES-COUVES-CARRE-NEW11-min.jpg?fit=600%2C600&ssl=1","width":600,"height":600},{"@type":"BreadcrumbList","@id":"https:\/\/www.touslesjourscurieux.fr\/produit\/andy-sweet-like-la-revue-11#breadcrumb","itemListElement":[{"@type":"ListItem","position":1,"name":"Accueil","item":"https:\/\/www.touslesjourscurieux.fr\/"},{"@type":"ListItem","position":2,"name":"LIKE la Revue, la boutique","item":"https:\/\/www.touslesjourscurieux.fr\/"},{"@type":"ListItem","position":3,"name":"Andy Sweet &#8211; LIKE la revue #11"}]},{"@type":"WebSite","@id":"https:\/\/www.touslesjourscurieux.fr\/#website","url":"https:\/\/www.touslesjourscurieux.fr\/","name":"LIKE la revue","description":"petit format grandes photos","publisher":{"@id":"https:\/\/www.touslesjourscurieux.fr\/#organization"},"potentialAction":[{"@type":"SearchAction","target":{"@type":"EntryPoint","urlTemplate":"https:\/\/www.touslesjourscurieux.fr\/?s={search_term_string}"},"query-input":{"@type":"PropertyValueSpecification","valueRequired":true,"valueName":"search_term_string"}}],"inLanguage":"en-US"},{"@type":"Organization","@id":"https:\/\/www.touslesjourscurieux.fr\/#organization","name":"LIKE la revue","url":"https:\/\/www.touslesjourscurieux.fr\/","logo":{"@type":"ImageObject","inLanguage":"en-US","@id":"https:\/\/www.touslesjourscurieux.fr\/#\/schema\/logo\/image\/","url":"https:\/\/i0.wp.com\/www.touslesjourscurieux.fr\/wp-content\/uploads\/2024\/09\/162305199_131399045654938_3947990576801447511_n.jpg?fit=942%2C514&ssl=1","contentUrl":"https:\/\/i0.wp.com\/www.touslesjourscurieux.fr\/wp-content\/uploads\/2024\/09\/162305199_131399045654938_3947990576801447511_n.jpg?fit=942%2C514&ssl=1","width":942,"height":514,"caption":"LIKE la revue"},"image":{"@id":"https:\/\/www.touslesjourscurieux.fr\/#\/schema\/logo\/image\/"},"sameAs":["https:\/\/www.facebook.com\/Touslesjourscurieux","http:\/\/instagram.com\/likelarevuetouslesjourscurieux"]}]}},"jetpack_sharing_enabled":true,"_links":{"self":[{"href":"https:\/\/www.touslesjourscurieux.fr\/en\/wp-json\/wp\/v2\/product\/58","targetHints":{"allow":["GET"]}}],"collection":[{"href":"https:\/\/www.touslesjourscurieux.fr\/en\/wp-json\/wp\/v2\/product"}],"about":[{"href":"https:\/\/www.touslesjourscurieux.fr\/en\/wp-json\/wp\/v2\/types\/product"}],"replies":[{"embeddable":true,"href":"https:\/\/www.touslesjourscurieux.fr\/en\/wp-json\/wp\/v2\/comments?post=58"}],"wp:featuredmedia":[{"embeddable":true,"href":"https:\/\/www.touslesjourscurieux.fr\/en\/wp-json\/wp\/v2\/media\/3632"}],"wp:attachment":[{"href":"https:\/\/www.touslesjourscurieux.fr\/en\/wp-json\/wp\/v2\/media?parent=58"}],"wp:term":[{"taxonomy":"product_brand","embeddable":true,"href":"https:\/\/www.touslesjourscurieux.fr\/en\/wp-json\/wp\/v2\/product_brand?post=58"},{"taxonomy":"product_cat","embeddable":true,"href":"https:\/\/www.touslesjourscurieux.fr\/en\/wp-json\/wp\/v2\/product_cat?post=58"},{"taxonomy":"product_tag","embeddable":true,"href":"https:\/\/www.touslesjourscurieux.fr\/en\/wp-json\/wp\/v2\/product_tag?post=58"}],"curies":[{"name":"wp","href":"https:\/\/api.w.org\/{rel}","templated":true}]}}