{"id":57,"date":"2023-02-05T21:21:14","date_gmt":"2023-02-05T20:21:14","guid":{"rendered":"https:\/\/larevuelike.fr\/?post_type=product&#038;p=57"},"modified":"2025-05-22T14:49:32","modified_gmt":"2025-05-22T13:49:32","slug":"merry-alpern-like-la-revue-10","status":"publish","type":"product","link":"https:\/\/www.touslesjourscurieux.fr\/en\/product\/merry-alpern-like-la-revue-10","title":{"rendered":"Merry Alpern &#8211; LIKE la revue #10"},"content":{"rendered":"<h1>Les images interdites de Merry Alpern<\/h1>\n<h2>L&#8217;am\u00e9ricaine Merry Alpern a pass\u00e9 des mois \u00e0 photographier une petite fen\u00eatre.<\/h2>\n<p>En couverture, les images interdites de Merry Alpern. Avez-vous vu Fen\u00eatre sur cour d\u2019Alfred Hitchcock? Il y \u00e9tait question d\u2019un photographe immobile qui observait un voisin. Merry Alpern est photographe pour de vrai et a tout de suite compris ce qui se tramait derri\u00e8re cette petite fen\u00eatre de l\u2019immeuble d\u2019en face, \u00e0 New York. Des passes, de l\u2019argent et de la coke<br \/>\nau c\u0153ur de Manhattan. Un r\u00e9cit passionnant, une r\u00e9flexion sur le voyeurisme, des photos chocs!<\/p>\n<h2>Boris Mikha\u00eflov, L\u2019ukrainien rebelle<\/h2>\n<p>L\u2019exposition \u00e0 la Maison europ\u00e9enne de la Photographie nous a bien secou\u00e9s. Boris Mikha\u00eflov d\u00e9nonce entre humour et cynisme les cons\u00e9quences du r\u00e9gime communiste. Un vent de libert\u00e9 soufflait derri\u00e8re le mur. Une histoire vraie!<\/p>\n<h2>Peter Lindbergh, L\u2019exposition posthume<\/h2>\n<p>On reconna\u00eet toujours une photo de Peter Lindbergh. Il y r\u00e8gne une douceur \u00e0 mille lieues de la violence qu\u2019engendrent les images de mode en g\u00e9n\u00e9ral. Quelques mois avant sa disparition, il inaugurait sa premi\u00e8re grande exposition voulue et pens\u00e9e par lui-m\u00eame. Elle sera accroch\u00e9e dans son int\u00e9gralit\u00e9 \u00e0 la Villa Tamaris de la Seyne-sur-mer.<\/p>\n<h2>Orianne Cianta nous donne \u00e0 lire la correspondance amoureuse de sa messagerie.<\/h2>\n<p>Cela pourrait para\u00eetre anecdotique, il n\u2019en est rien. Les photos, les messages nous disent autre chose. Le comportement amoureux est annex\u00e9 par l\u2019urgence et l\u2019imm\u00e9diatet\u00e9 chronophage. Une nouvelle dictature.<\/p>\n<h2>Michel Poivert, questionne la \u00abcontre culture\u00bb photographique.<\/h2>\n<p>Comme toujours, l\u2019universitaire nous \u00e9claire sur les mouvements li\u00e9s \u00e0 la photo contemporaine. Sans jargonner jamais, il nous raconte combien cette \u00e9poque est passionnante.<\/p>\n<h2>Claude Nori, revient sur La nouvelle photo Fran\u00e7aise.<\/h2>\n<p>Celle qui a vu l\u2019\u00e9closion d\u2019une g\u00e9n\u00e9ration qui parlait, s\u2019engueulait, vivait pour la photo. Enfin, une autre photo o\u00f9 la recherche, le cadre, le nu, le reportage au long cours formait le quotidien de ces d\u00e9fricheurs. Jubilatoire!<\/p>\n<h2>Kourtney Roy a emprunt\u00e9 la route des larmes.<\/h2>\n<p>Un r\u00e9cit photographique sur les traces des disparues de la Highway 16 au Canada. Bouleversant est le mot.<\/p>\n<h2>Laurent Reyes, publie un livre qui ne ressemble \u00e0 aucun autre.<\/h2>\n<p>Un journal intime. Le temps des copains et des aventures. Des photos jetables et pourtant inoubliables.<\/p>\n<h2>Delphine Blast aime passionn\u00e9ment l\u2019Am\u00e9rique Latine.<\/h2>\n<p>Au point de passer 15 jours dans une prison de la R\u00e9publique dominicaine. Portraits de femmes.<\/p>\n<p>&nbsp;<\/p>","protected":false},"excerpt":{"rendered":"<p><strong><span style=\"color: #ff0000;\">Le N\u00b0 10<\/span> \ud83d\udc49<\/strong>Envoy\u00e9 directement chez vous +Frais de port 2,50\u20ac<\/p>\n<p>Les images interdites de Merry Alpern &#8211; Boris Mikha\u00eflov L\u2019ukrainien rebelle &#8211; Peter Lindbergh. L\u2019exposition posthume &#8211; Fragments de textos amoureux. Orianne Ciantar &#8211; Questions sur la \u00abcontre culture\u00bb photographique.\u202fMichel Poivert &#8211; Claude Nori. Parlons photo! &#8211; Kourtney Roy. Sur la route des larmes &#8211; Il faut vivre dans le moment. C\u00e9line Croze &#8211; Laurent Reyes. Journal intime &#8211; Avec des prisonni\u00e8res en R\u00e9publique Dominicaine. Delphine Blast &#8211; Le sentiment du devoir accompli. Fabienne Pavia<\/p>","protected":false},"featured_media":3633,"comment_status":"closed","ping_status":"closed","template":"","meta":[],"product_brand":[],"product_cat":[19,25,27],"product_tag":[],"class_list":{"0":"post-57","1":"product","2":"type-product","3":"status-publish","4":"has-post-thumbnail","6":"product_cat-like-la-revue","7":"product_cat-photographe-et-artiste","8":"product_cat-revue-papier-de-photographie","9":"product_shipping_class-revue","11":"first","12":"instock","13":"taxable","14":"shipping-taxable","15":"product-type-simple"},"yoast_head":"<!-- This site is optimized with the Yoast SEO plugin v27.3 - https:\/\/yoast.com\/product\/yoast-seo-wordpress\/ -->\n<title>Merry Alpern - LIKE la revue #10 - LIKE la revue<\/title>\n<meta name=\"description\" content=\"Les images interdites de Merry Alpern. Questions sur la \u00abcontre culture\u00bb photographique.\u202fMichel Poivert - Claude Nori. Parlons photo!\" \/>\n<meta name=\"robots\" content=\"index, follow, max-snippet:-1, max-image-preview:large, max-video-preview:-1\" \/>\n<link rel=\"canonical\" href=\"https:\/\/www.touslesjourscurieux.fr\/en\/product\/merry-alpern-like-la-revue-10\/\" \/>\n<meta property=\"og:locale\" content=\"en_US\" \/>\n<meta property=\"og:type\" content=\"article\" \/>\n<meta property=\"og:title\" content=\"Merry Alpern - LIKE la revue #10 - LIKE la revue\" \/>\n<meta property=\"og:description\" content=\"Les images interdites de Merry Alpern. Questions sur la \u00abcontre culture\u00bb photographique.\u202fMichel Poivert - Claude Nori. Parlons photo!\" \/>\n<meta property=\"og:url\" content=\"https:\/\/www.touslesjourscurieux.fr\/en\/product\/merry-alpern-like-la-revue-10\/\" \/>\n<meta property=\"og:site_name\" content=\"LIKE la revue\" \/>\n<meta property=\"article:publisher\" content=\"https:\/\/www.facebook.com\/Touslesjourscurieux\" \/>\n<meta property=\"article:modified_time\" content=\"2025-05-22T13:49:32+00:00\" \/>\n<meta property=\"og:image\" content=\"https:\/\/www.touslesjourscurieux.fr\/wp-content\/uploads\/2023\/02\/REVUE-LIKE-N10-EPUISE-min.jpg\" \/>\n\t<meta property=\"og:image:width\" content=\"600\" \/>\n\t<meta property=\"og:image:height\" content=\"600\" \/>\n\t<meta property=\"og:image:type\" content=\"image\/jpeg\" \/>\n<meta name=\"twitter:card\" content=\"summary_large_image\" \/>\n<meta name=\"twitter:label1\" content=\"Est. reading time\" \/>\n\t<meta name=\"twitter:data1\" content=\"3 minutes\" \/>\n<script type=\"application\/ld+json\" class=\"yoast-schema-graph\">{\"@context\":\"https:\\\/\\\/schema.org\",\"@graph\":[{\"@type\":\"WebPage\",\"@id\":\"https:\\\/\\\/www.touslesjourscurieux.fr\\\/produit\\\/merry-alpern-like-la-revue-10\",\"url\":\"https:\\\/\\\/www.touslesjourscurieux.fr\\\/produit\\\/merry-alpern-like-la-revue-10\",\"name\":\"Merry Alpern - LIKE la revue #10 - LIKE la revue\",\"isPartOf\":{\"@id\":\"https:\\\/\\\/www.touslesjourscurieux.fr\\\/#website\"},\"primaryImageOfPage\":{\"@id\":\"https:\\\/\\\/www.touslesjourscurieux.fr\\\/produit\\\/merry-alpern-like-la-revue-10#primaryimage\"},\"image\":{\"@id\":\"https:\\\/\\\/www.touslesjourscurieux.fr\\\/produit\\\/merry-alpern-like-la-revue-10#primaryimage\"},\"thumbnailUrl\":\"https:\\\/\\\/i0.wp.com\\\/www.touslesjourscurieux.fr\\\/wp-content\\\/uploads\\\/2023\\\/02\\\/REVUE-LIKE-N10-EPUISE-min.jpg?fit=600%2C600&ssl=1\",\"datePublished\":\"2023-02-05T20:21:14+00:00\",\"dateModified\":\"2025-05-22T13:49:32+00:00\",\"description\":\"Les images interdites de Merry Alpern. Questions sur la \u00abcontre culture\u00bb photographique.\u202fMichel Poivert - Claude Nori. Parlons photo!\",\"breadcrumb\":{\"@id\":\"https:\\\/\\\/www.touslesjourscurieux.fr\\\/produit\\\/merry-alpern-like-la-revue-10#breadcrumb\"},\"inLanguage\":\"en-US\",\"potentialAction\":[{\"@type\":\"ReadAction\",\"target\":[\"https:\\\/\\\/www.touslesjourscurieux.fr\\\/produit\\\/merry-alpern-like-la-revue-10\"]}]},{\"@type\":\"ImageObject\",\"inLanguage\":\"en-US\",\"@id\":\"https:\\\/\\\/www.touslesjourscurieux.fr\\\/produit\\\/merry-alpern-like-la-revue-10#primaryimage\",\"url\":\"https:\\\/\\\/i0.wp.com\\\/www.touslesjourscurieux.fr\\\/wp-content\\\/uploads\\\/2023\\\/02\\\/REVUE-LIKE-N10-EPUISE-min.jpg?fit=600%2C600&ssl=1\",\"contentUrl\":\"https:\\\/\\\/i0.wp.com\\\/www.touslesjourscurieux.fr\\\/wp-content\\\/uploads\\\/2023\\\/02\\\/REVUE-LIKE-N10-EPUISE-min.jpg?fit=600%2C600&ssl=1\",\"width\":600,\"height\":600},{\"@type\":\"BreadcrumbList\",\"@id\":\"https:\\\/\\\/www.touslesjourscurieux.fr\\\/produit\\\/merry-alpern-like-la-revue-10#breadcrumb\",\"itemListElement\":[{\"@type\":\"ListItem\",\"position\":1,\"name\":\"Accueil\",\"item\":\"https:\\\/\\\/www.touslesjourscurieux.fr\\\/\"},{\"@type\":\"ListItem\",\"position\":2,\"name\":\"LIKE la Revue, la boutique\",\"item\":\"https:\\\/\\\/www.touslesjourscurieux.fr\\\/\"},{\"@type\":\"ListItem\",\"position\":3,\"name\":\"Merry Alpern &#8211; LIKE la revue #10\"}]},{\"@type\":\"WebSite\",\"@id\":\"https:\\\/\\\/www.touslesjourscurieux.fr\\\/#website\",\"url\":\"https:\\\/\\\/www.touslesjourscurieux.fr\\\/\",\"name\":\"LIKE la revue\",\"description\":\"petit format grandes photos\",\"publisher\":{\"@id\":\"https:\\\/\\\/www.touslesjourscurieux.fr\\\/#organization\"},\"potentialAction\":[{\"@type\":\"SearchAction\",\"target\":{\"@type\":\"EntryPoint\",\"urlTemplate\":\"https:\\\/\\\/www.touslesjourscurieux.fr\\\/?s={search_term_string}\"},\"query-input\":{\"@type\":\"PropertyValueSpecification\",\"valueRequired\":true,\"valueName\":\"search_term_string\"}}],\"inLanguage\":\"en-US\"},{\"@type\":\"Organization\",\"@id\":\"https:\\\/\\\/www.touslesjourscurieux.fr\\\/#organization\",\"name\":\"LIKE la revue\",\"url\":\"https:\\\/\\\/www.touslesjourscurieux.fr\\\/\",\"logo\":{\"@type\":\"ImageObject\",\"inLanguage\":\"en-US\",\"@id\":\"https:\\\/\\\/www.touslesjourscurieux.fr\\\/#\\\/schema\\\/logo\\\/image\\\/\",\"url\":\"https:\\\/\\\/i0.wp.com\\\/www.touslesjourscurieux.fr\\\/wp-content\\\/uploads\\\/2024\\\/09\\\/162305199_131399045654938_3947990576801447511_n.jpg?fit=942%2C514&ssl=1\",\"contentUrl\":\"https:\\\/\\\/i0.wp.com\\\/www.touslesjourscurieux.fr\\\/wp-content\\\/uploads\\\/2024\\\/09\\\/162305199_131399045654938_3947990576801447511_n.jpg?fit=942%2C514&ssl=1\",\"width\":942,\"height\":514,\"caption\":\"LIKE la revue\"},\"image\":{\"@id\":\"https:\\\/\\\/www.touslesjourscurieux.fr\\\/#\\\/schema\\\/logo\\\/image\\\/\"},\"sameAs\":[\"https:\\\/\\\/www.facebook.com\\\/Touslesjourscurieux\",\"http:\\\/\\\/instagram.com\\\/likelarevuetouslesjourscurieux\"]}]}<\/script>\n<!-- \/ Yoast SEO plugin. -->","yoast_head_json":{"title":"Merry Alpern - LIKE la revue #10 - LIKE la revue","description":"Les images interdites de Merry Alpern. Questions sur la \u00abcontre culture\u00bb photographique.\u202fMichel Poivert - Claude Nori. Parlons photo!","robots":{"index":"index","follow":"follow","max-snippet":"max-snippet:-1","max-image-preview":"max-image-preview:large","max-video-preview":"max-video-preview:-1"},"canonical":"https:\/\/www.touslesjourscurieux.fr\/en\/product\/merry-alpern-like-la-revue-10\/","og_locale":"en_US","og_type":"article","og_title":"Merry Alpern - LIKE la revue #10 - LIKE la revue","og_description":"Les images interdites de Merry Alpern. Questions sur la \u00abcontre culture\u00bb photographique.\u202fMichel Poivert - Claude Nori. Parlons photo!","og_url":"https:\/\/www.touslesjourscurieux.fr\/en\/product\/merry-alpern-like-la-revue-10\/","og_site_name":"LIKE la revue","article_publisher":"https:\/\/www.facebook.com\/Touslesjourscurieux","article_modified_time":"2025-05-22T13:49:32+00:00","og_image":[{"width":600,"height":600,"url":"https:\/\/www.touslesjourscurieux.fr\/wp-content\/uploads\/2023\/02\/REVUE-LIKE-N10-EPUISE-min.jpg","type":"image\/jpeg"}],"twitter_card":"summary_large_image","twitter_misc":{"Est. reading time":"3 minutes"},"schema":{"@context":"https:\/\/schema.org","@graph":[{"@type":"WebPage","@id":"https:\/\/www.touslesjourscurieux.fr\/produit\/merry-alpern-like-la-revue-10","url":"https:\/\/www.touslesjourscurieux.fr\/produit\/merry-alpern-like-la-revue-10","name":"Merry Alpern - LIKE la revue #10 - LIKE la revue","isPartOf":{"@id":"https:\/\/www.touslesjourscurieux.fr\/#website"},"primaryImageOfPage":{"@id":"https:\/\/www.touslesjourscurieux.fr\/produit\/merry-alpern-like-la-revue-10#primaryimage"},"image":{"@id":"https:\/\/www.touslesjourscurieux.fr\/produit\/merry-alpern-like-la-revue-10#primaryimage"},"thumbnailUrl":"https:\/\/i0.wp.com\/www.touslesjourscurieux.fr\/wp-content\/uploads\/2023\/02\/REVUE-LIKE-N10-EPUISE-min.jpg?fit=600%2C600&ssl=1","datePublished":"2023-02-05T20:21:14+00:00","dateModified":"2025-05-22T13:49:32+00:00","description":"Les images interdites de Merry Alpern. Questions sur la \u00abcontre culture\u00bb photographique.\u202fMichel Poivert - Claude Nori. Parlons photo!","breadcrumb":{"@id":"https:\/\/www.touslesjourscurieux.fr\/produit\/merry-alpern-like-la-revue-10#breadcrumb"},"inLanguage":"en-US","potentialAction":[{"@type":"ReadAction","target":["https:\/\/www.touslesjourscurieux.fr\/produit\/merry-alpern-like-la-revue-10"]}]},{"@type":"ImageObject","inLanguage":"en-US","@id":"https:\/\/www.touslesjourscurieux.fr\/produit\/merry-alpern-like-la-revue-10#primaryimage","url":"https:\/\/i0.wp.com\/www.touslesjourscurieux.fr\/wp-content\/uploads\/2023\/02\/REVUE-LIKE-N10-EPUISE-min.jpg?fit=600%2C600&ssl=1","contentUrl":"https:\/\/i0.wp.com\/www.touslesjourscurieux.fr\/wp-content\/uploads\/2023\/02\/REVUE-LIKE-N10-EPUISE-min.jpg?fit=600%2C600&ssl=1","width":600,"height":600},{"@type":"BreadcrumbList","@id":"https:\/\/www.touslesjourscurieux.fr\/produit\/merry-alpern-like-la-revue-10#breadcrumb","itemListElement":[{"@type":"ListItem","position":1,"name":"Accueil","item":"https:\/\/www.touslesjourscurieux.fr\/"},{"@type":"ListItem","position":2,"name":"LIKE la Revue, la boutique","item":"https:\/\/www.touslesjourscurieux.fr\/"},{"@type":"ListItem","position":3,"name":"Merry Alpern &#8211; LIKE la revue #10"}]},{"@type":"WebSite","@id":"https:\/\/www.touslesjourscurieux.fr\/#website","url":"https:\/\/www.touslesjourscurieux.fr\/","name":"LIKE la revue","description":"petit format grandes photos","publisher":{"@id":"https:\/\/www.touslesjourscurieux.fr\/#organization"},"potentialAction":[{"@type":"SearchAction","target":{"@type":"EntryPoint","urlTemplate":"https:\/\/www.touslesjourscurieux.fr\/?s={search_term_string}"},"query-input":{"@type":"PropertyValueSpecification","valueRequired":true,"valueName":"search_term_string"}}],"inLanguage":"en-US"},{"@type":"Organization","@id":"https:\/\/www.touslesjourscurieux.fr\/#organization","name":"LIKE la revue","url":"https:\/\/www.touslesjourscurieux.fr\/","logo":{"@type":"ImageObject","inLanguage":"en-US","@id":"https:\/\/www.touslesjourscurieux.fr\/#\/schema\/logo\/image\/","url":"https:\/\/i0.wp.com\/www.touslesjourscurieux.fr\/wp-content\/uploads\/2024\/09\/162305199_131399045654938_3947990576801447511_n.jpg?fit=942%2C514&ssl=1","contentUrl":"https:\/\/i0.wp.com\/www.touslesjourscurieux.fr\/wp-content\/uploads\/2024\/09\/162305199_131399045654938_3947990576801447511_n.jpg?fit=942%2C514&ssl=1","width":942,"height":514,"caption":"LIKE la revue"},"image":{"@id":"https:\/\/www.touslesjourscurieux.fr\/#\/schema\/logo\/image\/"},"sameAs":["https:\/\/www.facebook.com\/Touslesjourscurieux","http:\/\/instagram.com\/likelarevuetouslesjourscurieux"]}]}},"jetpack_sharing_enabled":true,"_links":{"self":[{"href":"https:\/\/www.touslesjourscurieux.fr\/en\/wp-json\/wp\/v2\/product\/57","targetHints":{"allow":["GET"]}}],"collection":[{"href":"https:\/\/www.touslesjourscurieux.fr\/en\/wp-json\/wp\/v2\/product"}],"about":[{"href":"https:\/\/www.touslesjourscurieux.fr\/en\/wp-json\/wp\/v2\/types\/product"}],"replies":[{"embeddable":true,"href":"https:\/\/www.touslesjourscurieux.fr\/en\/wp-json\/wp\/v2\/comments?post=57"}],"wp:featuredmedia":[{"embeddable":true,"href":"https:\/\/www.touslesjourscurieux.fr\/en\/wp-json\/wp\/v2\/media\/3633"}],"wp:attachment":[{"href":"https:\/\/www.touslesjourscurieux.fr\/en\/wp-json\/wp\/v2\/media?parent=57"}],"wp:term":[{"taxonomy":"product_brand","embeddable":true,"href":"https:\/\/www.touslesjourscurieux.fr\/en\/wp-json\/wp\/v2\/product_brand?post=57"},{"taxonomy":"product_cat","embeddable":true,"href":"https:\/\/www.touslesjourscurieux.fr\/en\/wp-json\/wp\/v2\/product_cat?post=57"},{"taxonomy":"product_tag","embeddable":true,"href":"https:\/\/www.touslesjourscurieux.fr\/en\/wp-json\/wp\/v2\/product_tag?post=57"}],"curies":[{"name":"wp","href":"https:\/\/api.w.org\/{rel}","templated":true}]}}