{"id":56,"date":"2023-02-05T21:21:14","date_gmt":"2023-02-05T20:21:14","guid":{"rendered":"https:\/\/larevuelike.fr\/?post_type=product&#038;p=56"},"modified":"2025-05-22T14:50:14","modified_gmt":"2025-05-22T13:50:14","slug":"frank-horvat-like-la-revue-09","status":"publish","type":"product","link":"https:\/\/www.touslesjourscurieux.fr\/en\/product\/frank-horvat-like-la-revue-09","title":{"rendered":"Frank Horvat &#8211; LIKE la revue #09"},"content":{"rendered":"<h1>Frank Horvat<\/h1>\n<h2>Derni\u00e8re escale au Japon pour Frank Horvat<\/h2>\n<p>La vie de Frank Horvat est faite de voyages, de photos et de femmes aim\u00e9es. Il a cherch\u00e9 toute sa vie le sens des choses. Fiammetta, sa fille, nous raconte un dernier voyage avec son p\u00e8re au Japon. Retour sur un parcours hors du commun. \u00c0 la recherche du secret de la vie<\/p>\n<h2>Adolfo Kaminsky<\/h2>\n<h2>Faussaire de g\u00e9nie<\/h2>\n<p>C\u2019est l\u2019histoire d\u2019un homme, Adolfo Kaminsky. Un destin hors du commun qui a sacrifi\u00e9 sa carri\u00e8re artistique pour sauver des milliers de vies de toutes les nationalit\u00e9s en r\u00e9alisant des faux-papiers. Faussaire et photographe \u00e0 la fois. Un h\u00e9ros modeste.<\/p>\n<h2>Une lumi\u00e8re dans la nuit<\/h2>\n<p>Pleins phares sur le peuple de la nuit Philong Sova. Philong Sovan r\u00e9\u00e9claire la vie des habitants de la capitale Cambodgienne avec le seul phare de sa moto. Comme un projecteur de poursuite blanche sur une sc\u00e8ne toujours en mouvement&#8230; Une lumi\u00e8re sur le peuple de la nuit. Un livre superbe aux \u00e9ditions le Bec en l\u2019air.<\/p>\n<h2>Retour d\u2019Afrique Adrienne Surprenant<\/h2>\n<p>drienne Surprenant s\u2019est install\u00e9e six ans en Afrique de l\u2019ouest. Elle a d\u00e9velopp\u00e9 des sujets documentaires au long cours, comme celui qui sera pr\u00e9sent\u00e9 lors de la premi\u00e8re \u00e9dition du festival R\u00e9flexivit\u00e9(s). Retour sur les traumatismes de la guerre.<\/p>\n<h2>Alain Willaume Heureux le pessimiste<\/h2>\n<p>Les \u00e9tranges nonnes Tib\u00e9taines d\u2019Alain Willaume \u00ab\u202fJe ne me sens sp\u00e9cialiste d\u2019aucun genre en particulier et suis d\u00e9j\u00e0 bien heureux de pouvoir, \u201cvivre la photographie\u201d comme on dit \u00e0 Tendance Floue. Portrait de ce pessimiste heureux.<\/p>\n<h2>Pierre, Alexandra et moi Annie Boulat<\/h2>\n<p>Annie Boulat a donn\u00e9 rendez-vous dans sa galerie situ\u00e9e avenue Latour Maubourg. Au mur les photos de sa fille sont dispos\u00e9es en bon ordre et accrochent le regard. Le Prix Pierre et Alexandra Boulat r\u00e9compense un ou une photographe tous les ans \u00e0 Visa pour l\u2019Image de Perpignan.Un si\u00e8cle de photos La Croix-Rouge<\/p>\n<h2>L\u2019\u0153il des Sixties Roger Kasparian<\/h2>\n<p>Des y\u00e9y\u00e9s fran\u00e7ais en passant par les Rolling Stones ou les Beatles, Roger Kasparian \u00e9tait sur tous les coups\u2009! C\u2019est au pluriel qu\u2019il faut parler des Kasparian. Du grand-p\u00e8re arriv\u00e9 en France apr\u00e8s le g\u00e9nocide arm\u00e9nien en passant par Roger, jusqu\u2019\u00e0 Lydia sa fille qui a fait de la photo sa profession. Une dynastie !<br \/>\nCamille Gharbi Face aux f\u00e9minicides &#8211; Les in\u00e9dits de Manoel de Oliveira<\/p>\n<h2>J\u2019veux du blues! Simon Arcache<\/h2>\n<p>\u00ab\u202fHey les gars, que faites-vous ce soir\u2009? On joue dans un petit patelin pas loin d\u2019ici.\u00a0\u00bb\u202fSimon Arcache a v\u00e9cu en Louisiane en partageant le quotidien des musiciens le blues. Authentique amoureux de cette musique, il est aussi bon photographe que super bon guitariste.<\/p>","protected":false},"excerpt":{"rendered":"<p><strong><span style=\"color: #ff0000;\">Le N\u00b0 09<\/span> \ud83d\udc49<\/strong>Envoy\u00e9 directement chez vous +Frais de port 2,50\u20ac<\/p>\n<p>Adolfo Kaminsky Faussaire de g\u00e9nie &#8211; Frank Horvat Derni\u00e8re escale au Japon &#8211; Pleins phares sur le peuple de la nuit Philong Sovan &#8211; Retour d\u2019Afrique Adrienne Surprenant &#8211; Alain Willaume Heureux le pessimiste &#8211; Pierre, Alexandra et moi Annie Boulat &#8211; Un si\u00e8cle de photos La Croix-Rouge &#8211; L\u2019\u0153il des Sixties Roger Kasparian &#8211; Camille Gharbi Face aux f\u00e9minicides &#8211; Les in\u00e9dits de Manoel de Oliveira &#8211; J\u2019veux du blues\u00a0! Simon Arcache<\/p>","protected":false},"featured_media":3634,"comment_status":"closed","ping_status":"closed","template":"","meta":[],"product_brand":[],"product_cat":[19,25,27],"product_tag":[],"class_list":{"0":"post-56","1":"product","2":"type-product","3":"status-publish","4":"has-post-thumbnail","6":"product_cat-like-la-revue","7":"product_cat-photographe-et-artiste","8":"product_cat-revue-papier-de-photographie","9":"product_shipping_class-revue","11":"first","12":"instock","13":"taxable","14":"shipping-taxable","15":"purchasable","16":"product-type-simple"},"yoast_head":"<!-- This site is optimized with the Yoast SEO plugin v27.3 - https:\/\/yoast.com\/product\/yoast-seo-wordpress\/ -->\n<title>Frank Horvat - LIKE la revue #09 - LIKE la revue<\/title>\n<meta name=\"description\" content=\"Frank Horvat sa derni\u00e8re escale au Japon \u2022 Adolfo Kaminsky le faussaire de g\u00e9nie, notre grande histoire! \u2022 L\u2019\u0153il des Sixties Roger Kasparian.\" \/>\n<meta name=\"robots\" content=\"index, follow, max-snippet:-1, max-image-preview:large, max-video-preview:-1\" \/>\n<link rel=\"canonical\" href=\"https:\/\/www.touslesjourscurieux.fr\/en\/product\/frank-horvat-like-la-revue-09\/\" \/>\n<meta property=\"og:locale\" content=\"en_US\" \/>\n<meta property=\"og:type\" content=\"article\" \/>\n<meta property=\"og:title\" content=\"Frank Horvat - LIKE la revue #09 - LIKE la revue\" \/>\n<meta property=\"og:description\" content=\"Frank Horvat sa derni\u00e8re escale au Japon \u2022 Adolfo Kaminsky le faussaire de g\u00e9nie, notre grande histoire! \u2022 L\u2019\u0153il des Sixties Roger Kasparian.\" \/>\n<meta property=\"og:url\" content=\"https:\/\/www.touslesjourscurieux.fr\/en\/product\/frank-horvat-like-la-revue-09\/\" \/>\n<meta property=\"og:site_name\" content=\"LIKE la revue\" \/>\n<meta property=\"article:publisher\" content=\"https:\/\/www.facebook.com\/Touslesjourscurieux\" \/>\n<meta property=\"article:modified_time\" content=\"2025-05-22T13:50:14+00:00\" \/>\n<meta property=\"og:image\" content=\"https:\/\/www.touslesjourscurieux.fr\/wp-content\/uploads\/2023\/02\/LIKE-9-min.jpg\" \/>\n\t<meta property=\"og:image:width\" content=\"600\" \/>\n\t<meta property=\"og:image:height\" content=\"600\" \/>\n\t<meta property=\"og:image:type\" content=\"image\/jpeg\" \/>\n<meta name=\"twitter:card\" content=\"summary_large_image\" \/>\n<meta name=\"twitter:label1\" content=\"Est. reading time\" \/>\n\t<meta name=\"twitter:data1\" content=\"3 minutes\" \/>\n<script type=\"application\/ld+json\" class=\"yoast-schema-graph\">{\"@context\":\"https:\\\/\\\/schema.org\",\"@graph\":[{\"@type\":\"WebPage\",\"@id\":\"https:\\\/\\\/www.touslesjourscurieux.fr\\\/produit\\\/frank-horvat-like-la-revue-09\",\"url\":\"https:\\\/\\\/www.touslesjourscurieux.fr\\\/produit\\\/frank-horvat-like-la-revue-09\",\"name\":\"Frank Horvat - LIKE la revue #09 - LIKE la revue\",\"isPartOf\":{\"@id\":\"https:\\\/\\\/www.touslesjourscurieux.fr\\\/#website\"},\"primaryImageOfPage\":{\"@id\":\"https:\\\/\\\/www.touslesjourscurieux.fr\\\/produit\\\/frank-horvat-like-la-revue-09#primaryimage\"},\"image\":{\"@id\":\"https:\\\/\\\/www.touslesjourscurieux.fr\\\/produit\\\/frank-horvat-like-la-revue-09#primaryimage\"},\"thumbnailUrl\":\"https:\\\/\\\/i0.wp.com\\\/www.touslesjourscurieux.fr\\\/wp-content\\\/uploads\\\/2023\\\/02\\\/LIKE-9-min.jpg?fit=600%2C600&ssl=1\",\"datePublished\":\"2023-02-05T20:21:14+00:00\",\"dateModified\":\"2025-05-22T13:50:14+00:00\",\"description\":\"Frank Horvat sa derni\u00e8re escale au Japon \u2022 Adolfo Kaminsky le faussaire de g\u00e9nie, notre grande histoire! \u2022 L\u2019\u0153il des Sixties Roger Kasparian.\",\"breadcrumb\":{\"@id\":\"https:\\\/\\\/www.touslesjourscurieux.fr\\\/produit\\\/frank-horvat-like-la-revue-09#breadcrumb\"},\"inLanguage\":\"en-US\",\"potentialAction\":[{\"@type\":\"ReadAction\",\"target\":[\"https:\\\/\\\/www.touslesjourscurieux.fr\\\/produit\\\/frank-horvat-like-la-revue-09\"]}]},{\"@type\":\"ImageObject\",\"inLanguage\":\"en-US\",\"@id\":\"https:\\\/\\\/www.touslesjourscurieux.fr\\\/produit\\\/frank-horvat-like-la-revue-09#primaryimage\",\"url\":\"https:\\\/\\\/i0.wp.com\\\/www.touslesjourscurieux.fr\\\/wp-content\\\/uploads\\\/2023\\\/02\\\/LIKE-9-min.jpg?fit=600%2C600&ssl=1\",\"contentUrl\":\"https:\\\/\\\/i0.wp.com\\\/www.touslesjourscurieux.fr\\\/wp-content\\\/uploads\\\/2023\\\/02\\\/LIKE-9-min.jpg?fit=600%2C600&ssl=1\",\"width\":600,\"height\":600},{\"@type\":\"BreadcrumbList\",\"@id\":\"https:\\\/\\\/www.touslesjourscurieux.fr\\\/produit\\\/frank-horvat-like-la-revue-09#breadcrumb\",\"itemListElement\":[{\"@type\":\"ListItem\",\"position\":1,\"name\":\"Accueil\",\"item\":\"https:\\\/\\\/www.touslesjourscurieux.fr\\\/\"},{\"@type\":\"ListItem\",\"position\":2,\"name\":\"LIKE la Revue, la boutique\",\"item\":\"https:\\\/\\\/www.touslesjourscurieux.fr\\\/\"},{\"@type\":\"ListItem\",\"position\":3,\"name\":\"Frank Horvat &#8211; LIKE la revue #09\"}]},{\"@type\":\"WebSite\",\"@id\":\"https:\\\/\\\/www.touslesjourscurieux.fr\\\/#website\",\"url\":\"https:\\\/\\\/www.touslesjourscurieux.fr\\\/\",\"name\":\"LIKE la revue\",\"description\":\"petit format grandes photos\",\"publisher\":{\"@id\":\"https:\\\/\\\/www.touslesjourscurieux.fr\\\/#organization\"},\"potentialAction\":[{\"@type\":\"SearchAction\",\"target\":{\"@type\":\"EntryPoint\",\"urlTemplate\":\"https:\\\/\\\/www.touslesjourscurieux.fr\\\/?s={search_term_string}\"},\"query-input\":{\"@type\":\"PropertyValueSpecification\",\"valueRequired\":true,\"valueName\":\"search_term_string\"}}],\"inLanguage\":\"en-US\"},{\"@type\":\"Organization\",\"@id\":\"https:\\\/\\\/www.touslesjourscurieux.fr\\\/#organization\",\"name\":\"LIKE la revue\",\"url\":\"https:\\\/\\\/www.touslesjourscurieux.fr\\\/\",\"logo\":{\"@type\":\"ImageObject\",\"inLanguage\":\"en-US\",\"@id\":\"https:\\\/\\\/www.touslesjourscurieux.fr\\\/#\\\/schema\\\/logo\\\/image\\\/\",\"url\":\"https:\\\/\\\/i0.wp.com\\\/www.touslesjourscurieux.fr\\\/wp-content\\\/uploads\\\/2024\\\/09\\\/162305199_131399045654938_3947990576801447511_n.jpg?fit=942%2C514&ssl=1\",\"contentUrl\":\"https:\\\/\\\/i0.wp.com\\\/www.touslesjourscurieux.fr\\\/wp-content\\\/uploads\\\/2024\\\/09\\\/162305199_131399045654938_3947990576801447511_n.jpg?fit=942%2C514&ssl=1\",\"width\":942,\"height\":514,\"caption\":\"LIKE la revue\"},\"image\":{\"@id\":\"https:\\\/\\\/www.touslesjourscurieux.fr\\\/#\\\/schema\\\/logo\\\/image\\\/\"},\"sameAs\":[\"https:\\\/\\\/www.facebook.com\\\/Touslesjourscurieux\",\"http:\\\/\\\/instagram.com\\\/likelarevuetouslesjourscurieux\"]}]}<\/script>\n<!-- \/ Yoast SEO plugin. -->","yoast_head_json":{"title":"Frank Horvat - LIKE la revue #09 - LIKE la revue","description":"Frank Horvat sa derni\u00e8re escale au Japon \u2022 Adolfo Kaminsky le faussaire de g\u00e9nie, notre grande histoire! \u2022 L\u2019\u0153il des Sixties Roger Kasparian.","robots":{"index":"index","follow":"follow","max-snippet":"max-snippet:-1","max-image-preview":"max-image-preview:large","max-video-preview":"max-video-preview:-1"},"canonical":"https:\/\/www.touslesjourscurieux.fr\/en\/product\/frank-horvat-like-la-revue-09\/","og_locale":"en_US","og_type":"article","og_title":"Frank Horvat - LIKE la revue #09 - LIKE la revue","og_description":"Frank Horvat sa derni\u00e8re escale au Japon \u2022 Adolfo Kaminsky le faussaire de g\u00e9nie, notre grande histoire! \u2022 L\u2019\u0153il des Sixties Roger Kasparian.","og_url":"https:\/\/www.touslesjourscurieux.fr\/en\/product\/frank-horvat-like-la-revue-09\/","og_site_name":"LIKE la revue","article_publisher":"https:\/\/www.facebook.com\/Touslesjourscurieux","article_modified_time":"2025-05-22T13:50:14+00:00","og_image":[{"width":600,"height":600,"url":"https:\/\/www.touslesjourscurieux.fr\/wp-content\/uploads\/2023\/02\/LIKE-9-min.jpg","type":"image\/jpeg"}],"twitter_card":"summary_large_image","twitter_misc":{"Est. reading time":"3 minutes"},"schema":{"@context":"https:\/\/schema.org","@graph":[{"@type":"WebPage","@id":"https:\/\/www.touslesjourscurieux.fr\/produit\/frank-horvat-like-la-revue-09","url":"https:\/\/www.touslesjourscurieux.fr\/produit\/frank-horvat-like-la-revue-09","name":"Frank Horvat - LIKE la revue #09 - LIKE la revue","isPartOf":{"@id":"https:\/\/www.touslesjourscurieux.fr\/#website"},"primaryImageOfPage":{"@id":"https:\/\/www.touslesjourscurieux.fr\/produit\/frank-horvat-like-la-revue-09#primaryimage"},"image":{"@id":"https:\/\/www.touslesjourscurieux.fr\/produit\/frank-horvat-like-la-revue-09#primaryimage"},"thumbnailUrl":"https:\/\/i0.wp.com\/www.touslesjourscurieux.fr\/wp-content\/uploads\/2023\/02\/LIKE-9-min.jpg?fit=600%2C600&ssl=1","datePublished":"2023-02-05T20:21:14+00:00","dateModified":"2025-05-22T13:50:14+00:00","description":"Frank Horvat sa derni\u00e8re escale au Japon \u2022 Adolfo Kaminsky le faussaire de g\u00e9nie, notre grande histoire! \u2022 L\u2019\u0153il des Sixties Roger Kasparian.","breadcrumb":{"@id":"https:\/\/www.touslesjourscurieux.fr\/produit\/frank-horvat-like-la-revue-09#breadcrumb"},"inLanguage":"en-US","potentialAction":[{"@type":"ReadAction","target":["https:\/\/www.touslesjourscurieux.fr\/produit\/frank-horvat-like-la-revue-09"]}]},{"@type":"ImageObject","inLanguage":"en-US","@id":"https:\/\/www.touslesjourscurieux.fr\/produit\/frank-horvat-like-la-revue-09#primaryimage","url":"https:\/\/i0.wp.com\/www.touslesjourscurieux.fr\/wp-content\/uploads\/2023\/02\/LIKE-9-min.jpg?fit=600%2C600&ssl=1","contentUrl":"https:\/\/i0.wp.com\/www.touslesjourscurieux.fr\/wp-content\/uploads\/2023\/02\/LIKE-9-min.jpg?fit=600%2C600&ssl=1","width":600,"height":600},{"@type":"BreadcrumbList","@id":"https:\/\/www.touslesjourscurieux.fr\/produit\/frank-horvat-like-la-revue-09#breadcrumb","itemListElement":[{"@type":"ListItem","position":1,"name":"Accueil","item":"https:\/\/www.touslesjourscurieux.fr\/"},{"@type":"ListItem","position":2,"name":"LIKE la Revue, la boutique","item":"https:\/\/www.touslesjourscurieux.fr\/"},{"@type":"ListItem","position":3,"name":"Frank Horvat &#8211; LIKE la revue #09"}]},{"@type":"WebSite","@id":"https:\/\/www.touslesjourscurieux.fr\/#website","url":"https:\/\/www.touslesjourscurieux.fr\/","name":"LIKE la revue","description":"petit format grandes photos","publisher":{"@id":"https:\/\/www.touslesjourscurieux.fr\/#organization"},"potentialAction":[{"@type":"SearchAction","target":{"@type":"EntryPoint","urlTemplate":"https:\/\/www.touslesjourscurieux.fr\/?s={search_term_string}"},"query-input":{"@type":"PropertyValueSpecification","valueRequired":true,"valueName":"search_term_string"}}],"inLanguage":"en-US"},{"@type":"Organization","@id":"https:\/\/www.touslesjourscurieux.fr\/#organization","name":"LIKE la revue","url":"https:\/\/www.touslesjourscurieux.fr\/","logo":{"@type":"ImageObject","inLanguage":"en-US","@id":"https:\/\/www.touslesjourscurieux.fr\/#\/schema\/logo\/image\/","url":"https:\/\/i0.wp.com\/www.touslesjourscurieux.fr\/wp-content\/uploads\/2024\/09\/162305199_131399045654938_3947990576801447511_n.jpg?fit=942%2C514&ssl=1","contentUrl":"https:\/\/i0.wp.com\/www.touslesjourscurieux.fr\/wp-content\/uploads\/2024\/09\/162305199_131399045654938_3947990576801447511_n.jpg?fit=942%2C514&ssl=1","width":942,"height":514,"caption":"LIKE la revue"},"image":{"@id":"https:\/\/www.touslesjourscurieux.fr\/#\/schema\/logo\/image\/"},"sameAs":["https:\/\/www.facebook.com\/Touslesjourscurieux","http:\/\/instagram.com\/likelarevuetouslesjourscurieux"]}]}},"jetpack_sharing_enabled":true,"_links":{"self":[{"href":"https:\/\/www.touslesjourscurieux.fr\/en\/wp-json\/wp\/v2\/product\/56","targetHints":{"allow":["GET"]}}],"collection":[{"href":"https:\/\/www.touslesjourscurieux.fr\/en\/wp-json\/wp\/v2\/product"}],"about":[{"href":"https:\/\/www.touslesjourscurieux.fr\/en\/wp-json\/wp\/v2\/types\/product"}],"replies":[{"embeddable":true,"href":"https:\/\/www.touslesjourscurieux.fr\/en\/wp-json\/wp\/v2\/comments?post=56"}],"wp:featuredmedia":[{"embeddable":true,"href":"https:\/\/www.touslesjourscurieux.fr\/en\/wp-json\/wp\/v2\/media\/3634"}],"wp:attachment":[{"href":"https:\/\/www.touslesjourscurieux.fr\/en\/wp-json\/wp\/v2\/media?parent=56"}],"wp:term":[{"taxonomy":"product_brand","embeddable":true,"href":"https:\/\/www.touslesjourscurieux.fr\/en\/wp-json\/wp\/v2\/product_brand?post=56"},{"taxonomy":"product_cat","embeddable":true,"href":"https:\/\/www.touslesjourscurieux.fr\/en\/wp-json\/wp\/v2\/product_cat?post=56"},{"taxonomy":"product_tag","embeddable":true,"href":"https:\/\/www.touslesjourscurieux.fr\/en\/wp-json\/wp\/v2\/product_tag?post=56"}],"curies":[{"name":"wp","href":"https:\/\/api.w.org\/{rel}","templated":true}]}}