{"id":55,"date":"2023-02-05T21:20:13","date_gmt":"2023-02-05T20:20:13","guid":{"rendered":"https:\/\/larevuelike.fr\/?post_type=product&#038;p=55"},"modified":"2025-05-22T14:52:29","modified_gmt":"2025-05-22T13:52:29","slug":"ukraine-like-la-revue-08","status":"publish","type":"product","link":"https:\/\/www.touslesjourscurieux.fr\/en\/product\/ukraine-like-la-revue-08","title":{"rendered":"Ukraine en guerre &#8211; LIKE la revue #08"},"content":{"rendered":"<h1>Guerre en Ukraine<\/h1>\n<h2>Du Vi\u00eat Nam \u00e0 la guerre en Ukraine, 40 pages de r\u00e9cits et de photos<\/h2>\n<p>Il est 13\u202fheures \u00e0 Kiev et <strong>Philippe de Poulpiquet,<\/strong> grand reporter pour Le Parisien, se trouve au plus pr\u00e8s des lignes de d\u00e9fense dans les faubourgs de la capitale ukrainienne. Impressions \u00e0 chaud\u2026<\/p>\n<h2>L\u2019information et rien d\u2019autre Laurent Van der Stockt<\/h2>\n<p>Depuis la capitale Ukrainienne, il nous dit pourquoi il en a pas fini avec la guerre.<\/p>\n<h2>Ines Gil et Nicolas Courtes<\/h2>\n<p>Quand les infos ont commenc\u00e9 \u00e0 marteler les dangers d\u2019un conflit imminent, Ines Gil et Nicolas Courtes se sont pos\u00e9 la question de savoir s\u2019ils devaient en \u00eatre ou pas. Cap sur l\u2019Ukraine.<\/p>\n<h2>Michel Slomka<\/h2>\n<p>La \u00ab\u202fguerre du p\u00e9trole\u202f\u00bb comme on ne l\u2019a jamais vue.<\/p>\n<h2>Au nom des autres Christine Spengler<\/h2>\n<p>Quatorze conflits en quarante ans, un itin\u00e9raire pouss\u00e9 par une seule obsession\u2009: \u00eatre au plus pr\u00e8s des civils qui trinquent.<\/p>\n<h2>Giles Duley<\/h2>\n<p>Son corps tout entier porte les stigmates de la guerre. Apr\u00e8s avoir saut\u00e9 sur une mine lors d\u2019un reportage en Afghanistan en 2011. Il est aujourd\u2019hui un \u00ab\u00a0artiviste\u00a0\u00bb.<br \/>\nAller simple pour le monde Patrick Wack Il fallait \u00eatre gonfl\u00e9 ou poss\u00e9der une \u00e9norme confiance en soi pour s\u2019installer en Chine sans jamais avoir mis les pieds en Asie. Et aussi ses photos du c\u00f4t\u00e9 de la mer d\u2019Azov avant que la guerre ne ravage tout.<\/p>\n<h2>\u00c9lie Kagan L\u2019insoumis magnifique<\/h2>\n<p>Mais qui \u00e9tait donc ce grand z\u00e8bre qui trimballait un escabeau pour mieux saisir les mobilisations dans les rues de Paris. ll faut se pr\u00e9cipiter \u00e0 l\u2019expo monumentale propos\u00e9e par La Contemporaine de Nanterre. 20 pages d\u2019une incroyable saga.<\/p>\n<h2>Carte blanche \u00e0 Olivier Roller<\/h2>\n<p>Dans le couloir de la vie Fort, il fallait l\u2019\u00eatre pour se convaincre d\u2019aborder un tel sujet\u2009: aller au contact des \u00ab\u202fcorps flottants\u202f\u00bb en r\u00e9animation dans les h\u00f4pitaux.. Un portfolio qui nous fait prendre conscience que le malade a \u00e9t\u00e9 le grand oubli\u00e9 de cette p\u00e9riode. Un choc! On n\u2019a pas fini d\u2019en parler.<\/p>\n<p>&nbsp;<\/p>\n<h2>Les pr\u00e9sidents passent, Jacques Witt reste<\/h2>\n<p>Accr\u00e9dit\u00e9 \u00e0 l\u2019\u00c9lys\u00e9e depuis 1985, il a suivi les hommes politiques au plus pr\u00e8s. Une telle long\u00e9vit\u00e9 dans le sillage des pr\u00e9sidents lui a conf\u00e9r\u00e9 une stature de \u00ab\u202fsage\u202f\u00bb dans la profession. Mes pr\u00e9sidents et moi. 16 grandes photos comment\u00e9es par leur auteur.<\/p>\n<h2>Florence Joubert Froid moi? Jamais!<\/h2>\n<p>Les gardiens du temps du mont Aigoual. Le livre. Vive le vent\u2009!<\/p>","protected":false},"excerpt":{"rendered":"<p><strong><span style=\"color: #ff0000;\">Le N\u00b0 08 \ud83d\udc49<\/span><\/strong>Envoy\u00e9 directement chez vous +Frais de port 2,50\u20ac<\/p>\n<p>Philippe de Poulpiquet, Laurent Van der Stockt, Christine Spengler, Michel Slomka et Giles Duley raconte leurs guerres.\u00a0\u00c9lie Kagan, l\u2019insoumis magnifique. &#8211; Le portfolio d\u2019Olivier Roller. Dans le couloir de la vie avec les r\u00e9anim\u00e9s du Covid \u00a0&#8211; Les hommes aussi. Cl\u00e9a Rekhou &#8211; Guerre en Ukraine, en \u00eatre ou pas Ines Gil &amp; Nicolas Cortes &#8211; Jacques Witt. Accr\u00e9dit\u00e9 \u00e0 l\u2019\u00c9lys\u00e9e depuis 5 Pr\u00e9sidents &#8211; La Chine, les Ou\u00efghours et moi Patrick Wack &#8211; Graciela Iturbide. Une Mexicaine \u00e0 Paris &#8211; Les manifs Devaquet de Jean-Claude Coutausse &#8211; Froid, moi?Jamais ! Florence Joubert<\/p>","protected":false},"featured_media":3635,"comment_status":"closed","ping_status":"closed","template":"","meta":[],"product_brand":[],"product_cat":[19,25,27],"product_tag":[],"class_list":{"0":"post-55","1":"product","2":"type-product","3":"status-publish","4":"has-post-thumbnail","6":"product_cat-like-la-revue","7":"product_cat-photographe-et-artiste","8":"product_cat-revue-papier-de-photographie","9":"product_shipping_class-revue","11":"first","12":"instock","13":"taxable","14":"shipping-taxable","15":"purchasable","16":"product-type-simple"},"yoast_head":"<!-- This site is optimized with the Yoast SEO plugin v27.3 - https:\/\/yoast.com\/product\/yoast-seo-wordpress\/ -->\n<title>Ukraine en guerre - LIKE la revue #08 - LIKE la revue<\/title>\n<meta name=\"description\" content=\"Pour ce num\u00e9ro, le d\u00e9clenchement de la guerre en Ukraine a fracass\u00e9 notre sommaire initial. Nous avons ouvert nos colonnes \u00e0 ceux qui ont rejoint ce pays.\" \/>\n<meta name=\"robots\" content=\"index, follow, max-snippet:-1, max-image-preview:large, max-video-preview:-1\" \/>\n<link rel=\"canonical\" href=\"https:\/\/www.touslesjourscurieux.fr\/en\/product\/ukraine-like-la-revue-08\/\" \/>\n<meta property=\"og:locale\" content=\"en_US\" \/>\n<meta property=\"og:type\" content=\"article\" \/>\n<meta property=\"og:title\" content=\"Ukraine en guerre - LIKE la revue #08 - LIKE la revue\" \/>\n<meta property=\"og:description\" content=\"Pour ce num\u00e9ro, le d\u00e9clenchement de la guerre en Ukraine a fracass\u00e9 notre sommaire initial. Nous avons ouvert nos colonnes \u00e0 ceux qui ont rejoint ce pays.\" \/>\n<meta property=\"og:url\" content=\"https:\/\/www.touslesjourscurieux.fr\/en\/product\/ukraine-like-la-revue-08\/\" \/>\n<meta property=\"og:site_name\" content=\"LIKE la revue\" \/>\n<meta property=\"article:publisher\" content=\"https:\/\/www.facebook.com\/Touslesjourscurieux\" \/>\n<meta property=\"article:modified_time\" content=\"2025-05-22T13:52:29+00:00\" \/>\n<meta property=\"og:image\" content=\"https:\/\/www.touslesjourscurieux.fr\/wp-content\/uploads\/2023\/02\/LIKE-8-min.jpg\" \/>\n\t<meta property=\"og:image:width\" content=\"600\" \/>\n\t<meta property=\"og:image:height\" content=\"600\" \/>\n\t<meta property=\"og:image:type\" content=\"image\/jpeg\" \/>\n<meta name=\"twitter:card\" content=\"summary_large_image\" \/>\n<meta name=\"twitter:label1\" content=\"Est. reading time\" \/>\n\t<meta name=\"twitter:data1\" content=\"3 minutes\" \/>\n<script type=\"application\/ld+json\" class=\"yoast-schema-graph\">{\"@context\":\"https:\\\/\\\/schema.org\",\"@graph\":[{\"@type\":\"WebPage\",\"@id\":\"https:\\\/\\\/www.touslesjourscurieux.fr\\\/produit\\\/ukraine-like-la-revue-08\",\"url\":\"https:\\\/\\\/www.touslesjourscurieux.fr\\\/produit\\\/ukraine-like-la-revue-08\",\"name\":\"Ukraine en guerre - LIKE la revue #08 - LIKE la revue\",\"isPartOf\":{\"@id\":\"https:\\\/\\\/www.touslesjourscurieux.fr\\\/#website\"},\"primaryImageOfPage\":{\"@id\":\"https:\\\/\\\/www.touslesjourscurieux.fr\\\/produit\\\/ukraine-like-la-revue-08#primaryimage\"},\"image\":{\"@id\":\"https:\\\/\\\/www.touslesjourscurieux.fr\\\/produit\\\/ukraine-like-la-revue-08#primaryimage\"},\"thumbnailUrl\":\"https:\\\/\\\/i0.wp.com\\\/www.touslesjourscurieux.fr\\\/wp-content\\\/uploads\\\/2023\\\/02\\\/LIKE-8-min.jpg?fit=600%2C600&ssl=1\",\"datePublished\":\"2023-02-05T20:20:13+00:00\",\"dateModified\":\"2025-05-22T13:52:29+00:00\",\"description\":\"Pour ce num\u00e9ro, le d\u00e9clenchement de la guerre en Ukraine a fracass\u00e9 notre sommaire initial. Nous avons ouvert nos colonnes \u00e0 ceux qui ont rejoint ce pays.\",\"breadcrumb\":{\"@id\":\"https:\\\/\\\/www.touslesjourscurieux.fr\\\/produit\\\/ukraine-like-la-revue-08#breadcrumb\"},\"inLanguage\":\"en-US\",\"potentialAction\":[{\"@type\":\"ReadAction\",\"target\":[\"https:\\\/\\\/www.touslesjourscurieux.fr\\\/produit\\\/ukraine-like-la-revue-08\"]}]},{\"@type\":\"ImageObject\",\"inLanguage\":\"en-US\",\"@id\":\"https:\\\/\\\/www.touslesjourscurieux.fr\\\/produit\\\/ukraine-like-la-revue-08#primaryimage\",\"url\":\"https:\\\/\\\/i0.wp.com\\\/www.touslesjourscurieux.fr\\\/wp-content\\\/uploads\\\/2023\\\/02\\\/LIKE-8-min.jpg?fit=600%2C600&ssl=1\",\"contentUrl\":\"https:\\\/\\\/i0.wp.com\\\/www.touslesjourscurieux.fr\\\/wp-content\\\/uploads\\\/2023\\\/02\\\/LIKE-8-min.jpg?fit=600%2C600&ssl=1\",\"width\":600,\"height\":600},{\"@type\":\"BreadcrumbList\",\"@id\":\"https:\\\/\\\/www.touslesjourscurieux.fr\\\/produit\\\/ukraine-like-la-revue-08#breadcrumb\",\"itemListElement\":[{\"@type\":\"ListItem\",\"position\":1,\"name\":\"Accueil\",\"item\":\"https:\\\/\\\/www.touslesjourscurieux.fr\\\/\"},{\"@type\":\"ListItem\",\"position\":2,\"name\":\"LIKE la Revue, la boutique\",\"item\":\"https:\\\/\\\/www.touslesjourscurieux.fr\\\/\"},{\"@type\":\"ListItem\",\"position\":3,\"name\":\"Ukraine en guerre &#8211; LIKE la revue #08\"}]},{\"@type\":\"WebSite\",\"@id\":\"https:\\\/\\\/www.touslesjourscurieux.fr\\\/#website\",\"url\":\"https:\\\/\\\/www.touslesjourscurieux.fr\\\/\",\"name\":\"LIKE la revue\",\"description\":\"petit format grandes photos\",\"publisher\":{\"@id\":\"https:\\\/\\\/www.touslesjourscurieux.fr\\\/#organization\"},\"potentialAction\":[{\"@type\":\"SearchAction\",\"target\":{\"@type\":\"EntryPoint\",\"urlTemplate\":\"https:\\\/\\\/www.touslesjourscurieux.fr\\\/?s={search_term_string}\"},\"query-input\":{\"@type\":\"PropertyValueSpecification\",\"valueRequired\":true,\"valueName\":\"search_term_string\"}}],\"inLanguage\":\"en-US\"},{\"@type\":\"Organization\",\"@id\":\"https:\\\/\\\/www.touslesjourscurieux.fr\\\/#organization\",\"name\":\"LIKE la revue\",\"url\":\"https:\\\/\\\/www.touslesjourscurieux.fr\\\/\",\"logo\":{\"@type\":\"ImageObject\",\"inLanguage\":\"en-US\",\"@id\":\"https:\\\/\\\/www.touslesjourscurieux.fr\\\/#\\\/schema\\\/logo\\\/image\\\/\",\"url\":\"https:\\\/\\\/i0.wp.com\\\/www.touslesjourscurieux.fr\\\/wp-content\\\/uploads\\\/2024\\\/09\\\/162305199_131399045654938_3947990576801447511_n.jpg?fit=942%2C514&ssl=1\",\"contentUrl\":\"https:\\\/\\\/i0.wp.com\\\/www.touslesjourscurieux.fr\\\/wp-content\\\/uploads\\\/2024\\\/09\\\/162305199_131399045654938_3947990576801447511_n.jpg?fit=942%2C514&ssl=1\",\"width\":942,\"height\":514,\"caption\":\"LIKE la revue\"},\"image\":{\"@id\":\"https:\\\/\\\/www.touslesjourscurieux.fr\\\/#\\\/schema\\\/logo\\\/image\\\/\"},\"sameAs\":[\"https:\\\/\\\/www.facebook.com\\\/Touslesjourscurieux\",\"http:\\\/\\\/instagram.com\\\/likelarevuetouslesjourscurieux\"]}]}<\/script>\n<!-- \/ Yoast SEO plugin. -->","yoast_head_json":{"title":"Ukraine en guerre - LIKE la revue #08 - LIKE la revue","description":"Pour ce num\u00e9ro, le d\u00e9clenchement de la guerre en Ukraine a fracass\u00e9 notre sommaire initial. Nous avons ouvert nos colonnes \u00e0 ceux qui ont rejoint ce pays.","robots":{"index":"index","follow":"follow","max-snippet":"max-snippet:-1","max-image-preview":"max-image-preview:large","max-video-preview":"max-video-preview:-1"},"canonical":"https:\/\/www.touslesjourscurieux.fr\/en\/product\/ukraine-like-la-revue-08\/","og_locale":"en_US","og_type":"article","og_title":"Ukraine en guerre - LIKE la revue #08 - LIKE la revue","og_description":"Pour ce num\u00e9ro, le d\u00e9clenchement de la guerre en Ukraine a fracass\u00e9 notre sommaire initial. Nous avons ouvert nos colonnes \u00e0 ceux qui ont rejoint ce pays.","og_url":"https:\/\/www.touslesjourscurieux.fr\/en\/product\/ukraine-like-la-revue-08\/","og_site_name":"LIKE la revue","article_publisher":"https:\/\/www.facebook.com\/Touslesjourscurieux","article_modified_time":"2025-05-22T13:52:29+00:00","og_image":[{"width":600,"height":600,"url":"https:\/\/www.touslesjourscurieux.fr\/wp-content\/uploads\/2023\/02\/LIKE-8-min.jpg","type":"image\/jpeg"}],"twitter_card":"summary_large_image","twitter_misc":{"Est. reading time":"3 minutes"},"schema":{"@context":"https:\/\/schema.org","@graph":[{"@type":"WebPage","@id":"https:\/\/www.touslesjourscurieux.fr\/produit\/ukraine-like-la-revue-08","url":"https:\/\/www.touslesjourscurieux.fr\/produit\/ukraine-like-la-revue-08","name":"Ukraine en guerre - LIKE la revue #08 - LIKE la revue","isPartOf":{"@id":"https:\/\/www.touslesjourscurieux.fr\/#website"},"primaryImageOfPage":{"@id":"https:\/\/www.touslesjourscurieux.fr\/produit\/ukraine-like-la-revue-08#primaryimage"},"image":{"@id":"https:\/\/www.touslesjourscurieux.fr\/produit\/ukraine-like-la-revue-08#primaryimage"},"thumbnailUrl":"https:\/\/i0.wp.com\/www.touslesjourscurieux.fr\/wp-content\/uploads\/2023\/02\/LIKE-8-min.jpg?fit=600%2C600&ssl=1","datePublished":"2023-02-05T20:20:13+00:00","dateModified":"2025-05-22T13:52:29+00:00","description":"Pour ce num\u00e9ro, le d\u00e9clenchement de la guerre en Ukraine a fracass\u00e9 notre sommaire initial. Nous avons ouvert nos colonnes \u00e0 ceux qui ont rejoint ce pays.","breadcrumb":{"@id":"https:\/\/www.touslesjourscurieux.fr\/produit\/ukraine-like-la-revue-08#breadcrumb"},"inLanguage":"en-US","potentialAction":[{"@type":"ReadAction","target":["https:\/\/www.touslesjourscurieux.fr\/produit\/ukraine-like-la-revue-08"]}]},{"@type":"ImageObject","inLanguage":"en-US","@id":"https:\/\/www.touslesjourscurieux.fr\/produit\/ukraine-like-la-revue-08#primaryimage","url":"https:\/\/i0.wp.com\/www.touslesjourscurieux.fr\/wp-content\/uploads\/2023\/02\/LIKE-8-min.jpg?fit=600%2C600&ssl=1","contentUrl":"https:\/\/i0.wp.com\/www.touslesjourscurieux.fr\/wp-content\/uploads\/2023\/02\/LIKE-8-min.jpg?fit=600%2C600&ssl=1","width":600,"height":600},{"@type":"BreadcrumbList","@id":"https:\/\/www.touslesjourscurieux.fr\/produit\/ukraine-like-la-revue-08#breadcrumb","itemListElement":[{"@type":"ListItem","position":1,"name":"Accueil","item":"https:\/\/www.touslesjourscurieux.fr\/"},{"@type":"ListItem","position":2,"name":"LIKE la Revue, la boutique","item":"https:\/\/www.touslesjourscurieux.fr\/"},{"@type":"ListItem","position":3,"name":"Ukraine en guerre &#8211; LIKE la revue #08"}]},{"@type":"WebSite","@id":"https:\/\/www.touslesjourscurieux.fr\/#website","url":"https:\/\/www.touslesjourscurieux.fr\/","name":"LIKE la revue","description":"petit format grandes photos","publisher":{"@id":"https:\/\/www.touslesjourscurieux.fr\/#organization"},"potentialAction":[{"@type":"SearchAction","target":{"@type":"EntryPoint","urlTemplate":"https:\/\/www.touslesjourscurieux.fr\/?s={search_term_string}"},"query-input":{"@type":"PropertyValueSpecification","valueRequired":true,"valueName":"search_term_string"}}],"inLanguage":"en-US"},{"@type":"Organization","@id":"https:\/\/www.touslesjourscurieux.fr\/#organization","name":"LIKE la revue","url":"https:\/\/www.touslesjourscurieux.fr\/","logo":{"@type":"ImageObject","inLanguage":"en-US","@id":"https:\/\/www.touslesjourscurieux.fr\/#\/schema\/logo\/image\/","url":"https:\/\/i0.wp.com\/www.touslesjourscurieux.fr\/wp-content\/uploads\/2024\/09\/162305199_131399045654938_3947990576801447511_n.jpg?fit=942%2C514&ssl=1","contentUrl":"https:\/\/i0.wp.com\/www.touslesjourscurieux.fr\/wp-content\/uploads\/2024\/09\/162305199_131399045654938_3947990576801447511_n.jpg?fit=942%2C514&ssl=1","width":942,"height":514,"caption":"LIKE la revue"},"image":{"@id":"https:\/\/www.touslesjourscurieux.fr\/#\/schema\/logo\/image\/"},"sameAs":["https:\/\/www.facebook.com\/Touslesjourscurieux","http:\/\/instagram.com\/likelarevuetouslesjourscurieux"]}]}},"jetpack_sharing_enabled":true,"_links":{"self":[{"href":"https:\/\/www.touslesjourscurieux.fr\/en\/wp-json\/wp\/v2\/product\/55","targetHints":{"allow":["GET"]}}],"collection":[{"href":"https:\/\/www.touslesjourscurieux.fr\/en\/wp-json\/wp\/v2\/product"}],"about":[{"href":"https:\/\/www.touslesjourscurieux.fr\/en\/wp-json\/wp\/v2\/types\/product"}],"replies":[{"embeddable":true,"href":"https:\/\/www.touslesjourscurieux.fr\/en\/wp-json\/wp\/v2\/comments?post=55"}],"wp:featuredmedia":[{"embeddable":true,"href":"https:\/\/www.touslesjourscurieux.fr\/en\/wp-json\/wp\/v2\/media\/3635"}],"wp:attachment":[{"href":"https:\/\/www.touslesjourscurieux.fr\/en\/wp-json\/wp\/v2\/media?parent=55"}],"wp:term":[{"taxonomy":"product_brand","embeddable":true,"href":"https:\/\/www.touslesjourscurieux.fr\/en\/wp-json\/wp\/v2\/product_brand?post=55"},{"taxonomy":"product_cat","embeddable":true,"href":"https:\/\/www.touslesjourscurieux.fr\/en\/wp-json\/wp\/v2\/product_cat?post=55"},{"taxonomy":"product_tag","embeddable":true,"href":"https:\/\/www.touslesjourscurieux.fr\/en\/wp-json\/wp\/v2\/product_tag?post=55"}],"curies":[{"name":"wp","href":"https:\/\/api.w.org\/{rel}","templated":true}]}}