{"id":53,"date":"2023-02-05T21:15:13","date_gmt":"2023-02-05T20:15:13","guid":{"rendered":"https:\/\/larevuelike.fr\/?post_type=product&#038;p=53"},"modified":"2025-05-22T14:53:48","modified_gmt":"2025-05-22T13:53:48","slug":"claude-gassian-mick-jagger-like-la-revue-06","status":"publish","type":"product","link":"https:\/\/www.touslesjourscurieux.fr\/en\/product\/claude-gassian-mick-jagger-like-la-revue-06","title":{"rendered":"Claude Gassian &#8211; LIKE la revue #06"},"content":{"rendered":"<h1>Claude Gassian<\/h1>\n<h2>Mick Jagger par Claude Gassian, quelle image!<\/h2>\n<p>Au c\u0153ur du rock. Cinq d\u00e9cennies de photos de rock. Claude Gassian nous raconte ses d\u00e9buts en 1971: l\u2019\u00eele de Wight, Jimi Hendrix le premier choc musical et photographique\u2026 Puis les Stones avec leur chanteur embl\u00e9matique, Mick Jagger et tant d\u2019autres!<\/p>\n<h2>D\u00e9couvrez les ma\u00eetres de la photo Tha\u00eflandaise par St\u00e9phane Damant<\/h2>\n<p>Suivez notre guide : St\u00e9phane Damant le passeur indispensable. Eh bien non, la Tha\u00eflande n\u2019est pas \u2013et n\u2019a jamais \u00e9t \u2013 qu\u2019une simple carte postale\u2009! D\u00e8s les ann\u00e9es 1950-1960, des photographes \u2013 et non des moindres, m\u00eame si inconnus sous nos latitudes \u2013 ont pos\u00e9 les premi\u00e8res pierres du patrimoine photographique tha\u00ef. Ces personnalit\u00e9s puissantes qu\u2019on n\u2019attendait pas ont su donner \u00e0 leurs travaux une valeur singuli\u00e8re et une port\u00e9e universelle.<\/p>\n<h2>Franck Landron Flash-back<\/h2>\n<p>50\u2009000 n\u00e9gatifs noir et blanc accumul\u00e9s depuis ses ann\u00e9es lyc\u00e9e, ce n\u2019est pas commun. Franck Landron, cin\u00e9aste et fou d\u2019images, est le t\u00e9moin de sa vie gr\u00e2ce \u00e0 son bo\u00eetier. Bienvenue dans une machine \u00e0 remonter le temps.<\/p>\n<h2>Pierre-\u00c9lie de Pibrac a re\u00e7u un don d\u2019un inconnu qu\u2019il connaissait pourtant bien, son grand-p\u00e8re<\/h2>\n<p>Ce dernier \u2013 le photographe Paul de Cordon \u2013 ne lui a jamais parl\u00e9 de sa passion, il a fait mieux. Il lui a laiss\u00e9<br \/>\nen partage deux cavernes d\u2019Ali Baba. Une bonne histoire comme on les aime.<\/p>\n<h2>Nous avons march\u00e9 dans les Pyr\u00e9n\u00e9es dans les pas de Myriem Karim<\/h2>\n<p>Un reportage en haute altitude pour comprendre le travail de cette photographe qui aime maltraiter les techniques photographiques.<\/p>\n<h2>Raymond Depardon nous pr\u00e9sente son dernier ouvrage \u201cCommunes\u201d<\/h2>\n<p>Toujours \u00e0 la chambre, il parcourt les villages qui ont r\u00e9sist\u00e9 au gaz de schiste. Il revient aussi sur son premier livre, \u201cNotes\u201d, l\u2019acte fondateur.<\/p>\n<h2>Enfin une grande r\u00e9trospective consacr\u00e9e \u00e0 Nicholas Nixon<\/h2>\n<p>Cela valait bien un grand portrait sur ce ma\u00eetre de la photo am\u00e9ricaine.<\/p>","protected":false},"excerpt":{"rendered":"<p style=\"text-align: left;\"><strong><span style=\"color: #eb1c25;\">Le N\u00b0 06 \ud83d\udc49<\/span><\/strong>Envoy\u00e9 directement chez vous +Frais de port 2,50\u20ac<\/p>\n<p>Raymond Depardon Vive les communes! &#8211; La photo en h\u00e9ritage Paul de Cordon et Pierre-\u00c9lie de Pibrac &#8211;\u00a0\u00c0 la d\u00e9couverte des ma\u00eetres de la photo tha\u00eflandaise &#8211; R\u00e9sidence n\u2019est pas vacances Myriem Karim &#8211; Les s\u0153urs Brown, la grande histoire de Nicholas Nixon\u00a0&#8211; \u00c0 nous les petites anglaises Franck Landron &#8211; Tulsa, le cr\u00e8ve am\u00e9ricain de Victor d\u2019Allant &#8211; La photo populaire Olivier Culmann &#8211; Couleur olympique Enzo Lefort &#8211; S\u00e9lection beaux livres photo.<\/p>","protected":false},"featured_media":3637,"comment_status":"closed","ping_status":"closed","template":"","meta":[],"product_brand":[],"product_cat":[19,25,27],"product_tag":[],"class_list":{"0":"post-53","1":"product","2":"type-product","3":"status-publish","4":"has-post-thumbnail","6":"product_cat-like-la-revue","7":"product_cat-photographe-et-artiste","8":"product_cat-revue-papier-de-photographie","9":"product_shipping_class-revue","11":"first","12":"instock","13":"taxable","14":"shipping-taxable","15":"product-type-simple"},"yoast_head":"<!-- This site is optimized with the Yoast SEO plugin v27.3 - https:\/\/yoast.com\/product\/yoast-seo-wordpress\/ -->\n<title>Claude Gassian - LIKE la revue #06 - LIKE la revue<\/title>\n<meta name=\"description\" content=\"En couverture Mick Jagger vu par Claude Gassian, LE photographe du rock en France. 5 d\u00e9cennies d\u2019images, de rencontres et d\u2019histoires in\u00e9dites.\" \/>\n<meta name=\"robots\" content=\"index, follow, max-snippet:-1, max-image-preview:large, max-video-preview:-1\" \/>\n<link rel=\"canonical\" href=\"https:\/\/www.touslesjourscurieux.fr\/en\/product\/claude-gassian-mick-jagger-like-la-revue-06\/\" \/>\n<meta property=\"og:locale\" content=\"en_US\" \/>\n<meta property=\"og:type\" content=\"article\" \/>\n<meta property=\"og:title\" content=\"Claude Gassian - LIKE la revue #06 - LIKE la revue\" \/>\n<meta property=\"og:description\" content=\"En couverture Mick Jagger vu par Claude Gassian, LE photographe du rock en France. 5 d\u00e9cennies d\u2019images, de rencontres et d\u2019histoires in\u00e9dites.\" \/>\n<meta property=\"og:url\" content=\"https:\/\/www.touslesjourscurieux.fr\/en\/product\/claude-gassian-mick-jagger-like-la-revue-06\/\" \/>\n<meta property=\"og:site_name\" content=\"LIKE la revue\" \/>\n<meta property=\"article:publisher\" content=\"https:\/\/www.facebook.com\/Touslesjourscurieux\" \/>\n<meta property=\"article:modified_time\" content=\"2025-05-22T13:53:48+00:00\" \/>\n<meta property=\"og:image\" content=\"https:\/\/www.touslesjourscurieux.fr\/wp-content\/uploads\/2023\/02\/REVUE-LIKE-N18-N06-EPUISE-min.jpg\" \/>\n\t<meta property=\"og:image:width\" content=\"600\" \/>\n\t<meta property=\"og:image:height\" content=\"600\" \/>\n\t<meta property=\"og:image:type\" content=\"image\/jpeg\" \/>\n<meta name=\"twitter:card\" content=\"summary_large_image\" \/>\n<meta name=\"twitter:label1\" content=\"Est. reading time\" \/>\n\t<meta name=\"twitter:data1\" content=\"2 minutes\" \/>\n<script type=\"application\/ld+json\" class=\"yoast-schema-graph\">{\"@context\":\"https:\\\/\\\/schema.org\",\"@graph\":[{\"@type\":\"WebPage\",\"@id\":\"https:\\\/\\\/www.touslesjourscurieux.fr\\\/produit\\\/claude-gassian-mick-jagger-like-la-revue-06\",\"url\":\"https:\\\/\\\/www.touslesjourscurieux.fr\\\/produit\\\/claude-gassian-mick-jagger-like-la-revue-06\",\"name\":\"Claude Gassian - LIKE la revue #06 - LIKE la revue\",\"isPartOf\":{\"@id\":\"https:\\\/\\\/www.touslesjourscurieux.fr\\\/#website\"},\"primaryImageOfPage\":{\"@id\":\"https:\\\/\\\/www.touslesjourscurieux.fr\\\/produit\\\/claude-gassian-mick-jagger-like-la-revue-06#primaryimage\"},\"image\":{\"@id\":\"https:\\\/\\\/www.touslesjourscurieux.fr\\\/produit\\\/claude-gassian-mick-jagger-like-la-revue-06#primaryimage\"},\"thumbnailUrl\":\"https:\\\/\\\/i0.wp.com\\\/www.touslesjourscurieux.fr\\\/wp-content\\\/uploads\\\/2023\\\/02\\\/REVUE-LIKE-N18-N06-EPUISE-min.jpg?fit=600%2C600&ssl=1\",\"datePublished\":\"2023-02-05T20:15:13+00:00\",\"dateModified\":\"2025-05-22T13:53:48+00:00\",\"description\":\"En couverture Mick Jagger vu par Claude Gassian, LE photographe du rock en France. 5 d\u00e9cennies d\u2019images, de rencontres et d\u2019histoires in\u00e9dites.\",\"breadcrumb\":{\"@id\":\"https:\\\/\\\/www.touslesjourscurieux.fr\\\/produit\\\/claude-gassian-mick-jagger-like-la-revue-06#breadcrumb\"},\"inLanguage\":\"en-US\",\"potentialAction\":[{\"@type\":\"ReadAction\",\"target\":[\"https:\\\/\\\/www.touslesjourscurieux.fr\\\/produit\\\/claude-gassian-mick-jagger-like-la-revue-06\"]}]},{\"@type\":\"ImageObject\",\"inLanguage\":\"en-US\",\"@id\":\"https:\\\/\\\/www.touslesjourscurieux.fr\\\/produit\\\/claude-gassian-mick-jagger-like-la-revue-06#primaryimage\",\"url\":\"https:\\\/\\\/i0.wp.com\\\/www.touslesjourscurieux.fr\\\/wp-content\\\/uploads\\\/2023\\\/02\\\/REVUE-LIKE-N18-N06-EPUISE-min.jpg?fit=600%2C600&ssl=1\",\"contentUrl\":\"https:\\\/\\\/i0.wp.com\\\/www.touslesjourscurieux.fr\\\/wp-content\\\/uploads\\\/2023\\\/02\\\/REVUE-LIKE-N18-N06-EPUISE-min.jpg?fit=600%2C600&ssl=1\",\"width\":600,\"height\":600},{\"@type\":\"BreadcrumbList\",\"@id\":\"https:\\\/\\\/www.touslesjourscurieux.fr\\\/produit\\\/claude-gassian-mick-jagger-like-la-revue-06#breadcrumb\",\"itemListElement\":[{\"@type\":\"ListItem\",\"position\":1,\"name\":\"Accueil\",\"item\":\"https:\\\/\\\/www.touslesjourscurieux.fr\\\/\"},{\"@type\":\"ListItem\",\"position\":2,\"name\":\"LIKE la Revue, la boutique\",\"item\":\"https:\\\/\\\/www.touslesjourscurieux.fr\\\/\"},{\"@type\":\"ListItem\",\"position\":3,\"name\":\"Claude Gassian &#8211; LIKE la revue #06\"}]},{\"@type\":\"WebSite\",\"@id\":\"https:\\\/\\\/www.touslesjourscurieux.fr\\\/#website\",\"url\":\"https:\\\/\\\/www.touslesjourscurieux.fr\\\/\",\"name\":\"LIKE la revue\",\"description\":\"petit format grandes photos\",\"publisher\":{\"@id\":\"https:\\\/\\\/www.touslesjourscurieux.fr\\\/#organization\"},\"potentialAction\":[{\"@type\":\"SearchAction\",\"target\":{\"@type\":\"EntryPoint\",\"urlTemplate\":\"https:\\\/\\\/www.touslesjourscurieux.fr\\\/?s={search_term_string}\"},\"query-input\":{\"@type\":\"PropertyValueSpecification\",\"valueRequired\":true,\"valueName\":\"search_term_string\"}}],\"inLanguage\":\"en-US\"},{\"@type\":\"Organization\",\"@id\":\"https:\\\/\\\/www.touslesjourscurieux.fr\\\/#organization\",\"name\":\"LIKE la revue\",\"url\":\"https:\\\/\\\/www.touslesjourscurieux.fr\\\/\",\"logo\":{\"@type\":\"ImageObject\",\"inLanguage\":\"en-US\",\"@id\":\"https:\\\/\\\/www.touslesjourscurieux.fr\\\/#\\\/schema\\\/logo\\\/image\\\/\",\"url\":\"https:\\\/\\\/i0.wp.com\\\/www.touslesjourscurieux.fr\\\/wp-content\\\/uploads\\\/2024\\\/09\\\/162305199_131399045654938_3947990576801447511_n.jpg?fit=942%2C514&ssl=1\",\"contentUrl\":\"https:\\\/\\\/i0.wp.com\\\/www.touslesjourscurieux.fr\\\/wp-content\\\/uploads\\\/2024\\\/09\\\/162305199_131399045654938_3947990576801447511_n.jpg?fit=942%2C514&ssl=1\",\"width\":942,\"height\":514,\"caption\":\"LIKE la revue\"},\"image\":{\"@id\":\"https:\\\/\\\/www.touslesjourscurieux.fr\\\/#\\\/schema\\\/logo\\\/image\\\/\"},\"sameAs\":[\"https:\\\/\\\/www.facebook.com\\\/Touslesjourscurieux\",\"http:\\\/\\\/instagram.com\\\/likelarevuetouslesjourscurieux\"]}]}<\/script>\n<!-- \/ Yoast SEO plugin. -->","yoast_head_json":{"title":"Claude Gassian - LIKE la revue #06 - LIKE la revue","description":"En couverture Mick Jagger vu par Claude Gassian, LE photographe du rock en France. 5 d\u00e9cennies d\u2019images, de rencontres et d\u2019histoires in\u00e9dites.","robots":{"index":"index","follow":"follow","max-snippet":"max-snippet:-1","max-image-preview":"max-image-preview:large","max-video-preview":"max-video-preview:-1"},"canonical":"https:\/\/www.touslesjourscurieux.fr\/en\/product\/claude-gassian-mick-jagger-like-la-revue-06\/","og_locale":"en_US","og_type":"article","og_title":"Claude Gassian - LIKE la revue #06 - LIKE la revue","og_description":"En couverture Mick Jagger vu par Claude Gassian, LE photographe du rock en France. 5 d\u00e9cennies d\u2019images, de rencontres et d\u2019histoires in\u00e9dites.","og_url":"https:\/\/www.touslesjourscurieux.fr\/en\/product\/claude-gassian-mick-jagger-like-la-revue-06\/","og_site_name":"LIKE la revue","article_publisher":"https:\/\/www.facebook.com\/Touslesjourscurieux","article_modified_time":"2025-05-22T13:53:48+00:00","og_image":[{"width":600,"height":600,"url":"https:\/\/www.touslesjourscurieux.fr\/wp-content\/uploads\/2023\/02\/REVUE-LIKE-N18-N06-EPUISE-min.jpg","type":"image\/jpeg"}],"twitter_card":"summary_large_image","twitter_misc":{"Est. reading time":"2 minutes"},"schema":{"@context":"https:\/\/schema.org","@graph":[{"@type":"WebPage","@id":"https:\/\/www.touslesjourscurieux.fr\/produit\/claude-gassian-mick-jagger-like-la-revue-06","url":"https:\/\/www.touslesjourscurieux.fr\/produit\/claude-gassian-mick-jagger-like-la-revue-06","name":"Claude Gassian - LIKE la revue #06 - LIKE la revue","isPartOf":{"@id":"https:\/\/www.touslesjourscurieux.fr\/#website"},"primaryImageOfPage":{"@id":"https:\/\/www.touslesjourscurieux.fr\/produit\/claude-gassian-mick-jagger-like-la-revue-06#primaryimage"},"image":{"@id":"https:\/\/www.touslesjourscurieux.fr\/produit\/claude-gassian-mick-jagger-like-la-revue-06#primaryimage"},"thumbnailUrl":"https:\/\/i0.wp.com\/www.touslesjourscurieux.fr\/wp-content\/uploads\/2023\/02\/REVUE-LIKE-N18-N06-EPUISE-min.jpg?fit=600%2C600&ssl=1","datePublished":"2023-02-05T20:15:13+00:00","dateModified":"2025-05-22T13:53:48+00:00","description":"En couverture Mick Jagger vu par Claude Gassian, LE photographe du rock en France. 5 d\u00e9cennies d\u2019images, de rencontres et d\u2019histoires in\u00e9dites.","breadcrumb":{"@id":"https:\/\/www.touslesjourscurieux.fr\/produit\/claude-gassian-mick-jagger-like-la-revue-06#breadcrumb"},"inLanguage":"en-US","potentialAction":[{"@type":"ReadAction","target":["https:\/\/www.touslesjourscurieux.fr\/produit\/claude-gassian-mick-jagger-like-la-revue-06"]}]},{"@type":"ImageObject","inLanguage":"en-US","@id":"https:\/\/www.touslesjourscurieux.fr\/produit\/claude-gassian-mick-jagger-like-la-revue-06#primaryimage","url":"https:\/\/i0.wp.com\/www.touslesjourscurieux.fr\/wp-content\/uploads\/2023\/02\/REVUE-LIKE-N18-N06-EPUISE-min.jpg?fit=600%2C600&ssl=1","contentUrl":"https:\/\/i0.wp.com\/www.touslesjourscurieux.fr\/wp-content\/uploads\/2023\/02\/REVUE-LIKE-N18-N06-EPUISE-min.jpg?fit=600%2C600&ssl=1","width":600,"height":600},{"@type":"BreadcrumbList","@id":"https:\/\/www.touslesjourscurieux.fr\/produit\/claude-gassian-mick-jagger-like-la-revue-06#breadcrumb","itemListElement":[{"@type":"ListItem","position":1,"name":"Accueil","item":"https:\/\/www.touslesjourscurieux.fr\/"},{"@type":"ListItem","position":2,"name":"LIKE la Revue, la boutique","item":"https:\/\/www.touslesjourscurieux.fr\/"},{"@type":"ListItem","position":3,"name":"Claude Gassian &#8211; LIKE la revue #06"}]},{"@type":"WebSite","@id":"https:\/\/www.touslesjourscurieux.fr\/#website","url":"https:\/\/www.touslesjourscurieux.fr\/","name":"LIKE la revue","description":"petit format grandes photos","publisher":{"@id":"https:\/\/www.touslesjourscurieux.fr\/#organization"},"potentialAction":[{"@type":"SearchAction","target":{"@type":"EntryPoint","urlTemplate":"https:\/\/www.touslesjourscurieux.fr\/?s={search_term_string}"},"query-input":{"@type":"PropertyValueSpecification","valueRequired":true,"valueName":"search_term_string"}}],"inLanguage":"en-US"},{"@type":"Organization","@id":"https:\/\/www.touslesjourscurieux.fr\/#organization","name":"LIKE la revue","url":"https:\/\/www.touslesjourscurieux.fr\/","logo":{"@type":"ImageObject","inLanguage":"en-US","@id":"https:\/\/www.touslesjourscurieux.fr\/#\/schema\/logo\/image\/","url":"https:\/\/i0.wp.com\/www.touslesjourscurieux.fr\/wp-content\/uploads\/2024\/09\/162305199_131399045654938_3947990576801447511_n.jpg?fit=942%2C514&ssl=1","contentUrl":"https:\/\/i0.wp.com\/www.touslesjourscurieux.fr\/wp-content\/uploads\/2024\/09\/162305199_131399045654938_3947990576801447511_n.jpg?fit=942%2C514&ssl=1","width":942,"height":514,"caption":"LIKE la revue"},"image":{"@id":"https:\/\/www.touslesjourscurieux.fr\/#\/schema\/logo\/image\/"},"sameAs":["https:\/\/www.facebook.com\/Touslesjourscurieux","http:\/\/instagram.com\/likelarevuetouslesjourscurieux"]}]}},"jetpack_sharing_enabled":true,"_links":{"self":[{"href":"https:\/\/www.touslesjourscurieux.fr\/en\/wp-json\/wp\/v2\/product\/53","targetHints":{"allow":["GET"]}}],"collection":[{"href":"https:\/\/www.touslesjourscurieux.fr\/en\/wp-json\/wp\/v2\/product"}],"about":[{"href":"https:\/\/www.touslesjourscurieux.fr\/en\/wp-json\/wp\/v2\/types\/product"}],"replies":[{"embeddable":true,"href":"https:\/\/www.touslesjourscurieux.fr\/en\/wp-json\/wp\/v2\/comments?post=53"}],"wp:featuredmedia":[{"embeddable":true,"href":"https:\/\/www.touslesjourscurieux.fr\/en\/wp-json\/wp\/v2\/media\/3637"}],"wp:attachment":[{"href":"https:\/\/www.touslesjourscurieux.fr\/en\/wp-json\/wp\/v2\/media?parent=53"}],"wp:term":[{"taxonomy":"product_brand","embeddable":true,"href":"https:\/\/www.touslesjourscurieux.fr\/en\/wp-json\/wp\/v2\/product_brand?post=53"},{"taxonomy":"product_cat","embeddable":true,"href":"https:\/\/www.touslesjourscurieux.fr\/en\/wp-json\/wp\/v2\/product_cat?post=53"},{"taxonomy":"product_tag","embeddable":true,"href":"https:\/\/www.touslesjourscurieux.fr\/en\/wp-json\/wp\/v2\/product_tag?post=53"}],"curies":[{"name":"wp","href":"https:\/\/api.w.org\/{rel}","templated":true}]}}