{"id":52,"date":"2023-02-05T21:14:13","date_gmt":"2023-02-05T20:14:13","guid":{"rendered":"https:\/\/larevuelike.fr\/?post_type=product&#038;p=52"},"modified":"2025-05-22T14:56:00","modified_gmt":"2025-05-22T13:56:00","slug":"tim-flach-like-la-revue-05","status":"publish","type":"product","link":"https:\/\/www.touslesjourscurieux.fr\/en\/product\/tim-flach-like-la-revue-05","title":{"rendered":"Tim Flach &#8211; LIKE la revue #05"},"content":{"rendered":"<h1>Les animaux photographi\u00e9 en studio photo en majest\u00e9 de Tim Flach<\/h1>\n<h2>Tim Flach photographie les animaux comme les \u00eatres humain!<\/h2>\n<p>Sur l\u2019\u00e9cran, on distingue derri\u00e8re Tim Flach des photographies \u00adaccroch\u00e9es un peu partout sur les murs. Une multitude d\u2019esp\u00e8ces. \u00adCertaines famili\u00e8res et engageantes, d\u2019autres inconnues et myst\u00e9rieuses. Autant d\u2019images o\u00f9 le photographe pose aux c\u00f4t\u00e9s de l\u2019animal comme pour le \u00adremercier de cette complicit\u00e9 \u00e9ph\u00e9m\u00e8re. En th\u00e9orie, le travail de Flach para\u00eet plut\u00f4t simple\u2009: l\u2019animal post\u00e9 \u00addevant un fond noir regarde l\u2019objectif. Un clic et l\u2019affaire est boucl\u00e9e. Mais cette \u00adneutralit\u00e9 et cette fausse \u00adsimplicit\u00e9 \u00adcachent une technique minutieuse, une patience et une compr\u00e9hension de \u00adl\u2019animal qui tient de la psychologie. Il suffit de se placer bien en face de l\u2019image et de plonger notre regard dans le sien. Une relation s\u2019installe alors. L\u2019animal est un \u00eatre humain comme un autre.<\/p>\n<h2>Trans photo Sabrina Mariez<\/h2>\n<p>Qu\u2019est-ce qui attire cette photographe vers les trans et les travestis?<\/p>\n<h2>Alfred de Montesquiou et \u00c9meric Lhuisset<\/h2>\n<p>La Syrie en commun. Ils ont la Syrie en commun, ont parcouru le pays en guerre, ont vu les m\u00eames horreurs, ressenti les m\u00eames sentiments d\u2019empathie. Leurs d\u00e9marches sont pourtant \u00e0 l\u2019oppos\u00e9. Alfred, journaliste, publie son premier roman et pose un marqueur. \u00c9meric, quant \u00e0 lui, est un artiste qui travaille la photo en reconstituant des sc\u00e8nes de guerre. Pour de vrai, pour de faux. Pour LIKE la revue, ils reviennent sur leurs exp\u00e9riences, partagent leurs points de vue sur le journalisme, l\u2019objectivit\u00e9, la fonction de l\u2019artiste, l\u2019\u00e9criture. Conversation utile\u2026<\/p>\n<h2>Carole Bella\u00efche<\/h2>\n<p>Isabelle Huppert, mon amie.<\/p>\n<h2>Pauline Ballet<\/h2>\n<p>Au tour des femmes .<\/p>\n<h2>Jazz Magazine, Jazz power<\/h2>\n<p>Marie Robert&amp;Clara Bastid<\/p>\n<h2>Aline Manoukian<\/h2>\n<p>Du Liban \u00e0 la guerre dans le Haut-Karabakh.<\/p>\n<h2>Olivier Morin<\/h2>\n<p>Le surf au milieu des gla\u00e7ons.<\/p>\n<h2>Et aussi.<\/h2>\n<p>Photographes anonymes en Birmanie.<\/p>\n<p>Hans Silvester l\u2019inclassable.<\/p>\n<p>Samaritaines Le livre des tendances de la photo actuelle<\/p>\n<p>Les expos &#8211; Henri Cartier-Bresson, Sebasti\u00e3o Salgado, St\u00e9phane Lavou\u00e9 &#8211;<\/p>","protected":false},"excerpt":{"rendered":"<p style=\"text-align: left;\"><strong><span style=\"color: #eb1c25;\">Le N\u00b0 05 \ud83d\udc49<\/span><\/strong>Envoy\u00e9 directement chez vous +Frais de port 2,50\u20ac<\/p>\n<p>Samaritaines Le livre des tendances de la photo actuelle &#8211; Les expos &#8211; Henri Cartier-Bresson, Sebasti\u00e3o Salgado, St\u00e9phane Lavou\u00e9 &#8211; Trans photo Sabrina Mariez Qu\u2019est-ce qui attire cette photographe vers les trans et les travestis? &#8211; Alfred de Montesquiou et \u00c9meric Lhuisset La Syrie en commun &#8211; Carole Bella\u00efche Isabelle Huppert, mon amie. &#8211; Au tour des femmes Pauline Ballet. &#8211; Nicolas Henry L\u2019urgence sc\u00e9nique. Tim Flach L\u2019animal est un \u00eatre humain comme un autre. &#8211;\u00a0 Jazz Magazine, Jazz power Marie Robert &amp; Clara Bastid &#8211; Du Liban \u00e0 la guerre dans le Haut-Karabakh Aline Manoukian. &#8211; Le surf au milieu des gla\u00e7ons Olivier Morin. &#8211; Photographes anonymes en Birmanie. &#8211; Hans Silvester l\u2019inclassable.<\/p>","protected":false},"featured_media":3638,"comment_status":"closed","ping_status":"closed","template":"","meta":[],"product_brand":[],"product_cat":[19,25,27],"product_tag":[],"class_list":{"0":"post-52","1":"product","2":"type-product","3":"status-publish","4":"has-post-thumbnail","6":"product_cat-like-la-revue","7":"product_cat-photographe-et-artiste","8":"product_cat-revue-papier-de-photographie","9":"product_shipping_class-revue","11":"first","12":"instock","13":"taxable","14":"shipping-taxable","15":"purchasable","16":"product-type-simple"},"yoast_head":"<!-- This site is optimized with the Yoast SEO plugin v27.3 - https:\/\/yoast.com\/product\/yoast-seo-wordpress\/ -->\n<title>Tim Flach - LIKE la revue #05 - LIKE la revue<\/title>\n<meta name=\"description\" content=\"Hans Silvester l\u2019inclassable. Alfred de Montesquiou et \u00c9meric Lhuisset La Syrie en commun. Tim Flach, les animaux en majest\u00e9\" \/>\n<meta name=\"robots\" content=\"index, follow, max-snippet:-1, max-image-preview:large, max-video-preview:-1\" \/>\n<link rel=\"canonical\" href=\"https:\/\/www.touslesjourscurieux.fr\/en\/product\/tim-flach-like-la-revue-05\/\" \/>\n<meta property=\"og:locale\" content=\"en_US\" \/>\n<meta property=\"og:type\" content=\"article\" \/>\n<meta property=\"og:title\" content=\"Tim Flach - LIKE la revue #05 - LIKE la revue\" \/>\n<meta property=\"og:description\" content=\"Hans Silvester l\u2019inclassable. Alfred de Montesquiou et \u00c9meric Lhuisset La Syrie en commun. Tim Flach, les animaux en majest\u00e9\" \/>\n<meta property=\"og:url\" content=\"https:\/\/www.touslesjourscurieux.fr\/en\/product\/tim-flach-like-la-revue-05\/\" \/>\n<meta property=\"og:site_name\" content=\"LIKE la revue\" \/>\n<meta property=\"article:publisher\" content=\"https:\/\/www.facebook.com\/Touslesjourscurieux\" \/>\n<meta property=\"article:modified_time\" content=\"2025-05-22T13:56:00+00:00\" \/>\n<meta property=\"og:image\" content=\"https:\/\/www.touslesjourscurieux.fr\/wp-content\/uploads\/2023\/02\/REVUE-LIKE-N11-TOUTES-LES-COUVES-CARRE-NEW5-min.jpg\" \/>\n\t<meta property=\"og:image:width\" content=\"600\" \/>\n\t<meta property=\"og:image:height\" content=\"600\" \/>\n\t<meta property=\"og:image:type\" content=\"image\/jpeg\" \/>\n<meta name=\"twitter:card\" content=\"summary_large_image\" \/>\n<meta name=\"twitter:label1\" content=\"Est. reading time\" \/>\n\t<meta name=\"twitter:data1\" content=\"2 minutes\" \/>\n<script type=\"application\/ld+json\" class=\"yoast-schema-graph\">{\"@context\":\"https:\\\/\\\/schema.org\",\"@graph\":[{\"@type\":\"WebPage\",\"@id\":\"https:\\\/\\\/www.touslesjourscurieux.fr\\\/produit\\\/tim-flach-like-la-revue-05\",\"url\":\"https:\\\/\\\/www.touslesjourscurieux.fr\\\/produit\\\/tim-flach-like-la-revue-05\",\"name\":\"Tim Flach - LIKE la revue #05 - LIKE la revue\",\"isPartOf\":{\"@id\":\"https:\\\/\\\/www.touslesjourscurieux.fr\\\/#website\"},\"primaryImageOfPage\":{\"@id\":\"https:\\\/\\\/www.touslesjourscurieux.fr\\\/produit\\\/tim-flach-like-la-revue-05#primaryimage\"},\"image\":{\"@id\":\"https:\\\/\\\/www.touslesjourscurieux.fr\\\/produit\\\/tim-flach-like-la-revue-05#primaryimage\"},\"thumbnailUrl\":\"https:\\\/\\\/i0.wp.com\\\/www.touslesjourscurieux.fr\\\/wp-content\\\/uploads\\\/2023\\\/02\\\/REVUE-LIKE-N11-TOUTES-LES-COUVES-CARRE-NEW5-min.jpg?fit=600%2C600&ssl=1\",\"datePublished\":\"2023-02-05T20:14:13+00:00\",\"dateModified\":\"2025-05-22T13:56:00+00:00\",\"description\":\"Hans Silvester l\u2019inclassable. Alfred de Montesquiou et \u00c9meric Lhuisset La Syrie en commun. Tim Flach, les animaux en majest\u00e9\",\"breadcrumb\":{\"@id\":\"https:\\\/\\\/www.touslesjourscurieux.fr\\\/produit\\\/tim-flach-like-la-revue-05#breadcrumb\"},\"inLanguage\":\"en-US\",\"potentialAction\":[{\"@type\":\"ReadAction\",\"target\":[\"https:\\\/\\\/www.touslesjourscurieux.fr\\\/produit\\\/tim-flach-like-la-revue-05\"]}]},{\"@type\":\"ImageObject\",\"inLanguage\":\"en-US\",\"@id\":\"https:\\\/\\\/www.touslesjourscurieux.fr\\\/produit\\\/tim-flach-like-la-revue-05#primaryimage\",\"url\":\"https:\\\/\\\/i0.wp.com\\\/www.touslesjourscurieux.fr\\\/wp-content\\\/uploads\\\/2023\\\/02\\\/REVUE-LIKE-N11-TOUTES-LES-COUVES-CARRE-NEW5-min.jpg?fit=600%2C600&ssl=1\",\"contentUrl\":\"https:\\\/\\\/i0.wp.com\\\/www.touslesjourscurieux.fr\\\/wp-content\\\/uploads\\\/2023\\\/02\\\/REVUE-LIKE-N11-TOUTES-LES-COUVES-CARRE-NEW5-min.jpg?fit=600%2C600&ssl=1\",\"width\":600,\"height\":600},{\"@type\":\"BreadcrumbList\",\"@id\":\"https:\\\/\\\/www.touslesjourscurieux.fr\\\/produit\\\/tim-flach-like-la-revue-05#breadcrumb\",\"itemListElement\":[{\"@type\":\"ListItem\",\"position\":1,\"name\":\"Accueil\",\"item\":\"https:\\\/\\\/www.touslesjourscurieux.fr\\\/\"},{\"@type\":\"ListItem\",\"position\":2,\"name\":\"LIKE la Revue, la boutique\",\"item\":\"https:\\\/\\\/www.touslesjourscurieux.fr\\\/\"},{\"@type\":\"ListItem\",\"position\":3,\"name\":\"Tim Flach &#8211; LIKE la revue #05\"}]},{\"@type\":\"WebSite\",\"@id\":\"https:\\\/\\\/www.touslesjourscurieux.fr\\\/#website\",\"url\":\"https:\\\/\\\/www.touslesjourscurieux.fr\\\/\",\"name\":\"LIKE la revue\",\"description\":\"petit format grandes photos\",\"publisher\":{\"@id\":\"https:\\\/\\\/www.touslesjourscurieux.fr\\\/#organization\"},\"potentialAction\":[{\"@type\":\"SearchAction\",\"target\":{\"@type\":\"EntryPoint\",\"urlTemplate\":\"https:\\\/\\\/www.touslesjourscurieux.fr\\\/?s={search_term_string}\"},\"query-input\":{\"@type\":\"PropertyValueSpecification\",\"valueRequired\":true,\"valueName\":\"search_term_string\"}}],\"inLanguage\":\"en-US\"},{\"@type\":\"Organization\",\"@id\":\"https:\\\/\\\/www.touslesjourscurieux.fr\\\/#organization\",\"name\":\"LIKE la revue\",\"url\":\"https:\\\/\\\/www.touslesjourscurieux.fr\\\/\",\"logo\":{\"@type\":\"ImageObject\",\"inLanguage\":\"en-US\",\"@id\":\"https:\\\/\\\/www.touslesjourscurieux.fr\\\/#\\\/schema\\\/logo\\\/image\\\/\",\"url\":\"https:\\\/\\\/i0.wp.com\\\/www.touslesjourscurieux.fr\\\/wp-content\\\/uploads\\\/2024\\\/09\\\/162305199_131399045654938_3947990576801447511_n.jpg?fit=942%2C514&ssl=1\",\"contentUrl\":\"https:\\\/\\\/i0.wp.com\\\/www.touslesjourscurieux.fr\\\/wp-content\\\/uploads\\\/2024\\\/09\\\/162305199_131399045654938_3947990576801447511_n.jpg?fit=942%2C514&ssl=1\",\"width\":942,\"height\":514,\"caption\":\"LIKE la revue\"},\"image\":{\"@id\":\"https:\\\/\\\/www.touslesjourscurieux.fr\\\/#\\\/schema\\\/logo\\\/image\\\/\"},\"sameAs\":[\"https:\\\/\\\/www.facebook.com\\\/Touslesjourscurieux\",\"http:\\\/\\\/instagram.com\\\/likelarevuetouslesjourscurieux\"]}]}<\/script>\n<!-- \/ Yoast SEO plugin. -->","yoast_head_json":{"title":"Tim Flach - LIKE la revue #05 - LIKE la revue","description":"Hans Silvester l\u2019inclassable. Alfred de Montesquiou et \u00c9meric Lhuisset La Syrie en commun. Tim Flach, les animaux en majest\u00e9","robots":{"index":"index","follow":"follow","max-snippet":"max-snippet:-1","max-image-preview":"max-image-preview:large","max-video-preview":"max-video-preview:-1"},"canonical":"https:\/\/www.touslesjourscurieux.fr\/en\/product\/tim-flach-like-la-revue-05\/","og_locale":"en_US","og_type":"article","og_title":"Tim Flach - LIKE la revue #05 - LIKE la revue","og_description":"Hans Silvester l\u2019inclassable. Alfred de Montesquiou et \u00c9meric Lhuisset La Syrie en commun. Tim Flach, les animaux en majest\u00e9","og_url":"https:\/\/www.touslesjourscurieux.fr\/en\/product\/tim-flach-like-la-revue-05\/","og_site_name":"LIKE la revue","article_publisher":"https:\/\/www.facebook.com\/Touslesjourscurieux","article_modified_time":"2025-05-22T13:56:00+00:00","og_image":[{"width":600,"height":600,"url":"https:\/\/www.touslesjourscurieux.fr\/wp-content\/uploads\/2023\/02\/REVUE-LIKE-N11-TOUTES-LES-COUVES-CARRE-NEW5-min.jpg","type":"image\/jpeg"}],"twitter_card":"summary_large_image","twitter_misc":{"Est. reading time":"2 minutes"},"schema":{"@context":"https:\/\/schema.org","@graph":[{"@type":"WebPage","@id":"https:\/\/www.touslesjourscurieux.fr\/produit\/tim-flach-like-la-revue-05","url":"https:\/\/www.touslesjourscurieux.fr\/produit\/tim-flach-like-la-revue-05","name":"Tim Flach - LIKE la revue #05 - LIKE la revue","isPartOf":{"@id":"https:\/\/www.touslesjourscurieux.fr\/#website"},"primaryImageOfPage":{"@id":"https:\/\/www.touslesjourscurieux.fr\/produit\/tim-flach-like-la-revue-05#primaryimage"},"image":{"@id":"https:\/\/www.touslesjourscurieux.fr\/produit\/tim-flach-like-la-revue-05#primaryimage"},"thumbnailUrl":"https:\/\/i0.wp.com\/www.touslesjourscurieux.fr\/wp-content\/uploads\/2023\/02\/REVUE-LIKE-N11-TOUTES-LES-COUVES-CARRE-NEW5-min.jpg?fit=600%2C600&ssl=1","datePublished":"2023-02-05T20:14:13+00:00","dateModified":"2025-05-22T13:56:00+00:00","description":"Hans Silvester l\u2019inclassable. Alfred de Montesquiou et \u00c9meric Lhuisset La Syrie en commun. Tim Flach, les animaux en majest\u00e9","breadcrumb":{"@id":"https:\/\/www.touslesjourscurieux.fr\/produit\/tim-flach-like-la-revue-05#breadcrumb"},"inLanguage":"en-US","potentialAction":[{"@type":"ReadAction","target":["https:\/\/www.touslesjourscurieux.fr\/produit\/tim-flach-like-la-revue-05"]}]},{"@type":"ImageObject","inLanguage":"en-US","@id":"https:\/\/www.touslesjourscurieux.fr\/produit\/tim-flach-like-la-revue-05#primaryimage","url":"https:\/\/i0.wp.com\/www.touslesjourscurieux.fr\/wp-content\/uploads\/2023\/02\/REVUE-LIKE-N11-TOUTES-LES-COUVES-CARRE-NEW5-min.jpg?fit=600%2C600&ssl=1","contentUrl":"https:\/\/i0.wp.com\/www.touslesjourscurieux.fr\/wp-content\/uploads\/2023\/02\/REVUE-LIKE-N11-TOUTES-LES-COUVES-CARRE-NEW5-min.jpg?fit=600%2C600&ssl=1","width":600,"height":600},{"@type":"BreadcrumbList","@id":"https:\/\/www.touslesjourscurieux.fr\/produit\/tim-flach-like-la-revue-05#breadcrumb","itemListElement":[{"@type":"ListItem","position":1,"name":"Accueil","item":"https:\/\/www.touslesjourscurieux.fr\/"},{"@type":"ListItem","position":2,"name":"LIKE la Revue, la boutique","item":"https:\/\/www.touslesjourscurieux.fr\/"},{"@type":"ListItem","position":3,"name":"Tim Flach &#8211; LIKE la revue #05"}]},{"@type":"WebSite","@id":"https:\/\/www.touslesjourscurieux.fr\/#website","url":"https:\/\/www.touslesjourscurieux.fr\/","name":"LIKE la revue","description":"petit format grandes photos","publisher":{"@id":"https:\/\/www.touslesjourscurieux.fr\/#organization"},"potentialAction":[{"@type":"SearchAction","target":{"@type":"EntryPoint","urlTemplate":"https:\/\/www.touslesjourscurieux.fr\/?s={search_term_string}"},"query-input":{"@type":"PropertyValueSpecification","valueRequired":true,"valueName":"search_term_string"}}],"inLanguage":"en-US"},{"@type":"Organization","@id":"https:\/\/www.touslesjourscurieux.fr\/#organization","name":"LIKE la revue","url":"https:\/\/www.touslesjourscurieux.fr\/","logo":{"@type":"ImageObject","inLanguage":"en-US","@id":"https:\/\/www.touslesjourscurieux.fr\/#\/schema\/logo\/image\/","url":"https:\/\/i0.wp.com\/www.touslesjourscurieux.fr\/wp-content\/uploads\/2024\/09\/162305199_131399045654938_3947990576801447511_n.jpg?fit=942%2C514&ssl=1","contentUrl":"https:\/\/i0.wp.com\/www.touslesjourscurieux.fr\/wp-content\/uploads\/2024\/09\/162305199_131399045654938_3947990576801447511_n.jpg?fit=942%2C514&ssl=1","width":942,"height":514,"caption":"LIKE la revue"},"image":{"@id":"https:\/\/www.touslesjourscurieux.fr\/#\/schema\/logo\/image\/"},"sameAs":["https:\/\/www.facebook.com\/Touslesjourscurieux","http:\/\/instagram.com\/likelarevuetouslesjourscurieux"]}]}},"jetpack_sharing_enabled":true,"_links":{"self":[{"href":"https:\/\/www.touslesjourscurieux.fr\/en\/wp-json\/wp\/v2\/product\/52","targetHints":{"allow":["GET"]}}],"collection":[{"href":"https:\/\/www.touslesjourscurieux.fr\/en\/wp-json\/wp\/v2\/product"}],"about":[{"href":"https:\/\/www.touslesjourscurieux.fr\/en\/wp-json\/wp\/v2\/types\/product"}],"replies":[{"embeddable":true,"href":"https:\/\/www.touslesjourscurieux.fr\/en\/wp-json\/wp\/v2\/comments?post=52"}],"wp:featuredmedia":[{"embeddable":true,"href":"https:\/\/www.touslesjourscurieux.fr\/en\/wp-json\/wp\/v2\/media\/3638"}],"wp:attachment":[{"href":"https:\/\/www.touslesjourscurieux.fr\/en\/wp-json\/wp\/v2\/media?parent=52"}],"wp:term":[{"taxonomy":"product_brand","embeddable":true,"href":"https:\/\/www.touslesjourscurieux.fr\/en\/wp-json\/wp\/v2\/product_brand?post=52"},{"taxonomy":"product_cat","embeddable":true,"href":"https:\/\/www.touslesjourscurieux.fr\/en\/wp-json\/wp\/v2\/product_cat?post=52"},{"taxonomy":"product_tag","embeddable":true,"href":"https:\/\/www.touslesjourscurieux.fr\/en\/wp-json\/wp\/v2\/product_tag?post=52"}],"curies":[{"name":"wp","href":"https:\/\/api.w.org\/{rel}","templated":true}]}}