{"id":51,"date":"2023-02-05T21:13:13","date_gmt":"2023-02-05T20:13:13","guid":{"rendered":"https:\/\/larevuelike.fr\/?post_type=product&#038;p=51"},"modified":"2025-05-22T14:57:11","modified_gmt":"2025-05-22T13:57:11","slug":"like-la-revue-04-daniel-angeli-paparazzis-capitole","status":"publish","type":"product","link":"https:\/\/www.touslesjourscurieux.fr\/en\/product\/like-la-revue-04-daniel-angeli-paparazzis-capitole","title":{"rendered":"Daniel Angeli &#8211; LIKE la revue #04"},"content":{"rendered":"<h1>Daniel Angeli<\/h1>\n<h2>Roi des paparazzis, Daniel Angeli d\u00e9teste l\u2019expression, lui pr\u00e9f\u00e9rant \u00abt\u00e9moin de son temps\u00bb<\/h2>\n<p>Soixante ans de photos et de planques\u2026 <strong>Daniel Angeli<\/strong> est le roi des paparazzis. Mais il \u00e9tait aussi le meilleur ami de Johnny Hallyday.<\/p>\n<h2><strong>Le Capitole<\/strong> vient d\u2019\u00eatre envahi!<\/h2>\n<p><strong>Mark Peterson<\/strong> \u00e9tait \u00e0 l\u2019int\u00e9rieur du b\u00e2timent \u00e0 Washinton. Son t\u00e9moignage et ses photos sur cette folle journ\u00e9e. Jamais le photojournalisme n\u2019a sembl\u00e9 aussi important que lors de cette journ\u00e9e o\u00f9 l\u2019Am\u00e9rique a vu sa d\u00e9mocratie attaqu\u00e9e. Ce 6\u202fjanvier 2021, quand des supporters de Trump, chauff\u00e9s \u00e0 blanc par le discours du pr\u00e9sident sortant \u00e0 quelques encablures du Capitole, ont p\u00e9n\u00e9tr\u00e9 de force dans le temple l\u00e9gislatif de l\u2019Am\u00e9rique, pour essayer d\u2019emp\u00eacher la certification de la victoire de Joe Biden, lors de la session conjointe du S\u00e9nat et de la chambre des Repr\u00e9sentants. T\u00e9moin en premi\u00e8re ligne de cette journ\u00e9e folle, mais aussi de l\u2019Am\u00e9rique des ann\u00e9es Trump, le photographe Mark Peterson nous raconte.<\/p>\n<h2>Jeff Bridges<\/h2>\n<p><strong>Jeff Bridges<\/strong> est un immense acteur et un tr\u00e8s bon photographe \u00abThe Dude\u00bb ne l\u00e2che jamais son Widelux quand il est sur un plateau.<\/p>\n<p><strong>Anne Delrez<\/strong> tourne pour nous les pages des albums de famille qu\u2019elle conserve.<\/p>\n<p><strong>Samuel Lebon<\/strong> est un photographe \u00e9crivant, <strong>Lionel Duroy<\/strong> \u2028dans son dernier ouvrage \u201cL\u2019homme qui tremble\u201d \u00e9voque la place de la photo dans sa vie.<\/p>\n<p><strong>St\u00e9phanie di Domenico<\/strong> d\u00e9shabille les femmes pour qu\u2019elles retrouvent l\u2019estime d\u2019elles-m\u00eames. Entre art et th\u00e9rapie.<\/p>","protected":false},"excerpt":{"rendered":"<p style=\"text-align: left;\"><strong><span style=\"color: #eb1c25;\">Le N\u00b004 \ud83d\udc49<\/span><\/strong>Envoy\u00e9 directement chez vous +Frais de port 2,50\u20ac<\/p>\n<p>La photo en bo\u00eete Anne Delrez &#8211; \u00c9criture, photo et tremblements Lionel Duroy &amp; Samuel Lebon. Rencontre au sommet du c\u00f4t\u00e9 du Ventoux &#8211; Le jour o\u00f9 le Capitole a \u00e9t\u00e9 attaqu\u00e9 Mark Peterson (Son t\u00e9moignage exclusif) &#8211; Mi ange-mi d\u00e9mon Daniel Angeli. 50 ans de planques et d\u2019histoires savoureuses &#8211; Corps \u00e0 c\u0153ur St\u00e9phanie di Domenico. La photo de nue comme th\u00e9rapie. &#8211; Le studio de l\u2019acteur Jeff Bridges. \u00abLe Dude\u00bb voit la vie en large. &#8211; Putain de printemps Chris Huby. 10 ans de guerre en Syrie. &#8211; Deux mois au vert Agla\u00e9 Bory. Premi\u00e8re r\u00e9sidence \u00e0 La Gacilly. &#8211; \u00a0Lettre de mon moulin Zone i. Un centre culturel \u00e0 suivre. -L\u2019obsession comme moteur Sophie Z\u00e9non. L\u2019art du dossier &#8211; \u00a0Say who. Le livre des night clubber.<\/p>","protected":false},"featured_media":3639,"comment_status":"closed","ping_status":"closed","template":"","meta":[],"product_brand":[],"product_cat":[19,25,27],"product_tag":[],"class_list":{"0":"post-51","1":"product","2":"type-product","3":"status-publish","4":"has-post-thumbnail","6":"product_cat-like-la-revue","7":"product_cat-photographe-et-artiste","8":"product_cat-revue-papier-de-photographie","9":"product_shipping_class-revue","11":"first","12":"instock","13":"taxable","14":"shipping-taxable","15":"purchasable","16":"product-type-simple"},"yoast_head":"<!-- This site is optimized with the Yoast SEO plugin v27.3 - https:\/\/yoast.com\/product\/yoast-seo-wordpress\/ -->\n<title>Daniel Angeli - LIKE la revue #04 - LIKE la revue<\/title>\n<meta name=\"description\" content=\"Daniel Angeli est le roi des paparazzis. Mais il d\u00e9teste l\u2019expression, lui pr\u00e9f\u00e9rant \u00abt\u00e9moin de son temps\u00bb. Soixante ans de photos et de planques\u2026\" \/>\n<meta name=\"robots\" content=\"index, follow, max-snippet:-1, max-image-preview:large, max-video-preview:-1\" \/>\n<link rel=\"canonical\" href=\"https:\/\/www.touslesjourscurieux.fr\/en\/product\/like-la-revue-04-daniel-angeli-paparazzis-capitole\/\" \/>\n<meta property=\"og:locale\" content=\"en_US\" \/>\n<meta property=\"og:type\" content=\"article\" \/>\n<meta property=\"og:title\" content=\"Daniel Angeli - LIKE la revue #04 - LIKE la revue\" \/>\n<meta property=\"og:description\" content=\"Daniel Angeli est le roi des paparazzis. Mais il d\u00e9teste l\u2019expression, lui pr\u00e9f\u00e9rant \u00abt\u00e9moin de son temps\u00bb. Soixante ans de photos et de planques\u2026\" \/>\n<meta property=\"og:url\" content=\"https:\/\/www.touslesjourscurieux.fr\/en\/product\/like-la-revue-04-daniel-angeli-paparazzis-capitole\/\" \/>\n<meta property=\"og:site_name\" content=\"LIKE la revue\" \/>\n<meta property=\"article:publisher\" content=\"https:\/\/www.facebook.com\/Touslesjourscurieux\" \/>\n<meta property=\"article:modified_time\" content=\"2025-05-22T13:57:11+00:00\" \/>\n<meta property=\"og:image\" content=\"https:\/\/www.touslesjourscurieux.fr\/wp-content\/uploads\/2023\/02\/REVUE-LIKE-N11-TOUTES-LES-COUVES-CARRE-NEW4-min.jpg\" \/>\n\t<meta property=\"og:image:width\" content=\"600\" \/>\n\t<meta property=\"og:image:height\" content=\"600\" \/>\n\t<meta property=\"og:image:type\" content=\"image\/jpeg\" \/>\n<meta name=\"twitter:card\" content=\"summary_large_image\" \/>\n<meta name=\"twitter:label1\" content=\"Est. reading time\" \/>\n\t<meta name=\"twitter:data1\" content=\"2 minutes\" \/>\n<script type=\"application\/ld+json\" class=\"yoast-schema-graph\">{\"@context\":\"https:\\\/\\\/schema.org\",\"@graph\":[{\"@type\":\"WebPage\",\"@id\":\"https:\\\/\\\/www.touslesjourscurieux.fr\\\/produit\\\/like-la-revue-04-daniel-angeli-paparazzis-capitole\",\"url\":\"https:\\\/\\\/www.touslesjourscurieux.fr\\\/produit\\\/like-la-revue-04-daniel-angeli-paparazzis-capitole\",\"name\":\"Daniel Angeli - LIKE la revue #04 - LIKE la revue\",\"isPartOf\":{\"@id\":\"https:\\\/\\\/www.touslesjourscurieux.fr\\\/#website\"},\"primaryImageOfPage\":{\"@id\":\"https:\\\/\\\/www.touslesjourscurieux.fr\\\/produit\\\/like-la-revue-04-daniel-angeli-paparazzis-capitole#primaryimage\"},\"image\":{\"@id\":\"https:\\\/\\\/www.touslesjourscurieux.fr\\\/produit\\\/like-la-revue-04-daniel-angeli-paparazzis-capitole#primaryimage\"},\"thumbnailUrl\":\"https:\\\/\\\/i0.wp.com\\\/www.touslesjourscurieux.fr\\\/wp-content\\\/uploads\\\/2023\\\/02\\\/REVUE-LIKE-N11-TOUTES-LES-COUVES-CARRE-NEW4-min.jpg?fit=600%2C600&ssl=1\",\"datePublished\":\"2023-02-05T20:13:13+00:00\",\"dateModified\":\"2025-05-22T13:57:11+00:00\",\"description\":\"Daniel Angeli est le roi des paparazzis. Mais il d\u00e9teste l\u2019expression, lui pr\u00e9f\u00e9rant \u00abt\u00e9moin de son temps\u00bb. Soixante ans de photos et de planques\u2026\",\"breadcrumb\":{\"@id\":\"https:\\\/\\\/www.touslesjourscurieux.fr\\\/produit\\\/like-la-revue-04-daniel-angeli-paparazzis-capitole#breadcrumb\"},\"inLanguage\":\"en-US\",\"potentialAction\":[{\"@type\":\"ReadAction\",\"target\":[\"https:\\\/\\\/www.touslesjourscurieux.fr\\\/produit\\\/like-la-revue-04-daniel-angeli-paparazzis-capitole\"]}]},{\"@type\":\"ImageObject\",\"inLanguage\":\"en-US\",\"@id\":\"https:\\\/\\\/www.touslesjourscurieux.fr\\\/produit\\\/like-la-revue-04-daniel-angeli-paparazzis-capitole#primaryimage\",\"url\":\"https:\\\/\\\/i0.wp.com\\\/www.touslesjourscurieux.fr\\\/wp-content\\\/uploads\\\/2023\\\/02\\\/REVUE-LIKE-N11-TOUTES-LES-COUVES-CARRE-NEW4-min.jpg?fit=600%2C600&ssl=1\",\"contentUrl\":\"https:\\\/\\\/i0.wp.com\\\/www.touslesjourscurieux.fr\\\/wp-content\\\/uploads\\\/2023\\\/02\\\/REVUE-LIKE-N11-TOUTES-LES-COUVES-CARRE-NEW4-min.jpg?fit=600%2C600&ssl=1\",\"width\":600,\"height\":600},{\"@type\":\"BreadcrumbList\",\"@id\":\"https:\\\/\\\/www.touslesjourscurieux.fr\\\/produit\\\/like-la-revue-04-daniel-angeli-paparazzis-capitole#breadcrumb\",\"itemListElement\":[{\"@type\":\"ListItem\",\"position\":1,\"name\":\"Accueil\",\"item\":\"https:\\\/\\\/www.touslesjourscurieux.fr\\\/\"},{\"@type\":\"ListItem\",\"position\":2,\"name\":\"LIKE la Revue, la boutique\",\"item\":\"https:\\\/\\\/www.touslesjourscurieux.fr\\\/\"},{\"@type\":\"ListItem\",\"position\":3,\"name\":\"Daniel Angeli &#8211; LIKE la revue #04\"}]},{\"@type\":\"WebSite\",\"@id\":\"https:\\\/\\\/www.touslesjourscurieux.fr\\\/#website\",\"url\":\"https:\\\/\\\/www.touslesjourscurieux.fr\\\/\",\"name\":\"LIKE la revue\",\"description\":\"petit format grandes photos\",\"publisher\":{\"@id\":\"https:\\\/\\\/www.touslesjourscurieux.fr\\\/#organization\"},\"potentialAction\":[{\"@type\":\"SearchAction\",\"target\":{\"@type\":\"EntryPoint\",\"urlTemplate\":\"https:\\\/\\\/www.touslesjourscurieux.fr\\\/?s={search_term_string}\"},\"query-input\":{\"@type\":\"PropertyValueSpecification\",\"valueRequired\":true,\"valueName\":\"search_term_string\"}}],\"inLanguage\":\"en-US\"},{\"@type\":\"Organization\",\"@id\":\"https:\\\/\\\/www.touslesjourscurieux.fr\\\/#organization\",\"name\":\"LIKE la revue\",\"url\":\"https:\\\/\\\/www.touslesjourscurieux.fr\\\/\",\"logo\":{\"@type\":\"ImageObject\",\"inLanguage\":\"en-US\",\"@id\":\"https:\\\/\\\/www.touslesjourscurieux.fr\\\/#\\\/schema\\\/logo\\\/image\\\/\",\"url\":\"https:\\\/\\\/i0.wp.com\\\/www.touslesjourscurieux.fr\\\/wp-content\\\/uploads\\\/2024\\\/09\\\/162305199_131399045654938_3947990576801447511_n.jpg?fit=942%2C514&ssl=1\",\"contentUrl\":\"https:\\\/\\\/i0.wp.com\\\/www.touslesjourscurieux.fr\\\/wp-content\\\/uploads\\\/2024\\\/09\\\/162305199_131399045654938_3947990576801447511_n.jpg?fit=942%2C514&ssl=1\",\"width\":942,\"height\":514,\"caption\":\"LIKE la revue\"},\"image\":{\"@id\":\"https:\\\/\\\/www.touslesjourscurieux.fr\\\/#\\\/schema\\\/logo\\\/image\\\/\"},\"sameAs\":[\"https:\\\/\\\/www.facebook.com\\\/Touslesjourscurieux\",\"http:\\\/\\\/instagram.com\\\/likelarevuetouslesjourscurieux\"]}]}<\/script>\n<!-- \/ Yoast SEO plugin. -->","yoast_head_json":{"title":"Daniel Angeli - LIKE la revue #04 - LIKE la revue","description":"Daniel Angeli est le roi des paparazzis. Mais il d\u00e9teste l\u2019expression, lui pr\u00e9f\u00e9rant \u00abt\u00e9moin de son temps\u00bb. Soixante ans de photos et de planques\u2026","robots":{"index":"index","follow":"follow","max-snippet":"max-snippet:-1","max-image-preview":"max-image-preview:large","max-video-preview":"max-video-preview:-1"},"canonical":"https:\/\/www.touslesjourscurieux.fr\/en\/product\/like-la-revue-04-daniel-angeli-paparazzis-capitole\/","og_locale":"en_US","og_type":"article","og_title":"Daniel Angeli - LIKE la revue #04 - LIKE la revue","og_description":"Daniel Angeli est le roi des paparazzis. Mais il d\u00e9teste l\u2019expression, lui pr\u00e9f\u00e9rant \u00abt\u00e9moin de son temps\u00bb. Soixante ans de photos et de planques\u2026","og_url":"https:\/\/www.touslesjourscurieux.fr\/en\/product\/like-la-revue-04-daniel-angeli-paparazzis-capitole\/","og_site_name":"LIKE la revue","article_publisher":"https:\/\/www.facebook.com\/Touslesjourscurieux","article_modified_time":"2025-05-22T13:57:11+00:00","og_image":[{"width":600,"height":600,"url":"https:\/\/www.touslesjourscurieux.fr\/wp-content\/uploads\/2023\/02\/REVUE-LIKE-N11-TOUTES-LES-COUVES-CARRE-NEW4-min.jpg","type":"image\/jpeg"}],"twitter_card":"summary_large_image","twitter_misc":{"Est. reading time":"2 minutes"},"schema":{"@context":"https:\/\/schema.org","@graph":[{"@type":"WebPage","@id":"https:\/\/www.touslesjourscurieux.fr\/produit\/like-la-revue-04-daniel-angeli-paparazzis-capitole","url":"https:\/\/www.touslesjourscurieux.fr\/produit\/like-la-revue-04-daniel-angeli-paparazzis-capitole","name":"Daniel Angeli - LIKE la revue #04 - LIKE la revue","isPartOf":{"@id":"https:\/\/www.touslesjourscurieux.fr\/#website"},"primaryImageOfPage":{"@id":"https:\/\/www.touslesjourscurieux.fr\/produit\/like-la-revue-04-daniel-angeli-paparazzis-capitole#primaryimage"},"image":{"@id":"https:\/\/www.touslesjourscurieux.fr\/produit\/like-la-revue-04-daniel-angeli-paparazzis-capitole#primaryimage"},"thumbnailUrl":"https:\/\/i0.wp.com\/www.touslesjourscurieux.fr\/wp-content\/uploads\/2023\/02\/REVUE-LIKE-N11-TOUTES-LES-COUVES-CARRE-NEW4-min.jpg?fit=600%2C600&ssl=1","datePublished":"2023-02-05T20:13:13+00:00","dateModified":"2025-05-22T13:57:11+00:00","description":"Daniel Angeli est le roi des paparazzis. Mais il d\u00e9teste l\u2019expression, lui pr\u00e9f\u00e9rant \u00abt\u00e9moin de son temps\u00bb. Soixante ans de photos et de planques\u2026","breadcrumb":{"@id":"https:\/\/www.touslesjourscurieux.fr\/produit\/like-la-revue-04-daniel-angeli-paparazzis-capitole#breadcrumb"},"inLanguage":"en-US","potentialAction":[{"@type":"ReadAction","target":["https:\/\/www.touslesjourscurieux.fr\/produit\/like-la-revue-04-daniel-angeli-paparazzis-capitole"]}]},{"@type":"ImageObject","inLanguage":"en-US","@id":"https:\/\/www.touslesjourscurieux.fr\/produit\/like-la-revue-04-daniel-angeli-paparazzis-capitole#primaryimage","url":"https:\/\/i0.wp.com\/www.touslesjourscurieux.fr\/wp-content\/uploads\/2023\/02\/REVUE-LIKE-N11-TOUTES-LES-COUVES-CARRE-NEW4-min.jpg?fit=600%2C600&ssl=1","contentUrl":"https:\/\/i0.wp.com\/www.touslesjourscurieux.fr\/wp-content\/uploads\/2023\/02\/REVUE-LIKE-N11-TOUTES-LES-COUVES-CARRE-NEW4-min.jpg?fit=600%2C600&ssl=1","width":600,"height":600},{"@type":"BreadcrumbList","@id":"https:\/\/www.touslesjourscurieux.fr\/produit\/like-la-revue-04-daniel-angeli-paparazzis-capitole#breadcrumb","itemListElement":[{"@type":"ListItem","position":1,"name":"Accueil","item":"https:\/\/www.touslesjourscurieux.fr\/"},{"@type":"ListItem","position":2,"name":"LIKE la Revue, la boutique","item":"https:\/\/www.touslesjourscurieux.fr\/"},{"@type":"ListItem","position":3,"name":"Daniel Angeli &#8211; LIKE la revue #04"}]},{"@type":"WebSite","@id":"https:\/\/www.touslesjourscurieux.fr\/#website","url":"https:\/\/www.touslesjourscurieux.fr\/","name":"LIKE la revue","description":"petit format grandes photos","publisher":{"@id":"https:\/\/www.touslesjourscurieux.fr\/#organization"},"potentialAction":[{"@type":"SearchAction","target":{"@type":"EntryPoint","urlTemplate":"https:\/\/www.touslesjourscurieux.fr\/?s={search_term_string}"},"query-input":{"@type":"PropertyValueSpecification","valueRequired":true,"valueName":"search_term_string"}}],"inLanguage":"en-US"},{"@type":"Organization","@id":"https:\/\/www.touslesjourscurieux.fr\/#organization","name":"LIKE la revue","url":"https:\/\/www.touslesjourscurieux.fr\/","logo":{"@type":"ImageObject","inLanguage":"en-US","@id":"https:\/\/www.touslesjourscurieux.fr\/#\/schema\/logo\/image\/","url":"https:\/\/i0.wp.com\/www.touslesjourscurieux.fr\/wp-content\/uploads\/2024\/09\/162305199_131399045654938_3947990576801447511_n.jpg?fit=942%2C514&ssl=1","contentUrl":"https:\/\/i0.wp.com\/www.touslesjourscurieux.fr\/wp-content\/uploads\/2024\/09\/162305199_131399045654938_3947990576801447511_n.jpg?fit=942%2C514&ssl=1","width":942,"height":514,"caption":"LIKE la revue"},"image":{"@id":"https:\/\/www.touslesjourscurieux.fr\/#\/schema\/logo\/image\/"},"sameAs":["https:\/\/www.facebook.com\/Touslesjourscurieux","http:\/\/instagram.com\/likelarevuetouslesjourscurieux"]}]}},"jetpack_sharing_enabled":true,"_links":{"self":[{"href":"https:\/\/www.touslesjourscurieux.fr\/en\/wp-json\/wp\/v2\/product\/51","targetHints":{"allow":["GET"]}}],"collection":[{"href":"https:\/\/www.touslesjourscurieux.fr\/en\/wp-json\/wp\/v2\/product"}],"about":[{"href":"https:\/\/www.touslesjourscurieux.fr\/en\/wp-json\/wp\/v2\/types\/product"}],"replies":[{"embeddable":true,"href":"https:\/\/www.touslesjourscurieux.fr\/en\/wp-json\/wp\/v2\/comments?post=51"}],"wp:featuredmedia":[{"embeddable":true,"href":"https:\/\/www.touslesjourscurieux.fr\/en\/wp-json\/wp\/v2\/media\/3639"}],"wp:attachment":[{"href":"https:\/\/www.touslesjourscurieux.fr\/en\/wp-json\/wp\/v2\/media?parent=51"}],"wp:term":[{"taxonomy":"product_brand","embeddable":true,"href":"https:\/\/www.touslesjourscurieux.fr\/en\/wp-json\/wp\/v2\/product_brand?post=51"},{"taxonomy":"product_cat","embeddable":true,"href":"https:\/\/www.touslesjourscurieux.fr\/en\/wp-json\/wp\/v2\/product_cat?post=51"},{"taxonomy":"product_tag","embeddable":true,"href":"https:\/\/www.touslesjourscurieux.fr\/en\/wp-json\/wp\/v2\/product_tag?post=51"}],"curies":[{"name":"wp","href":"https:\/\/api.w.org\/{rel}","templated":true}]}}