{"id":48,"date":"2023-02-05T21:08:12","date_gmt":"2023-02-05T20:08:12","guid":{"rendered":"https:\/\/larevuelike.fr\/?post_type=product&#038;p=48"},"modified":"2025-05-22T14:27:58","modified_gmt":"2025-05-22T13:27:58","slug":"yan-morvan-et-eric-bouvet","status":"publish","type":"product","link":"https:\/\/www.touslesjourscurieux.fr\/en\/product\/yan-morvan-et-eric-bouvet","title":{"rendered":"Yan Morvan et Eric Bouvet &#8211; LIKE la revue #01"},"content":{"rendered":"<h1>Yan Morvan et Eric Bouvet<\/h1>\n<h2><strong>Yan Morvan et Eric Bouvet<\/strong> sont partis \u00e0 la rencontre des Fran\u00e7ais pendant des mois.<\/h2>\n<p>Leurs photos \u00e0 la chambre montrent la r\u00e9alit\u00e9 de notre pays. Yan Morvan et Eric Bouvet font le portrait des Fran\u00e7ais. Les Fran\u00e7ais? Vaste programme! Il fallait bien s\u2019y mettre \u00e0 deux pour faire le tour de la question. Depuis vingt-quatre mois, notre duo sillonne le pays \u00e0 la rencontre de ceux qui sont comme nous. Exercice particulier car chacun poss\u00e8de sa particularit\u00e9. Comment choisir\u2009? Qui saisir\u2009? Qui restera dans notre m\u00e9moire collective comme particulier et \u00e9ternellement fran\u00e7ais. Au-del\u00e0 de l\u2019exercice technique \u2013tout \u00e0 la chambre\u2013, c\u2019est une force (vive) qui se d\u00e9gage de l\u2019ensemble. \u00c0 l\u2019image du pays: un, indivisible et fractur\u00e9. Rencontre avec Yan Morvan et Eric Bouvet qui n\u2019ont pas leur langue dans la poche!<\/p>\n<p><a href=\"https:\/\/www.touslesjourscurieux.fr\/wp-content\/uploads\/2024\/09\/LIKE-N18-EXTRAITS-YAN-MORVAN.pdf\"><strong><span style=\"color: #3366ff;\">LIRE UN EXTRAIT<\/span><\/strong><\/a><\/p>\n<h2>La grippe espagnole<\/h2>\n<p>Dans ce num\u00e9ro pour nous avons retrouv\u00e9 les photos au temps de la <strong>grippe espagnole.<\/strong> Les masques \u00e9taient de sortie, d\u00e9j\u00e0. Alors que la Premi\u00e8re Guerre mondiale approche de sa fin, la grippe dite \u00abespagnole\u00bb s\u2019abat sur le monde sous la forme d\u2019un virus particuli\u00e8rement contagieux qui va se propager sur tous les continents, allant jusqu\u2019\u00e0 faire plus de victimes que le conflit lui-m\u00eame. En dix-huit mois, pr\u00e8s d\u2019un tiers de la population mondiale sera infect\u00e9, avec un taux de mortalit\u00e9 exceptionnellement \u00e9lev\u00e9. On pense que le virus aurait d\u2019abord \u00e9t\u00e9 introduit aux \u00c9tats-Unis par des soldats revenant de la r\u00e9gion de Canton en Chine, qui l\u2019auraient transmis \u00e0 des dizaines de milliers de jeunes hommes mobilis\u00e9s dans des camps de formation militaire avant leur travers\u00e9e de l\u2019Atlantique pour aller combattre en Europe. La maladie se r\u00e9pandra dans le pays en plusieurs vagues, paralysant les villes am\u00e9ricaines, puis en Europe et dans le monde entier.<\/p>\n<h2><strong>Anne-Christine Poujoulat.<\/strong> Une femme dans un milieu d\u2019hommes<\/h2>\n<p>Elle est vive, sympathique, talentueuse et unique. Anne-Christine Poujoulat est la seule femme du staff des photographes de l\u2019AFP. Elle n\u2019en fait pas pour autant \u00e9talage, tout en ne comprenant pas pourquoi les femmes ne sont pas mieux repr\u00e9sent\u00e9es dans le m\u00e9tier\u2009: \u00ab\u202fLe mat\u00e9riel est lourd, mais il l\u2019est aussi pour les gar\u00e7ons. Quand il y a des bousculades, il n\u2019y a pas de diff\u00e9rence de traitement\u202f\u00bb, dit-elle en \u00e9carquillant les yeux. Alors r\u00e9p\u00e9tons-le avec elle\u2009: Il n\u2019y a pas d\u2019emp\u00eachement!<\/p>\n<h2><strong>Michel Poivert<\/strong> raconte 50 ans de photo en France<\/h2>\n<p>C\u2019est un ouvrage sur cinquante ann\u00e9es de photographie fran\u00e7aise qui va devenir une r\u00e9f\u00e9rence, racontant en sept chapitres les grandes aventures de la photo et de son milieu. Dans une \u00e9criture directe et soign\u00e9e, Michel Poivert explique comment la photo humaniste \u2013 discipline reine et reconnue \u2013 qui occupait tout le p\u00e9rim\u00e8tre de la notori\u00e9t\u00e9 a bouch\u00e9 l\u2019horizon de ceux, plus jeunes, qui avaient quelque chose \u00e0 dire (et \u00e0 montrer). Plus finement encore, il d\u00e9montre comment l\u2019\u00c9tat fran\u00e7ais est venu \u00e0 la rescousse de cette nouvelle g\u00e9n\u00e9ration en inventant des bourses et des missions qui ont tr\u00e8s longtemps fait la pluie et le beau temps sur ce march\u00e9 naissant qui est devenu celui de la photo \u00ab\u202fartistique\u202f\u00bb.<\/p>\n<h2>De l\u2019Indochine \u00e0 la Nouvelle vague la vie tr\u00e9pidante de <strong>Raymond Cauchetier<\/strong><\/h2>\n<p>Paris, \u00e9t\u00e9 2012. D\u00e9j\u00e0 une heure que je discute photo-boulot-rouleaux avec Raymond Cauchetier. \u00c0 un demi-si\u00e8cle d\u2019intervalle, nous exer\u00e7ons le m\u00eame m\u00e9tier\u2009: photographe de cin\u00e9ma. Si mon prestigieux a\u00een\u00e9 tra\u00eene la r\u00e9putation d\u2019inflexible proc\u00e9durier, le nonag\u00e9naire qui m\u2019accueille chez lui s\u2019av\u00e8re imm\u00e9diatement dr\u00f4le et sympathique. Je m\u2019aper\u00e7ois aujourd\u2019hui que Raymond a eu la patience d\u2019atteindre cent ans pour se voir proposer une grande r\u00e9trospective de son travail.\u2026Vous connaissez la suite\u2009: pand\u00e9mie, annulation des festivals, etc. L\u2019exposition pr\u00e9vue cet \u00e9t\u00e9 \u00e0 Arles n\u2019aura pas lieu. Une fois de plus, le plus m\u00e9connu des photographes cultes voit s\u2019\u00e9vanouir la possibilit\u00e9 de sortir de l\u2019ombre. Enfin pas tout \u00e0 fait!<\/p>\n<h2><strong>Max Pam<\/strong> nous invite \u00e0 le suivre sur la route des indes. C\u2019\u00e9tait le temps de la grande migration hippie<\/h2>\n<p>Si vous \u00e9tiez ados dans les ann\u00e9es 1970, ce texte est fait pour vous. Si vous n\u2019\u00e9tiez pas n\u00e9s et cherchez encore \u00e0 comprendre vos parents, ce texte vous \u00e9clairera. Max Pam est l\u2019enfant de cette \u00e9poque. Il nous raconte le sexe, la drogue, le rock\u2019n\u2019roll et la photo. Toute l\u2019\u0153uvre de cet artiste est ici relat\u00e9e par l\u2019auteur lui-m\u00eame. Go\u00fbtez ce r\u00e9cit fait de multiples anecdotes savoureuses mais qui n\u2019oublie jamais la r\u00e9flexion sur la position de photographe dans ce tourbillon que fut sa jeunesse. L\u2019on savait de Max Pam que son travail recelait mille facettes. On d\u00e9couvre un \u00e9crivain hors pair. Sa vie est un roman. Il fallait aussi savoir l\u2019\u00e9crire. C\u2019est chose faite.<\/p>\n<h2>Une nouvelle revue papier<\/h2>\n<p>Le geste n\u2019est pas anodin \u00e0 l\u2019heure du num\u00e9rique et des r\u00e9seaux sociaux. Pourtant rien n\u2019est plus agr\u00e9able qu\u2019un moment de lecture o\u00f9 il fait bon tourner les pages, imprim\u00e9e sur du beau papier confortablement install\u00e9 sur son canap\u00e9. Tout va plus vite? Nous vous proposons un moment de lenteur. Bienvenue dans une nouvelle revue papier!<\/p>","protected":false},"excerpt":{"rendered":"<p><strong><span style=\"color: #eb1c25;\">Le N\u00b0 01 \ud83d\udc49<\/span><\/strong>Envoy\u00e9 directement chez vous +Frais de port 2,50\u20ac<\/p>\n<p>La grippe espagnole. D\u00e9j\u00e0 les masques &#8211; Indice de mixit\u00e9 Anne-Christine Poujoulat &#8211; 50 ans de photo en France Michel Poivert &#8211; R\u00e9v\u00e9lateur de sens Jean-Christian Bourcart &#8211; Au c\u0153ur des ann\u00e9es 1970.Le grand r\u00e9cit de Max Pam &#8211; De l\u2019Indochine \u00e0 la Nouvelle vague Raymond Cauchetier &#8211; La b\u00eate fait la belle Ferry van Tongeren et Jaap Sinke.<\/p>\n<p>&nbsp;<\/p>","protected":false},"featured_media":3619,"comment_status":"closed","ping_status":"closed","template":"","meta":[],"product_brand":[],"product_cat":[19,25,27],"product_tag":[],"class_list":{"0":"post-48","1":"product","2":"type-product","3":"status-publish","4":"has-post-thumbnail","6":"product_cat-like-la-revue","7":"product_cat-photographe-et-artiste","8":"product_cat-revue-papier-de-photographie","9":"product_shipping_class-revue","11":"first","12":"instock","13":"taxable","14":"shipping-taxable","15":"purchasable","16":"product-type-simple"},"yoast_head":"<!-- This site is optimized with the Yoast SEO plugin v27.3 - https:\/\/yoast.com\/product\/yoast-seo-wordpress\/ -->\n<title>Yan Morvan et Eric Bouvet - LIKE la revue #01 - LIKE la revue<\/title>\n<meta name=\"description\" content=\"Yan Morvan et Eric Bouvet sont partis \u00e0 la rencontre des Fran\u00e7ais pendant des mois. Leurs photos \u00e0 la chambre montrent le pays tel qu&#039;il est!\" \/>\n<meta name=\"robots\" content=\"index, follow, max-snippet:-1, max-image-preview:large, max-video-preview:-1\" \/>\n<link rel=\"canonical\" href=\"https:\/\/www.touslesjourscurieux.fr\/en\/product\/yan-morvan-et-eric-bouvet\/\" \/>\n<meta property=\"og:locale\" content=\"en_US\" \/>\n<meta property=\"og:type\" content=\"article\" \/>\n<meta property=\"og:title\" content=\"Yan Morvan et Eric Bouvet - LIKE la revue #01 - LIKE la revue\" \/>\n<meta property=\"og:description\" content=\"Yan Morvan et Eric Bouvet sont partis \u00e0 la rencontre des Fran\u00e7ais pendant des mois. Leurs photos \u00e0 la chambre montrent le pays tel qu&#039;il est!\" \/>\n<meta property=\"og:url\" content=\"https:\/\/www.touslesjourscurieux.fr\/en\/product\/yan-morvan-et-eric-bouvet\/\" \/>\n<meta property=\"og:site_name\" content=\"LIKE la revue\" \/>\n<meta property=\"article:publisher\" content=\"https:\/\/www.facebook.com\/Touslesjourscurieux\" \/>\n<meta property=\"article:modified_time\" content=\"2025-05-22T13:27:58+00:00\" \/>\n<meta property=\"og:image\" content=\"https:\/\/www.touslesjourscurieux.fr\/wp-content\/uploads\/2023\/02\/REVUE-LIKE-N11-TOUTES-LES-COUVES-CARRE-NEW-min.jpg\" \/>\n\t<meta property=\"og:image:width\" content=\"600\" \/>\n\t<meta property=\"og:image:height\" content=\"600\" \/>\n\t<meta property=\"og:image:type\" content=\"image\/jpeg\" \/>\n<meta name=\"twitter:card\" content=\"summary_large_image\" \/>\n<meta name=\"twitter:label1\" content=\"Est. reading time\" \/>\n\t<meta name=\"twitter:data1\" content=\"5 minutes\" \/>\n<script type=\"application\/ld+json\" class=\"yoast-schema-graph\">{\"@context\":\"https:\\\/\\\/schema.org\",\"@graph\":[{\"@type\":\"WebPage\",\"@id\":\"https:\\\/\\\/www.touslesjourscurieux.fr\\\/produit\\\/yan-morvan-et-eric-bouvet\",\"url\":\"https:\\\/\\\/www.touslesjourscurieux.fr\\\/produit\\\/yan-morvan-et-eric-bouvet\",\"name\":\"Yan Morvan et Eric Bouvet - LIKE la revue #01 - LIKE la revue\",\"isPartOf\":{\"@id\":\"https:\\\/\\\/www.touslesjourscurieux.fr\\\/#website\"},\"primaryImageOfPage\":{\"@id\":\"https:\\\/\\\/www.touslesjourscurieux.fr\\\/produit\\\/yan-morvan-et-eric-bouvet#primaryimage\"},\"image\":{\"@id\":\"https:\\\/\\\/www.touslesjourscurieux.fr\\\/produit\\\/yan-morvan-et-eric-bouvet#primaryimage\"},\"thumbnailUrl\":\"https:\\\/\\\/i0.wp.com\\\/www.touslesjourscurieux.fr\\\/wp-content\\\/uploads\\\/2023\\\/02\\\/REVUE-LIKE-N11-TOUTES-LES-COUVES-CARRE-NEW-min.jpg?fit=600%2C600&ssl=1\",\"datePublished\":\"2023-02-05T20:08:12+00:00\",\"dateModified\":\"2025-05-22T13:27:58+00:00\",\"description\":\"Yan Morvan et Eric Bouvet sont partis \u00e0 la rencontre des Fran\u00e7ais pendant des mois. Leurs photos \u00e0 la chambre montrent le pays tel qu'il est!\",\"breadcrumb\":{\"@id\":\"https:\\\/\\\/www.touslesjourscurieux.fr\\\/produit\\\/yan-morvan-et-eric-bouvet#breadcrumb\"},\"inLanguage\":\"en-US\",\"potentialAction\":[{\"@type\":\"ReadAction\",\"target\":[\"https:\\\/\\\/www.touslesjourscurieux.fr\\\/produit\\\/yan-morvan-et-eric-bouvet\"]}]},{\"@type\":\"ImageObject\",\"inLanguage\":\"en-US\",\"@id\":\"https:\\\/\\\/www.touslesjourscurieux.fr\\\/produit\\\/yan-morvan-et-eric-bouvet#primaryimage\",\"url\":\"https:\\\/\\\/i0.wp.com\\\/www.touslesjourscurieux.fr\\\/wp-content\\\/uploads\\\/2023\\\/02\\\/REVUE-LIKE-N11-TOUTES-LES-COUVES-CARRE-NEW-min.jpg?fit=600%2C600&ssl=1\",\"contentUrl\":\"https:\\\/\\\/i0.wp.com\\\/www.touslesjourscurieux.fr\\\/wp-content\\\/uploads\\\/2023\\\/02\\\/REVUE-LIKE-N11-TOUTES-LES-COUVES-CARRE-NEW-min.jpg?fit=600%2C600&ssl=1\",\"width\":600,\"height\":600},{\"@type\":\"BreadcrumbList\",\"@id\":\"https:\\\/\\\/www.touslesjourscurieux.fr\\\/produit\\\/yan-morvan-et-eric-bouvet#breadcrumb\",\"itemListElement\":[{\"@type\":\"ListItem\",\"position\":1,\"name\":\"Accueil\",\"item\":\"https:\\\/\\\/www.touslesjourscurieux.fr\\\/\"},{\"@type\":\"ListItem\",\"position\":2,\"name\":\"LIKE la Revue, la boutique\",\"item\":\"https:\\\/\\\/www.touslesjourscurieux.fr\\\/\"},{\"@type\":\"ListItem\",\"position\":3,\"name\":\"Yan Morvan et Eric Bouvet &#8211; LIKE la revue #01\"}]},{\"@type\":\"WebSite\",\"@id\":\"https:\\\/\\\/www.touslesjourscurieux.fr\\\/#website\",\"url\":\"https:\\\/\\\/www.touslesjourscurieux.fr\\\/\",\"name\":\"LIKE la revue\",\"description\":\"petit format grandes photos\",\"publisher\":{\"@id\":\"https:\\\/\\\/www.touslesjourscurieux.fr\\\/#organization\"},\"potentialAction\":[{\"@type\":\"SearchAction\",\"target\":{\"@type\":\"EntryPoint\",\"urlTemplate\":\"https:\\\/\\\/www.touslesjourscurieux.fr\\\/?s={search_term_string}\"},\"query-input\":{\"@type\":\"PropertyValueSpecification\",\"valueRequired\":true,\"valueName\":\"search_term_string\"}}],\"inLanguage\":\"en-US\"},{\"@type\":\"Organization\",\"@id\":\"https:\\\/\\\/www.touslesjourscurieux.fr\\\/#organization\",\"name\":\"LIKE la revue\",\"url\":\"https:\\\/\\\/www.touslesjourscurieux.fr\\\/\",\"logo\":{\"@type\":\"ImageObject\",\"inLanguage\":\"en-US\",\"@id\":\"https:\\\/\\\/www.touslesjourscurieux.fr\\\/#\\\/schema\\\/logo\\\/image\\\/\",\"url\":\"https:\\\/\\\/i0.wp.com\\\/www.touslesjourscurieux.fr\\\/wp-content\\\/uploads\\\/2024\\\/09\\\/162305199_131399045654938_3947990576801447511_n.jpg?fit=942%2C514&ssl=1\",\"contentUrl\":\"https:\\\/\\\/i0.wp.com\\\/www.touslesjourscurieux.fr\\\/wp-content\\\/uploads\\\/2024\\\/09\\\/162305199_131399045654938_3947990576801447511_n.jpg?fit=942%2C514&ssl=1\",\"width\":942,\"height\":514,\"caption\":\"LIKE la revue\"},\"image\":{\"@id\":\"https:\\\/\\\/www.touslesjourscurieux.fr\\\/#\\\/schema\\\/logo\\\/image\\\/\"},\"sameAs\":[\"https:\\\/\\\/www.facebook.com\\\/Touslesjourscurieux\",\"http:\\\/\\\/instagram.com\\\/likelarevuetouslesjourscurieux\"]}]}<\/script>\n<!-- \/ Yoast SEO plugin. -->","yoast_head_json":{"title":"Yan Morvan et Eric Bouvet - LIKE la revue #01 - LIKE la revue","description":"Yan Morvan et Eric Bouvet sont partis \u00e0 la rencontre des Fran\u00e7ais pendant des mois. Leurs photos \u00e0 la chambre montrent le pays tel qu'il est!","robots":{"index":"index","follow":"follow","max-snippet":"max-snippet:-1","max-image-preview":"max-image-preview:large","max-video-preview":"max-video-preview:-1"},"canonical":"https:\/\/www.touslesjourscurieux.fr\/en\/product\/yan-morvan-et-eric-bouvet\/","og_locale":"en_US","og_type":"article","og_title":"Yan Morvan et Eric Bouvet - LIKE la revue #01 - LIKE la revue","og_description":"Yan Morvan et Eric Bouvet sont partis \u00e0 la rencontre des Fran\u00e7ais pendant des mois. Leurs photos \u00e0 la chambre montrent le pays tel qu'il est!","og_url":"https:\/\/www.touslesjourscurieux.fr\/en\/product\/yan-morvan-et-eric-bouvet\/","og_site_name":"LIKE la revue","article_publisher":"https:\/\/www.facebook.com\/Touslesjourscurieux","article_modified_time":"2025-05-22T13:27:58+00:00","og_image":[{"width":600,"height":600,"url":"https:\/\/www.touslesjourscurieux.fr\/wp-content\/uploads\/2023\/02\/REVUE-LIKE-N11-TOUTES-LES-COUVES-CARRE-NEW-min.jpg","type":"image\/jpeg"}],"twitter_card":"summary_large_image","twitter_misc":{"Est. reading time":"5 minutes"},"schema":{"@context":"https:\/\/schema.org","@graph":[{"@type":"WebPage","@id":"https:\/\/www.touslesjourscurieux.fr\/produit\/yan-morvan-et-eric-bouvet","url":"https:\/\/www.touslesjourscurieux.fr\/produit\/yan-morvan-et-eric-bouvet","name":"Yan Morvan et Eric Bouvet - LIKE la revue #01 - LIKE la revue","isPartOf":{"@id":"https:\/\/www.touslesjourscurieux.fr\/#website"},"primaryImageOfPage":{"@id":"https:\/\/www.touslesjourscurieux.fr\/produit\/yan-morvan-et-eric-bouvet#primaryimage"},"image":{"@id":"https:\/\/www.touslesjourscurieux.fr\/produit\/yan-morvan-et-eric-bouvet#primaryimage"},"thumbnailUrl":"https:\/\/i0.wp.com\/www.touslesjourscurieux.fr\/wp-content\/uploads\/2023\/02\/REVUE-LIKE-N11-TOUTES-LES-COUVES-CARRE-NEW-min.jpg?fit=600%2C600&ssl=1","datePublished":"2023-02-05T20:08:12+00:00","dateModified":"2025-05-22T13:27:58+00:00","description":"Yan Morvan et Eric Bouvet sont partis \u00e0 la rencontre des Fran\u00e7ais pendant des mois. Leurs photos \u00e0 la chambre montrent le pays tel qu'il est!","breadcrumb":{"@id":"https:\/\/www.touslesjourscurieux.fr\/produit\/yan-morvan-et-eric-bouvet#breadcrumb"},"inLanguage":"en-US","potentialAction":[{"@type":"ReadAction","target":["https:\/\/www.touslesjourscurieux.fr\/produit\/yan-morvan-et-eric-bouvet"]}]},{"@type":"ImageObject","inLanguage":"en-US","@id":"https:\/\/www.touslesjourscurieux.fr\/produit\/yan-morvan-et-eric-bouvet#primaryimage","url":"https:\/\/i0.wp.com\/www.touslesjourscurieux.fr\/wp-content\/uploads\/2023\/02\/REVUE-LIKE-N11-TOUTES-LES-COUVES-CARRE-NEW-min.jpg?fit=600%2C600&ssl=1","contentUrl":"https:\/\/i0.wp.com\/www.touslesjourscurieux.fr\/wp-content\/uploads\/2023\/02\/REVUE-LIKE-N11-TOUTES-LES-COUVES-CARRE-NEW-min.jpg?fit=600%2C600&ssl=1","width":600,"height":600},{"@type":"BreadcrumbList","@id":"https:\/\/www.touslesjourscurieux.fr\/produit\/yan-morvan-et-eric-bouvet#breadcrumb","itemListElement":[{"@type":"ListItem","position":1,"name":"Accueil","item":"https:\/\/www.touslesjourscurieux.fr\/"},{"@type":"ListItem","position":2,"name":"LIKE la Revue, la boutique","item":"https:\/\/www.touslesjourscurieux.fr\/"},{"@type":"ListItem","position":3,"name":"Yan Morvan et Eric Bouvet &#8211; LIKE la revue #01"}]},{"@type":"WebSite","@id":"https:\/\/www.touslesjourscurieux.fr\/#website","url":"https:\/\/www.touslesjourscurieux.fr\/","name":"LIKE la revue","description":"petit format grandes photos","publisher":{"@id":"https:\/\/www.touslesjourscurieux.fr\/#organization"},"potentialAction":[{"@type":"SearchAction","target":{"@type":"EntryPoint","urlTemplate":"https:\/\/www.touslesjourscurieux.fr\/?s={search_term_string}"},"query-input":{"@type":"PropertyValueSpecification","valueRequired":true,"valueName":"search_term_string"}}],"inLanguage":"en-US"},{"@type":"Organization","@id":"https:\/\/www.touslesjourscurieux.fr\/#organization","name":"LIKE la revue","url":"https:\/\/www.touslesjourscurieux.fr\/","logo":{"@type":"ImageObject","inLanguage":"en-US","@id":"https:\/\/www.touslesjourscurieux.fr\/#\/schema\/logo\/image\/","url":"https:\/\/i0.wp.com\/www.touslesjourscurieux.fr\/wp-content\/uploads\/2024\/09\/162305199_131399045654938_3947990576801447511_n.jpg?fit=942%2C514&ssl=1","contentUrl":"https:\/\/i0.wp.com\/www.touslesjourscurieux.fr\/wp-content\/uploads\/2024\/09\/162305199_131399045654938_3947990576801447511_n.jpg?fit=942%2C514&ssl=1","width":942,"height":514,"caption":"LIKE la revue"},"image":{"@id":"https:\/\/www.touslesjourscurieux.fr\/#\/schema\/logo\/image\/"},"sameAs":["https:\/\/www.facebook.com\/Touslesjourscurieux","http:\/\/instagram.com\/likelarevuetouslesjourscurieux"]}]}},"jetpack_sharing_enabled":true,"_links":{"self":[{"href":"https:\/\/www.touslesjourscurieux.fr\/en\/wp-json\/wp\/v2\/product\/48","targetHints":{"allow":["GET"]}}],"collection":[{"href":"https:\/\/www.touslesjourscurieux.fr\/en\/wp-json\/wp\/v2\/product"}],"about":[{"href":"https:\/\/www.touslesjourscurieux.fr\/en\/wp-json\/wp\/v2\/types\/product"}],"replies":[{"embeddable":true,"href":"https:\/\/www.touslesjourscurieux.fr\/en\/wp-json\/wp\/v2\/comments?post=48"}],"wp:featuredmedia":[{"embeddable":true,"href":"https:\/\/www.touslesjourscurieux.fr\/en\/wp-json\/wp\/v2\/media\/3619"}],"wp:attachment":[{"href":"https:\/\/www.touslesjourscurieux.fr\/en\/wp-json\/wp\/v2\/media?parent=48"}],"wp:term":[{"taxonomy":"product_brand","embeddable":true,"href":"https:\/\/www.touslesjourscurieux.fr\/en\/wp-json\/wp\/v2\/product_brand?post=48"},{"taxonomy":"product_cat","embeddable":true,"href":"https:\/\/www.touslesjourscurieux.fr\/en\/wp-json\/wp\/v2\/product_cat?post=48"},{"taxonomy":"product_tag","embeddable":true,"href":"https:\/\/www.touslesjourscurieux.fr\/en\/wp-json\/wp\/v2\/product_tag?post=48"}],"curies":[{"name":"wp","href":"https:\/\/api.w.org\/{rel}","templated":true}]}}