{"id":4196,"date":"2025-10-02T05:00:58","date_gmt":"2025-10-02T04:00:58","guid":{"rendered":"https:\/\/www.touslesjourscurieux.fr\/?post_type=product&#038;p=4196"},"modified":"2026-02-23T10:35:20","modified_gmt":"2026-02-23T09:35:20","slug":"offrez-le-hors-serie-et-le-n22","status":"publish","type":"product","link":"https:\/\/www.touslesjourscurieux.fr\/en\/product\/offrez-le-hors-serie-et-le-n22","title":{"rendered":"LE HORS-S\u00c9RIE ET LE N23"},"content":{"rendered":"<p>&nbsp;<\/p>\n<h1>Les photographes de notre Hors-s\u00e9rie Vol.02<\/h1>\n<h1>Joel Meyerowitz<\/h1>\n<h2>Une grande rencontre avec le photographe new-yorkais Joel Meyerowitz<\/h2>\n<h3>Et aussi: Peter Lindbergh \u2022 Marie-Laure de Decker \u2022 Elliott Landy \u2022 Vivian Maier \u2022 Kourtney Roy \u2022 Russ Melcher<\/h3>\n<h1>AU SOMMAIRE DU N23<br \/>\nEn couverture, Txema Salvans nous entra\u00eene dans ses images o\u00f9 l\u2019absurde et le r\u00e9el se fr\u00f4lent avec une pr\u00e9cision redoutable. Un regard ac\u00e9r\u00e9 sur nos habitudes contemporaines.<\/h1>\n<h3>\u2022 \u2022Avec Erik Kessels, place aux photos en stock: d\u00e9tourn\u00e9es, accumul\u00e9es, questionn\u00e9es. Une r\u00e9flexion aussi ludique que vertigineuse sur la surproduction d\u2019images et notre mani\u00e8re de les consommer. \u2022Au Jeu de Paume, Global Warning rend hommage \u00e0 Martin Parr. Pens\u00e9e avec lui, l\u2019exposition prend aujourd\u2019hui une r\u00e9sonance plus intime, entre ironie mordante et douce m\u00e9lancolie. \u2022L\u2019\u00e9crivain Pierre Assouline revient sur son amiti\u00e9 avec Henri Cartier-Bresson, livrant un portrait intime du ma\u00eetre du \u00abmoment d\u00e9cisif\u00bb, loin des clich\u00e9s. \u2022Le photographe Didier Bizet interroge quant \u00e0 lui la notion de commande: comment y r\u00e9pondre sans perdre sa voix, comment cr\u00e9er sous contrainte sans s\u2019y dissoudre. \u2022On vous emm\u00e8ne aussi dans la maison de Nic\u00e9phore Ni\u00e8pce, sur les traces des origines de la photographie, pour une visite du lieu o\u00f9 tout a commenc\u00e9. \u2022Daniel Pennac, qui raconte sa grande histoire d\u2019amour avec les photographes, entre admiration, amiti\u00e9s et souvenirs personnels. \u2022La premi\u00e8re enqu\u00eate polici\u00e8re o\u00f9 la photographie judiciaire appara\u00eet. Le meurtre de la veuve Couderc, document\u00e9 par Alphonse Bertillon \u2022Chez la plupart des photographes, une histoire revient: celle d\u2019une enfance complex\u00e9e par l\u2019\u00e9cole. La dyslexie existait, bien s\u00fbr, mais rarement d\u00e9tect\u00e9e. Alors ils se sont tourn\u00e9s vers un langage qui ne leur r\u00e9sistait pas\u2009: l\u2019image. Explications \u2022Cap enfin sur Bruxelles, au Hangar, o\u00f9 la Belgique s\u2019affirme comme une sc\u00e8ne photographique de premier plan, inventive et engag\u00e9e.<br \/>\n\u2022Sans oublier les expositions \u00e0 voir, les chroniques, et ce regard curieux qui fait l\u2019ADN de la revue.<br \/>\nEn choisissant de vous abonner, vous exprimez un v\u00e9ritable geste de confiance. Vous soutenez une revue engag\u00e9e et ind\u00e9pendante.\u2028Merci pour votre cela.<\/h3>","protected":false},"excerpt":{"rendered":"<p><strong>\ud83d\udc49 <\/strong>Je soutiens LIKE la revue<\/p>","protected":false},"featured_media":4665,"comment_status":"closed","ping_status":"closed","template":"","meta":[],"product_brand":[],"product_cat":[32],"product_tag":[],"class_list":{"0":"post-4196","1":"product","2":"type-product","3":"status-publish","4":"has-post-thumbnail","6":"product_cat-le-grand-portrait-de-joel-meyerowitz","7":"product_shipping_class-gratuit","9":"first","10":"instock","11":"taxable","12":"shipping-taxable","13":"purchasable","14":"product-type-simple"},"yoast_head":"<!-- This site is optimized with the Yoast SEO plugin v27.3 - https:\/\/yoast.com\/product\/yoast-seo-wordpress\/ -->\n<title>Un duo parfait pour nourrir la cr\u00e9ativit\u00e9 et la curiosit\u00e9.<\/title>\n<meta name=\"description\" content=\"Vous avez s\u00fbrement dans votre entourage un proche, une amie passionn\u00e9e de photographie\u2026 Offrez-leur notre hors-s\u00e9rie Vol.II, accompagn\u00e9 du num\u00e9ro 22.\" \/>\n<meta name=\"robots\" content=\"index, follow, max-snippet:-1, max-image-preview:large, max-video-preview:-1\" \/>\n<link rel=\"canonical\" href=\"https:\/\/www.touslesjourscurieux.fr\/en\/product\/offrez-le-hors-serie-et-le-n22\/\" \/>\n<meta property=\"og:locale\" content=\"en_US\" \/>\n<meta property=\"og:type\" content=\"article\" \/>\n<meta property=\"og:title\" content=\"Un duo parfait pour nourrir la cr\u00e9ativit\u00e9 et la curiosit\u00e9.\" \/>\n<meta property=\"og:description\" content=\"Vous avez s\u00fbrement dans votre entourage un proche, une amie passionn\u00e9e de photographie\u2026 Offrez-leur notre hors-s\u00e9rie Vol.II, accompagn\u00e9 du num\u00e9ro 22.\" \/>\n<meta property=\"og:url\" content=\"https:\/\/www.touslesjourscurieux.fr\/en\/product\/offrez-le-hors-serie-et-le-n22\/\" \/>\n<meta property=\"og:site_name\" content=\"LIKE la revue\" \/>\n<meta property=\"article:publisher\" content=\"https:\/\/www.facebook.com\/Touslesjourscurieux\" \/>\n<meta property=\"article:modified_time\" content=\"2026-02-23T09:35:20+00:00\" \/>\n<meta property=\"og:image\" content=\"https:\/\/www.touslesjourscurieux.fr\/wp-content\/uploads\/2026\/02\/REVUE-LIKE-N23HORS-SERIE-CARRE.gif\" \/>\n\t<meta property=\"og:image:width\" content=\"600\" \/>\n\t<meta property=\"og:image:height\" content=\"600\" \/>\n\t<meta property=\"og:image:type\" content=\"image\/gif\" \/>\n<meta name=\"twitter:card\" content=\"summary_large_image\" \/>\n<meta name=\"twitter:label1\" content=\"Est. reading time\" \/>\n\t<meta name=\"twitter:data1\" content=\"2 minutes\" \/>\n<script type=\"application\/ld+json\" class=\"yoast-schema-graph\">{\"@context\":\"https:\\\/\\\/schema.org\",\"@graph\":[{\"@type\":\"WebPage\",\"@id\":\"https:\\\/\\\/www.touslesjourscurieux.fr\\\/produit\\\/offrez-le-hors-serie-et-le-n22\",\"url\":\"https:\\\/\\\/www.touslesjourscurieux.fr\\\/produit\\\/offrez-le-hors-serie-et-le-n22\",\"name\":\"Un duo parfait pour nourrir la cr\u00e9ativit\u00e9 et la curiosit\u00e9.\",\"isPartOf\":{\"@id\":\"https:\\\/\\\/www.touslesjourscurieux.fr\\\/#website\"},\"primaryImageOfPage\":{\"@id\":\"https:\\\/\\\/www.touslesjourscurieux.fr\\\/produit\\\/offrez-le-hors-serie-et-le-n22#primaryimage\"},\"image\":{\"@id\":\"https:\\\/\\\/www.touslesjourscurieux.fr\\\/produit\\\/offrez-le-hors-serie-et-le-n22#primaryimage\"},\"thumbnailUrl\":\"https:\\\/\\\/i0.wp.com\\\/www.touslesjourscurieux.fr\\\/wp-content\\\/uploads\\\/2026\\\/02\\\/REVUE-LIKE-N23HORS-SERIE-CARRE.gif?fit=600%2C600&ssl=1\",\"datePublished\":\"2025-10-02T04:00:58+00:00\",\"dateModified\":\"2026-02-23T09:35:20+00:00\",\"description\":\"Vous avez s\u00fbrement dans votre entourage un proche, une amie passionn\u00e9e de photographie\u2026 Offrez-leur notre hors-s\u00e9rie Vol.II, accompagn\u00e9 du num\u00e9ro 22.\",\"breadcrumb\":{\"@id\":\"https:\\\/\\\/www.touslesjourscurieux.fr\\\/produit\\\/offrez-le-hors-serie-et-le-n22#breadcrumb\"},\"inLanguage\":\"en-US\",\"potentialAction\":[{\"@type\":\"ReadAction\",\"target\":[\"https:\\\/\\\/www.touslesjourscurieux.fr\\\/produit\\\/offrez-le-hors-serie-et-le-n22\"]}]},{\"@type\":\"ImageObject\",\"inLanguage\":\"en-US\",\"@id\":\"https:\\\/\\\/www.touslesjourscurieux.fr\\\/produit\\\/offrez-le-hors-serie-et-le-n22#primaryimage\",\"url\":\"https:\\\/\\\/i0.wp.com\\\/www.touslesjourscurieux.fr\\\/wp-content\\\/uploads\\\/2026\\\/02\\\/REVUE-LIKE-N23HORS-SERIE-CARRE.gif?fit=600%2C600&ssl=1\",\"contentUrl\":\"https:\\\/\\\/i0.wp.com\\\/www.touslesjourscurieux.fr\\\/wp-content\\\/uploads\\\/2026\\\/02\\\/REVUE-LIKE-N23HORS-SERIE-CARRE.gif?fit=600%2C600&ssl=1\",\"width\":600,\"height\":600,\"caption\":\"HORS S\u00c9RIE LIKE la revue + N23\"},{\"@type\":\"BreadcrumbList\",\"@id\":\"https:\\\/\\\/www.touslesjourscurieux.fr\\\/produit\\\/offrez-le-hors-serie-et-le-n22#breadcrumb\",\"itemListElement\":[{\"@type\":\"ListItem\",\"position\":1,\"name\":\"Accueil\",\"item\":\"https:\\\/\\\/www.touslesjourscurieux.fr\\\/\"},{\"@type\":\"ListItem\",\"position\":2,\"name\":\"LIKE la Revue, la boutique\",\"item\":\"https:\\\/\\\/www.touslesjourscurieux.fr\\\/\"},{\"@type\":\"ListItem\",\"position\":3,\"name\":\"LE HORS-S\u00c9RIE ET LE N23\"}]},{\"@type\":\"WebSite\",\"@id\":\"https:\\\/\\\/www.touslesjourscurieux.fr\\\/#website\",\"url\":\"https:\\\/\\\/www.touslesjourscurieux.fr\\\/\",\"name\":\"LIKE la revue\",\"description\":\"petit format grandes photos\",\"publisher\":{\"@id\":\"https:\\\/\\\/www.touslesjourscurieux.fr\\\/#organization\"},\"potentialAction\":[{\"@type\":\"SearchAction\",\"target\":{\"@type\":\"EntryPoint\",\"urlTemplate\":\"https:\\\/\\\/www.touslesjourscurieux.fr\\\/?s={search_term_string}\"},\"query-input\":{\"@type\":\"PropertyValueSpecification\",\"valueRequired\":true,\"valueName\":\"search_term_string\"}}],\"inLanguage\":\"en-US\"},{\"@type\":\"Organization\",\"@id\":\"https:\\\/\\\/www.touslesjourscurieux.fr\\\/#organization\",\"name\":\"LIKE la revue\",\"url\":\"https:\\\/\\\/www.touslesjourscurieux.fr\\\/\",\"logo\":{\"@type\":\"ImageObject\",\"inLanguage\":\"en-US\",\"@id\":\"https:\\\/\\\/www.touslesjourscurieux.fr\\\/#\\\/schema\\\/logo\\\/image\\\/\",\"url\":\"https:\\\/\\\/i0.wp.com\\\/www.touslesjourscurieux.fr\\\/wp-content\\\/uploads\\\/2024\\\/09\\\/162305199_131399045654938_3947990576801447511_n.jpg?fit=942%2C514&ssl=1\",\"contentUrl\":\"https:\\\/\\\/i0.wp.com\\\/www.touslesjourscurieux.fr\\\/wp-content\\\/uploads\\\/2024\\\/09\\\/162305199_131399045654938_3947990576801447511_n.jpg?fit=942%2C514&ssl=1\",\"width\":942,\"height\":514,\"caption\":\"LIKE la revue\"},\"image\":{\"@id\":\"https:\\\/\\\/www.touslesjourscurieux.fr\\\/#\\\/schema\\\/logo\\\/image\\\/\"},\"sameAs\":[\"https:\\\/\\\/www.facebook.com\\\/Touslesjourscurieux\",\"http:\\\/\\\/instagram.com\\\/likelarevuetouslesjourscurieux\"]}]}<\/script>\n<!-- \/ Yoast SEO plugin. -->","yoast_head_json":{"title":"Un duo parfait pour nourrir la cr\u00e9ativit\u00e9 et la curiosit\u00e9.","description":"Vous avez s\u00fbrement dans votre entourage un proche, une amie passionn\u00e9e de photographie\u2026 Offrez-leur notre hors-s\u00e9rie Vol.II, accompagn\u00e9 du num\u00e9ro 22.","robots":{"index":"index","follow":"follow","max-snippet":"max-snippet:-1","max-image-preview":"max-image-preview:large","max-video-preview":"max-video-preview:-1"},"canonical":"https:\/\/www.touslesjourscurieux.fr\/en\/product\/offrez-le-hors-serie-et-le-n22\/","og_locale":"en_US","og_type":"article","og_title":"Un duo parfait pour nourrir la cr\u00e9ativit\u00e9 et la curiosit\u00e9.","og_description":"Vous avez s\u00fbrement dans votre entourage un proche, une amie passionn\u00e9e de photographie\u2026 Offrez-leur notre hors-s\u00e9rie Vol.II, accompagn\u00e9 du num\u00e9ro 22.","og_url":"https:\/\/www.touslesjourscurieux.fr\/en\/product\/offrez-le-hors-serie-et-le-n22\/","og_site_name":"LIKE la revue","article_publisher":"https:\/\/www.facebook.com\/Touslesjourscurieux","article_modified_time":"2026-02-23T09:35:20+00:00","og_image":[{"width":600,"height":600,"url":"https:\/\/www.touslesjourscurieux.fr\/wp-content\/uploads\/2026\/02\/REVUE-LIKE-N23HORS-SERIE-CARRE.gif","type":"image\/gif"}],"twitter_card":"summary_large_image","twitter_misc":{"Est. reading time":"2 minutes"},"schema":{"@context":"https:\/\/schema.org","@graph":[{"@type":"WebPage","@id":"https:\/\/www.touslesjourscurieux.fr\/produit\/offrez-le-hors-serie-et-le-n22","url":"https:\/\/www.touslesjourscurieux.fr\/produit\/offrez-le-hors-serie-et-le-n22","name":"Un duo parfait pour nourrir la cr\u00e9ativit\u00e9 et la curiosit\u00e9.","isPartOf":{"@id":"https:\/\/www.touslesjourscurieux.fr\/#website"},"primaryImageOfPage":{"@id":"https:\/\/www.touslesjourscurieux.fr\/produit\/offrez-le-hors-serie-et-le-n22#primaryimage"},"image":{"@id":"https:\/\/www.touslesjourscurieux.fr\/produit\/offrez-le-hors-serie-et-le-n22#primaryimage"},"thumbnailUrl":"https:\/\/i0.wp.com\/www.touslesjourscurieux.fr\/wp-content\/uploads\/2026\/02\/REVUE-LIKE-N23HORS-SERIE-CARRE.gif?fit=600%2C600&ssl=1","datePublished":"2025-10-02T04:00:58+00:00","dateModified":"2026-02-23T09:35:20+00:00","description":"Vous avez s\u00fbrement dans votre entourage un proche, une amie passionn\u00e9e de photographie\u2026 Offrez-leur notre hors-s\u00e9rie Vol.II, accompagn\u00e9 du num\u00e9ro 22.","breadcrumb":{"@id":"https:\/\/www.touslesjourscurieux.fr\/produit\/offrez-le-hors-serie-et-le-n22#breadcrumb"},"inLanguage":"en-US","potentialAction":[{"@type":"ReadAction","target":["https:\/\/www.touslesjourscurieux.fr\/produit\/offrez-le-hors-serie-et-le-n22"]}]},{"@type":"ImageObject","inLanguage":"en-US","@id":"https:\/\/www.touslesjourscurieux.fr\/produit\/offrez-le-hors-serie-et-le-n22#primaryimage","url":"https:\/\/i0.wp.com\/www.touslesjourscurieux.fr\/wp-content\/uploads\/2026\/02\/REVUE-LIKE-N23HORS-SERIE-CARRE.gif?fit=600%2C600&ssl=1","contentUrl":"https:\/\/i0.wp.com\/www.touslesjourscurieux.fr\/wp-content\/uploads\/2026\/02\/REVUE-LIKE-N23HORS-SERIE-CARRE.gif?fit=600%2C600&ssl=1","width":600,"height":600,"caption":"HORS S\u00c9RIE LIKE la revue + N23"},{"@type":"BreadcrumbList","@id":"https:\/\/www.touslesjourscurieux.fr\/produit\/offrez-le-hors-serie-et-le-n22#breadcrumb","itemListElement":[{"@type":"ListItem","position":1,"name":"Accueil","item":"https:\/\/www.touslesjourscurieux.fr\/"},{"@type":"ListItem","position":2,"name":"LIKE la Revue, la boutique","item":"https:\/\/www.touslesjourscurieux.fr\/"},{"@type":"ListItem","position":3,"name":"LE HORS-S\u00c9RIE ET LE N23"}]},{"@type":"WebSite","@id":"https:\/\/www.touslesjourscurieux.fr\/#website","url":"https:\/\/www.touslesjourscurieux.fr\/","name":"LIKE la revue","description":"petit format grandes photos","publisher":{"@id":"https:\/\/www.touslesjourscurieux.fr\/#organization"},"potentialAction":[{"@type":"SearchAction","target":{"@type":"EntryPoint","urlTemplate":"https:\/\/www.touslesjourscurieux.fr\/?s={search_term_string}"},"query-input":{"@type":"PropertyValueSpecification","valueRequired":true,"valueName":"search_term_string"}}],"inLanguage":"en-US"},{"@type":"Organization","@id":"https:\/\/www.touslesjourscurieux.fr\/#organization","name":"LIKE la revue","url":"https:\/\/www.touslesjourscurieux.fr\/","logo":{"@type":"ImageObject","inLanguage":"en-US","@id":"https:\/\/www.touslesjourscurieux.fr\/#\/schema\/logo\/image\/","url":"https:\/\/i0.wp.com\/www.touslesjourscurieux.fr\/wp-content\/uploads\/2024\/09\/162305199_131399045654938_3947990576801447511_n.jpg?fit=942%2C514&ssl=1","contentUrl":"https:\/\/i0.wp.com\/www.touslesjourscurieux.fr\/wp-content\/uploads\/2024\/09\/162305199_131399045654938_3947990576801447511_n.jpg?fit=942%2C514&ssl=1","width":942,"height":514,"caption":"LIKE la revue"},"image":{"@id":"https:\/\/www.touslesjourscurieux.fr\/#\/schema\/logo\/image\/"},"sameAs":["https:\/\/www.facebook.com\/Touslesjourscurieux","http:\/\/instagram.com\/likelarevuetouslesjourscurieux"]}]}},"jetpack_sharing_enabled":true,"_links":{"self":[{"href":"https:\/\/www.touslesjourscurieux.fr\/en\/wp-json\/wp\/v2\/product\/4196","targetHints":{"allow":["GET"]}}],"collection":[{"href":"https:\/\/www.touslesjourscurieux.fr\/en\/wp-json\/wp\/v2\/product"}],"about":[{"href":"https:\/\/www.touslesjourscurieux.fr\/en\/wp-json\/wp\/v2\/types\/product"}],"replies":[{"embeddable":true,"href":"https:\/\/www.touslesjourscurieux.fr\/en\/wp-json\/wp\/v2\/comments?post=4196"}],"wp:featuredmedia":[{"embeddable":true,"href":"https:\/\/www.touslesjourscurieux.fr\/en\/wp-json\/wp\/v2\/media\/4665"}],"wp:attachment":[{"href":"https:\/\/www.touslesjourscurieux.fr\/en\/wp-json\/wp\/v2\/media?parent=4196"}],"wp:term":[{"taxonomy":"product_brand","embeddable":true,"href":"https:\/\/www.touslesjourscurieux.fr\/en\/wp-json\/wp\/v2\/product_brand?post=4196"},{"taxonomy":"product_cat","embeddable":true,"href":"https:\/\/www.touslesjourscurieux.fr\/en\/wp-json\/wp\/v2\/product_cat?post=4196"},{"taxonomy":"product_tag","embeddable":true,"href":"https:\/\/www.touslesjourscurieux.fr\/en\/wp-json\/wp\/v2\/product_tag?post=4196"}],"curies":[{"name":"wp","href":"https:\/\/api.w.org\/{rel}","templated":true}]}}