{"id":4082,"date":"2025-10-02T05:55:22","date_gmt":"2025-10-02T04:55:22","guid":{"rendered":"https:\/\/www.touslesjourscurieux.fr\/?post_type=product&#038;p=4082"},"modified":"2026-01-02T06:02:42","modified_gmt":"2026-01-02T05:02:42","slug":"22-special-beaux-livres-photo-2","status":"publish","type":"product","link":"https:\/\/www.touslesjourscurieux.fr\/en\/product\/22-special-beaux-livres-photo-2","title":{"rendered":"#22 SP\u00c9CIAL BEAUX LIVRES PHOTO"},"content":{"rendered":"<h1>SP\u00c9CIAL BEAUX LIVRES PHOTO<br \/>\nLa pause pages<\/h1>\n<h2 data-start=\"670\" data-end=\"729\">9,90\u20ac au lieu de 15\u20ac en librairie<\/h2>\n<h2 data-start=\"108\" data-end=\"351\">LIKE, la revue, vous propose un num\u00e9ro enti\u00e8rement consacr\u00e9 aux plus belles parutions de l\u2019ann\u00e9e, un guide \u00e9ditorial pour tous les amoureux d\u2019images et de papier. Dans ce num\u00e9ro 22, partez \u00e0 la rencontre des \u00e9diteurs, des photographes et des collectionneurs. D\u00e9couvrez notre sp\u00e9cial beaux livres photo. Des id\u00e9es pour offrir des ouvrages\u00a0 \u00e0 No\u00ebl.<\/h2>\n<h2 data-start=\"635\" data-end=\"667\">\ud83d\udcda \u2022 Soutenez une revue ind\u00e9pendante qui met en lumi\u00e8re la photographie contemporaine. \u2022 Anticipez vos cadeaux de fin d\u2019ann\u00e9e et glissez sous le sapin une source d\u2019inspiration unique.<\/h2>\n<h2>AU SOMMAIRE<\/h2>\n<h1><strong>Le livre-\u00e9v\u00e9nement de Catherine Leroy\u00a0<\/strong><\/h1>\n<h2><strong>La beaut\u00e9 des P\u00f4les. Le grand essai photographique d&#8217;Axelle de Russ\u00e9 <\/strong><strong>\u2022 <\/strong><strong>Julia Demaree Nikhinson Face \u00e0 Trump \u2022 \u00c9ric Tabuchi Photographe et \u00e9diteur \u2022 Luc Delahaye Quand le reporter devient un artiste \u2022 Les mille Polaro\u00efds d\u2019Araki Nobuyoshi \u2022 Julia Kochetova J\u2019aimerais que ces photos n\u2019existent pas \u2022 Pierre Daum Recrut\u00e9s de force, les travailleurs indochinois en France (1939 &#8211; 1952) \u2022 Les expos \u00e0 ne pas rater et nos chroniques \u2022 Et notre grande s\u00e9lection de livres photo pour No\u00ebl\u2026<\/strong><\/h2>\n<h3><strong>Le N\u00b022 arrive le 28 novembre 2025<\/strong><\/h3>","protected":false},"excerpt":{"rendered":"<p><span style=\"color: #ff0000;\"><strong>Abonnement<\/strong><\/span> <strong>\ud83d\udc49<\/strong>Envoy\u00e9 directement chez vous +Frais de port: 10\u20ac (4X2,50\u20ac)<\/p>","protected":false},"featured_media":4081,"comment_status":"closed","ping_status":"closed","template":"","meta":[],"product_brand":[],"product_cat":[28,19,27],"product_tag":[],"class_list":{"0":"post-4082","1":"product","2":"type-product","3":"status-publish","4":"has-post-thumbnail","6":"product_cat-les-photographes-prennent-la-parole","7":"product_cat-like-la-revue","8":"product_cat-revue-papier-de-photographie","9":"product_shipping_class-revue","11":"first","12":"instock","13":"taxable","14":"shipping-taxable","15":"purchasable","16":"product-type-simple"},"yoast_head":"<!-- This site is optimized with the Yoast SEO plugin v27.3 - https:\/\/yoast.com\/product\/yoast-seo-wordpress\/ -->\n<title>La pause pages<\/title>\n<meta name=\"description\" content=\"LIKE la revue, vous propose un num\u00e9ro enti\u00e8rement consacr\u00e9 aux plus beaux livres photo de l\u2019ann\u00e9e pour tous les amoureux d\u2019images et de papier.\" \/>\n<meta name=\"robots\" content=\"index, follow, max-snippet:-1, max-image-preview:large, max-video-preview:-1\" \/>\n<link rel=\"canonical\" href=\"https:\/\/www.touslesjourscurieux.fr\/en\/product\/22-special-beaux-livres-photo-2\/\" \/>\n<meta property=\"og:locale\" content=\"en_US\" \/>\n<meta property=\"og:type\" content=\"article\" \/>\n<meta property=\"og:title\" content=\"La pause pages\" \/>\n<meta property=\"og:description\" content=\"LIKE la revue, vous propose un num\u00e9ro enti\u00e8rement consacr\u00e9 aux plus beaux livres photo de l\u2019ann\u00e9e pour tous les amoureux d\u2019images et de papier.\" \/>\n<meta property=\"og:url\" content=\"https:\/\/www.touslesjourscurieux.fr\/en\/product\/22-special-beaux-livres-photo-2\/\" \/>\n<meta property=\"og:site_name\" content=\"LIKE la revue\" \/>\n<meta property=\"article:publisher\" content=\"https:\/\/www.facebook.com\/Touslesjourscurieux\" \/>\n<meta property=\"article:modified_time\" content=\"2026-01-02T05:02:42+00:00\" \/>\n<meta property=\"og:image\" content=\"https:\/\/www.touslesjourscurieux.fr\/wp-content\/uploads\/2025\/10\/REVUE-LIKE-22-COUVE-CARRE.jpg\" \/>\n\t<meta property=\"og:image:width\" content=\"600\" \/>\n\t<meta property=\"og:image:height\" content=\"600\" \/>\n\t<meta property=\"og:image:type\" content=\"image\/jpeg\" \/>\n<meta name=\"twitter:card\" content=\"summary_large_image\" \/>\n<meta name=\"twitter:label1\" content=\"Est. reading time\" \/>\n\t<meta name=\"twitter:data1\" content=\"2 minutes\" \/>\n<script type=\"application\/ld+json\" class=\"yoast-schema-graph\">{\"@context\":\"https:\\\/\\\/schema.org\",\"@graph\":[{\"@type\":\"WebPage\",\"@id\":\"https:\\\/\\\/www.touslesjourscurieux.fr\\\/produit\\\/22-special-beaux-livres-photo-2\",\"url\":\"https:\\\/\\\/www.touslesjourscurieux.fr\\\/produit\\\/22-special-beaux-livres-photo-2\",\"name\":\"La pause pages\",\"isPartOf\":{\"@id\":\"https:\\\/\\\/www.touslesjourscurieux.fr\\\/#website\"},\"primaryImageOfPage\":{\"@id\":\"https:\\\/\\\/www.touslesjourscurieux.fr\\\/produit\\\/22-special-beaux-livres-photo-2#primaryimage\"},\"image\":{\"@id\":\"https:\\\/\\\/www.touslesjourscurieux.fr\\\/produit\\\/22-special-beaux-livres-photo-2#primaryimage\"},\"thumbnailUrl\":\"https:\\\/\\\/i0.wp.com\\\/www.touslesjourscurieux.fr\\\/wp-content\\\/uploads\\\/2025\\\/10\\\/REVUE-LIKE-22-COUVE-CARRE.jpg?fit=600%2C600&ssl=1\",\"datePublished\":\"2025-10-02T04:55:22+00:00\",\"dateModified\":\"2026-01-02T05:02:42+00:00\",\"description\":\"LIKE la revue, vous propose un num\u00e9ro enti\u00e8rement consacr\u00e9 aux plus beaux livres photo de l\u2019ann\u00e9e pour tous les amoureux d\u2019images et de papier.\",\"breadcrumb\":{\"@id\":\"https:\\\/\\\/www.touslesjourscurieux.fr\\\/produit\\\/22-special-beaux-livres-photo-2#breadcrumb\"},\"inLanguage\":\"en-US\",\"potentialAction\":[{\"@type\":\"ReadAction\",\"target\":[\"https:\\\/\\\/www.touslesjourscurieux.fr\\\/produit\\\/22-special-beaux-livres-photo-2\"]}]},{\"@type\":\"ImageObject\",\"inLanguage\":\"en-US\",\"@id\":\"https:\\\/\\\/www.touslesjourscurieux.fr\\\/produit\\\/22-special-beaux-livres-photo-2#primaryimage\",\"url\":\"https:\\\/\\\/i0.wp.com\\\/www.touslesjourscurieux.fr\\\/wp-content\\\/uploads\\\/2025\\\/10\\\/REVUE-LIKE-22-COUVE-CARRE.jpg?fit=600%2C600&ssl=1\",\"contentUrl\":\"https:\\\/\\\/i0.wp.com\\\/www.touslesjourscurieux.fr\\\/wp-content\\\/uploads\\\/2025\\\/10\\\/REVUE-LIKE-22-COUVE-CARRE.jpg?fit=600%2C600&ssl=1\",\"width\":600,\"height\":600,\"caption\":\"REVUE LIKE 22 COUVE CARRE\u0301\"},{\"@type\":\"BreadcrumbList\",\"@id\":\"https:\\\/\\\/www.touslesjourscurieux.fr\\\/produit\\\/22-special-beaux-livres-photo-2#breadcrumb\",\"itemListElement\":[{\"@type\":\"ListItem\",\"position\":1,\"name\":\"Accueil\",\"item\":\"https:\\\/\\\/www.touslesjourscurieux.fr\\\/\"},{\"@type\":\"ListItem\",\"position\":2,\"name\":\"LIKE la Revue, la boutique\",\"item\":\"https:\\\/\\\/www.touslesjourscurieux.fr\\\/\"},{\"@type\":\"ListItem\",\"position\":3,\"name\":\"#22 SP\u00c9CIAL BEAUX LIVRES PHOTO\"}]},{\"@type\":\"WebSite\",\"@id\":\"https:\\\/\\\/www.touslesjourscurieux.fr\\\/#website\",\"url\":\"https:\\\/\\\/www.touslesjourscurieux.fr\\\/\",\"name\":\"LIKE la revue\",\"description\":\"petit format grandes photos\",\"publisher\":{\"@id\":\"https:\\\/\\\/www.touslesjourscurieux.fr\\\/#organization\"},\"potentialAction\":[{\"@type\":\"SearchAction\",\"target\":{\"@type\":\"EntryPoint\",\"urlTemplate\":\"https:\\\/\\\/www.touslesjourscurieux.fr\\\/?s={search_term_string}\"},\"query-input\":{\"@type\":\"PropertyValueSpecification\",\"valueRequired\":true,\"valueName\":\"search_term_string\"}}],\"inLanguage\":\"en-US\"},{\"@type\":\"Organization\",\"@id\":\"https:\\\/\\\/www.touslesjourscurieux.fr\\\/#organization\",\"name\":\"LIKE la revue\",\"url\":\"https:\\\/\\\/www.touslesjourscurieux.fr\\\/\",\"logo\":{\"@type\":\"ImageObject\",\"inLanguage\":\"en-US\",\"@id\":\"https:\\\/\\\/www.touslesjourscurieux.fr\\\/#\\\/schema\\\/logo\\\/image\\\/\",\"url\":\"https:\\\/\\\/i0.wp.com\\\/www.touslesjourscurieux.fr\\\/wp-content\\\/uploads\\\/2024\\\/09\\\/162305199_131399045654938_3947990576801447511_n.jpg?fit=942%2C514&ssl=1\",\"contentUrl\":\"https:\\\/\\\/i0.wp.com\\\/www.touslesjourscurieux.fr\\\/wp-content\\\/uploads\\\/2024\\\/09\\\/162305199_131399045654938_3947990576801447511_n.jpg?fit=942%2C514&ssl=1\",\"width\":942,\"height\":514,\"caption\":\"LIKE la revue\"},\"image\":{\"@id\":\"https:\\\/\\\/www.touslesjourscurieux.fr\\\/#\\\/schema\\\/logo\\\/image\\\/\"},\"sameAs\":[\"https:\\\/\\\/www.facebook.com\\\/Touslesjourscurieux\",\"http:\\\/\\\/instagram.com\\\/likelarevuetouslesjourscurieux\"]}]}<\/script>\n<!-- \/ Yoast SEO plugin. -->","yoast_head_json":{"title":"La pause pages","description":"LIKE la revue, vous propose un num\u00e9ro enti\u00e8rement consacr\u00e9 aux plus beaux livres photo de l\u2019ann\u00e9e pour tous les amoureux d\u2019images et de papier.","robots":{"index":"index","follow":"follow","max-snippet":"max-snippet:-1","max-image-preview":"max-image-preview:large","max-video-preview":"max-video-preview:-1"},"canonical":"https:\/\/www.touslesjourscurieux.fr\/en\/product\/22-special-beaux-livres-photo-2\/","og_locale":"en_US","og_type":"article","og_title":"La pause pages","og_description":"LIKE la revue, vous propose un num\u00e9ro enti\u00e8rement consacr\u00e9 aux plus beaux livres photo de l\u2019ann\u00e9e pour tous les amoureux d\u2019images et de papier.","og_url":"https:\/\/www.touslesjourscurieux.fr\/en\/product\/22-special-beaux-livres-photo-2\/","og_site_name":"LIKE la revue","article_publisher":"https:\/\/www.facebook.com\/Touslesjourscurieux","article_modified_time":"2026-01-02T05:02:42+00:00","og_image":[{"width":600,"height":600,"url":"https:\/\/www.touslesjourscurieux.fr\/wp-content\/uploads\/2025\/10\/REVUE-LIKE-22-COUVE-CARRE.jpg","type":"image\/jpeg"}],"twitter_card":"summary_large_image","twitter_misc":{"Est. reading time":"2 minutes"},"schema":{"@context":"https:\/\/schema.org","@graph":[{"@type":"WebPage","@id":"https:\/\/www.touslesjourscurieux.fr\/produit\/22-special-beaux-livres-photo-2","url":"https:\/\/www.touslesjourscurieux.fr\/produit\/22-special-beaux-livres-photo-2","name":"La pause pages","isPartOf":{"@id":"https:\/\/www.touslesjourscurieux.fr\/#website"},"primaryImageOfPage":{"@id":"https:\/\/www.touslesjourscurieux.fr\/produit\/22-special-beaux-livres-photo-2#primaryimage"},"image":{"@id":"https:\/\/www.touslesjourscurieux.fr\/produit\/22-special-beaux-livres-photo-2#primaryimage"},"thumbnailUrl":"https:\/\/i0.wp.com\/www.touslesjourscurieux.fr\/wp-content\/uploads\/2025\/10\/REVUE-LIKE-22-COUVE-CARRE.jpg?fit=600%2C600&ssl=1","datePublished":"2025-10-02T04:55:22+00:00","dateModified":"2026-01-02T05:02:42+00:00","description":"LIKE la revue, vous propose un num\u00e9ro enti\u00e8rement consacr\u00e9 aux plus beaux livres photo de l\u2019ann\u00e9e pour tous les amoureux d\u2019images et de papier.","breadcrumb":{"@id":"https:\/\/www.touslesjourscurieux.fr\/produit\/22-special-beaux-livres-photo-2#breadcrumb"},"inLanguage":"en-US","potentialAction":[{"@type":"ReadAction","target":["https:\/\/www.touslesjourscurieux.fr\/produit\/22-special-beaux-livres-photo-2"]}]},{"@type":"ImageObject","inLanguage":"en-US","@id":"https:\/\/www.touslesjourscurieux.fr\/produit\/22-special-beaux-livres-photo-2#primaryimage","url":"https:\/\/i0.wp.com\/www.touslesjourscurieux.fr\/wp-content\/uploads\/2025\/10\/REVUE-LIKE-22-COUVE-CARRE.jpg?fit=600%2C600&ssl=1","contentUrl":"https:\/\/i0.wp.com\/www.touslesjourscurieux.fr\/wp-content\/uploads\/2025\/10\/REVUE-LIKE-22-COUVE-CARRE.jpg?fit=600%2C600&ssl=1","width":600,"height":600,"caption":"REVUE LIKE 22 COUVE CARRE\u0301"},{"@type":"BreadcrumbList","@id":"https:\/\/www.touslesjourscurieux.fr\/produit\/22-special-beaux-livres-photo-2#breadcrumb","itemListElement":[{"@type":"ListItem","position":1,"name":"Accueil","item":"https:\/\/www.touslesjourscurieux.fr\/"},{"@type":"ListItem","position":2,"name":"LIKE la Revue, la boutique","item":"https:\/\/www.touslesjourscurieux.fr\/"},{"@type":"ListItem","position":3,"name":"#22 SP\u00c9CIAL BEAUX LIVRES PHOTO"}]},{"@type":"WebSite","@id":"https:\/\/www.touslesjourscurieux.fr\/#website","url":"https:\/\/www.touslesjourscurieux.fr\/","name":"LIKE la revue","description":"petit format grandes photos","publisher":{"@id":"https:\/\/www.touslesjourscurieux.fr\/#organization"},"potentialAction":[{"@type":"SearchAction","target":{"@type":"EntryPoint","urlTemplate":"https:\/\/www.touslesjourscurieux.fr\/?s={search_term_string}"},"query-input":{"@type":"PropertyValueSpecification","valueRequired":true,"valueName":"search_term_string"}}],"inLanguage":"en-US"},{"@type":"Organization","@id":"https:\/\/www.touslesjourscurieux.fr\/#organization","name":"LIKE la revue","url":"https:\/\/www.touslesjourscurieux.fr\/","logo":{"@type":"ImageObject","inLanguage":"en-US","@id":"https:\/\/www.touslesjourscurieux.fr\/#\/schema\/logo\/image\/","url":"https:\/\/i0.wp.com\/www.touslesjourscurieux.fr\/wp-content\/uploads\/2024\/09\/162305199_131399045654938_3947990576801447511_n.jpg?fit=942%2C514&ssl=1","contentUrl":"https:\/\/i0.wp.com\/www.touslesjourscurieux.fr\/wp-content\/uploads\/2024\/09\/162305199_131399045654938_3947990576801447511_n.jpg?fit=942%2C514&ssl=1","width":942,"height":514,"caption":"LIKE la revue"},"image":{"@id":"https:\/\/www.touslesjourscurieux.fr\/#\/schema\/logo\/image\/"},"sameAs":["https:\/\/www.facebook.com\/Touslesjourscurieux","http:\/\/instagram.com\/likelarevuetouslesjourscurieux"]}]}},"jetpack_sharing_enabled":true,"_links":{"self":[{"href":"https:\/\/www.touslesjourscurieux.fr\/en\/wp-json\/wp\/v2\/product\/4082","targetHints":{"allow":["GET"]}}],"collection":[{"href":"https:\/\/www.touslesjourscurieux.fr\/en\/wp-json\/wp\/v2\/product"}],"about":[{"href":"https:\/\/www.touslesjourscurieux.fr\/en\/wp-json\/wp\/v2\/types\/product"}],"replies":[{"embeddable":true,"href":"https:\/\/www.touslesjourscurieux.fr\/en\/wp-json\/wp\/v2\/comments?post=4082"}],"wp:featuredmedia":[{"embeddable":true,"href":"https:\/\/www.touslesjourscurieux.fr\/en\/wp-json\/wp\/v2\/media\/4081"}],"wp:attachment":[{"href":"https:\/\/www.touslesjourscurieux.fr\/en\/wp-json\/wp\/v2\/media?parent=4082"}],"wp:term":[{"taxonomy":"product_brand","embeddable":true,"href":"https:\/\/www.touslesjourscurieux.fr\/en\/wp-json\/wp\/v2\/product_brand?post=4082"},{"taxonomy":"product_cat","embeddable":true,"href":"https:\/\/www.touslesjourscurieux.fr\/en\/wp-json\/wp\/v2\/product_cat?post=4082"},{"taxonomy":"product_tag","embeddable":true,"href":"https:\/\/www.touslesjourscurieux.fr\/en\/wp-json\/wp\/v2\/product_tag?post=4082"}],"curies":[{"name":"wp","href":"https:\/\/api.w.org\/{rel}","templated":true}]}}