{"id":4024,"date":"2025-12-29T15:45:32","date_gmt":"2025-12-29T14:45:32","guid":{"rendered":"https:\/\/www.touslesjourscurieux.fr\/?post_type=product&#038;p=4024"},"modified":"2026-04-11T07:46:57","modified_gmt":"2026-04-11T06:46:57","slug":"22-special-beaux-livres-photo","status":"publish","type":"product","link":"https:\/\/www.touslesjourscurieux.fr\/en\/product\/22-special-beaux-livres-photo","title":{"rendered":"#22+#23+#24+#25 OFFRE SP\u00c9CIALE"},"content":{"rendered":"<h1>OFFRE SP\u00c9CIALE<br \/>\nRecevez tout de suite le N22 et N23.<br \/>\nLe N24 fin juin et le N26 fin septembre 2026. Vous \u00e9conomisez les frais de port (10\u20ac)<\/h1>\n<h2>\u00c0 l\u2019heure o\u00f9 les images d\u00e9filent sans laisser de trace, certaines m\u00e9ritent qu\u2019on s\u2019y attarde. LIKE la revue, c\u2019est un espace pour ralentir, regarder, lire et laisser les photos s\u2019installer.<br \/>\nChaque num\u00e9ro rassemble des photographes aux \u00e9critures singuli\u00e8res, des r\u00e9cits incarn\u00e9s et une fabrication soign\u00e9e. Un objet que l\u2019on garde, que l\u2019on rouvre, loin du flux num\u00e9rique.<\/h2>\n<h2>Votre rendez-vous photo<br \/>\nEn choisissant cette offre, vous soutenez une revue engag\u00e9e. D\u00e9couvrez chaque trimestre une s\u00e9lection exigeante d\u2019ouvrages, d\u2019artistes et de regards photographiques. <strong data-start=\"2567\" data-end=\"2616\">Merci pour votre confiance et votre soutien!<\/strong><\/h2>","protected":false},"excerpt":{"rendered":"<p><span style=\"color: #ff0000;\"><strong>Abonnement<\/strong><\/span> <strong>\ud83d\udc49<\/strong>Envoy\u00e9 directement chez vous +Frais de port: 10\u20ac (4X2,50\u20ac)<\/p>","protected":false},"featured_media":4831,"comment_status":"closed","ping_status":"closed","template":"","meta":[],"product_brand":[],"product_cat":[48,125],"product_tag":[],"class_list":{"0":"post-4024","1":"product","2":"type-product","3":"status-publish","4":"has-post-thumbnail","6":"product_cat-4-numeros","7":"product_cat-frais-de-port-offerts","8":"product_shipping_class-abonnement","10":"first","11":"instock","12":"virtual","13":"taxable","14":"purchasable","15":"product-type-simple"},"yoast_head":"<!-- This site is optimized with the Yoast SEO plugin v27.3 - https:\/\/yoast.com\/product\/yoast-seo-wordpress\/ -->\n<title>Sp\u00e9cial Beaux Livres Photo | La Pause Pages<\/title>\n<meta name=\"description\" content=\"D\u00e9couvrez La Pause Pages, le num\u00e9ro de LIKE (#22 \u00e0 #25) d\u00e9di\u00e9 aux beaux livres photo: nouveaut\u00e9s, id\u00e9es cadeaux, interviews et s\u00e9lection sp\u00e9ciale No\u00ebl.\" \/>\n<meta name=\"robots\" content=\"index, follow, max-snippet:-1, max-image-preview:large, max-video-preview:-1\" \/>\n<link rel=\"canonical\" href=\"https:\/\/www.touslesjourscurieux.fr\/en\/product\/22-special-beaux-livres-photo\/\" \/>\n<meta property=\"og:locale\" content=\"en_US\" \/>\n<meta property=\"og:type\" content=\"article\" \/>\n<meta property=\"og:title\" content=\"Sp\u00e9cial Beaux Livres Photo | La Pause Pages\" \/>\n<meta property=\"og:description\" content=\"D\u00e9couvrez La Pause Pages, le num\u00e9ro de LIKE (#22 \u00e0 #25) d\u00e9di\u00e9 aux beaux livres photo: nouveaut\u00e9s, id\u00e9es cadeaux, interviews et s\u00e9lection sp\u00e9ciale No\u00ebl.\" \/>\n<meta property=\"og:url\" content=\"https:\/\/www.touslesjourscurieux.fr\/en\/product\/22-special-beaux-livres-photo\/\" \/>\n<meta property=\"og:site_name\" content=\"LIKE la revue\" \/>\n<meta property=\"article:publisher\" content=\"https:\/\/www.facebook.com\/Touslesjourscurieux\" \/>\n<meta property=\"article:modified_time\" content=\"2026-04-11T06:46:57+00:00\" \/>\n<meta property=\"og:image\" content=\"https:\/\/www.touslesjourscurieux.fr\/wp-content\/uploads\/2026\/04\/REVUE-LIKE-N22-A-25B.gif\" \/>\n\t<meta property=\"og:image:width\" content=\"600\" \/>\n\t<meta property=\"og:image:height\" content=\"600\" \/>\n\t<meta property=\"og:image:type\" content=\"image\/gif\" \/>\n<meta name=\"twitter:card\" content=\"summary_large_image\" \/>\n<meta name=\"twitter:label1\" content=\"Est. reading time\" \/>\n\t<meta name=\"twitter:data1\" content=\"1 minute\" \/>\n<script type=\"application\/ld+json\" class=\"yoast-schema-graph\">{\"@context\":\"https:\\\/\\\/schema.org\",\"@graph\":[{\"@type\":\"WebPage\",\"@id\":\"https:\\\/\\\/www.touslesjourscurieux.fr\\\/produit\\\/22-special-beaux-livres-photo\",\"url\":\"https:\\\/\\\/www.touslesjourscurieux.fr\\\/produit\\\/22-special-beaux-livres-photo\",\"name\":\"Sp\u00e9cial Beaux Livres Photo | La Pause Pages\",\"isPartOf\":{\"@id\":\"https:\\\/\\\/www.touslesjourscurieux.fr\\\/#website\"},\"primaryImageOfPage\":{\"@id\":\"https:\\\/\\\/www.touslesjourscurieux.fr\\\/produit\\\/22-special-beaux-livres-photo#primaryimage\"},\"image\":{\"@id\":\"https:\\\/\\\/www.touslesjourscurieux.fr\\\/produit\\\/22-special-beaux-livres-photo#primaryimage\"},\"thumbnailUrl\":\"https:\\\/\\\/i0.wp.com\\\/www.touslesjourscurieux.fr\\\/wp-content\\\/uploads\\\/2026\\\/04\\\/REVUE-LIKE-N22-A-25B.gif?fit=600%2C600&ssl=1\",\"datePublished\":\"2025-12-29T14:45:32+00:00\",\"dateModified\":\"2026-04-11T06:46:57+00:00\",\"description\":\"D\u00e9couvrez La Pause Pages, le num\u00e9ro de LIKE (#22 \u00e0 #25) d\u00e9di\u00e9 aux beaux livres photo: nouveaut\u00e9s, id\u00e9es cadeaux, interviews et s\u00e9lection sp\u00e9ciale No\u00ebl.\",\"breadcrumb\":{\"@id\":\"https:\\\/\\\/www.touslesjourscurieux.fr\\\/produit\\\/22-special-beaux-livres-photo#breadcrumb\"},\"inLanguage\":\"en-US\",\"potentialAction\":[{\"@type\":\"ReadAction\",\"target\":[\"https:\\\/\\\/www.touslesjourscurieux.fr\\\/produit\\\/22-special-beaux-livres-photo\"]}]},{\"@type\":\"ImageObject\",\"inLanguage\":\"en-US\",\"@id\":\"https:\\\/\\\/www.touslesjourscurieux.fr\\\/produit\\\/22-special-beaux-livres-photo#primaryimage\",\"url\":\"https:\\\/\\\/i0.wp.com\\\/www.touslesjourscurieux.fr\\\/wp-content\\\/uploads\\\/2026\\\/04\\\/REVUE-LIKE-N22-A-25B.gif?fit=600%2C600&ssl=1\",\"contentUrl\":\"https:\\\/\\\/i0.wp.com\\\/www.touslesjourscurieux.fr\\\/wp-content\\\/uploads\\\/2026\\\/04\\\/REVUE-LIKE-N22-A-25B.gif?fit=600%2C600&ssl=1\",\"width\":600,\"height\":600,\"caption\":\"LIKE N22 A N25\"},{\"@type\":\"BreadcrumbList\",\"@id\":\"https:\\\/\\\/www.touslesjourscurieux.fr\\\/produit\\\/22-special-beaux-livres-photo#breadcrumb\",\"itemListElement\":[{\"@type\":\"ListItem\",\"position\":1,\"name\":\"Accueil\",\"item\":\"https:\\\/\\\/www.touslesjourscurieux.fr\\\/\"},{\"@type\":\"ListItem\",\"position\":2,\"name\":\"LIKE la Revue, la boutique\",\"item\":\"https:\\\/\\\/www.touslesjourscurieux.fr\\\/\"},{\"@type\":\"ListItem\",\"position\":3,\"name\":\"#22+#23+#24+#25 OFFRE SP\u00c9CIALE\"}]},{\"@type\":\"WebSite\",\"@id\":\"https:\\\/\\\/www.touslesjourscurieux.fr\\\/#website\",\"url\":\"https:\\\/\\\/www.touslesjourscurieux.fr\\\/\",\"name\":\"LIKE la revue\",\"description\":\"petit format grandes photos\",\"publisher\":{\"@id\":\"https:\\\/\\\/www.touslesjourscurieux.fr\\\/#organization\"},\"potentialAction\":[{\"@type\":\"SearchAction\",\"target\":{\"@type\":\"EntryPoint\",\"urlTemplate\":\"https:\\\/\\\/www.touslesjourscurieux.fr\\\/?s={search_term_string}\"},\"query-input\":{\"@type\":\"PropertyValueSpecification\",\"valueRequired\":true,\"valueName\":\"search_term_string\"}}],\"inLanguage\":\"en-US\"},{\"@type\":\"Organization\",\"@id\":\"https:\\\/\\\/www.touslesjourscurieux.fr\\\/#organization\",\"name\":\"LIKE la revue\",\"url\":\"https:\\\/\\\/www.touslesjourscurieux.fr\\\/\",\"logo\":{\"@type\":\"ImageObject\",\"inLanguage\":\"en-US\",\"@id\":\"https:\\\/\\\/www.touslesjourscurieux.fr\\\/#\\\/schema\\\/logo\\\/image\\\/\",\"url\":\"https:\\\/\\\/i0.wp.com\\\/www.touslesjourscurieux.fr\\\/wp-content\\\/uploads\\\/2024\\\/09\\\/162305199_131399045654938_3947990576801447511_n.jpg?fit=942%2C514&ssl=1\",\"contentUrl\":\"https:\\\/\\\/i0.wp.com\\\/www.touslesjourscurieux.fr\\\/wp-content\\\/uploads\\\/2024\\\/09\\\/162305199_131399045654938_3947990576801447511_n.jpg?fit=942%2C514&ssl=1\",\"width\":942,\"height\":514,\"caption\":\"LIKE la revue\"},\"image\":{\"@id\":\"https:\\\/\\\/www.touslesjourscurieux.fr\\\/#\\\/schema\\\/logo\\\/image\\\/\"},\"sameAs\":[\"https:\\\/\\\/www.facebook.com\\\/Touslesjourscurieux\",\"http:\\\/\\\/instagram.com\\\/likelarevuetouslesjourscurieux\"]}]}<\/script>\n<!-- \/ Yoast SEO plugin. -->","yoast_head_json":{"title":"Sp\u00e9cial Beaux Livres Photo | La Pause Pages","description":"D\u00e9couvrez La Pause Pages, le num\u00e9ro de LIKE (#22 \u00e0 #25) d\u00e9di\u00e9 aux beaux livres photo: nouveaut\u00e9s, id\u00e9es cadeaux, interviews et s\u00e9lection sp\u00e9ciale No\u00ebl.","robots":{"index":"index","follow":"follow","max-snippet":"max-snippet:-1","max-image-preview":"max-image-preview:large","max-video-preview":"max-video-preview:-1"},"canonical":"https:\/\/www.touslesjourscurieux.fr\/en\/product\/22-special-beaux-livres-photo\/","og_locale":"en_US","og_type":"article","og_title":"Sp\u00e9cial Beaux Livres Photo | La Pause Pages","og_description":"D\u00e9couvrez La Pause Pages, le num\u00e9ro de LIKE (#22 \u00e0 #25) d\u00e9di\u00e9 aux beaux livres photo: nouveaut\u00e9s, id\u00e9es cadeaux, interviews et s\u00e9lection sp\u00e9ciale No\u00ebl.","og_url":"https:\/\/www.touslesjourscurieux.fr\/en\/product\/22-special-beaux-livres-photo\/","og_site_name":"LIKE la revue","article_publisher":"https:\/\/www.facebook.com\/Touslesjourscurieux","article_modified_time":"2026-04-11T06:46:57+00:00","og_image":[{"width":600,"height":600,"url":"https:\/\/www.touslesjourscurieux.fr\/wp-content\/uploads\/2026\/04\/REVUE-LIKE-N22-A-25B.gif","type":"image\/gif"}],"twitter_card":"summary_large_image","twitter_misc":{"Est. reading time":"1 minute"},"schema":{"@context":"https:\/\/schema.org","@graph":[{"@type":"WebPage","@id":"https:\/\/www.touslesjourscurieux.fr\/produit\/22-special-beaux-livres-photo","url":"https:\/\/www.touslesjourscurieux.fr\/produit\/22-special-beaux-livres-photo","name":"Sp\u00e9cial Beaux Livres Photo | La Pause Pages","isPartOf":{"@id":"https:\/\/www.touslesjourscurieux.fr\/#website"},"primaryImageOfPage":{"@id":"https:\/\/www.touslesjourscurieux.fr\/produit\/22-special-beaux-livres-photo#primaryimage"},"image":{"@id":"https:\/\/www.touslesjourscurieux.fr\/produit\/22-special-beaux-livres-photo#primaryimage"},"thumbnailUrl":"https:\/\/i0.wp.com\/www.touslesjourscurieux.fr\/wp-content\/uploads\/2026\/04\/REVUE-LIKE-N22-A-25B.gif?fit=600%2C600&ssl=1","datePublished":"2025-12-29T14:45:32+00:00","dateModified":"2026-04-11T06:46:57+00:00","description":"D\u00e9couvrez La Pause Pages, le num\u00e9ro de LIKE (#22 \u00e0 #25) d\u00e9di\u00e9 aux beaux livres photo: nouveaut\u00e9s, id\u00e9es cadeaux, interviews et s\u00e9lection sp\u00e9ciale No\u00ebl.","breadcrumb":{"@id":"https:\/\/www.touslesjourscurieux.fr\/produit\/22-special-beaux-livres-photo#breadcrumb"},"inLanguage":"en-US","potentialAction":[{"@type":"ReadAction","target":["https:\/\/www.touslesjourscurieux.fr\/produit\/22-special-beaux-livres-photo"]}]},{"@type":"ImageObject","inLanguage":"en-US","@id":"https:\/\/www.touslesjourscurieux.fr\/produit\/22-special-beaux-livres-photo#primaryimage","url":"https:\/\/i0.wp.com\/www.touslesjourscurieux.fr\/wp-content\/uploads\/2026\/04\/REVUE-LIKE-N22-A-25B.gif?fit=600%2C600&ssl=1","contentUrl":"https:\/\/i0.wp.com\/www.touslesjourscurieux.fr\/wp-content\/uploads\/2026\/04\/REVUE-LIKE-N22-A-25B.gif?fit=600%2C600&ssl=1","width":600,"height":600,"caption":"LIKE N22 A N25"},{"@type":"BreadcrumbList","@id":"https:\/\/www.touslesjourscurieux.fr\/produit\/22-special-beaux-livres-photo#breadcrumb","itemListElement":[{"@type":"ListItem","position":1,"name":"Accueil","item":"https:\/\/www.touslesjourscurieux.fr\/"},{"@type":"ListItem","position":2,"name":"LIKE la Revue, la boutique","item":"https:\/\/www.touslesjourscurieux.fr\/"},{"@type":"ListItem","position":3,"name":"#22+#23+#24+#25 OFFRE SP\u00c9CIALE"}]},{"@type":"WebSite","@id":"https:\/\/www.touslesjourscurieux.fr\/#website","url":"https:\/\/www.touslesjourscurieux.fr\/","name":"LIKE la revue","description":"petit format grandes photos","publisher":{"@id":"https:\/\/www.touslesjourscurieux.fr\/#organization"},"potentialAction":[{"@type":"SearchAction","target":{"@type":"EntryPoint","urlTemplate":"https:\/\/www.touslesjourscurieux.fr\/?s={search_term_string}"},"query-input":{"@type":"PropertyValueSpecification","valueRequired":true,"valueName":"search_term_string"}}],"inLanguage":"en-US"},{"@type":"Organization","@id":"https:\/\/www.touslesjourscurieux.fr\/#organization","name":"LIKE la revue","url":"https:\/\/www.touslesjourscurieux.fr\/","logo":{"@type":"ImageObject","inLanguage":"en-US","@id":"https:\/\/www.touslesjourscurieux.fr\/#\/schema\/logo\/image\/","url":"https:\/\/i0.wp.com\/www.touslesjourscurieux.fr\/wp-content\/uploads\/2024\/09\/162305199_131399045654938_3947990576801447511_n.jpg?fit=942%2C514&ssl=1","contentUrl":"https:\/\/i0.wp.com\/www.touslesjourscurieux.fr\/wp-content\/uploads\/2024\/09\/162305199_131399045654938_3947990576801447511_n.jpg?fit=942%2C514&ssl=1","width":942,"height":514,"caption":"LIKE la revue"},"image":{"@id":"https:\/\/www.touslesjourscurieux.fr\/#\/schema\/logo\/image\/"},"sameAs":["https:\/\/www.facebook.com\/Touslesjourscurieux","http:\/\/instagram.com\/likelarevuetouslesjourscurieux"]}]}},"jetpack_sharing_enabled":true,"_links":{"self":[{"href":"https:\/\/www.touslesjourscurieux.fr\/en\/wp-json\/wp\/v2\/product\/4024","targetHints":{"allow":["GET"]}}],"collection":[{"href":"https:\/\/www.touslesjourscurieux.fr\/en\/wp-json\/wp\/v2\/product"}],"about":[{"href":"https:\/\/www.touslesjourscurieux.fr\/en\/wp-json\/wp\/v2\/types\/product"}],"replies":[{"embeddable":true,"href":"https:\/\/www.touslesjourscurieux.fr\/en\/wp-json\/wp\/v2\/comments?post=4024"}],"wp:featuredmedia":[{"embeddable":true,"href":"https:\/\/www.touslesjourscurieux.fr\/en\/wp-json\/wp\/v2\/media\/4831"}],"wp:attachment":[{"href":"https:\/\/www.touslesjourscurieux.fr\/en\/wp-json\/wp\/v2\/media?parent=4024"}],"wp:term":[{"taxonomy":"product_brand","embeddable":true,"href":"https:\/\/www.touslesjourscurieux.fr\/en\/wp-json\/wp\/v2\/product_brand?post=4024"},{"taxonomy":"product_cat","embeddable":true,"href":"https:\/\/www.touslesjourscurieux.fr\/en\/wp-json\/wp\/v2\/product_cat?post=4024"},{"taxonomy":"product_tag","embeddable":true,"href":"https:\/\/www.touslesjourscurieux.fr\/en\/wp-json\/wp\/v2\/product_tag?post=4024"}],"curies":[{"name":"wp","href":"https:\/\/api.w.org\/{rel}","templated":true}]}}