{"id":3905,"date":"2025-03-25T15:15:14","date_gmt":"2025-03-25T14:15:14","guid":{"rendered":"https:\/\/www.touslesjourscurieux.fr\/?post_type=product&#038;p=3905"},"modified":"2026-04-06T12:02:23","modified_gmt":"2026-04-06T11:02:23","slug":"photoclimat-lalerte-artistiquephotoclimat-lalerte-artistique","status":"publish","type":"product","link":"https:\/\/www.touslesjourscurieux.fr\/en\/product\/photoclimat-lalerte-artistiquephotoclimat-lalerte-artistique","title":{"rendered":"#21 Photoclimat l&#8217;alerte artistique"},"content":{"rendered":"<h1>Photoclimat\/Paris<\/h1>\n<h2>Le festival Photoclimat donne rendez-vous avec la plan\u00e8te<\/h2>\n<h3>PhotoClimat revient en 2025 avec une biennale sociale et environnementale \u00e0 ciel ouvert, plus ambitieuse que jamais. Men\u00e9e par le plasticien Nicolas Henry, elle investit Paris et sa p\u00e9riph\u00e9rie du 12 septembre au 12 octobre avec des installations monumentales, des r\u00e9cits engag\u00e9s concentrant une \u00e9nergie collective rare. De la Place de la Concorde aux quartiers populaires, l\u2019art s\u2019y fabrique \u00e0 la main, au croisement du social et de l\u2019environnemental.<\/h3>\n<h2>AU SOMMAIRE<\/h2>\n<h2><strong><span style=\"color: #ff0000;\">Ga\u00eblle Girbes<\/span> L\u2019Ukraine au c\u0153ur<br \/>\n<\/strong><strong><span class=\"relative -mx-px my-[-0.2rem] rounded px-px py-[0.2rem] transition-colors duration-100 ease-in-out\">Le Festival International de Photojournalisme Visa pour l\u2019Image revient \u00e0 Perpignan du 30 ao\u00fbt au 14 septembre 2025 pour sa 37e \u00e9dition.\u00a0<\/span><\/strong><\/h2>\n<h2><span style=\"color: #ff0000;\">Gilbert Garcin<\/span> Le funanbule<\/h2>\n<h2>Le monde secret des mygalomorphes <span style=\"color: #ff0000;\">Cl\u00e9ment Maquair &amp; Yvan Kereun<\/span><\/h2>\n<h2>Le monde de Yod\u00e9lice par <span style=\"color: #ff0000;\">Yann Orhan<\/span><\/h2>\n<h2>D\u00e9construire le cow boy <span style=\"color: #ff0000;\">Alex Bex<\/span><\/h2>\n<h2><span style=\"color: #ff0000;\">Laurent Ballesta<\/span> Ma petite entreprise<\/h2>\n<h2><span style=\"color: #ff0000;\">St\u00e9phane Charpentier &amp; Alyssa Moxley<\/span> Performance au clair de lune<\/h2>\n<h2><strong><span style=\"color: #ff0000;\">L\u2019humeur de Gilles Mora.<\/span> La chronique qui f\u00e2che.<\/strong><\/h2>\n<h3><strong>Les expositions et les chroniques<\/strong><\/h3>\n<p><strong>Et toujours Concordance des temps de Natalie Amargier\u00a0 et les coups de c\u0153ur \u00e9ditoriaux de Marc Pussemier.<\/strong><\/p>\n","protected":false},"excerpt":{"rendered":"<p><span style=\"color: #ff0000;\"><strong>Abonnement<\/strong><\/span> <strong>\ud83d\udc49<\/strong>Envoy\u00e9 directement chez vous +Frais de port: 10\u20ac (4X2,50\u20ac)<\/p>","protected":false},"featured_media":4822,"comment_status":"closed","ping_status":"closed","template":"","meta":[],"product_brand":[],"product_cat":[28,19,27],"product_tag":[],"class_list":{"0":"post-3905","1":"product","2":"type-product","3":"status-publish","4":"has-post-thumbnail","6":"product_cat-les-photographes-prennent-la-parole","7":"product_cat-like-la-revue","8":"product_cat-revue-papier-de-photographie","9":"product_shipping_class-revue","11":"first","12":"instock","13":"taxable","14":"shipping-taxable","15":"product-type-simple"},"yoast_head":"<!-- This site is optimized with the Yoast SEO plugin v27.3 - https:\/\/yoast.com\/product\/yoast-seo-wordpress\/ -->\n<title>#21 Photoclimat l&#039;alerte artistique - LIKE la revue<\/title>\n<meta name=\"description\" content=\"Photoclimat revient en 2025 plus ambitieuse que jamais. Men\u00e9e par le plasticien Nicolas Henry, elle investit Paris et sa p\u00e9riph\u00e9rie d\u00e8s le 12 septembre.\" \/>\n<meta name=\"robots\" content=\"index, follow, max-snippet:-1, max-image-preview:large, max-video-preview:-1\" \/>\n<link rel=\"canonical\" href=\"https:\/\/www.touslesjourscurieux.fr\/en\/product\/photoclimat-lalerte-artistiquephotoclimat-lalerte-artistique\/\" \/>\n<meta property=\"og:locale\" content=\"en_US\" \/>\n<meta property=\"og:type\" content=\"article\" \/>\n<meta property=\"og:title\" content=\"#21 Photoclimat l&#039;alerte artistique - LIKE la revue\" \/>\n<meta property=\"og:description\" content=\"Photoclimat revient en 2025 plus ambitieuse que jamais. Men\u00e9e par le plasticien Nicolas Henry, elle investit Paris et sa p\u00e9riph\u00e9rie d\u00e8s le 12 septembre.\" \/>\n<meta property=\"og:url\" content=\"https:\/\/www.touslesjourscurieux.fr\/en\/product\/photoclimat-lalerte-artistiquephotoclimat-lalerte-artistique\/\" \/>\n<meta property=\"og:site_name\" content=\"LIKE la revue\" \/>\n<meta property=\"article:publisher\" content=\"https:\/\/www.facebook.com\/Touslesjourscurieux\" \/>\n<meta property=\"article:modified_time\" content=\"2026-04-06T11:02:23+00:00\" \/>\n<meta property=\"og:image\" content=\"https:\/\/www.touslesjourscurieux.fr\/wp-content\/uploads\/2026\/04\/REVUE-LIKE-N24-TOUTES-LES-COUVES-CARRE.jpg\" \/>\n\t<meta property=\"og:image:width\" content=\"600\" \/>\n\t<meta property=\"og:image:height\" content=\"600\" \/>\n\t<meta property=\"og:image:type\" content=\"image\/jpeg\" \/>\n<meta name=\"twitter:card\" content=\"summary_large_image\" \/>\n<meta name=\"twitter:label1\" content=\"Est. reading time\" \/>\n\t<meta name=\"twitter:data1\" content=\"2 minutes\" \/>\n<script type=\"application\/ld+json\" class=\"yoast-schema-graph\">{\"@context\":\"https:\\\/\\\/schema.org\",\"@graph\":[{\"@type\":\"WebPage\",\"@id\":\"https:\\\/\\\/www.touslesjourscurieux.fr\\\/produit\\\/photoclimat-lalerte-artistiquephotoclimat-lalerte-artistique\",\"url\":\"https:\\\/\\\/www.touslesjourscurieux.fr\\\/produit\\\/photoclimat-lalerte-artistiquephotoclimat-lalerte-artistique\",\"name\":\"#21 Photoclimat l'alerte artistique - LIKE la revue\",\"isPartOf\":{\"@id\":\"https:\\\/\\\/www.touslesjourscurieux.fr\\\/#website\"},\"primaryImageOfPage\":{\"@id\":\"https:\\\/\\\/www.touslesjourscurieux.fr\\\/produit\\\/photoclimat-lalerte-artistiquephotoclimat-lalerte-artistique#primaryimage\"},\"image\":{\"@id\":\"https:\\\/\\\/www.touslesjourscurieux.fr\\\/produit\\\/photoclimat-lalerte-artistiquephotoclimat-lalerte-artistique#primaryimage\"},\"thumbnailUrl\":\"https:\\\/\\\/i0.wp.com\\\/www.touslesjourscurieux.fr\\\/wp-content\\\/uploads\\\/2026\\\/04\\\/REVUE-LIKE-N24-TOUTES-LES-COUVES-CARRE.jpg?fit=600%2C600&ssl=1\",\"datePublished\":\"2025-03-25T14:15:14+00:00\",\"dateModified\":\"2026-04-06T11:02:23+00:00\",\"description\":\"Photoclimat revient en 2025 plus ambitieuse que jamais. Men\u00e9e par le plasticien Nicolas Henry, elle investit Paris et sa p\u00e9riph\u00e9rie d\u00e8s le 12 septembre.\",\"breadcrumb\":{\"@id\":\"https:\\\/\\\/www.touslesjourscurieux.fr\\\/produit\\\/photoclimat-lalerte-artistiquephotoclimat-lalerte-artistique#breadcrumb\"},\"inLanguage\":\"en-US\",\"potentialAction\":[{\"@type\":\"ReadAction\",\"target\":[\"https:\\\/\\\/www.touslesjourscurieux.fr\\\/produit\\\/photoclimat-lalerte-artistiquephotoclimat-lalerte-artistique\"]}]},{\"@type\":\"ImageObject\",\"inLanguage\":\"en-US\",\"@id\":\"https:\\\/\\\/www.touslesjourscurieux.fr\\\/produit\\\/photoclimat-lalerte-artistiquephotoclimat-lalerte-artistique#primaryimage\",\"url\":\"https:\\\/\\\/i0.wp.com\\\/www.touslesjourscurieux.fr\\\/wp-content\\\/uploads\\\/2026\\\/04\\\/REVUE-LIKE-N24-TOUTES-LES-COUVES-CARRE.jpg?fit=600%2C600&ssl=1\",\"contentUrl\":\"https:\\\/\\\/i0.wp.com\\\/www.touslesjourscurieux.fr\\\/wp-content\\\/uploads\\\/2026\\\/04\\\/REVUE-LIKE-N24-TOUTES-LES-COUVES-CARRE.jpg?fit=600%2C600&ssl=1\",\"width\":600,\"height\":600},{\"@type\":\"BreadcrumbList\",\"@id\":\"https:\\\/\\\/www.touslesjourscurieux.fr\\\/produit\\\/photoclimat-lalerte-artistiquephotoclimat-lalerte-artistique#breadcrumb\",\"itemListElement\":[{\"@type\":\"ListItem\",\"position\":1,\"name\":\"Accueil\",\"item\":\"https:\\\/\\\/www.touslesjourscurieux.fr\\\/\"},{\"@type\":\"ListItem\",\"position\":2,\"name\":\"LIKE la Revue, la boutique\",\"item\":\"https:\\\/\\\/www.touslesjourscurieux.fr\\\/\"},{\"@type\":\"ListItem\",\"position\":3,\"name\":\"#21 Photoclimat l&#8217;alerte artistique\"}]},{\"@type\":\"WebSite\",\"@id\":\"https:\\\/\\\/www.touslesjourscurieux.fr\\\/#website\",\"url\":\"https:\\\/\\\/www.touslesjourscurieux.fr\\\/\",\"name\":\"LIKE la revue\",\"description\":\"petit format grandes photos\",\"publisher\":{\"@id\":\"https:\\\/\\\/www.touslesjourscurieux.fr\\\/#organization\"},\"potentialAction\":[{\"@type\":\"SearchAction\",\"target\":{\"@type\":\"EntryPoint\",\"urlTemplate\":\"https:\\\/\\\/www.touslesjourscurieux.fr\\\/?s={search_term_string}\"},\"query-input\":{\"@type\":\"PropertyValueSpecification\",\"valueRequired\":true,\"valueName\":\"search_term_string\"}}],\"inLanguage\":\"en-US\"},{\"@type\":\"Organization\",\"@id\":\"https:\\\/\\\/www.touslesjourscurieux.fr\\\/#organization\",\"name\":\"LIKE la revue\",\"url\":\"https:\\\/\\\/www.touslesjourscurieux.fr\\\/\",\"logo\":{\"@type\":\"ImageObject\",\"inLanguage\":\"en-US\",\"@id\":\"https:\\\/\\\/www.touslesjourscurieux.fr\\\/#\\\/schema\\\/logo\\\/image\\\/\",\"url\":\"https:\\\/\\\/i0.wp.com\\\/www.touslesjourscurieux.fr\\\/wp-content\\\/uploads\\\/2024\\\/09\\\/162305199_131399045654938_3947990576801447511_n.jpg?fit=942%2C514&ssl=1\",\"contentUrl\":\"https:\\\/\\\/i0.wp.com\\\/www.touslesjourscurieux.fr\\\/wp-content\\\/uploads\\\/2024\\\/09\\\/162305199_131399045654938_3947990576801447511_n.jpg?fit=942%2C514&ssl=1\",\"width\":942,\"height\":514,\"caption\":\"LIKE la revue\"},\"image\":{\"@id\":\"https:\\\/\\\/www.touslesjourscurieux.fr\\\/#\\\/schema\\\/logo\\\/image\\\/\"},\"sameAs\":[\"https:\\\/\\\/www.facebook.com\\\/Touslesjourscurieux\",\"http:\\\/\\\/instagram.com\\\/likelarevuetouslesjourscurieux\"]}]}<\/script>\n<!-- \/ Yoast SEO plugin. -->","yoast_head_json":{"title":"#21 Photoclimat l'alerte artistique - LIKE la revue","description":"Photoclimat revient en 2025 plus ambitieuse que jamais. Men\u00e9e par le plasticien Nicolas Henry, elle investit Paris et sa p\u00e9riph\u00e9rie d\u00e8s le 12 septembre.","robots":{"index":"index","follow":"follow","max-snippet":"max-snippet:-1","max-image-preview":"max-image-preview:large","max-video-preview":"max-video-preview:-1"},"canonical":"https:\/\/www.touslesjourscurieux.fr\/en\/product\/photoclimat-lalerte-artistiquephotoclimat-lalerte-artistique\/","og_locale":"en_US","og_type":"article","og_title":"#21 Photoclimat l'alerte artistique - LIKE la revue","og_description":"Photoclimat revient en 2025 plus ambitieuse que jamais. Men\u00e9e par le plasticien Nicolas Henry, elle investit Paris et sa p\u00e9riph\u00e9rie d\u00e8s le 12 septembre.","og_url":"https:\/\/www.touslesjourscurieux.fr\/en\/product\/photoclimat-lalerte-artistiquephotoclimat-lalerte-artistique\/","og_site_name":"LIKE la revue","article_publisher":"https:\/\/www.facebook.com\/Touslesjourscurieux","article_modified_time":"2026-04-06T11:02:23+00:00","og_image":[{"width":600,"height":600,"url":"https:\/\/www.touslesjourscurieux.fr\/wp-content\/uploads\/2026\/04\/REVUE-LIKE-N24-TOUTES-LES-COUVES-CARRE.jpg","type":"image\/jpeg"}],"twitter_card":"summary_large_image","twitter_misc":{"Est. reading time":"2 minutes"},"schema":{"@context":"https:\/\/schema.org","@graph":[{"@type":"WebPage","@id":"https:\/\/www.touslesjourscurieux.fr\/produit\/photoclimat-lalerte-artistiquephotoclimat-lalerte-artistique","url":"https:\/\/www.touslesjourscurieux.fr\/produit\/photoclimat-lalerte-artistiquephotoclimat-lalerte-artistique","name":"#21 Photoclimat l'alerte artistique - LIKE la revue","isPartOf":{"@id":"https:\/\/www.touslesjourscurieux.fr\/#website"},"primaryImageOfPage":{"@id":"https:\/\/www.touslesjourscurieux.fr\/produit\/photoclimat-lalerte-artistiquephotoclimat-lalerte-artistique#primaryimage"},"image":{"@id":"https:\/\/www.touslesjourscurieux.fr\/produit\/photoclimat-lalerte-artistiquephotoclimat-lalerte-artistique#primaryimage"},"thumbnailUrl":"https:\/\/i0.wp.com\/www.touslesjourscurieux.fr\/wp-content\/uploads\/2026\/04\/REVUE-LIKE-N24-TOUTES-LES-COUVES-CARRE.jpg?fit=600%2C600&ssl=1","datePublished":"2025-03-25T14:15:14+00:00","dateModified":"2026-04-06T11:02:23+00:00","description":"Photoclimat revient en 2025 plus ambitieuse que jamais. Men\u00e9e par le plasticien Nicolas Henry, elle investit Paris et sa p\u00e9riph\u00e9rie d\u00e8s le 12 septembre.","breadcrumb":{"@id":"https:\/\/www.touslesjourscurieux.fr\/produit\/photoclimat-lalerte-artistiquephotoclimat-lalerte-artistique#breadcrumb"},"inLanguage":"en-US","potentialAction":[{"@type":"ReadAction","target":["https:\/\/www.touslesjourscurieux.fr\/produit\/photoclimat-lalerte-artistiquephotoclimat-lalerte-artistique"]}]},{"@type":"ImageObject","inLanguage":"en-US","@id":"https:\/\/www.touslesjourscurieux.fr\/produit\/photoclimat-lalerte-artistiquephotoclimat-lalerte-artistique#primaryimage","url":"https:\/\/i0.wp.com\/www.touslesjourscurieux.fr\/wp-content\/uploads\/2026\/04\/REVUE-LIKE-N24-TOUTES-LES-COUVES-CARRE.jpg?fit=600%2C600&ssl=1","contentUrl":"https:\/\/i0.wp.com\/www.touslesjourscurieux.fr\/wp-content\/uploads\/2026\/04\/REVUE-LIKE-N24-TOUTES-LES-COUVES-CARRE.jpg?fit=600%2C600&ssl=1","width":600,"height":600},{"@type":"BreadcrumbList","@id":"https:\/\/www.touslesjourscurieux.fr\/produit\/photoclimat-lalerte-artistiquephotoclimat-lalerte-artistique#breadcrumb","itemListElement":[{"@type":"ListItem","position":1,"name":"Accueil","item":"https:\/\/www.touslesjourscurieux.fr\/"},{"@type":"ListItem","position":2,"name":"LIKE la Revue, la boutique","item":"https:\/\/www.touslesjourscurieux.fr\/"},{"@type":"ListItem","position":3,"name":"#21 Photoclimat l&#8217;alerte artistique"}]},{"@type":"WebSite","@id":"https:\/\/www.touslesjourscurieux.fr\/#website","url":"https:\/\/www.touslesjourscurieux.fr\/","name":"LIKE la revue","description":"petit format grandes photos","publisher":{"@id":"https:\/\/www.touslesjourscurieux.fr\/#organization"},"potentialAction":[{"@type":"SearchAction","target":{"@type":"EntryPoint","urlTemplate":"https:\/\/www.touslesjourscurieux.fr\/?s={search_term_string}"},"query-input":{"@type":"PropertyValueSpecification","valueRequired":true,"valueName":"search_term_string"}}],"inLanguage":"en-US"},{"@type":"Organization","@id":"https:\/\/www.touslesjourscurieux.fr\/#organization","name":"LIKE la revue","url":"https:\/\/www.touslesjourscurieux.fr\/","logo":{"@type":"ImageObject","inLanguage":"en-US","@id":"https:\/\/www.touslesjourscurieux.fr\/#\/schema\/logo\/image\/","url":"https:\/\/i0.wp.com\/www.touslesjourscurieux.fr\/wp-content\/uploads\/2024\/09\/162305199_131399045654938_3947990576801447511_n.jpg?fit=942%2C514&ssl=1","contentUrl":"https:\/\/i0.wp.com\/www.touslesjourscurieux.fr\/wp-content\/uploads\/2024\/09\/162305199_131399045654938_3947990576801447511_n.jpg?fit=942%2C514&ssl=1","width":942,"height":514,"caption":"LIKE la revue"},"image":{"@id":"https:\/\/www.touslesjourscurieux.fr\/#\/schema\/logo\/image\/"},"sameAs":["https:\/\/www.facebook.com\/Touslesjourscurieux","http:\/\/instagram.com\/likelarevuetouslesjourscurieux"]}]}},"jetpack_sharing_enabled":true,"_links":{"self":[{"href":"https:\/\/www.touslesjourscurieux.fr\/en\/wp-json\/wp\/v2\/product\/3905","targetHints":{"allow":["GET"]}}],"collection":[{"href":"https:\/\/www.touslesjourscurieux.fr\/en\/wp-json\/wp\/v2\/product"}],"about":[{"href":"https:\/\/www.touslesjourscurieux.fr\/en\/wp-json\/wp\/v2\/types\/product"}],"replies":[{"embeddable":true,"href":"https:\/\/www.touslesjourscurieux.fr\/en\/wp-json\/wp\/v2\/comments?post=3905"}],"wp:featuredmedia":[{"embeddable":true,"href":"https:\/\/www.touslesjourscurieux.fr\/en\/wp-json\/wp\/v2\/media\/4822"}],"wp:attachment":[{"href":"https:\/\/www.touslesjourscurieux.fr\/en\/wp-json\/wp\/v2\/media?parent=3905"}],"wp:term":[{"taxonomy":"product_brand","embeddable":true,"href":"https:\/\/www.touslesjourscurieux.fr\/en\/wp-json\/wp\/v2\/product_brand?post=3905"},{"taxonomy":"product_cat","embeddable":true,"href":"https:\/\/www.touslesjourscurieux.fr\/en\/wp-json\/wp\/v2\/product_cat?post=3905"},{"taxonomy":"product_tag","embeddable":true,"href":"https:\/\/www.touslesjourscurieux.fr\/en\/wp-json\/wp\/v2\/product_tag?post=3905"}],"curies":[{"name":"wp","href":"https:\/\/api.w.org\/{rel}","templated":true}]}}