{"id":3675,"date":"2025-09-19T08:15:30","date_gmt":"2025-09-19T07:15:30","guid":{"rendered":"https:\/\/www.touslesjourscurieux.fr\/?post_type=product&#038;p=3675"},"modified":"2026-03-23T04:43:43","modified_gmt":"2026-03-23T03:43:43","slug":"je-donne-un-peu-plus","status":"publish","type":"product","link":"https:\/\/www.touslesjourscurieux.fr\/en\/product\/je-donne-un-peu-plus","title":{"rendered":"JE DONNE  (UN PEU) PLUS"},"content":{"rendered":"<h1>POUR QUE LIKE LA REVUE PASSE \u00c0 LA VITESSE SUP\u00c9RIEURE!<\/h1>\n<h2>Aujourd\u2019hui, nous voulons aller plus loin.<\/h2>\n<h2>Notre ambition: augmenter notre tirage pour \u00eatre fortement visible en librairie<\/h2>\n<h2>Pour 50\u20ac, vous recevrez le N22 dans quelques semaines et tout de suite le hors-s\u00e9rie VOL.II. Les frais de ports sont offerts. Vous souscrivez 10\u20ac de plus\u2026 et vous faites un vrai geste.<\/h2>\n<h2><\/h2>\n<h1>Les photographes de notre Hors-s\u00e9rie Vol.02<\/h1>\n<h1>Joel Meyerowitz<\/h1>\n<h2>Une grande rencontre avec le photographe new-yorkais Joel Meyerowitz<\/h2>\n<h3>Et aussi: Peter Lindbergh \u2022 Marie-Laure de Decker \u2022 Elliott Landy \u2022 Vivian Maier \u2022 Kourtney Roy \u2022 Russ Melcher<\/h3>\n<h1>+le\u00a0 N23<\/h1>\n<p>Les moments suspendus de Txema Salvans \u2022 Erik Kessels L\u2019ivre d\u2019images \u2022 Henri Cartier-Bresson par Pierre Assouline \u2022 Didier Bizet, retour en Boh\u00eame \u2022 Daniel Pennac, mon histoire d\u2019amour avec la photo \u2022 Pourquoi les photographes sont-ils dyslexiques? \u2022 Martin Parr D\u00e9sordre g\u00e9n\u00e9ralis\u00e9 \u2022 Gr\u00e9goire Eloy Science naturelle \u2022\u00a0Tanguy Muller Des branches au Poil \u2022 Piotr Zbierski\u00a0Rendez-vous \u00e0 Kyoto\u00a0\u2022\u00a0Alphonse Bertillon Objectif fichage \u2022 Les expos \u00e0 ne pas rater et nos chroniques et d&#8217;autres surprises\u2026<\/p>","protected":false},"excerpt":{"rendered":"<p><strong>\ud83d\udc49 <\/strong>Je soutiens LIKE la revue<\/p>","protected":false},"featured_media":4793,"comment_status":"closed","ping_status":"closed","template":"","meta":[],"product_brand":[],"product_cat":[130],"product_tag":[],"class_list":{"0":"post-3675","1":"product","2":"type-product","3":"status-publish","4":"has-post-thumbnail","6":"product_cat-je-soutiens-la-revue-et-je-donne-plus","7":"product_shipping_class-gratuit","9":"first","10":"instock","11":"taxable","12":"shipping-taxable","13":"purchasable","14":"product-type-simple"},"yoast_head":"<!-- This site is optimized with the Yoast SEO plugin v27.3 - https:\/\/yoast.com\/product\/yoast-seo-wordpress\/ -->\n<title>POUR QUE LIKE LA REVUE PASSE \u00c0 LA VITESSE SUP\u00c9RIEURE<\/title>\n<meta name=\"description\" content=\"Notre ambition: augmenter notre tirage pour \u00eatre fortement visible en librairie. Vous souscrivez 10\u20ac de plus\u2026 et vous faites un geste qui nous encourage.\" \/>\n<meta name=\"robots\" content=\"index, follow, max-snippet:-1, max-image-preview:large, max-video-preview:-1\" \/>\n<link rel=\"canonical\" href=\"https:\/\/www.touslesjourscurieux.fr\/en\/product\/je-donne-un-peu-plus\/\" \/>\n<meta property=\"og:locale\" content=\"en_US\" \/>\n<meta property=\"og:type\" content=\"article\" \/>\n<meta property=\"og:title\" content=\"POUR QUE LIKE LA REVUE PASSE \u00c0 LA VITESSE SUP\u00c9RIEURE\" \/>\n<meta property=\"og:description\" content=\"Notre ambition: augmenter notre tirage pour \u00eatre fortement visible en librairie. Vous souscrivez 10\u20ac de plus\u2026 et vous faites un geste qui nous encourage.\" \/>\n<meta property=\"og:url\" content=\"https:\/\/www.touslesjourscurieux.fr\/en\/product\/je-donne-un-peu-plus\/\" \/>\n<meta property=\"og:site_name\" content=\"LIKE la revue\" \/>\n<meta property=\"article:publisher\" content=\"https:\/\/www.facebook.com\/Touslesjourscurieux\" \/>\n<meta property=\"article:modified_time\" content=\"2026-03-23T03:43:43+00:00\" \/>\n<meta property=\"og:image\" content=\"https:\/\/www.touslesjourscurieux.fr\/wp-content\/uploads\/2026\/03\/REVUE-LIKE-N23-50E.gif\" \/>\n\t<meta property=\"og:image:width\" content=\"600\" \/>\n\t<meta property=\"og:image:height\" content=\"600\" \/>\n\t<meta property=\"og:image:type\" content=\"image\/gif\" \/>\n<meta name=\"twitter:card\" content=\"summary_large_image\" \/>\n<meta name=\"twitter:label1\" content=\"Est. reading time\" \/>\n\t<meta name=\"twitter:data1\" content=\"2 minutes\" \/>\n<script type=\"application\/ld+json\" class=\"yoast-schema-graph\">{\"@context\":\"https:\\\/\\\/schema.org\",\"@graph\":[{\"@type\":\"WebPage\",\"@id\":\"https:\\\/\\\/www.touslesjourscurieux.fr\\\/produit\\\/je-donne-un-peu-plus\",\"url\":\"https:\\\/\\\/www.touslesjourscurieux.fr\\\/produit\\\/je-donne-un-peu-plus\",\"name\":\"POUR QUE LIKE LA REVUE PASSE \u00c0 LA VITESSE SUP\u00c9RIEURE\",\"isPartOf\":{\"@id\":\"https:\\\/\\\/www.touslesjourscurieux.fr\\\/#website\"},\"primaryImageOfPage\":{\"@id\":\"https:\\\/\\\/www.touslesjourscurieux.fr\\\/produit\\\/je-donne-un-peu-plus#primaryimage\"},\"image\":{\"@id\":\"https:\\\/\\\/www.touslesjourscurieux.fr\\\/produit\\\/je-donne-un-peu-plus#primaryimage\"},\"thumbnailUrl\":\"https:\\\/\\\/i0.wp.com\\\/www.touslesjourscurieux.fr\\\/wp-content\\\/uploads\\\/2026\\\/03\\\/REVUE-LIKE-N23-50E.gif?fit=600%2C600&ssl=1\",\"datePublished\":\"2025-09-19T07:15:30+00:00\",\"dateModified\":\"2026-03-23T03:43:43+00:00\",\"description\":\"Notre ambition: augmenter notre tirage pour \u00eatre fortement visible en librairie. Vous souscrivez 10\u20ac de plus\u2026 et vous faites un geste qui nous encourage.\",\"breadcrumb\":{\"@id\":\"https:\\\/\\\/www.touslesjourscurieux.fr\\\/produit\\\/je-donne-un-peu-plus#breadcrumb\"},\"inLanguage\":\"en-US\",\"potentialAction\":[{\"@type\":\"ReadAction\",\"target\":[\"https:\\\/\\\/www.touslesjourscurieux.fr\\\/produit\\\/je-donne-un-peu-plus\"]}]},{\"@type\":\"ImageObject\",\"inLanguage\":\"en-US\",\"@id\":\"https:\\\/\\\/www.touslesjourscurieux.fr\\\/produit\\\/je-donne-un-peu-plus#primaryimage\",\"url\":\"https:\\\/\\\/i0.wp.com\\\/www.touslesjourscurieux.fr\\\/wp-content\\\/uploads\\\/2026\\\/03\\\/REVUE-LIKE-N23-50E.gif?fit=600%2C600&ssl=1\",\"contentUrl\":\"https:\\\/\\\/i0.wp.com\\\/www.touslesjourscurieux.fr\\\/wp-content\\\/uploads\\\/2026\\\/03\\\/REVUE-LIKE-N23-50E.gif?fit=600%2C600&ssl=1\",\"width\":600,\"height\":600},{\"@type\":\"BreadcrumbList\",\"@id\":\"https:\\\/\\\/www.touslesjourscurieux.fr\\\/produit\\\/je-donne-un-peu-plus#breadcrumb\",\"itemListElement\":[{\"@type\":\"ListItem\",\"position\":1,\"name\":\"Accueil\",\"item\":\"https:\\\/\\\/www.touslesjourscurieux.fr\\\/\"},{\"@type\":\"ListItem\",\"position\":2,\"name\":\"LIKE la Revue, la boutique\",\"item\":\"https:\\\/\\\/www.touslesjourscurieux.fr\\\/\"},{\"@type\":\"ListItem\",\"position\":3,\"name\":\"JE DONNE (UN PEU) PLUS\"}]},{\"@type\":\"WebSite\",\"@id\":\"https:\\\/\\\/www.touslesjourscurieux.fr\\\/#website\",\"url\":\"https:\\\/\\\/www.touslesjourscurieux.fr\\\/\",\"name\":\"LIKE la revue\",\"description\":\"petit format grandes photos\",\"publisher\":{\"@id\":\"https:\\\/\\\/www.touslesjourscurieux.fr\\\/#organization\"},\"potentialAction\":[{\"@type\":\"SearchAction\",\"target\":{\"@type\":\"EntryPoint\",\"urlTemplate\":\"https:\\\/\\\/www.touslesjourscurieux.fr\\\/?s={search_term_string}\"},\"query-input\":{\"@type\":\"PropertyValueSpecification\",\"valueRequired\":true,\"valueName\":\"search_term_string\"}}],\"inLanguage\":\"en-US\"},{\"@type\":\"Organization\",\"@id\":\"https:\\\/\\\/www.touslesjourscurieux.fr\\\/#organization\",\"name\":\"LIKE la revue\",\"url\":\"https:\\\/\\\/www.touslesjourscurieux.fr\\\/\",\"logo\":{\"@type\":\"ImageObject\",\"inLanguage\":\"en-US\",\"@id\":\"https:\\\/\\\/www.touslesjourscurieux.fr\\\/#\\\/schema\\\/logo\\\/image\\\/\",\"url\":\"https:\\\/\\\/i0.wp.com\\\/www.touslesjourscurieux.fr\\\/wp-content\\\/uploads\\\/2024\\\/09\\\/162305199_131399045654938_3947990576801447511_n.jpg?fit=942%2C514&ssl=1\",\"contentUrl\":\"https:\\\/\\\/i0.wp.com\\\/www.touslesjourscurieux.fr\\\/wp-content\\\/uploads\\\/2024\\\/09\\\/162305199_131399045654938_3947990576801447511_n.jpg?fit=942%2C514&ssl=1\",\"width\":942,\"height\":514,\"caption\":\"LIKE la revue\"},\"image\":{\"@id\":\"https:\\\/\\\/www.touslesjourscurieux.fr\\\/#\\\/schema\\\/logo\\\/image\\\/\"},\"sameAs\":[\"https:\\\/\\\/www.facebook.com\\\/Touslesjourscurieux\",\"http:\\\/\\\/instagram.com\\\/likelarevuetouslesjourscurieux\"]}]}<\/script>\n<!-- \/ Yoast SEO plugin. -->","yoast_head_json":{"title":"POUR QUE LIKE LA REVUE PASSE \u00c0 LA VITESSE SUP\u00c9RIEURE","description":"Notre ambition: augmenter notre tirage pour \u00eatre fortement visible en librairie. Vous souscrivez 10\u20ac de plus\u2026 et vous faites un geste qui nous encourage.","robots":{"index":"index","follow":"follow","max-snippet":"max-snippet:-1","max-image-preview":"max-image-preview:large","max-video-preview":"max-video-preview:-1"},"canonical":"https:\/\/www.touslesjourscurieux.fr\/en\/product\/je-donne-un-peu-plus\/","og_locale":"en_US","og_type":"article","og_title":"POUR QUE LIKE LA REVUE PASSE \u00c0 LA VITESSE SUP\u00c9RIEURE","og_description":"Notre ambition: augmenter notre tirage pour \u00eatre fortement visible en librairie. Vous souscrivez 10\u20ac de plus\u2026 et vous faites un geste qui nous encourage.","og_url":"https:\/\/www.touslesjourscurieux.fr\/en\/product\/je-donne-un-peu-plus\/","og_site_name":"LIKE la revue","article_publisher":"https:\/\/www.facebook.com\/Touslesjourscurieux","article_modified_time":"2026-03-23T03:43:43+00:00","og_image":[{"width":600,"height":600,"url":"https:\/\/www.touslesjourscurieux.fr\/wp-content\/uploads\/2026\/03\/REVUE-LIKE-N23-50E.gif","type":"image\/gif"}],"twitter_card":"summary_large_image","twitter_misc":{"Est. reading time":"2 minutes"},"schema":{"@context":"https:\/\/schema.org","@graph":[{"@type":"WebPage","@id":"https:\/\/www.touslesjourscurieux.fr\/produit\/je-donne-un-peu-plus","url":"https:\/\/www.touslesjourscurieux.fr\/produit\/je-donne-un-peu-plus","name":"POUR QUE LIKE LA REVUE PASSE \u00c0 LA VITESSE SUP\u00c9RIEURE","isPartOf":{"@id":"https:\/\/www.touslesjourscurieux.fr\/#website"},"primaryImageOfPage":{"@id":"https:\/\/www.touslesjourscurieux.fr\/produit\/je-donne-un-peu-plus#primaryimage"},"image":{"@id":"https:\/\/www.touslesjourscurieux.fr\/produit\/je-donne-un-peu-plus#primaryimage"},"thumbnailUrl":"https:\/\/i0.wp.com\/www.touslesjourscurieux.fr\/wp-content\/uploads\/2026\/03\/REVUE-LIKE-N23-50E.gif?fit=600%2C600&ssl=1","datePublished":"2025-09-19T07:15:30+00:00","dateModified":"2026-03-23T03:43:43+00:00","description":"Notre ambition: augmenter notre tirage pour \u00eatre fortement visible en librairie. Vous souscrivez 10\u20ac de plus\u2026 et vous faites un geste qui nous encourage.","breadcrumb":{"@id":"https:\/\/www.touslesjourscurieux.fr\/produit\/je-donne-un-peu-plus#breadcrumb"},"inLanguage":"en-US","potentialAction":[{"@type":"ReadAction","target":["https:\/\/www.touslesjourscurieux.fr\/produit\/je-donne-un-peu-plus"]}]},{"@type":"ImageObject","inLanguage":"en-US","@id":"https:\/\/www.touslesjourscurieux.fr\/produit\/je-donne-un-peu-plus#primaryimage","url":"https:\/\/i0.wp.com\/www.touslesjourscurieux.fr\/wp-content\/uploads\/2026\/03\/REVUE-LIKE-N23-50E.gif?fit=600%2C600&ssl=1","contentUrl":"https:\/\/i0.wp.com\/www.touslesjourscurieux.fr\/wp-content\/uploads\/2026\/03\/REVUE-LIKE-N23-50E.gif?fit=600%2C600&ssl=1","width":600,"height":600},{"@type":"BreadcrumbList","@id":"https:\/\/www.touslesjourscurieux.fr\/produit\/je-donne-un-peu-plus#breadcrumb","itemListElement":[{"@type":"ListItem","position":1,"name":"Accueil","item":"https:\/\/www.touslesjourscurieux.fr\/"},{"@type":"ListItem","position":2,"name":"LIKE la Revue, la boutique","item":"https:\/\/www.touslesjourscurieux.fr\/"},{"@type":"ListItem","position":3,"name":"JE DONNE (UN PEU) PLUS"}]},{"@type":"WebSite","@id":"https:\/\/www.touslesjourscurieux.fr\/#website","url":"https:\/\/www.touslesjourscurieux.fr\/","name":"LIKE la revue","description":"petit format grandes photos","publisher":{"@id":"https:\/\/www.touslesjourscurieux.fr\/#organization"},"potentialAction":[{"@type":"SearchAction","target":{"@type":"EntryPoint","urlTemplate":"https:\/\/www.touslesjourscurieux.fr\/?s={search_term_string}"},"query-input":{"@type":"PropertyValueSpecification","valueRequired":true,"valueName":"search_term_string"}}],"inLanguage":"en-US"},{"@type":"Organization","@id":"https:\/\/www.touslesjourscurieux.fr\/#organization","name":"LIKE la revue","url":"https:\/\/www.touslesjourscurieux.fr\/","logo":{"@type":"ImageObject","inLanguage":"en-US","@id":"https:\/\/www.touslesjourscurieux.fr\/#\/schema\/logo\/image\/","url":"https:\/\/i0.wp.com\/www.touslesjourscurieux.fr\/wp-content\/uploads\/2024\/09\/162305199_131399045654938_3947990576801447511_n.jpg?fit=942%2C514&ssl=1","contentUrl":"https:\/\/i0.wp.com\/www.touslesjourscurieux.fr\/wp-content\/uploads\/2024\/09\/162305199_131399045654938_3947990576801447511_n.jpg?fit=942%2C514&ssl=1","width":942,"height":514,"caption":"LIKE la revue"},"image":{"@id":"https:\/\/www.touslesjourscurieux.fr\/#\/schema\/logo\/image\/"},"sameAs":["https:\/\/www.facebook.com\/Touslesjourscurieux","http:\/\/instagram.com\/likelarevuetouslesjourscurieux"]}]}},"jetpack_sharing_enabled":true,"_links":{"self":[{"href":"https:\/\/www.touslesjourscurieux.fr\/en\/wp-json\/wp\/v2\/product\/3675","targetHints":{"allow":["GET"]}}],"collection":[{"href":"https:\/\/www.touslesjourscurieux.fr\/en\/wp-json\/wp\/v2\/product"}],"about":[{"href":"https:\/\/www.touslesjourscurieux.fr\/en\/wp-json\/wp\/v2\/types\/product"}],"replies":[{"embeddable":true,"href":"https:\/\/www.touslesjourscurieux.fr\/en\/wp-json\/wp\/v2\/comments?post=3675"}],"wp:featuredmedia":[{"embeddable":true,"href":"https:\/\/www.touslesjourscurieux.fr\/en\/wp-json\/wp\/v2\/media\/4793"}],"wp:attachment":[{"href":"https:\/\/www.touslesjourscurieux.fr\/en\/wp-json\/wp\/v2\/media?parent=3675"}],"wp:term":[{"taxonomy":"product_brand","embeddable":true,"href":"https:\/\/www.touslesjourscurieux.fr\/en\/wp-json\/wp\/v2\/product_brand?post=3675"},{"taxonomy":"product_cat","embeddable":true,"href":"https:\/\/www.touslesjourscurieux.fr\/en\/wp-json\/wp\/v2\/product_cat?post=3675"},{"taxonomy":"product_tag","embeddable":true,"href":"https:\/\/www.touslesjourscurieux.fr\/en\/wp-json\/wp\/v2\/product_tag?post=3675"}],"curies":[{"name":"wp","href":"https:\/\/api.w.org\/{rel}","templated":true}]}}