{"id":3453,"date":"2025-09-19T08:00:51","date_gmt":"2025-09-19T07:00:51","guid":{"rendered":"https:\/\/www.touslesjourscurieux.fr\/?post_type=product&#038;p=3453"},"modified":"2025-09-29T04:54:19","modified_gmt":"2025-09-29T03:54:19","slug":"joel-meyerowitz-special-edition-vol-02","status":"publish","type":"product","link":"https:\/\/www.touslesjourscurieux.fr\/en\/product\/joel-meyerowitz-special-edition-vol-02","title":{"rendered":"Joel Meyerowitz\u2022SPECIAL EDITION VOL.02\u2022"},"content":{"rendered":"<h1>A Candid Conversation with Joel Meyerowitz<\/h1>\n<h2>A major interview with New York photographer Joel Meyerowitz.<\/h2>\n<h2>Table of Contents<\/h2>\n<h3>Joel Meyerowitz<br \/>\nComing of Age Through 1960s Europe<\/h3>\n<p>From a museum in Paris to a gallery in New York, from the Rencontres d\u2019Arles to a bookstore in Bologna, our editor kept crossing paths with Joel Meyerowitz for decades\u00a0\u2013\u00a0without ever approaching him. Until one bright summer day in southern Spain\u00a0\u2013\u00a0a candid conversation ensued.<\/p>\n<h3>Vivian Maier<br \/>\nA Double Life<\/h3>\n<p>Who was Vivian Maier? What was her life? Why was her incredible work recognized worldwide years after her death? Two biographies \u2013 one by American writer Ann Marks, the other by French author Fran\u00e7oise Perron \u2013 offer contrasting perspectives. Two books, two investigations, two visions of a woman whose life remains intriguing.<\/p>\n<h3>Elliott Landy<br \/>\nBob, Janis, Joe, Grace, and the Rest\u2026<\/h3>\n<p>We\u2019ve seen his legendary photographs of Bob Dylan countless times, rarely pausing to consider the man behind the lens. A chance encounter leads us to Elliott Landy, and what starts as a brief exchange unfolds into hours of enthralling stories \u2013 stretching from Woodstock to the present day.<\/p>\n<h3>Kourtney Roy<br \/>\nLast Paradise in Rimini<\/h3>\n<p>A project blending photography with an original musical composition \u2013 that was the challenge taken up by Kourtney Roy and Mathias Delplanque, winners of the Prix Swiss Life \u00e0 4 Mains. A road trip through a Rimini abandoned by tourists, drenched in a surreal, post-apocalyptic color palette. We had to see it firsthand, in the thick of creation. We did not regret it.<\/p>\n<h3>Russ Melcher<br \/>\nAn American in Paris, the Prime of Photojournalism<\/h3>\n<p>An email from his son, Paul Melcher, arrived from New York: \u201cDo you know my father, Russell? You should! He was a photographer, then editor-in-chief at Magnum. We\u2019ve published a book about him. Oh, and just because he\u2019s American doesn\u2019t mean he lives in the U.S.! If you want to meet him, head to Carcassonne.\u201d<\/p>\n<h3>Marie Baronnet<br \/>\nForced March<\/h3>\n<p>Throughout the 2010s, she documented the U.S.-Mexico border. Her determined work led her to cross paths with ruthless smugglers, human rights activists, sheriffs, white supremacists, forensic doctors, and countless families marching toward the elusive \u201cAmerican Dream\u201d.<\/p>\n<h3>Peter Lindbergh<br \/>\nMirror Images<\/h3>\n<p>An undisputed icon of fashion photography, the German master had been working on a comprehensive retrospective of his work\u00a0\u2013\u00a0140 photographs\u00a0\u2013\u00a0shortly before his passing in 2019.<\/p>\n<h3>Celine Croze<br \/>\nLooking into the Darkness<\/h3>\n<p>She lives on the edge, constantly balancing on the precipice, much like those she captures in fleeting moments of life and humanity across Latin America. \u201cIf I don\u2019t live the moment as it should be lived, things won\u2019t unfold.\u201d<\/p>\n<h3>Marie-Laure de Decker<br \/>\nOne Last Visit<\/h3>\n<p>With sheer audacity, she secured her earliest assignments for Newsweek upon arriving in Vietnam\u00a0\u2013\u00a0years before falling in love with Chad. The life of this fearless photojournalist, who passed away in 2023, was a series of firsts: the first female photographer at the Gamma agency, the first to capture an image of newly elected French President Giscard d\u2019Estaing\u2026<\/p>\n<h3>Andy Sweet<br \/>\nBack to the Color of Life<\/h3>\n<p>He met a tragic end\u00a0\u2013\u00a0murdered in 1982 by two desperate men searching for cocaine. Yet, before his death, he had time to capture thousands of photographs of Jewish senior citizens basking in the Miami sun, radiating a vibrant, untold joy. A lost trove, painstakingly restored, now exhibited to wide acclaim\u00a0\u2013\u00a0a triumph of memory.<\/p>\n<h3>J\u00e9r\u00f4me de Perlinghi<br \/>\nKing Size Revival<\/h3>\n<p>For over a decade, he has orchestrated a major photography festival in Wilson, North Carolina. A native of Belgium and a photographer by trade, De Perlinghi mobilizes city officials and private donors to transform the streets into an annual celebration of the photographic arts. A success that contributes to the city\u2019s revival.<\/p>\n<h3>\u00a0More Books We Love<br \/>\n\u2022 Natalie Amargier\u2019s column<br \/>\n\u2022 Marc Pussemier\u2019s picks &#8211; our bookseller\u2019s must-reads<\/h3>\n<p>For the past 5 years, <em data-start=\"170\" data-end=\"185\">LIKE la revue<\/em> has been with you every quarter, filled with full-page photos and stories from photographers and key players in the world of photography. We&#8217;re holding strong!<\/p>\n<p>This magazine is a precious object, as it&#8217;s becoming increasingly rare: several of our fellow photo publications have either disappeared or significantly scaled back. It&#8217;s a worrying sign for everyone.<\/p>\n<p>Nonetheless, we remain committed to a simple yet powerful belief: to offer photographers a real place in a lasting publication.<\/p>\n<p>Support <em data-start=\"692\" data-end=\"707\">LIKE la revue<\/em> and dive into a wealth of fascinating topics with plenty of beautifully printed photos!!!<br data-start=\"797\" data-end=\"800\" \/>A heartfelt thank you. \ud83d\ude0a\u2764\ufe0f\u200d\ud83d\udd25\ud83c\udf81<\/p>","protected":false},"excerpt":{"rendered":"<p><strong><span style=\"color: #eb1c25;\">Le VOL 01 \ud83d\udc49 <\/span><\/strong>Envoy\u00e9 directement chez vous +Frais de port 2,50\u20ac<\/p>\n<p>212 pages. Format pratique 216X224mm.<\/p>\n<p>Notre hors-s\u00e9rie \u00e0 offrir ou \u00e0 d\u00e9couvrir! 25 rencontres. 25 r\u00e9cits. 25 livres photo. 25 photographes se racontent.<\/p>\n<p>&nbsp;<\/p>","protected":false},"featured_media":3621,"comment_status":"closed","ping_status":"closed","template":"","meta":[],"product_brand":[],"product_cat":[60,59,58],"product_tag":[],"class_list":{"0":"post-3453","1":"product","2":"type-product","3":"status-publish","4":"has-post-thumbnail","6":"product_cat-discover-a-french-photography-magazine","7":"product_cat-print-photography-magazine","8":"product_cat-special-edition","9":"product_shipping_class-revue","11":"first","12":"instock","13":"taxable","14":"shipping-taxable","15":"purchasable","16":"product-type-simple"},"yoast_head":"<!-- This site is optimized with the Yoast SEO plugin v27.3 - https:\/\/yoast.com\/product\/yoast-seo-wordpress\/ -->\n<title>Joel Meyerowitz - Hors-s\u00e9rie VOL.02 - Like la revue<\/title>\n<meta name=\"description\" content=\"A major encounter with the New York photographer Joel Meyerowitz, as well as Marie-Laure de Decker, Peter Lindbergh, Vivian Maier, Kourtney Roy\u2026\" \/>\n<meta name=\"robots\" content=\"index, follow, max-snippet:-1, max-image-preview:large, max-video-preview:-1\" \/>\n<link rel=\"canonical\" href=\"https:\/\/www.touslesjourscurieux.fr\/en\/product\/joel-meyerowitz-special-edition-vol-02\/\" \/>\n<meta property=\"og:locale\" content=\"en_US\" \/>\n<meta property=\"og:type\" content=\"article\" \/>\n<meta property=\"og:title\" content=\"Joel Meyerowitz - Hors-s\u00e9rie VOL.02 - Like la revue\" \/>\n<meta property=\"og:description\" content=\"A major encounter with the New York photographer Joel Meyerowitz, as well as Marie-Laure de Decker, Peter Lindbergh, Vivian Maier, Kourtney Roy\u2026\" \/>\n<meta property=\"og:url\" content=\"https:\/\/www.touslesjourscurieux.fr\/en\/product\/joel-meyerowitz-special-edition-vol-02\/\" \/>\n<meta property=\"og:site_name\" content=\"LIKE la revue\" \/>\n<meta property=\"article:publisher\" content=\"https:\/\/www.facebook.com\/Touslesjourscurieux\" \/>\n<meta property=\"article:modified_time\" content=\"2025-09-29T03:54:19+00:00\" \/>\n<meta property=\"og:image\" content=\"https:\/\/www.touslesjourscurieux.fr\/wp-content\/uploads\/2025\/03\/REVUE-LIKE-HORS-SERIE-VOL-02-CARRE-GB-min.jpg\" \/>\n\t<meta property=\"og:image:width\" content=\"600\" \/>\n\t<meta property=\"og:image:height\" content=\"600\" \/>\n\t<meta property=\"og:image:type\" content=\"image\/jpeg\" \/>\n<meta name=\"twitter:card\" content=\"summary_large_image\" \/>\n<meta name=\"twitter:label1\" content=\"Est. reading time\" \/>\n\t<meta name=\"twitter:data1\" content=\"4 minutes\" \/>\n<script type=\"application\/ld+json\" class=\"yoast-schema-graph\">{\"@context\":\"https:\\\/\\\/schema.org\",\"@graph\":[{\"@type\":\"WebPage\",\"@id\":\"https:\\\/\\\/www.touslesjourscurieux.fr\\\/produit\\\/joel-meyerowitz-special-edition-vol-02\",\"url\":\"https:\\\/\\\/www.touslesjourscurieux.fr\\\/produit\\\/joel-meyerowitz-special-edition-vol-02\",\"name\":\"Joel Meyerowitz - Hors-s\u00e9rie VOL.02 - Like la revue\",\"isPartOf\":{\"@id\":\"https:\\\/\\\/www.touslesjourscurieux.fr\\\/#website\"},\"primaryImageOfPage\":{\"@id\":\"https:\\\/\\\/www.touslesjourscurieux.fr\\\/produit\\\/joel-meyerowitz-special-edition-vol-02#primaryimage\"},\"image\":{\"@id\":\"https:\\\/\\\/www.touslesjourscurieux.fr\\\/produit\\\/joel-meyerowitz-special-edition-vol-02#primaryimage\"},\"thumbnailUrl\":\"https:\\\/\\\/i0.wp.com\\\/www.touslesjourscurieux.fr\\\/wp-content\\\/uploads\\\/2025\\\/03\\\/REVUE-LIKE-HORS-SERIE-VOL-02-CARRE-GB-min.jpg?fit=600%2C600&ssl=1\",\"datePublished\":\"2025-09-19T07:00:51+00:00\",\"dateModified\":\"2025-09-29T03:54:19+00:00\",\"description\":\"A major encounter with the New York photographer Joel Meyerowitz, as well as Marie-Laure de Decker, Peter Lindbergh, Vivian Maier, Kourtney Roy\u2026\",\"breadcrumb\":{\"@id\":\"https:\\\/\\\/www.touslesjourscurieux.fr\\\/produit\\\/joel-meyerowitz-special-edition-vol-02#breadcrumb\"},\"inLanguage\":\"en-US\",\"potentialAction\":[{\"@type\":\"ReadAction\",\"target\":[\"https:\\\/\\\/www.touslesjourscurieux.fr\\\/produit\\\/joel-meyerowitz-special-edition-vol-02\"]}]},{\"@type\":\"ImageObject\",\"inLanguage\":\"en-US\",\"@id\":\"https:\\\/\\\/www.touslesjourscurieux.fr\\\/produit\\\/joel-meyerowitz-special-edition-vol-02#primaryimage\",\"url\":\"https:\\\/\\\/i0.wp.com\\\/www.touslesjourscurieux.fr\\\/wp-content\\\/uploads\\\/2025\\\/03\\\/REVUE-LIKE-HORS-SERIE-VOL-02-CARRE-GB-min.jpg?fit=600%2C600&ssl=1\",\"contentUrl\":\"https:\\\/\\\/i0.wp.com\\\/www.touslesjourscurieux.fr\\\/wp-content\\\/uploads\\\/2025\\\/03\\\/REVUE-LIKE-HORS-SERIE-VOL-02-CARRE-GB-min.jpg?fit=600%2C600&ssl=1\",\"width\":600,\"height\":600},{\"@type\":\"BreadcrumbList\",\"@id\":\"https:\\\/\\\/www.touslesjourscurieux.fr\\\/produit\\\/joel-meyerowitz-special-edition-vol-02#breadcrumb\",\"itemListElement\":[{\"@type\":\"ListItem\",\"position\":1,\"name\":\"Accueil\",\"item\":\"https:\\\/\\\/www.touslesjourscurieux.fr\\\/\"},{\"@type\":\"ListItem\",\"position\":2,\"name\":\"LIKE la Revue, la boutique\",\"item\":\"https:\\\/\\\/www.touslesjourscurieux.fr\\\/\"},{\"@type\":\"ListItem\",\"position\":3,\"name\":\"Joel Meyerowitz\u2022SPECIAL EDITION VOL.02\u2022\"}]},{\"@type\":\"WebSite\",\"@id\":\"https:\\\/\\\/www.touslesjourscurieux.fr\\\/#website\",\"url\":\"https:\\\/\\\/www.touslesjourscurieux.fr\\\/\",\"name\":\"LIKE la revue\",\"description\":\"petit format grandes photos\",\"publisher\":{\"@id\":\"https:\\\/\\\/www.touslesjourscurieux.fr\\\/#organization\"},\"potentialAction\":[{\"@type\":\"SearchAction\",\"target\":{\"@type\":\"EntryPoint\",\"urlTemplate\":\"https:\\\/\\\/www.touslesjourscurieux.fr\\\/?s={search_term_string}\"},\"query-input\":{\"@type\":\"PropertyValueSpecification\",\"valueRequired\":true,\"valueName\":\"search_term_string\"}}],\"inLanguage\":\"en-US\"},{\"@type\":\"Organization\",\"@id\":\"https:\\\/\\\/www.touslesjourscurieux.fr\\\/#organization\",\"name\":\"LIKE la revue\",\"url\":\"https:\\\/\\\/www.touslesjourscurieux.fr\\\/\",\"logo\":{\"@type\":\"ImageObject\",\"inLanguage\":\"en-US\",\"@id\":\"https:\\\/\\\/www.touslesjourscurieux.fr\\\/#\\\/schema\\\/logo\\\/image\\\/\",\"url\":\"https:\\\/\\\/i0.wp.com\\\/www.touslesjourscurieux.fr\\\/wp-content\\\/uploads\\\/2024\\\/09\\\/162305199_131399045654938_3947990576801447511_n.jpg?fit=942%2C514&ssl=1\",\"contentUrl\":\"https:\\\/\\\/i0.wp.com\\\/www.touslesjourscurieux.fr\\\/wp-content\\\/uploads\\\/2024\\\/09\\\/162305199_131399045654938_3947990576801447511_n.jpg?fit=942%2C514&ssl=1\",\"width\":942,\"height\":514,\"caption\":\"LIKE la revue\"},\"image\":{\"@id\":\"https:\\\/\\\/www.touslesjourscurieux.fr\\\/#\\\/schema\\\/logo\\\/image\\\/\"},\"sameAs\":[\"https:\\\/\\\/www.facebook.com\\\/Touslesjourscurieux\",\"http:\\\/\\\/instagram.com\\\/likelarevuetouslesjourscurieux\"]}]}<\/script>\n<!-- \/ Yoast SEO plugin. -->","yoast_head_json":{"title":"Joel Meyerowitz - Hors-s\u00e9rie VOL.02 - Like la revue","description":"A major encounter with the New York photographer Joel Meyerowitz, as well as Marie-Laure de Decker, Peter Lindbergh, Vivian Maier, Kourtney Roy\u2026","robots":{"index":"index","follow":"follow","max-snippet":"max-snippet:-1","max-image-preview":"max-image-preview:large","max-video-preview":"max-video-preview:-1"},"canonical":"https:\/\/www.touslesjourscurieux.fr\/en\/product\/joel-meyerowitz-special-edition-vol-02\/","og_locale":"en_US","og_type":"article","og_title":"Joel Meyerowitz - Hors-s\u00e9rie VOL.02 - Like la revue","og_description":"A major encounter with the New York photographer Joel Meyerowitz, as well as Marie-Laure de Decker, Peter Lindbergh, Vivian Maier, Kourtney Roy\u2026","og_url":"https:\/\/www.touslesjourscurieux.fr\/en\/product\/joel-meyerowitz-special-edition-vol-02\/","og_site_name":"LIKE la revue","article_publisher":"https:\/\/www.facebook.com\/Touslesjourscurieux","article_modified_time":"2025-09-29T03:54:19+00:00","og_image":[{"width":600,"height":600,"url":"https:\/\/www.touslesjourscurieux.fr\/wp-content\/uploads\/2025\/03\/REVUE-LIKE-HORS-SERIE-VOL-02-CARRE-GB-min.jpg","type":"image\/jpeg"}],"twitter_card":"summary_large_image","twitter_misc":{"Est. reading time":"4 minutes"},"schema":{"@context":"https:\/\/schema.org","@graph":[{"@type":"WebPage","@id":"https:\/\/www.touslesjourscurieux.fr\/produit\/joel-meyerowitz-special-edition-vol-02","url":"https:\/\/www.touslesjourscurieux.fr\/produit\/joel-meyerowitz-special-edition-vol-02","name":"Joel Meyerowitz - Hors-s\u00e9rie VOL.02 - Like la revue","isPartOf":{"@id":"https:\/\/www.touslesjourscurieux.fr\/#website"},"primaryImageOfPage":{"@id":"https:\/\/www.touslesjourscurieux.fr\/produit\/joel-meyerowitz-special-edition-vol-02#primaryimage"},"image":{"@id":"https:\/\/www.touslesjourscurieux.fr\/produit\/joel-meyerowitz-special-edition-vol-02#primaryimage"},"thumbnailUrl":"https:\/\/i0.wp.com\/www.touslesjourscurieux.fr\/wp-content\/uploads\/2025\/03\/REVUE-LIKE-HORS-SERIE-VOL-02-CARRE-GB-min.jpg?fit=600%2C600&ssl=1","datePublished":"2025-09-19T07:00:51+00:00","dateModified":"2025-09-29T03:54:19+00:00","description":"A major encounter with the New York photographer Joel Meyerowitz, as well as Marie-Laure de Decker, Peter Lindbergh, Vivian Maier, Kourtney Roy\u2026","breadcrumb":{"@id":"https:\/\/www.touslesjourscurieux.fr\/produit\/joel-meyerowitz-special-edition-vol-02#breadcrumb"},"inLanguage":"en-US","potentialAction":[{"@type":"ReadAction","target":["https:\/\/www.touslesjourscurieux.fr\/produit\/joel-meyerowitz-special-edition-vol-02"]}]},{"@type":"ImageObject","inLanguage":"en-US","@id":"https:\/\/www.touslesjourscurieux.fr\/produit\/joel-meyerowitz-special-edition-vol-02#primaryimage","url":"https:\/\/i0.wp.com\/www.touslesjourscurieux.fr\/wp-content\/uploads\/2025\/03\/REVUE-LIKE-HORS-SERIE-VOL-02-CARRE-GB-min.jpg?fit=600%2C600&ssl=1","contentUrl":"https:\/\/i0.wp.com\/www.touslesjourscurieux.fr\/wp-content\/uploads\/2025\/03\/REVUE-LIKE-HORS-SERIE-VOL-02-CARRE-GB-min.jpg?fit=600%2C600&ssl=1","width":600,"height":600},{"@type":"BreadcrumbList","@id":"https:\/\/www.touslesjourscurieux.fr\/produit\/joel-meyerowitz-special-edition-vol-02#breadcrumb","itemListElement":[{"@type":"ListItem","position":1,"name":"Accueil","item":"https:\/\/www.touslesjourscurieux.fr\/"},{"@type":"ListItem","position":2,"name":"LIKE la Revue, la boutique","item":"https:\/\/www.touslesjourscurieux.fr\/"},{"@type":"ListItem","position":3,"name":"Joel Meyerowitz\u2022SPECIAL EDITION VOL.02\u2022"}]},{"@type":"WebSite","@id":"https:\/\/www.touslesjourscurieux.fr\/#website","url":"https:\/\/www.touslesjourscurieux.fr\/","name":"LIKE la revue","description":"petit format grandes photos","publisher":{"@id":"https:\/\/www.touslesjourscurieux.fr\/#organization"},"potentialAction":[{"@type":"SearchAction","target":{"@type":"EntryPoint","urlTemplate":"https:\/\/www.touslesjourscurieux.fr\/?s={search_term_string}"},"query-input":{"@type":"PropertyValueSpecification","valueRequired":true,"valueName":"search_term_string"}}],"inLanguage":"en-US"},{"@type":"Organization","@id":"https:\/\/www.touslesjourscurieux.fr\/#organization","name":"LIKE la revue","url":"https:\/\/www.touslesjourscurieux.fr\/","logo":{"@type":"ImageObject","inLanguage":"en-US","@id":"https:\/\/www.touslesjourscurieux.fr\/#\/schema\/logo\/image\/","url":"https:\/\/i0.wp.com\/www.touslesjourscurieux.fr\/wp-content\/uploads\/2024\/09\/162305199_131399045654938_3947990576801447511_n.jpg?fit=942%2C514&ssl=1","contentUrl":"https:\/\/i0.wp.com\/www.touslesjourscurieux.fr\/wp-content\/uploads\/2024\/09\/162305199_131399045654938_3947990576801447511_n.jpg?fit=942%2C514&ssl=1","width":942,"height":514,"caption":"LIKE la revue"},"image":{"@id":"https:\/\/www.touslesjourscurieux.fr\/#\/schema\/logo\/image\/"},"sameAs":["https:\/\/www.facebook.com\/Touslesjourscurieux","http:\/\/instagram.com\/likelarevuetouslesjourscurieux"]}]}},"jetpack_sharing_enabled":true,"_links":{"self":[{"href":"https:\/\/www.touslesjourscurieux.fr\/en\/wp-json\/wp\/v2\/product\/3453","targetHints":{"allow":["GET"]}}],"collection":[{"href":"https:\/\/www.touslesjourscurieux.fr\/en\/wp-json\/wp\/v2\/product"}],"about":[{"href":"https:\/\/www.touslesjourscurieux.fr\/en\/wp-json\/wp\/v2\/types\/product"}],"replies":[{"embeddable":true,"href":"https:\/\/www.touslesjourscurieux.fr\/en\/wp-json\/wp\/v2\/comments?post=3453"}],"wp:featuredmedia":[{"embeddable":true,"href":"https:\/\/www.touslesjourscurieux.fr\/en\/wp-json\/wp\/v2\/media\/3621"}],"wp:attachment":[{"href":"https:\/\/www.touslesjourscurieux.fr\/en\/wp-json\/wp\/v2\/media?parent=3453"}],"wp:term":[{"taxonomy":"product_brand","embeddable":true,"href":"https:\/\/www.touslesjourscurieux.fr\/en\/wp-json\/wp\/v2\/product_brand?post=3453"},{"taxonomy":"product_cat","embeddable":true,"href":"https:\/\/www.touslesjourscurieux.fr\/en\/wp-json\/wp\/v2\/product_cat?post=3453"},{"taxonomy":"product_tag","embeddable":true,"href":"https:\/\/www.touslesjourscurieux.fr\/en\/wp-json\/wp\/v2\/product_tag?post=3453"}],"curies":[{"name":"wp","href":"https:\/\/api.w.org\/{rel}","templated":true}]}}