{"id":3337,"date":"2025-03-22T15:25:14","date_gmt":"2025-03-22T14:25:14","guid":{"rendered":"https:\/\/www.touslesjourscurieux.fr\/?post_type=product&#038;p=3337"},"modified":"2025-06-16T11:42:34","modified_gmt":"2025-06-16T10:42:34","slug":"natalya-saprunova-peuples-du-froid-en-danger-20","status":"publish","type":"product","link":"https:\/\/www.touslesjourscurieux.fr\/en\/product\/natalya-saprunova-peuples-du-froid-en-danger-20","title":{"rendered":"Peuples du froid en danger \u2013 Le r\u00e9cit photographique de Natalya Saprunova #20"},"content":{"rendered":"<h1>Natalya Saprunova<br \/>\nPeuples du froid en danger<\/h1>\n<h2>Le r\u00e9cit photographique de Natalya Saprunova<\/h2>\n<p><strong>\u2022 \u00c0 travers ses reportages, Natalya Saprunova donne une voix aux populations autochtones des r\u00e9gions polaires et met en lumi\u00e8re les bouleversements climatiques qui redessinent les territoires et menacent la plan\u00e8te. Elle capte l\u2019essence m\u00eame des communaut\u00e9s qu\u2019elle photographie tout en s\u2019appuyant sur une d\u00e9marche journalistique rigoureuse. En observatrice attentive, elle rappelle que ce qui se joue en Arctique.<\/strong><\/p>\n<h3>Et 1 et 2 et 3, photo! Le grand Portfolio br\u00e9silien<\/h3>\n<p><strong>\u2022 Depuis plusieurs d\u00e9cennies, la Biblioth\u00e8que nationale de France (BnF) s\u2019int\u00e9resse \u00e0 la photographie br\u00e9silienne. Une dynamique initi\u00e9e d\u00e8s le XIXe si\u00e8cle. Aujourd\u2019hui, cette collection continue de s\u2019enrichir gr\u00e2ce \u00e0 des dons et un m\u00e9c\u00e9nat sp\u00e9cifique. D\u00e9couvrez les photos de Tanara Stuermer, Giovana S Nunes et Marcos Prado.<\/strong><\/p>\n<h3>Les d\u00e9mons carnavalesques de Pierre Liebaert<\/h3>\n<p><strong>\u2022 Le carnaval, au-del\u00e0 des confettis et des parades festives, incarne une crise, un moment de rupture n\u00e9cessaire pour la r\u00e9affirmation du collectif. Ce rite ancestral, souvent per\u00e7u comme un exutoire joyeux et bruyant, rev\u00eat en r\u00e9alit\u00e9 une dimension plus profonde, oscillant entre la transgression et la renaissance. Pierre Liebaert parcours l\u2019europe toute l\u2019ann\u00e9e pour photographier ces rites vivants venus des temps lointains.<\/strong><\/p>\n<h3>L\u2019hommage \u00e0 Jean-Claude Deutsch Le gentleman photographe<\/h3>\n<p><strong>\u2022 Il \u00e9tait de ceux qui traversent les modes sans jamais se d\u00e9moder. Jean-Claude Deutsch, figure incontournable du journal Paris Match, a laiss\u00e9 une empreinte ind\u00e9l\u00e9bile dans le monde de la photographie. Discret, classieux, toujours tir\u00e9 \u00e0 quatre \u00e9pingles, il alliait l\u2019\u00e9l\u00e9gance \u00e0 la d\u00e9termination. Ilan, son fils a repris le flambeau.<\/strong><\/p>\n<h3>L\u2019intelligence artificielle selon Serge Tisseron<\/h3>\n<p><strong>\u2022\u00a0Psychiatre, psychanalyste et chercheur, il est l\u2019une des figures majeures de la r\u00e9flexion sur l\u2019image et ses effets psychiques. Depuis plusieurs d\u00e9cennies, il explore les liens entre la photographie et la m\u00e9moire. Son dernier livre, Le jour o\u00f9 j\u2019ai tu\u00e9 mon fr\u00e8re, prolonge cette qu\u00eate en m\u00ealant analyse intime et r\u00e9flexion th\u00e9orique sur la puissance des images.<\/strong><\/p>\n<h3>Le voyage de Jean-Claude Coutausse<\/h3>\n<p><strong>\u2022 Il a travers\u00e9 les conflits, arpent\u00e9 les th\u00e9\u00e2tres de guerre, captur\u00e9 l\u2019histoire \u00e0 travers son objectif. Vingt-cinq ans apr\u00e8s avoir couvert le si\u00e8ge de la capitale bosnienne, Il a foul\u00e9 les rues de la ville lors d\u2019un semi-marathon, renouant ainsi, d\u2019une mani\u00e8re inattendue, avec un pass\u00e9 qu\u2019il pensait avoir laiss\u00e9 derri\u00e8re lui. Une fa\u00e7on pour lui de renouer avec une ville qui a marqu\u00e9 sa carri\u00e8re et sa vie.<\/strong><\/p>\n<h3>Le Paris d\u2019Agn\u00e8s Varda<\/h3>\n<p><strong>\u2022\u00a0Une immersion dans la cour-atelier de la rue Daguerre, lieu de vie et de cr\u00e9ation, de 1951 \u00e0 2019 d\u2019Agn\u00e8s Varda. \u00c0 la fois un studio de prise de vue, un laboratoire de d\u00e9veloppement et de tirages et le lieu de sa premi\u00e8re exposition personnelle en 1954. Un joyeux m\u00e9lange des genres.<\/strong><\/p>\n<h3>Le reportage de William Dupuy<\/h3>\n<p><strong>\u2022\u00a0Savez-vous que des millions de personnes traverse la vie sans existence l\u00e9gale? Des sans-papiers qui n\u2019ont pas traverss\u00e9 la m\u00e9dit\u00e9ran\u00e9e mais connaissent une vie lest\u00e9e par l\u2019absence de d\u00e9claration civile\u2026 Ils vivent chez eux comme des clandestins. Dupuy a recueillis les mots.<\/strong><\/p>\n<h3><strong>Sur les traces du Furan, la grande enqu\u00eate de Pierre Suchet\u2028\u00a0<\/strong><\/h3>\n<p><strong>\u2022\u00a0Une rivi\u00e8re suit un parcours tortueux et contrari\u00e9 qui prend naissance \u00e0 1 160 m\u00e8tres d\u2019altitude dans les Monts du Pilat, serpente sur 36 kilom\u00e8tres avant de se jeter dans la Loire \u00e0 Andr\u00e9zieux-Bouth\u00e9on en aval de Saint-Etienne. Mais plus qu\u2019un simple ruisseau, le Furan est un t\u00e9moin vivant de l\u2019histoire de cette agglom\u00e9ration. Suchet \u00e0 suivit son cours. <\/strong><\/p>\n<h3><strong>L\u2019art du portrait vrai d\u2019Oph\u00e9lie Loubat\u2028 <\/strong><\/h3>\n<p><strong>\u2022\u00a0Pour elle, une photo ne se prend pas: elle se construit dans la relation, en cherchant \u00e0 saisir ce qui est \u00e9prouv\u00e9. Son travail s\u2019expose, mais surtout, il raconte : des fragments de vie capt\u00e9s avec la rigueur d\u2019une enqu\u00eatrice et la sensibilit\u00e9 d\u2019une photographe engag\u00e9e. <\/strong><\/p>\n<p><strong>L\u2019air du temps pr\u00e9sent \u2022 L\u2019humeur de Gilles Mora. La chronique qui f\u00e2che. Les expositions et les chroniques Une s\u00e9quence importante consacr\u00e9e aux livres. Et toujours Concordance des temps de Natalie Amargier\u00a0 et les coups de c\u0153ur \u00e9ditoriaux de Marc Pussemier.<\/strong><\/p>\n<h2>NOUVELLE FORMULE. PLUS DE PAGES, PLUS DE PHOTOS, PLUS DE PLAISIR.<br \/>\nLe N20 \u00e0 15\u20ac en librairie mais reste \u00e0 9,90\u20ac ici. Le prix de l&#8217;abonnement reste inchang\u00e9. Toujours \u00e0 39,60\u20ac<\/h2>\n<h3><\/h3>","protected":false},"excerpt":{"rendered":"<p><span style=\"color: #ff0000;\"><strong>Abonnement<\/strong><\/span> <strong>\ud83d\udc49<\/strong>Envoy\u00e9 directement chez vous +Frais de port: 10\u20ac (4X2,50\u20ac)<\/p>","protected":false},"featured_media":3830,"comment_status":"closed","ping_status":"closed","template":"","meta":[],"product_brand":[],"product_cat":[28,19,27],"product_tag":[],"class_list":{"0":"post-3337","1":"product","2":"type-product","3":"status-publish","4":"has-post-thumbnail","6":"product_cat-les-photographes-prennent-la-parole","7":"product_cat-like-la-revue","8":"product_cat-revue-papier-de-photographie","9":"product_shipping_class-revue","11":"first","12":"instock","13":"taxable","14":"shipping-taxable","15":"product-type-simple"},"yoast_head":"<!-- This site is optimized with the Yoast SEO plugin v27.3 - https:\/\/yoast.com\/product\/yoast-seo-wordpress\/ -->\n<title>Natalya Saprunova - Peuple du froid en danger<\/title>\n<meta name=\"description\" content=\"Natalya Saprunova donne une voix aux populations des r\u00e9gions polaires et met en lumi\u00e8re les bouleversements climatiques. Peuples du froid en danger!\" \/>\n<meta name=\"robots\" content=\"index, follow, max-snippet:-1, max-image-preview:large, max-video-preview:-1\" \/>\n<link rel=\"canonical\" href=\"https:\/\/www.touslesjourscurieux.fr\/en\/product\/natalya-saprunova-peuples-du-froid-en-danger-20\/\" \/>\n<meta property=\"og:locale\" content=\"en_US\" \/>\n<meta property=\"og:type\" content=\"article\" \/>\n<meta property=\"og:title\" content=\"Natalya Saprunova - Peuple du froid en danger\" \/>\n<meta property=\"og:description\" content=\"Natalya Saprunova donne une voix aux populations des r\u00e9gions polaires et met en lumi\u00e8re les bouleversements climatiques. Peuples du froid en danger!\" \/>\n<meta property=\"og:url\" content=\"https:\/\/www.touslesjourscurieux.fr\/en\/product\/natalya-saprunova-peuples-du-froid-en-danger-20\/\" \/>\n<meta property=\"og:site_name\" content=\"LIKE la revue\" \/>\n<meta property=\"article:publisher\" content=\"https:\/\/www.facebook.com\/Touslesjourscurieux\" \/>\n<meta property=\"article:modified_time\" content=\"2025-06-16T10:42:34+00:00\" \/>\n<meta property=\"og:image\" content=\"https:\/\/www.touslesjourscurieux.fr\/wp-content\/uploads\/2025\/06\/REVUE-LIKE-N20-EPUISE.jpg\" \/>\n\t<meta property=\"og:image:width\" content=\"600\" \/>\n\t<meta property=\"og:image:height\" content=\"600\" \/>\n\t<meta property=\"og:image:type\" content=\"image\/jpeg\" \/>\n<meta name=\"twitter:card\" content=\"summary_large_image\" \/>\n<meta name=\"twitter:label1\" content=\"Est. reading time\" \/>\n\t<meta name=\"twitter:data1\" content=\"4 minutes\" \/>\n<script type=\"application\/ld+json\" class=\"yoast-schema-graph\">{\"@context\":\"https:\\\/\\\/schema.org\",\"@graph\":[{\"@type\":\"WebPage\",\"@id\":\"https:\\\/\\\/www.touslesjourscurieux.fr\\\/produit\\\/natalya-saprunova-peuples-du-froid-en-danger-20\",\"url\":\"https:\\\/\\\/www.touslesjourscurieux.fr\\\/produit\\\/natalya-saprunova-peuples-du-froid-en-danger-20\",\"name\":\"Natalya Saprunova - Peuple du froid en danger\",\"isPartOf\":{\"@id\":\"https:\\\/\\\/www.touslesjourscurieux.fr\\\/#website\"},\"primaryImageOfPage\":{\"@id\":\"https:\\\/\\\/www.touslesjourscurieux.fr\\\/produit\\\/natalya-saprunova-peuples-du-froid-en-danger-20#primaryimage\"},\"image\":{\"@id\":\"https:\\\/\\\/www.touslesjourscurieux.fr\\\/produit\\\/natalya-saprunova-peuples-du-froid-en-danger-20#primaryimage\"},\"thumbnailUrl\":\"https:\\\/\\\/i0.wp.com\\\/www.touslesjourscurieux.fr\\\/wp-content\\\/uploads\\\/2025\\\/06\\\/REVUE-LIKE-N20-EPUISE.jpg?fit=600%2C600&ssl=1\",\"datePublished\":\"2025-03-22T14:25:14+00:00\",\"dateModified\":\"2025-06-16T10:42:34+00:00\",\"description\":\"Natalya Saprunova donne une voix aux populations des r\u00e9gions polaires et met en lumi\u00e8re les bouleversements climatiques. Peuples du froid en danger!\",\"breadcrumb\":{\"@id\":\"https:\\\/\\\/www.touslesjourscurieux.fr\\\/produit\\\/natalya-saprunova-peuples-du-froid-en-danger-20#breadcrumb\"},\"inLanguage\":\"en-US\",\"potentialAction\":[{\"@type\":\"ReadAction\",\"target\":[\"https:\\\/\\\/www.touslesjourscurieux.fr\\\/produit\\\/natalya-saprunova-peuples-du-froid-en-danger-20\"]}]},{\"@type\":\"ImageObject\",\"inLanguage\":\"en-US\",\"@id\":\"https:\\\/\\\/www.touslesjourscurieux.fr\\\/produit\\\/natalya-saprunova-peuples-du-froid-en-danger-20#primaryimage\",\"url\":\"https:\\\/\\\/i0.wp.com\\\/www.touslesjourscurieux.fr\\\/wp-content\\\/uploads\\\/2025\\\/06\\\/REVUE-LIKE-N20-EPUISE.jpg?fit=600%2C600&ssl=1\",\"contentUrl\":\"https:\\\/\\\/i0.wp.com\\\/www.touslesjourscurieux.fr\\\/wp-content\\\/uploads\\\/2025\\\/06\\\/REVUE-LIKE-N20-EPUISE.jpg?fit=600%2C600&ssl=1\",\"width\":600,\"height\":600},{\"@type\":\"BreadcrumbList\",\"@id\":\"https:\\\/\\\/www.touslesjourscurieux.fr\\\/produit\\\/natalya-saprunova-peuples-du-froid-en-danger-20#breadcrumb\",\"itemListElement\":[{\"@type\":\"ListItem\",\"position\":1,\"name\":\"Accueil\",\"item\":\"https:\\\/\\\/www.touslesjourscurieux.fr\\\/\"},{\"@type\":\"ListItem\",\"position\":2,\"name\":\"LIKE la Revue, la boutique\",\"item\":\"https:\\\/\\\/www.touslesjourscurieux.fr\\\/\"},{\"@type\":\"ListItem\",\"position\":3,\"name\":\"Peuples du froid en danger \u2013 Le r\u00e9cit photographique de Natalya Saprunova #20\"}]},{\"@type\":\"WebSite\",\"@id\":\"https:\\\/\\\/www.touslesjourscurieux.fr\\\/#website\",\"url\":\"https:\\\/\\\/www.touslesjourscurieux.fr\\\/\",\"name\":\"LIKE la revue\",\"description\":\"petit format grandes photos\",\"publisher\":{\"@id\":\"https:\\\/\\\/www.touslesjourscurieux.fr\\\/#organization\"},\"potentialAction\":[{\"@type\":\"SearchAction\",\"target\":{\"@type\":\"EntryPoint\",\"urlTemplate\":\"https:\\\/\\\/www.touslesjourscurieux.fr\\\/?s={search_term_string}\"},\"query-input\":{\"@type\":\"PropertyValueSpecification\",\"valueRequired\":true,\"valueName\":\"search_term_string\"}}],\"inLanguage\":\"en-US\"},{\"@type\":\"Organization\",\"@id\":\"https:\\\/\\\/www.touslesjourscurieux.fr\\\/#organization\",\"name\":\"LIKE la revue\",\"url\":\"https:\\\/\\\/www.touslesjourscurieux.fr\\\/\",\"logo\":{\"@type\":\"ImageObject\",\"inLanguage\":\"en-US\",\"@id\":\"https:\\\/\\\/www.touslesjourscurieux.fr\\\/#\\\/schema\\\/logo\\\/image\\\/\",\"url\":\"https:\\\/\\\/i0.wp.com\\\/www.touslesjourscurieux.fr\\\/wp-content\\\/uploads\\\/2024\\\/09\\\/162305199_131399045654938_3947990576801447511_n.jpg?fit=942%2C514&ssl=1\",\"contentUrl\":\"https:\\\/\\\/i0.wp.com\\\/www.touslesjourscurieux.fr\\\/wp-content\\\/uploads\\\/2024\\\/09\\\/162305199_131399045654938_3947990576801447511_n.jpg?fit=942%2C514&ssl=1\",\"width\":942,\"height\":514,\"caption\":\"LIKE la revue\"},\"image\":{\"@id\":\"https:\\\/\\\/www.touslesjourscurieux.fr\\\/#\\\/schema\\\/logo\\\/image\\\/\"},\"sameAs\":[\"https:\\\/\\\/www.facebook.com\\\/Touslesjourscurieux\",\"http:\\\/\\\/instagram.com\\\/likelarevuetouslesjourscurieux\"]}]}<\/script>\n<!-- \/ Yoast SEO plugin. -->","yoast_head_json":{"title":"Natalya Saprunova - Peuple du froid en danger","description":"Natalya Saprunova donne une voix aux populations des r\u00e9gions polaires et met en lumi\u00e8re les bouleversements climatiques. Peuples du froid en danger!","robots":{"index":"index","follow":"follow","max-snippet":"max-snippet:-1","max-image-preview":"max-image-preview:large","max-video-preview":"max-video-preview:-1"},"canonical":"https:\/\/www.touslesjourscurieux.fr\/en\/product\/natalya-saprunova-peuples-du-froid-en-danger-20\/","og_locale":"en_US","og_type":"article","og_title":"Natalya Saprunova - Peuple du froid en danger","og_description":"Natalya Saprunova donne une voix aux populations des r\u00e9gions polaires et met en lumi\u00e8re les bouleversements climatiques. Peuples du froid en danger!","og_url":"https:\/\/www.touslesjourscurieux.fr\/en\/product\/natalya-saprunova-peuples-du-froid-en-danger-20\/","og_site_name":"LIKE la revue","article_publisher":"https:\/\/www.facebook.com\/Touslesjourscurieux","article_modified_time":"2025-06-16T10:42:34+00:00","og_image":[{"width":600,"height":600,"url":"https:\/\/www.touslesjourscurieux.fr\/wp-content\/uploads\/2025\/06\/REVUE-LIKE-N20-EPUISE.jpg","type":"image\/jpeg"}],"twitter_card":"summary_large_image","twitter_misc":{"Est. reading time":"4 minutes"},"schema":{"@context":"https:\/\/schema.org","@graph":[{"@type":"WebPage","@id":"https:\/\/www.touslesjourscurieux.fr\/produit\/natalya-saprunova-peuples-du-froid-en-danger-20","url":"https:\/\/www.touslesjourscurieux.fr\/produit\/natalya-saprunova-peuples-du-froid-en-danger-20","name":"Natalya Saprunova - Peuple du froid en danger","isPartOf":{"@id":"https:\/\/www.touslesjourscurieux.fr\/#website"},"primaryImageOfPage":{"@id":"https:\/\/www.touslesjourscurieux.fr\/produit\/natalya-saprunova-peuples-du-froid-en-danger-20#primaryimage"},"image":{"@id":"https:\/\/www.touslesjourscurieux.fr\/produit\/natalya-saprunova-peuples-du-froid-en-danger-20#primaryimage"},"thumbnailUrl":"https:\/\/i0.wp.com\/www.touslesjourscurieux.fr\/wp-content\/uploads\/2025\/06\/REVUE-LIKE-N20-EPUISE.jpg?fit=600%2C600&ssl=1","datePublished":"2025-03-22T14:25:14+00:00","dateModified":"2025-06-16T10:42:34+00:00","description":"Natalya Saprunova donne une voix aux populations des r\u00e9gions polaires et met en lumi\u00e8re les bouleversements climatiques. Peuples du froid en danger!","breadcrumb":{"@id":"https:\/\/www.touslesjourscurieux.fr\/produit\/natalya-saprunova-peuples-du-froid-en-danger-20#breadcrumb"},"inLanguage":"en-US","potentialAction":[{"@type":"ReadAction","target":["https:\/\/www.touslesjourscurieux.fr\/produit\/natalya-saprunova-peuples-du-froid-en-danger-20"]}]},{"@type":"ImageObject","inLanguage":"en-US","@id":"https:\/\/www.touslesjourscurieux.fr\/produit\/natalya-saprunova-peuples-du-froid-en-danger-20#primaryimage","url":"https:\/\/i0.wp.com\/www.touslesjourscurieux.fr\/wp-content\/uploads\/2025\/06\/REVUE-LIKE-N20-EPUISE.jpg?fit=600%2C600&ssl=1","contentUrl":"https:\/\/i0.wp.com\/www.touslesjourscurieux.fr\/wp-content\/uploads\/2025\/06\/REVUE-LIKE-N20-EPUISE.jpg?fit=600%2C600&ssl=1","width":600,"height":600},{"@type":"BreadcrumbList","@id":"https:\/\/www.touslesjourscurieux.fr\/produit\/natalya-saprunova-peuples-du-froid-en-danger-20#breadcrumb","itemListElement":[{"@type":"ListItem","position":1,"name":"Accueil","item":"https:\/\/www.touslesjourscurieux.fr\/"},{"@type":"ListItem","position":2,"name":"LIKE la Revue, la boutique","item":"https:\/\/www.touslesjourscurieux.fr\/"},{"@type":"ListItem","position":3,"name":"Peuples du froid en danger \u2013 Le r\u00e9cit photographique de Natalya Saprunova #20"}]},{"@type":"WebSite","@id":"https:\/\/www.touslesjourscurieux.fr\/#website","url":"https:\/\/www.touslesjourscurieux.fr\/","name":"LIKE la revue","description":"petit format grandes photos","publisher":{"@id":"https:\/\/www.touslesjourscurieux.fr\/#organization"},"potentialAction":[{"@type":"SearchAction","target":{"@type":"EntryPoint","urlTemplate":"https:\/\/www.touslesjourscurieux.fr\/?s={search_term_string}"},"query-input":{"@type":"PropertyValueSpecification","valueRequired":true,"valueName":"search_term_string"}}],"inLanguage":"en-US"},{"@type":"Organization","@id":"https:\/\/www.touslesjourscurieux.fr\/#organization","name":"LIKE la revue","url":"https:\/\/www.touslesjourscurieux.fr\/","logo":{"@type":"ImageObject","inLanguage":"en-US","@id":"https:\/\/www.touslesjourscurieux.fr\/#\/schema\/logo\/image\/","url":"https:\/\/i0.wp.com\/www.touslesjourscurieux.fr\/wp-content\/uploads\/2024\/09\/162305199_131399045654938_3947990576801447511_n.jpg?fit=942%2C514&ssl=1","contentUrl":"https:\/\/i0.wp.com\/www.touslesjourscurieux.fr\/wp-content\/uploads\/2024\/09\/162305199_131399045654938_3947990576801447511_n.jpg?fit=942%2C514&ssl=1","width":942,"height":514,"caption":"LIKE la revue"},"image":{"@id":"https:\/\/www.touslesjourscurieux.fr\/#\/schema\/logo\/image\/"},"sameAs":["https:\/\/www.facebook.com\/Touslesjourscurieux","http:\/\/instagram.com\/likelarevuetouslesjourscurieux"]}]}},"jetpack_sharing_enabled":true,"_links":{"self":[{"href":"https:\/\/www.touslesjourscurieux.fr\/en\/wp-json\/wp\/v2\/product\/3337","targetHints":{"allow":["GET"]}}],"collection":[{"href":"https:\/\/www.touslesjourscurieux.fr\/en\/wp-json\/wp\/v2\/product"}],"about":[{"href":"https:\/\/www.touslesjourscurieux.fr\/en\/wp-json\/wp\/v2\/types\/product"}],"replies":[{"embeddable":true,"href":"https:\/\/www.touslesjourscurieux.fr\/en\/wp-json\/wp\/v2\/comments?post=3337"}],"wp:featuredmedia":[{"embeddable":true,"href":"https:\/\/www.touslesjourscurieux.fr\/en\/wp-json\/wp\/v2\/media\/3830"}],"wp:attachment":[{"href":"https:\/\/www.touslesjourscurieux.fr\/en\/wp-json\/wp\/v2\/media?parent=3337"}],"wp:term":[{"taxonomy":"product_brand","embeddable":true,"href":"https:\/\/www.touslesjourscurieux.fr\/en\/wp-json\/wp\/v2\/product_brand?post=3337"},{"taxonomy":"product_cat","embeddable":true,"href":"https:\/\/www.touslesjourscurieux.fr\/en\/wp-json\/wp\/v2\/product_cat?post=3337"},{"taxonomy":"product_tag","embeddable":true,"href":"https:\/\/www.touslesjourscurieux.fr\/en\/wp-json\/wp\/v2\/product_tag?post=3337"}],"curies":[{"name":"wp","href":"https:\/\/api.w.org\/{rel}","templated":true}]}}