{"id":3090,"date":"2024-12-24T15:15:05","date_gmt":"2024-12-24T14:15:05","guid":{"rendered":"https:\/\/www.touslesjourscurieux.fr\/?post_type=product&#038;p=3090"},"modified":"2025-05-22T14:38:44","modified_gmt":"2025-05-22T13:38:44","slug":"jean-francois-spricigo-est-en-couverture-du-n19-de-like-la-revue","status":"publish","type":"product","link":"https:\/\/www.touslesjourscurieux.fr\/en\/product\/jean-francois-spricigo-est-en-couverture-du-n19-de-like-la-revue","title":{"rendered":"Jean-Fran\u00e7ois Spricigo &#8211; Roger Ballen &#8211; LIKE la revue #19"},"content":{"rendered":"<h1><strong>Jean-Fran\u00e7ois Spricigo <\/strong><\/h1>\n<h2><strong>Naturellement photographe<br \/>\n<\/strong><\/h2>\n<p>\u2022 Tout juste de retour du Festival Photo de Phnom Penh, Jean-Fran\u00e7ois Spricigo file \u00e0 un premier rendez-vous, avec le com\u00e9dien Jacques Bonnaff\u00e9. Ils pr\u00e9parent une performance pour le Festival du Regard de Cergy-Pontoise.<\/p>\n<h1>Roger Ballen<\/h1>\n<h2>Mes bonheurs cr\u00e9atifs<\/h2>\n<p>\u2022 Nous avons de Roger Ballen une vision vaguement inqui\u00e9tante \u2013un homme qui mat\u00e9rialise des sensations remont\u00e9es de l\u2019inconscient, flirte avec le monstrueux, met en sc\u00e8ne d\u2019indicibles \u00e9tranget\u00e9s. Nous d\u00e9couvrons un Roger Ballen\u00a0 chaleureux, souriant, \u2013voire blagueur-.<\/p>\n<h2><strong>Sylvie Bonnot<\/strong><br \/>\nLa for\u00eat dans la peau<\/h2>\n<p>\u2022 Dans la nuit du 19\u202fd\u00e9cembre 2019, une temp\u00eate traverse la Bourgogne, d\u00e9truisant en quelques heures l\u2019exploitation familiale de Sylvie Bonnot. Les grands pins gisent \u00e0 terre, renvers\u00e9s comme de fr\u00eales b\u00e2tonnets.<\/p>\n<h2>Jean-Michel Andr\u00e9<br \/>\nChambre 207, l\u2019autofiction r\u00e9paratrice<\/h2>\n<p>\u2022 Jean-Michel Andr\u00e9 a enfin termin\u00e9 le voyage. En solitaire, bien des ann\u00e9es plus tard. Un voyage commenc\u00e9 en 1983 avec son p\u00e8re Lucien Andr\u00e9, consul g\u00e9n\u00e9ral de France \u00e0 Sarrebruck, sa compagne Genevi\u00e8ve Dupont, et O., la fille de cette derni\u00e8re. Un voyage vers la Corse termin\u00e9 dans un bain de sang une nuit d\u2019\u00e9t\u00e9.<\/p>\n<h2>Claude Delalande<br \/>\nLa face montr\u00e9e du quotidien<\/h2>\n<p><strong>\u2022 <\/strong>Jean-Claude Delalande se demande encore ce qui vient de lui tomber sur la t\u00eate: on va lui remettre le Prix Vivianne Esders, dot\u00e9 de 50\u2009000\u202f\u20ac, qui couronne chaque ann\u00e9e un photographe de plus de 60 ans toujours en activit\u00e9. Le voil\u00e0 soudain au centre des conversations, lui, l&#8217;inconnu du milieu.<\/p>\n<h2>Isabelle Chapuis<br \/>\nLes langages du corps<\/h2>\n<p><strong>\u2022 <\/strong>Isabelle Chapuis est tout autant artiste que th\u00e9rapeute par la photo. Alert\u00e9es par ce maillage inattendu, les questions fusent.<\/p>\n<h2><strong>\u00c9meline Sauser<br \/>\nPhoto non-stop<\/strong><\/h2>\n<p><strong>\u2022 <\/strong>Classeur sous le bras ou ordinateur dans une sacoche, des photographes viennent pr\u00e9senter leurs travaux, demander des conseils, une \u00e9valuation: c\u2019est une lecture de portfolios tranquille, classique. Pas pour longtemps. Une jeune femme attend son tour, puis se plante devant nous, mains sur les hanches. Et elle n\u2019est pas contente.<\/p>\n<h2>L\u2019air du temps pr\u00e9sent<\/h2>\n<p>\u2022 L\u2019humeur de <strong>Gilles Mora<\/strong>. La chronique qui f\u00e2che.<\/p>\n<h2><strong>Les expositions et les chroniques<\/strong><\/h2>\n<p><strong>U<\/strong>ne s\u00e9quence importante consacr\u00e9e aux livres. Et toujours Concordance des temps de <strong>Natalie Amargier,<\/strong> la chronique de <strong>Denis Trasfi,<\/strong> l\u2019amoureux du mat\u00e9riel photo, et les coups de c\u0153ur \u00e9ditoriaux de <strong>Marc Pussemier.<\/strong><\/p>","protected":false},"excerpt":{"rendered":"<p><span style=\"color: #ff0000;\"><strong>Abonnement<\/strong><\/span> <strong>\ud83d\udc49<\/strong>Envoy\u00e9 directement chez vous +Frais de port: 10\u20ac (4X2,50\u20ac)<\/p>","protected":false},"featured_media":3624,"comment_status":"closed","ping_status":"closed","template":"","meta":[],"product_brand":[],"product_cat":[28,19,27],"product_tag":[],"class_list":{"0":"post-3090","1":"product","2":"type-product","3":"status-publish","4":"has-post-thumbnail","6":"product_cat-les-photographes-prennent-la-parole","7":"product_cat-like-la-revue","8":"product_cat-revue-papier-de-photographie","9":"product_shipping_class-revue","11":"first","12":"instock","13":"taxable","14":"shipping-taxable","15":"purchasable","16":"product-type-simple"},"yoast_head":"<!-- This site is optimized with the Yoast SEO plugin v27.3 - https:\/\/yoast.com\/product\/yoast-seo-wordpress\/ -->\n<title>Jean-Fran\u00e7ois Spricigo - Roger Ballen - LIKE la revue #19 - LIKE la revue<\/title>\n<meta name=\"description\" content=\"Ecriture, vid\u00e9o, sc\u00e8ne, ateliers, travail avec musiciens et acteurs, Jean-Fran\u00e7ois Spricigo reste avant tou un photographe enthousismant!\" \/>\n<meta name=\"robots\" content=\"index, follow, max-snippet:-1, max-image-preview:large, max-video-preview:-1\" \/>\n<link rel=\"canonical\" href=\"https:\/\/www.touslesjourscurieux.fr\/en\/product\/jean-francois-spricigo-est-en-couverture-du-n19-de-like-la-revue\/\" \/>\n<meta property=\"og:locale\" content=\"en_US\" \/>\n<meta property=\"og:type\" content=\"article\" \/>\n<meta property=\"og:title\" content=\"Jean-Fran\u00e7ois Spricigo - Roger Ballen - LIKE la revue #19 - LIKE la revue\" \/>\n<meta property=\"og:description\" content=\"Ecriture, vid\u00e9o, sc\u00e8ne, ateliers, travail avec musiciens et acteurs, Jean-Fran\u00e7ois Spricigo reste avant tou un photographe enthousismant!\" \/>\n<meta property=\"og:url\" content=\"https:\/\/www.touslesjourscurieux.fr\/en\/product\/jean-francois-spricigo-est-en-couverture-du-n19-de-like-la-revue\/\" \/>\n<meta property=\"og:site_name\" content=\"LIKE la revue\" \/>\n<meta property=\"article:publisher\" content=\"https:\/\/www.facebook.com\/Touslesjourscurieux\" \/>\n<meta property=\"article:modified_time\" content=\"2025-05-22T13:38:44+00:00\" \/>\n<meta property=\"og:image\" content=\"https:\/\/www.touslesjourscurieux.fr\/wp-content\/uploads\/2024\/12\/REVUE-LIKE-N19-JEAN-FRANCOIS-SPRICIGO-min.jpg\" \/>\n\t<meta property=\"og:image:width\" content=\"600\" \/>\n\t<meta property=\"og:image:height\" content=\"600\" \/>\n\t<meta property=\"og:image:type\" content=\"image\/jpeg\" \/>\n<meta name=\"twitter:card\" content=\"summary_large_image\" \/>\n<meta name=\"twitter:label1\" content=\"Est. reading time\" \/>\n\t<meta name=\"twitter:data1\" content=\"3 minutes\" \/>\n<script type=\"application\/ld+json\" class=\"yoast-schema-graph\">{\"@context\":\"https:\\\/\\\/schema.org\",\"@graph\":[{\"@type\":\"WebPage\",\"@id\":\"https:\\\/\\\/www.touslesjourscurieux.fr\\\/produit\\\/jean-francois-spricigo-est-en-couverture-du-n19-de-like-la-revue\",\"url\":\"https:\\\/\\\/www.touslesjourscurieux.fr\\\/produit\\\/jean-francois-spricigo-est-en-couverture-du-n19-de-like-la-revue\",\"name\":\"Jean-Fran\u00e7ois Spricigo - Roger Ballen - LIKE la revue #19 - LIKE la revue\",\"isPartOf\":{\"@id\":\"https:\\\/\\\/www.touslesjourscurieux.fr\\\/#website\"},\"primaryImageOfPage\":{\"@id\":\"https:\\\/\\\/www.touslesjourscurieux.fr\\\/produit\\\/jean-francois-spricigo-est-en-couverture-du-n19-de-like-la-revue#primaryimage\"},\"image\":{\"@id\":\"https:\\\/\\\/www.touslesjourscurieux.fr\\\/produit\\\/jean-francois-spricigo-est-en-couverture-du-n19-de-like-la-revue#primaryimage\"},\"thumbnailUrl\":\"https:\\\/\\\/i0.wp.com\\\/www.touslesjourscurieux.fr\\\/wp-content\\\/uploads\\\/2024\\\/12\\\/REVUE-LIKE-N19-JEAN-FRANCOIS-SPRICIGO-min.jpg?fit=600%2C600&ssl=1\",\"datePublished\":\"2024-12-24T14:15:05+00:00\",\"dateModified\":\"2025-05-22T13:38:44+00:00\",\"description\":\"Ecriture, vid\u00e9o, sc\u00e8ne, ateliers, travail avec musiciens et acteurs, Jean-Fran\u00e7ois Spricigo reste avant tou un photographe enthousismant!\",\"breadcrumb\":{\"@id\":\"https:\\\/\\\/www.touslesjourscurieux.fr\\\/produit\\\/jean-francois-spricigo-est-en-couverture-du-n19-de-like-la-revue#breadcrumb\"},\"inLanguage\":\"en-US\",\"potentialAction\":[{\"@type\":\"ReadAction\",\"target\":[\"https:\\\/\\\/www.touslesjourscurieux.fr\\\/produit\\\/jean-francois-spricigo-est-en-couverture-du-n19-de-like-la-revue\"]}]},{\"@type\":\"ImageObject\",\"inLanguage\":\"en-US\",\"@id\":\"https:\\\/\\\/www.touslesjourscurieux.fr\\\/produit\\\/jean-francois-spricigo-est-en-couverture-du-n19-de-like-la-revue#primaryimage\",\"url\":\"https:\\\/\\\/i0.wp.com\\\/www.touslesjourscurieux.fr\\\/wp-content\\\/uploads\\\/2024\\\/12\\\/REVUE-LIKE-N19-JEAN-FRANCOIS-SPRICIGO-min.jpg?fit=600%2C600&ssl=1\",\"contentUrl\":\"https:\\\/\\\/i0.wp.com\\\/www.touslesjourscurieux.fr\\\/wp-content\\\/uploads\\\/2024\\\/12\\\/REVUE-LIKE-N19-JEAN-FRANCOIS-SPRICIGO-min.jpg?fit=600%2C600&ssl=1\",\"width\":600,\"height\":600},{\"@type\":\"BreadcrumbList\",\"@id\":\"https:\\\/\\\/www.touslesjourscurieux.fr\\\/produit\\\/jean-francois-spricigo-est-en-couverture-du-n19-de-like-la-revue#breadcrumb\",\"itemListElement\":[{\"@type\":\"ListItem\",\"position\":1,\"name\":\"Accueil\",\"item\":\"https:\\\/\\\/www.touslesjourscurieux.fr\\\/\"},{\"@type\":\"ListItem\",\"position\":2,\"name\":\"LIKE la Revue, la boutique\",\"item\":\"https:\\\/\\\/www.touslesjourscurieux.fr\\\/\"},{\"@type\":\"ListItem\",\"position\":3,\"name\":\"Jean-Fran\u00e7ois Spricigo &#8211; Roger Ballen &#8211; LIKE la revue #19\"}]},{\"@type\":\"WebSite\",\"@id\":\"https:\\\/\\\/www.touslesjourscurieux.fr\\\/#website\",\"url\":\"https:\\\/\\\/www.touslesjourscurieux.fr\\\/\",\"name\":\"LIKE la revue\",\"description\":\"petit format grandes photos\",\"publisher\":{\"@id\":\"https:\\\/\\\/www.touslesjourscurieux.fr\\\/#organization\"},\"potentialAction\":[{\"@type\":\"SearchAction\",\"target\":{\"@type\":\"EntryPoint\",\"urlTemplate\":\"https:\\\/\\\/www.touslesjourscurieux.fr\\\/?s={search_term_string}\"},\"query-input\":{\"@type\":\"PropertyValueSpecification\",\"valueRequired\":true,\"valueName\":\"search_term_string\"}}],\"inLanguage\":\"en-US\"},{\"@type\":\"Organization\",\"@id\":\"https:\\\/\\\/www.touslesjourscurieux.fr\\\/#organization\",\"name\":\"LIKE la revue\",\"url\":\"https:\\\/\\\/www.touslesjourscurieux.fr\\\/\",\"logo\":{\"@type\":\"ImageObject\",\"inLanguage\":\"en-US\",\"@id\":\"https:\\\/\\\/www.touslesjourscurieux.fr\\\/#\\\/schema\\\/logo\\\/image\\\/\",\"url\":\"https:\\\/\\\/i0.wp.com\\\/www.touslesjourscurieux.fr\\\/wp-content\\\/uploads\\\/2024\\\/09\\\/162305199_131399045654938_3947990576801447511_n.jpg?fit=942%2C514&ssl=1\",\"contentUrl\":\"https:\\\/\\\/i0.wp.com\\\/www.touslesjourscurieux.fr\\\/wp-content\\\/uploads\\\/2024\\\/09\\\/162305199_131399045654938_3947990576801447511_n.jpg?fit=942%2C514&ssl=1\",\"width\":942,\"height\":514,\"caption\":\"LIKE la revue\"},\"image\":{\"@id\":\"https:\\\/\\\/www.touslesjourscurieux.fr\\\/#\\\/schema\\\/logo\\\/image\\\/\"},\"sameAs\":[\"https:\\\/\\\/www.facebook.com\\\/Touslesjourscurieux\",\"http:\\\/\\\/instagram.com\\\/likelarevuetouslesjourscurieux\"]}]}<\/script>\n<!-- \/ Yoast SEO plugin. -->","yoast_head_json":{"title":"Jean-Fran\u00e7ois Spricigo - Roger Ballen - LIKE la revue #19 - LIKE la revue","description":"Ecriture, vid\u00e9o, sc\u00e8ne, ateliers, travail avec musiciens et acteurs, Jean-Fran\u00e7ois Spricigo reste avant tou un photographe enthousismant!","robots":{"index":"index","follow":"follow","max-snippet":"max-snippet:-1","max-image-preview":"max-image-preview:large","max-video-preview":"max-video-preview:-1"},"canonical":"https:\/\/www.touslesjourscurieux.fr\/en\/product\/jean-francois-spricigo-est-en-couverture-du-n19-de-like-la-revue\/","og_locale":"en_US","og_type":"article","og_title":"Jean-Fran\u00e7ois Spricigo - Roger Ballen - LIKE la revue #19 - LIKE la revue","og_description":"Ecriture, vid\u00e9o, sc\u00e8ne, ateliers, travail avec musiciens et acteurs, Jean-Fran\u00e7ois Spricigo reste avant tou un photographe enthousismant!","og_url":"https:\/\/www.touslesjourscurieux.fr\/en\/product\/jean-francois-spricigo-est-en-couverture-du-n19-de-like-la-revue\/","og_site_name":"LIKE la revue","article_publisher":"https:\/\/www.facebook.com\/Touslesjourscurieux","article_modified_time":"2025-05-22T13:38:44+00:00","og_image":[{"width":600,"height":600,"url":"https:\/\/www.touslesjourscurieux.fr\/wp-content\/uploads\/2024\/12\/REVUE-LIKE-N19-JEAN-FRANCOIS-SPRICIGO-min.jpg","type":"image\/jpeg"}],"twitter_card":"summary_large_image","twitter_misc":{"Est. reading time":"3 minutes"},"schema":{"@context":"https:\/\/schema.org","@graph":[{"@type":"WebPage","@id":"https:\/\/www.touslesjourscurieux.fr\/produit\/jean-francois-spricigo-est-en-couverture-du-n19-de-like-la-revue","url":"https:\/\/www.touslesjourscurieux.fr\/produit\/jean-francois-spricigo-est-en-couverture-du-n19-de-like-la-revue","name":"Jean-Fran\u00e7ois Spricigo - Roger Ballen - LIKE la revue #19 - LIKE la revue","isPartOf":{"@id":"https:\/\/www.touslesjourscurieux.fr\/#website"},"primaryImageOfPage":{"@id":"https:\/\/www.touslesjourscurieux.fr\/produit\/jean-francois-spricigo-est-en-couverture-du-n19-de-like-la-revue#primaryimage"},"image":{"@id":"https:\/\/www.touslesjourscurieux.fr\/produit\/jean-francois-spricigo-est-en-couverture-du-n19-de-like-la-revue#primaryimage"},"thumbnailUrl":"https:\/\/i0.wp.com\/www.touslesjourscurieux.fr\/wp-content\/uploads\/2024\/12\/REVUE-LIKE-N19-JEAN-FRANCOIS-SPRICIGO-min.jpg?fit=600%2C600&ssl=1","datePublished":"2024-12-24T14:15:05+00:00","dateModified":"2025-05-22T13:38:44+00:00","description":"Ecriture, vid\u00e9o, sc\u00e8ne, ateliers, travail avec musiciens et acteurs, Jean-Fran\u00e7ois Spricigo reste avant tou un photographe enthousismant!","breadcrumb":{"@id":"https:\/\/www.touslesjourscurieux.fr\/produit\/jean-francois-spricigo-est-en-couverture-du-n19-de-like-la-revue#breadcrumb"},"inLanguage":"en-US","potentialAction":[{"@type":"ReadAction","target":["https:\/\/www.touslesjourscurieux.fr\/produit\/jean-francois-spricigo-est-en-couverture-du-n19-de-like-la-revue"]}]},{"@type":"ImageObject","inLanguage":"en-US","@id":"https:\/\/www.touslesjourscurieux.fr\/produit\/jean-francois-spricigo-est-en-couverture-du-n19-de-like-la-revue#primaryimage","url":"https:\/\/i0.wp.com\/www.touslesjourscurieux.fr\/wp-content\/uploads\/2024\/12\/REVUE-LIKE-N19-JEAN-FRANCOIS-SPRICIGO-min.jpg?fit=600%2C600&ssl=1","contentUrl":"https:\/\/i0.wp.com\/www.touslesjourscurieux.fr\/wp-content\/uploads\/2024\/12\/REVUE-LIKE-N19-JEAN-FRANCOIS-SPRICIGO-min.jpg?fit=600%2C600&ssl=1","width":600,"height":600},{"@type":"BreadcrumbList","@id":"https:\/\/www.touslesjourscurieux.fr\/produit\/jean-francois-spricigo-est-en-couverture-du-n19-de-like-la-revue#breadcrumb","itemListElement":[{"@type":"ListItem","position":1,"name":"Accueil","item":"https:\/\/www.touslesjourscurieux.fr\/"},{"@type":"ListItem","position":2,"name":"LIKE la Revue, la boutique","item":"https:\/\/www.touslesjourscurieux.fr\/"},{"@type":"ListItem","position":3,"name":"Jean-Fran\u00e7ois Spricigo &#8211; Roger Ballen &#8211; LIKE la revue #19"}]},{"@type":"WebSite","@id":"https:\/\/www.touslesjourscurieux.fr\/#website","url":"https:\/\/www.touslesjourscurieux.fr\/","name":"LIKE la revue","description":"petit format grandes photos","publisher":{"@id":"https:\/\/www.touslesjourscurieux.fr\/#organization"},"potentialAction":[{"@type":"SearchAction","target":{"@type":"EntryPoint","urlTemplate":"https:\/\/www.touslesjourscurieux.fr\/?s={search_term_string}"},"query-input":{"@type":"PropertyValueSpecification","valueRequired":true,"valueName":"search_term_string"}}],"inLanguage":"en-US"},{"@type":"Organization","@id":"https:\/\/www.touslesjourscurieux.fr\/#organization","name":"LIKE la revue","url":"https:\/\/www.touslesjourscurieux.fr\/","logo":{"@type":"ImageObject","inLanguage":"en-US","@id":"https:\/\/www.touslesjourscurieux.fr\/#\/schema\/logo\/image\/","url":"https:\/\/i0.wp.com\/www.touslesjourscurieux.fr\/wp-content\/uploads\/2024\/09\/162305199_131399045654938_3947990576801447511_n.jpg?fit=942%2C514&ssl=1","contentUrl":"https:\/\/i0.wp.com\/www.touslesjourscurieux.fr\/wp-content\/uploads\/2024\/09\/162305199_131399045654938_3947990576801447511_n.jpg?fit=942%2C514&ssl=1","width":942,"height":514,"caption":"LIKE la revue"},"image":{"@id":"https:\/\/www.touslesjourscurieux.fr\/#\/schema\/logo\/image\/"},"sameAs":["https:\/\/www.facebook.com\/Touslesjourscurieux","http:\/\/instagram.com\/likelarevuetouslesjourscurieux"]}]}},"jetpack_sharing_enabled":true,"_links":{"self":[{"href":"https:\/\/www.touslesjourscurieux.fr\/en\/wp-json\/wp\/v2\/product\/3090","targetHints":{"allow":["GET"]}}],"collection":[{"href":"https:\/\/www.touslesjourscurieux.fr\/en\/wp-json\/wp\/v2\/product"}],"about":[{"href":"https:\/\/www.touslesjourscurieux.fr\/en\/wp-json\/wp\/v2\/types\/product"}],"replies":[{"embeddable":true,"href":"https:\/\/www.touslesjourscurieux.fr\/en\/wp-json\/wp\/v2\/comments?post=3090"}],"wp:featuredmedia":[{"embeddable":true,"href":"https:\/\/www.touslesjourscurieux.fr\/en\/wp-json\/wp\/v2\/media\/3624"}],"wp:attachment":[{"href":"https:\/\/www.touslesjourscurieux.fr\/en\/wp-json\/wp\/v2\/media?parent=3090"}],"wp:term":[{"taxonomy":"product_brand","embeddable":true,"href":"https:\/\/www.touslesjourscurieux.fr\/en\/wp-json\/wp\/v2\/product_brand?post=3090"},{"taxonomy":"product_cat","embeddable":true,"href":"https:\/\/www.touslesjourscurieux.fr\/en\/wp-json\/wp\/v2\/product_cat?post=3090"},{"taxonomy":"product_tag","embeddable":true,"href":"https:\/\/www.touslesjourscurieux.fr\/en\/wp-json\/wp\/v2\/product_tag?post=3090"}],"curies":[{"name":"wp","href":"https:\/\/api.w.org\/{rel}","templated":true}]}}