{"id":3053,"date":"2023-02-05T21:24:08","date_gmt":"2023-02-05T20:24:08","guid":{"rendered":"https:\/\/www.touslesjourscurieux.fr\/?post_type=product&#038;p=3053"},"modified":"2025-05-22T14:46:11","modified_gmt":"2025-05-22T13:46:11","slug":"eric-tabuchi-nelly-monnier-like-la-revue-13","status":"publish","type":"product","link":"https:\/\/www.touslesjourscurieux.fr\/en\/product\/eric-tabuchi-nelly-monnier-like-la-revue-13","title":{"rendered":"\u00c9ric Tabuchi &#038; Nelly Monnier &#8211; LIKE la revue #13"},"content":{"rendered":"<h1>\u00c9ric Tabuchi &amp; Nelly Monnier<\/h1>\n<h3>Depuis des ann\u00e9es, ils sillonnent les d\u00e9partementales \u00e0 30\u202fkm\/h. Leur but? D\u00e9terminer quelles sont les fronti\u00e8res naturelles de nos r\u00e9gions et en photographier les signes visibles. Une recherche sans fin sur un terrain de jeu \u00e0 l\u2019\u00e9chelle d\u2019un pays, le n\u00f4tre, que nous ne voyons plus vraiment. En voiture avec les Tabuchi-Monnier!<\/h3>\n<h2>S\u00e9gol\u00e8ne Ragu photographe franco-libanaise. Elle a suivi la vie quotidienne d\u2019un immeuble \u00e0 Beyrouth.<br \/>\nGilles Leimdorfer a men\u00e9 une v\u00e9ritable enqu\u00eate pour retrouver les Miss France de plus de 50 ans.<br \/>\nLib\u00e9ration avant Lib\u00e9. Une histoire de photographes.<br \/>\nSophie Z\u00e9non L\u2019herbe aux yeux bleus.<br \/>\nSur la fiche Wikip\u00e9dia de Nikos Aliagas, on peut lire: \u00abJournaliste, chanteur, animateur de radio et de t\u00e9l\u00e9vision, acteur et photographe franco-grec.\u00bb Trop pour un seul homme direz-vous, mais tout est vrai\u2009. Surtout la photo.<br \/>\nAvec l\u2019irruption de l\u2019intelligence artificielle dans l\u2019espace public fleurissent de toutes parts des articles annon\u00e7ant l\u2019apocalypse. Le loup est-il dans l\u2019imagerie?<br \/>\nAlessandro Cinque \u202fP\u00e9rou, un \u00c9tat toxique. Un v\u00e9ritable scandale \u00e9cologique.<br \/>\nAndr\u00e9 Ostier a v\u00e9cu la p\u00e9riode de la fin de la guerre\u2026 derri\u00e8re les barreaux de la prison de la Sant\u00e9! Ce photographe, fils de la haute bourgeoisie, va croupir \u2013et tenir son journal de bord\u2013 au milieu des truands, jusqu\u2019\u00e0 la Lib\u00e9ration de Paris. \u00c0 lire comme un roman.<\/h2>","protected":false},"excerpt":{"rendered":"<p><strong><span style=\"color: #eb1c25;\">Le N\u00b0 01 \ud83d\udc49<\/span><\/strong>Envoy\u00e9 directement chez vous +Frais de port 2,50\u20ac<\/p>\n<p>La grippe espagnole. D\u00e9j\u00e0 les masques &#8211; Indice de mixit\u00e9 Anne-Christine Poujoulat &#8211; 50 ans de photo en France Michel Poivert &#8211; R\u00e9v\u00e9lateur de sens Jean-Christian Bourcart &#8211; Au c\u0153ur des ann\u00e9es 1970.Le grand r\u00e9cit de Max Pam &#8211; De l\u2019Indochine \u00e0 la Nouvelle vague Raymond Cauchetier &#8211; La b\u00eate fait la belle Ferry van Tongeren et Jaap Sinke.<\/p>\n<p>&nbsp;<\/p>","protected":false},"featured_media":3630,"comment_status":"closed","ping_status":"closed","template":"","meta":[],"product_brand":[],"product_cat":[19,25,27],"product_tag":[],"class_list":{"0":"post-3053","1":"product","2":"type-product","3":"status-publish","4":"has-post-thumbnail","6":"product_cat-like-la-revue","7":"product_cat-photographe-et-artiste","8":"product_cat-revue-papier-de-photographie","9":"product_shipping_class-revue","11":"first","12":"instock","13":"taxable","14":"shipping-taxable","15":"purchasable","16":"product-type-simple"},"yoast_head":"<!-- This site is optimized with the Yoast SEO plugin v27.3 - https:\/\/yoast.com\/product\/yoast-seo-wordpress\/ -->\n<title>\u00c9ric Tabuchi &amp; Nelly Monnier - LIKE la revue #13 - LIKE la revue<\/title>\n<meta name=\"description\" content=\"\u00c9ric Tabuchi &amp; Nelly Monnier - Ils sillonnent les d\u00e9partementales pour d\u00e9terminer quelles sont les fronti\u00e8res naturelles de nos r\u00e9gions.\" \/>\n<meta name=\"robots\" content=\"index, follow, max-snippet:-1, max-image-preview:large, max-video-preview:-1\" \/>\n<link rel=\"canonical\" href=\"https:\/\/www.touslesjourscurieux.fr\/en\/product\/eric-tabuchi-nelly-monnier-like-la-revue-13\/\" \/>\n<meta property=\"og:locale\" content=\"en_US\" \/>\n<meta property=\"og:type\" content=\"article\" \/>\n<meta property=\"og:title\" content=\"\u00c9ric Tabuchi &amp; Nelly Monnier - LIKE la revue #13 - LIKE la revue\" \/>\n<meta property=\"og:description\" content=\"\u00c9ric Tabuchi &amp; Nelly Monnier - Ils sillonnent les d\u00e9partementales pour d\u00e9terminer quelles sont les fronti\u00e8res naturelles de nos r\u00e9gions.\" \/>\n<meta property=\"og:url\" content=\"https:\/\/www.touslesjourscurieux.fr\/en\/product\/eric-tabuchi-nelly-monnier-like-la-revue-13\/\" \/>\n<meta property=\"og:site_name\" content=\"LIKE la revue\" \/>\n<meta property=\"article:publisher\" content=\"https:\/\/www.facebook.com\/Touslesjourscurieux\" \/>\n<meta property=\"article:modified_time\" content=\"2025-05-22T13:46:11+00:00\" \/>\n<meta property=\"og:image\" content=\"https:\/\/www.touslesjourscurieux.fr\/wp-content\/uploads\/2023\/02\/REVUE-LIKE-N12-TOUTES-LES-COUVES-CARRE-SEUL-min.jpg\" \/>\n\t<meta property=\"og:image:width\" content=\"600\" \/>\n\t<meta property=\"og:image:height\" content=\"600\" \/>\n\t<meta property=\"og:image:type\" content=\"image\/jpeg\" \/>\n<meta name=\"twitter:card\" content=\"summary_large_image\" \/>\n<meta name=\"twitter:label1\" content=\"Est. reading time\" \/>\n\t<meta name=\"twitter:data1\" content=\"2 minutes\" \/>\n<script type=\"application\/ld+json\" class=\"yoast-schema-graph\">{\"@context\":\"https:\\\/\\\/schema.org\",\"@graph\":[{\"@type\":\"WebPage\",\"@id\":\"https:\\\/\\\/www.touslesjourscurieux.fr\\\/produit\\\/eric-tabuchi-nelly-monnier-like-la-revue-13\",\"url\":\"https:\\\/\\\/www.touslesjourscurieux.fr\\\/produit\\\/eric-tabuchi-nelly-monnier-like-la-revue-13\",\"name\":\"\u00c9ric Tabuchi & Nelly Monnier - LIKE la revue #13 - LIKE la revue\",\"isPartOf\":{\"@id\":\"https:\\\/\\\/www.touslesjourscurieux.fr\\\/#website\"},\"primaryImageOfPage\":{\"@id\":\"https:\\\/\\\/www.touslesjourscurieux.fr\\\/produit\\\/eric-tabuchi-nelly-monnier-like-la-revue-13#primaryimage\"},\"image\":{\"@id\":\"https:\\\/\\\/www.touslesjourscurieux.fr\\\/produit\\\/eric-tabuchi-nelly-monnier-like-la-revue-13#primaryimage\"},\"thumbnailUrl\":\"https:\\\/\\\/i0.wp.com\\\/www.touslesjourscurieux.fr\\\/wp-content\\\/uploads\\\/2023\\\/02\\\/REVUE-LIKE-N12-TOUTES-LES-COUVES-CARRE-SEUL-min.jpg?fit=600%2C600&ssl=1\",\"datePublished\":\"2023-02-05T20:24:08+00:00\",\"dateModified\":\"2025-05-22T13:46:11+00:00\",\"description\":\"\u00c9ric Tabuchi & Nelly Monnier - Ils sillonnent les d\u00e9partementales pour d\u00e9terminer quelles sont les fronti\u00e8res naturelles de nos r\u00e9gions.\",\"breadcrumb\":{\"@id\":\"https:\\\/\\\/www.touslesjourscurieux.fr\\\/produit\\\/eric-tabuchi-nelly-monnier-like-la-revue-13#breadcrumb\"},\"inLanguage\":\"en-US\",\"potentialAction\":[{\"@type\":\"ReadAction\",\"target\":[\"https:\\\/\\\/www.touslesjourscurieux.fr\\\/produit\\\/eric-tabuchi-nelly-monnier-like-la-revue-13\"]}]},{\"@type\":\"ImageObject\",\"inLanguage\":\"en-US\",\"@id\":\"https:\\\/\\\/www.touslesjourscurieux.fr\\\/produit\\\/eric-tabuchi-nelly-monnier-like-la-revue-13#primaryimage\",\"url\":\"https:\\\/\\\/i0.wp.com\\\/www.touslesjourscurieux.fr\\\/wp-content\\\/uploads\\\/2023\\\/02\\\/REVUE-LIKE-N12-TOUTES-LES-COUVES-CARRE-SEUL-min.jpg?fit=600%2C600&ssl=1\",\"contentUrl\":\"https:\\\/\\\/i0.wp.com\\\/www.touslesjourscurieux.fr\\\/wp-content\\\/uploads\\\/2023\\\/02\\\/REVUE-LIKE-N12-TOUTES-LES-COUVES-CARRE-SEUL-min.jpg?fit=600%2C600&ssl=1\",\"width\":600,\"height\":600},{\"@type\":\"BreadcrumbList\",\"@id\":\"https:\\\/\\\/www.touslesjourscurieux.fr\\\/produit\\\/eric-tabuchi-nelly-monnier-like-la-revue-13#breadcrumb\",\"itemListElement\":[{\"@type\":\"ListItem\",\"position\":1,\"name\":\"Accueil\",\"item\":\"https:\\\/\\\/www.touslesjourscurieux.fr\\\/\"},{\"@type\":\"ListItem\",\"position\":2,\"name\":\"LIKE la Revue, la boutique\",\"item\":\"https:\\\/\\\/www.touslesjourscurieux.fr\\\/\"},{\"@type\":\"ListItem\",\"position\":3,\"name\":\"\u00c9ric Tabuchi &#038; Nelly Monnier &#8211; LIKE la revue #13\"}]},{\"@type\":\"WebSite\",\"@id\":\"https:\\\/\\\/www.touslesjourscurieux.fr\\\/#website\",\"url\":\"https:\\\/\\\/www.touslesjourscurieux.fr\\\/\",\"name\":\"LIKE la revue\",\"description\":\"petit format grandes photos\",\"publisher\":{\"@id\":\"https:\\\/\\\/www.touslesjourscurieux.fr\\\/#organization\"},\"potentialAction\":[{\"@type\":\"SearchAction\",\"target\":{\"@type\":\"EntryPoint\",\"urlTemplate\":\"https:\\\/\\\/www.touslesjourscurieux.fr\\\/?s={search_term_string}\"},\"query-input\":{\"@type\":\"PropertyValueSpecification\",\"valueRequired\":true,\"valueName\":\"search_term_string\"}}],\"inLanguage\":\"en-US\"},{\"@type\":\"Organization\",\"@id\":\"https:\\\/\\\/www.touslesjourscurieux.fr\\\/#organization\",\"name\":\"LIKE la revue\",\"url\":\"https:\\\/\\\/www.touslesjourscurieux.fr\\\/\",\"logo\":{\"@type\":\"ImageObject\",\"inLanguage\":\"en-US\",\"@id\":\"https:\\\/\\\/www.touslesjourscurieux.fr\\\/#\\\/schema\\\/logo\\\/image\\\/\",\"url\":\"https:\\\/\\\/i0.wp.com\\\/www.touslesjourscurieux.fr\\\/wp-content\\\/uploads\\\/2024\\\/09\\\/162305199_131399045654938_3947990576801447511_n.jpg?fit=942%2C514&ssl=1\",\"contentUrl\":\"https:\\\/\\\/i0.wp.com\\\/www.touslesjourscurieux.fr\\\/wp-content\\\/uploads\\\/2024\\\/09\\\/162305199_131399045654938_3947990576801447511_n.jpg?fit=942%2C514&ssl=1\",\"width\":942,\"height\":514,\"caption\":\"LIKE la revue\"},\"image\":{\"@id\":\"https:\\\/\\\/www.touslesjourscurieux.fr\\\/#\\\/schema\\\/logo\\\/image\\\/\"},\"sameAs\":[\"https:\\\/\\\/www.facebook.com\\\/Touslesjourscurieux\",\"http:\\\/\\\/instagram.com\\\/likelarevuetouslesjourscurieux\"]}]}<\/script>\n<!-- \/ Yoast SEO plugin. -->","yoast_head_json":{"title":"\u00c9ric Tabuchi & Nelly Monnier - LIKE la revue #13 - LIKE la revue","description":"\u00c9ric Tabuchi & Nelly Monnier - Ils sillonnent les d\u00e9partementales pour d\u00e9terminer quelles sont les fronti\u00e8res naturelles de nos r\u00e9gions.","robots":{"index":"index","follow":"follow","max-snippet":"max-snippet:-1","max-image-preview":"max-image-preview:large","max-video-preview":"max-video-preview:-1"},"canonical":"https:\/\/www.touslesjourscurieux.fr\/en\/product\/eric-tabuchi-nelly-monnier-like-la-revue-13\/","og_locale":"en_US","og_type":"article","og_title":"\u00c9ric Tabuchi & Nelly Monnier - LIKE la revue #13 - LIKE la revue","og_description":"\u00c9ric Tabuchi & Nelly Monnier - Ils sillonnent les d\u00e9partementales pour d\u00e9terminer quelles sont les fronti\u00e8res naturelles de nos r\u00e9gions.","og_url":"https:\/\/www.touslesjourscurieux.fr\/en\/product\/eric-tabuchi-nelly-monnier-like-la-revue-13\/","og_site_name":"LIKE la revue","article_publisher":"https:\/\/www.facebook.com\/Touslesjourscurieux","article_modified_time":"2025-05-22T13:46:11+00:00","og_image":[{"width":600,"height":600,"url":"https:\/\/www.touslesjourscurieux.fr\/wp-content\/uploads\/2023\/02\/REVUE-LIKE-N12-TOUTES-LES-COUVES-CARRE-SEUL-min.jpg","type":"image\/jpeg"}],"twitter_card":"summary_large_image","twitter_misc":{"Est. reading time":"2 minutes"},"schema":{"@context":"https:\/\/schema.org","@graph":[{"@type":"WebPage","@id":"https:\/\/www.touslesjourscurieux.fr\/produit\/eric-tabuchi-nelly-monnier-like-la-revue-13","url":"https:\/\/www.touslesjourscurieux.fr\/produit\/eric-tabuchi-nelly-monnier-like-la-revue-13","name":"\u00c9ric Tabuchi & Nelly Monnier - LIKE la revue #13 - LIKE la revue","isPartOf":{"@id":"https:\/\/www.touslesjourscurieux.fr\/#website"},"primaryImageOfPage":{"@id":"https:\/\/www.touslesjourscurieux.fr\/produit\/eric-tabuchi-nelly-monnier-like-la-revue-13#primaryimage"},"image":{"@id":"https:\/\/www.touslesjourscurieux.fr\/produit\/eric-tabuchi-nelly-monnier-like-la-revue-13#primaryimage"},"thumbnailUrl":"https:\/\/i0.wp.com\/www.touslesjourscurieux.fr\/wp-content\/uploads\/2023\/02\/REVUE-LIKE-N12-TOUTES-LES-COUVES-CARRE-SEUL-min.jpg?fit=600%2C600&ssl=1","datePublished":"2023-02-05T20:24:08+00:00","dateModified":"2025-05-22T13:46:11+00:00","description":"\u00c9ric Tabuchi & Nelly Monnier - Ils sillonnent les d\u00e9partementales pour d\u00e9terminer quelles sont les fronti\u00e8res naturelles de nos r\u00e9gions.","breadcrumb":{"@id":"https:\/\/www.touslesjourscurieux.fr\/produit\/eric-tabuchi-nelly-monnier-like-la-revue-13#breadcrumb"},"inLanguage":"en-US","potentialAction":[{"@type":"ReadAction","target":["https:\/\/www.touslesjourscurieux.fr\/produit\/eric-tabuchi-nelly-monnier-like-la-revue-13"]}]},{"@type":"ImageObject","inLanguage":"en-US","@id":"https:\/\/www.touslesjourscurieux.fr\/produit\/eric-tabuchi-nelly-monnier-like-la-revue-13#primaryimage","url":"https:\/\/i0.wp.com\/www.touslesjourscurieux.fr\/wp-content\/uploads\/2023\/02\/REVUE-LIKE-N12-TOUTES-LES-COUVES-CARRE-SEUL-min.jpg?fit=600%2C600&ssl=1","contentUrl":"https:\/\/i0.wp.com\/www.touslesjourscurieux.fr\/wp-content\/uploads\/2023\/02\/REVUE-LIKE-N12-TOUTES-LES-COUVES-CARRE-SEUL-min.jpg?fit=600%2C600&ssl=1","width":600,"height":600},{"@type":"BreadcrumbList","@id":"https:\/\/www.touslesjourscurieux.fr\/produit\/eric-tabuchi-nelly-monnier-like-la-revue-13#breadcrumb","itemListElement":[{"@type":"ListItem","position":1,"name":"Accueil","item":"https:\/\/www.touslesjourscurieux.fr\/"},{"@type":"ListItem","position":2,"name":"LIKE la Revue, la boutique","item":"https:\/\/www.touslesjourscurieux.fr\/"},{"@type":"ListItem","position":3,"name":"\u00c9ric Tabuchi &#038; Nelly Monnier &#8211; LIKE la revue #13"}]},{"@type":"WebSite","@id":"https:\/\/www.touslesjourscurieux.fr\/#website","url":"https:\/\/www.touslesjourscurieux.fr\/","name":"LIKE la revue","description":"petit format grandes photos","publisher":{"@id":"https:\/\/www.touslesjourscurieux.fr\/#organization"},"potentialAction":[{"@type":"SearchAction","target":{"@type":"EntryPoint","urlTemplate":"https:\/\/www.touslesjourscurieux.fr\/?s={search_term_string}"},"query-input":{"@type":"PropertyValueSpecification","valueRequired":true,"valueName":"search_term_string"}}],"inLanguage":"en-US"},{"@type":"Organization","@id":"https:\/\/www.touslesjourscurieux.fr\/#organization","name":"LIKE la revue","url":"https:\/\/www.touslesjourscurieux.fr\/","logo":{"@type":"ImageObject","inLanguage":"en-US","@id":"https:\/\/www.touslesjourscurieux.fr\/#\/schema\/logo\/image\/","url":"https:\/\/i0.wp.com\/www.touslesjourscurieux.fr\/wp-content\/uploads\/2024\/09\/162305199_131399045654938_3947990576801447511_n.jpg?fit=942%2C514&ssl=1","contentUrl":"https:\/\/i0.wp.com\/www.touslesjourscurieux.fr\/wp-content\/uploads\/2024\/09\/162305199_131399045654938_3947990576801447511_n.jpg?fit=942%2C514&ssl=1","width":942,"height":514,"caption":"LIKE la revue"},"image":{"@id":"https:\/\/www.touslesjourscurieux.fr\/#\/schema\/logo\/image\/"},"sameAs":["https:\/\/www.facebook.com\/Touslesjourscurieux","http:\/\/instagram.com\/likelarevuetouslesjourscurieux"]}]}},"jetpack_sharing_enabled":true,"_links":{"self":[{"href":"https:\/\/www.touslesjourscurieux.fr\/en\/wp-json\/wp\/v2\/product\/3053","targetHints":{"allow":["GET"]}}],"collection":[{"href":"https:\/\/www.touslesjourscurieux.fr\/en\/wp-json\/wp\/v2\/product"}],"about":[{"href":"https:\/\/www.touslesjourscurieux.fr\/en\/wp-json\/wp\/v2\/types\/product"}],"replies":[{"embeddable":true,"href":"https:\/\/www.touslesjourscurieux.fr\/en\/wp-json\/wp\/v2\/comments?post=3053"}],"wp:featuredmedia":[{"embeddable":true,"href":"https:\/\/www.touslesjourscurieux.fr\/en\/wp-json\/wp\/v2\/media\/3630"}],"wp:attachment":[{"href":"https:\/\/www.touslesjourscurieux.fr\/en\/wp-json\/wp\/v2\/media?parent=3053"}],"wp:term":[{"taxonomy":"product_brand","embeddable":true,"href":"https:\/\/www.touslesjourscurieux.fr\/en\/wp-json\/wp\/v2\/product_brand?post=3053"},{"taxonomy":"product_cat","embeddable":true,"href":"https:\/\/www.touslesjourscurieux.fr\/en\/wp-json\/wp\/v2\/product_cat?post=3053"},{"taxonomy":"product_tag","embeddable":true,"href":"https:\/\/www.touslesjourscurieux.fr\/en\/wp-json\/wp\/v2\/product_tag?post=3053"}],"curies":[{"name":"wp","href":"https:\/\/api.w.org\/{rel}","templated":true}]}}