{"id":3051,"date":"2023-02-05T21:16:27","date_gmt":"2023-02-05T20:16:27","guid":{"rendered":"https:\/\/www.touslesjourscurieux.fr\/?post_type=product&#038;p=3051"},"modified":"2025-05-22T14:53:12","modified_gmt":"2025-05-22T13:53:12","slug":"il-etait-deux-fois-vivian-maier-like-la-revue-07","status":"publish","type":"product","link":"https:\/\/www.touslesjourscurieux.fr\/en\/product\/il-etait-deux-fois-vivian-maier-like-la-revue-07","title":{"rendered":"Il \u00e9tait deux fois Vivian Maier &#8211; LIKE la revue #07"},"content":{"rendered":"<h1>Il \u00e9tait deux fois Vivian Maier<\/h1>\n<h2>Antoine Bazin La cabane au fond du terrain<br \/>\nEliot Blondet et Paul Larrouturou Au c\u0153ur du Macronistan<br \/>\nLee Shulman et Martin Parr Cr\u00e8me anglaise<br \/>\nNadia Ferroukhi La plan\u00e8te des femmes<br \/>\nCarte blanche \u00e0 Guillaume Herbaut<br \/>\nClarisse Rebotier et Christine Rollard 4 mains pour 8 pattes<br \/>\nJ\u00e9r\u00f4me Br\u00e9zillon Space cow-boy<\/h2>","protected":false},"excerpt":{"rendered":"<p><strong><span style=\"color: #eb1c25;\">Le N\u00b0 01 \ud83d\udc49<\/span><\/strong>Envoy\u00e9 directement chez vous +Frais de port 2,50\u20ac<\/p>\n<p>La grippe espagnole. D\u00e9j\u00e0 les masques &#8211; Indice de mixit\u00e9 Anne-Christine Poujoulat &#8211; 50 ans de photo en France Michel Poivert &#8211; R\u00e9v\u00e9lateur de sens Jean-Christian Bourcart &#8211; Au c\u0153ur des ann\u00e9es 1970.Le grand r\u00e9cit de Max Pam &#8211; De l\u2019Indochine \u00e0 la Nouvelle vague Raymond Cauchetier &#8211; La b\u00eate fait la belle Ferry van Tongeren et Jaap Sinke.<\/p>\n<p>&nbsp;<\/p>","protected":false},"featured_media":3636,"comment_status":"closed","ping_status":"closed","template":"","meta":[],"product_brand":[],"product_cat":[19,25,27],"product_tag":[],"class_list":{"0":"post-3051","1":"product","2":"type-product","3":"status-publish","4":"has-post-thumbnail","6":"product_cat-like-la-revue","7":"product_cat-photographe-et-artiste","8":"product_cat-revue-papier-de-photographie","9":"product_shipping_class-revue","11":"first","12":"instock","13":"taxable","14":"shipping-taxable","15":"product-type-simple"},"yoast_head":"<!-- This site is optimized with the Yoast SEO plugin v27.3 - https:\/\/yoast.com\/product\/yoast-seo-wordpress\/ -->\n<title>Il \u00e9tait deux fois Vivian Maier - LIKE la revue #07 - LIKE la revue<\/title>\n<meta name=\"description\" content=\"Qui \u00e9tait Vivian Maier? Pourquoi son \u0153uvre ne fut-elle pas remarqu\u00e9e de son vivant? Un entretien crois\u00e9 entre Ann Marks et Fran\u00e7oise Perron.\" \/>\n<meta name=\"robots\" content=\"index, follow, max-snippet:-1, max-image-preview:large, max-video-preview:-1\" \/>\n<link rel=\"canonical\" href=\"https:\/\/www.touslesjourscurieux.fr\/en\/product\/il-etait-deux-fois-vivian-maier-like-la-revue-07\/\" \/>\n<meta property=\"og:locale\" content=\"en_US\" \/>\n<meta property=\"og:type\" content=\"article\" \/>\n<meta property=\"og:title\" content=\"Il \u00e9tait deux fois Vivian Maier - LIKE la revue #07 - LIKE la revue\" \/>\n<meta property=\"og:description\" content=\"Qui \u00e9tait Vivian Maier? Pourquoi son \u0153uvre ne fut-elle pas remarqu\u00e9e de son vivant? Un entretien crois\u00e9 entre Ann Marks et Fran\u00e7oise Perron.\" \/>\n<meta property=\"og:url\" content=\"https:\/\/www.touslesjourscurieux.fr\/en\/product\/il-etait-deux-fois-vivian-maier-like-la-revue-07\/\" \/>\n<meta property=\"og:site_name\" content=\"LIKE la revue\" \/>\n<meta property=\"article:publisher\" content=\"https:\/\/www.facebook.com\/Touslesjourscurieux\" \/>\n<meta property=\"article:modified_time\" content=\"2025-05-22T13:53:12+00:00\" \/>\n<meta property=\"og:image\" content=\"https:\/\/www.touslesjourscurieux.fr\/wp-content\/uploads\/2023\/02\/REVUE-LIKE-N18-N07-EPUISE-min.jpg\" \/>\n\t<meta property=\"og:image:width\" content=\"600\" \/>\n\t<meta property=\"og:image:height\" content=\"600\" \/>\n\t<meta property=\"og:image:type\" content=\"image\/jpeg\" \/>\n<meta name=\"twitter:card\" content=\"summary_large_image\" \/>\n<meta name=\"twitter:label1\" content=\"Est. reading time\" \/>\n\t<meta name=\"twitter:data1\" content=\"1 minute\" \/>\n<script type=\"application\/ld+json\" class=\"yoast-schema-graph\">{\"@context\":\"https:\\\/\\\/schema.org\",\"@graph\":[{\"@type\":\"WebPage\",\"@id\":\"https:\\\/\\\/www.touslesjourscurieux.fr\\\/produit\\\/il-etait-deux-fois-vivian-maier-like-la-revue-07\",\"url\":\"https:\\\/\\\/www.touslesjourscurieux.fr\\\/produit\\\/il-etait-deux-fois-vivian-maier-like-la-revue-07\",\"name\":\"Il \u00e9tait deux fois Vivian Maier - LIKE la revue #07 - LIKE la revue\",\"isPartOf\":{\"@id\":\"https:\\\/\\\/www.touslesjourscurieux.fr\\\/#website\"},\"primaryImageOfPage\":{\"@id\":\"https:\\\/\\\/www.touslesjourscurieux.fr\\\/produit\\\/il-etait-deux-fois-vivian-maier-like-la-revue-07#primaryimage\"},\"image\":{\"@id\":\"https:\\\/\\\/www.touslesjourscurieux.fr\\\/produit\\\/il-etait-deux-fois-vivian-maier-like-la-revue-07#primaryimage\"},\"thumbnailUrl\":\"https:\\\/\\\/i0.wp.com\\\/www.touslesjourscurieux.fr\\\/wp-content\\\/uploads\\\/2023\\\/02\\\/REVUE-LIKE-N18-N07-EPUISE-min.jpg?fit=600%2C600&ssl=1\",\"datePublished\":\"2023-02-05T20:16:27+00:00\",\"dateModified\":\"2025-05-22T13:53:12+00:00\",\"description\":\"Qui \u00e9tait Vivian Maier? Pourquoi son \u0153uvre ne fut-elle pas remarqu\u00e9e de son vivant? Un entretien crois\u00e9 entre Ann Marks et Fran\u00e7oise Perron.\",\"breadcrumb\":{\"@id\":\"https:\\\/\\\/www.touslesjourscurieux.fr\\\/produit\\\/il-etait-deux-fois-vivian-maier-like-la-revue-07#breadcrumb\"},\"inLanguage\":\"en-US\",\"potentialAction\":[{\"@type\":\"ReadAction\",\"target\":[\"https:\\\/\\\/www.touslesjourscurieux.fr\\\/produit\\\/il-etait-deux-fois-vivian-maier-like-la-revue-07\"]}]},{\"@type\":\"ImageObject\",\"inLanguage\":\"en-US\",\"@id\":\"https:\\\/\\\/www.touslesjourscurieux.fr\\\/produit\\\/il-etait-deux-fois-vivian-maier-like-la-revue-07#primaryimage\",\"url\":\"https:\\\/\\\/i0.wp.com\\\/www.touslesjourscurieux.fr\\\/wp-content\\\/uploads\\\/2023\\\/02\\\/REVUE-LIKE-N18-N07-EPUISE-min.jpg?fit=600%2C600&ssl=1\",\"contentUrl\":\"https:\\\/\\\/i0.wp.com\\\/www.touslesjourscurieux.fr\\\/wp-content\\\/uploads\\\/2023\\\/02\\\/REVUE-LIKE-N18-N07-EPUISE-min.jpg?fit=600%2C600&ssl=1\",\"width\":600,\"height\":600},{\"@type\":\"BreadcrumbList\",\"@id\":\"https:\\\/\\\/www.touslesjourscurieux.fr\\\/produit\\\/il-etait-deux-fois-vivian-maier-like-la-revue-07#breadcrumb\",\"itemListElement\":[{\"@type\":\"ListItem\",\"position\":1,\"name\":\"Accueil\",\"item\":\"https:\\\/\\\/www.touslesjourscurieux.fr\\\/\"},{\"@type\":\"ListItem\",\"position\":2,\"name\":\"LIKE la Revue, la boutique\",\"item\":\"https:\\\/\\\/www.touslesjourscurieux.fr\\\/\"},{\"@type\":\"ListItem\",\"position\":3,\"name\":\"Il \u00e9tait deux fois Vivian Maier &#8211; LIKE la revue #07\"}]},{\"@type\":\"WebSite\",\"@id\":\"https:\\\/\\\/www.touslesjourscurieux.fr\\\/#website\",\"url\":\"https:\\\/\\\/www.touslesjourscurieux.fr\\\/\",\"name\":\"LIKE la revue\",\"description\":\"petit format grandes photos\",\"publisher\":{\"@id\":\"https:\\\/\\\/www.touslesjourscurieux.fr\\\/#organization\"},\"potentialAction\":[{\"@type\":\"SearchAction\",\"target\":{\"@type\":\"EntryPoint\",\"urlTemplate\":\"https:\\\/\\\/www.touslesjourscurieux.fr\\\/?s={search_term_string}\"},\"query-input\":{\"@type\":\"PropertyValueSpecification\",\"valueRequired\":true,\"valueName\":\"search_term_string\"}}],\"inLanguage\":\"en-US\"},{\"@type\":\"Organization\",\"@id\":\"https:\\\/\\\/www.touslesjourscurieux.fr\\\/#organization\",\"name\":\"LIKE la revue\",\"url\":\"https:\\\/\\\/www.touslesjourscurieux.fr\\\/\",\"logo\":{\"@type\":\"ImageObject\",\"inLanguage\":\"en-US\",\"@id\":\"https:\\\/\\\/www.touslesjourscurieux.fr\\\/#\\\/schema\\\/logo\\\/image\\\/\",\"url\":\"https:\\\/\\\/i0.wp.com\\\/www.touslesjourscurieux.fr\\\/wp-content\\\/uploads\\\/2024\\\/09\\\/162305199_131399045654938_3947990576801447511_n.jpg?fit=942%2C514&ssl=1\",\"contentUrl\":\"https:\\\/\\\/i0.wp.com\\\/www.touslesjourscurieux.fr\\\/wp-content\\\/uploads\\\/2024\\\/09\\\/162305199_131399045654938_3947990576801447511_n.jpg?fit=942%2C514&ssl=1\",\"width\":942,\"height\":514,\"caption\":\"LIKE la revue\"},\"image\":{\"@id\":\"https:\\\/\\\/www.touslesjourscurieux.fr\\\/#\\\/schema\\\/logo\\\/image\\\/\"},\"sameAs\":[\"https:\\\/\\\/www.facebook.com\\\/Touslesjourscurieux\",\"http:\\\/\\\/instagram.com\\\/likelarevuetouslesjourscurieux\"]}]}<\/script>\n<!-- \/ Yoast SEO plugin. -->","yoast_head_json":{"title":"Il \u00e9tait deux fois Vivian Maier - LIKE la revue #07 - LIKE la revue","description":"Qui \u00e9tait Vivian Maier? Pourquoi son \u0153uvre ne fut-elle pas remarqu\u00e9e de son vivant? Un entretien crois\u00e9 entre Ann Marks et Fran\u00e7oise Perron.","robots":{"index":"index","follow":"follow","max-snippet":"max-snippet:-1","max-image-preview":"max-image-preview:large","max-video-preview":"max-video-preview:-1"},"canonical":"https:\/\/www.touslesjourscurieux.fr\/en\/product\/il-etait-deux-fois-vivian-maier-like-la-revue-07\/","og_locale":"en_US","og_type":"article","og_title":"Il \u00e9tait deux fois Vivian Maier - LIKE la revue #07 - LIKE la revue","og_description":"Qui \u00e9tait Vivian Maier? Pourquoi son \u0153uvre ne fut-elle pas remarqu\u00e9e de son vivant? Un entretien crois\u00e9 entre Ann Marks et Fran\u00e7oise Perron.","og_url":"https:\/\/www.touslesjourscurieux.fr\/en\/product\/il-etait-deux-fois-vivian-maier-like-la-revue-07\/","og_site_name":"LIKE la revue","article_publisher":"https:\/\/www.facebook.com\/Touslesjourscurieux","article_modified_time":"2025-05-22T13:53:12+00:00","og_image":[{"width":600,"height":600,"url":"https:\/\/www.touslesjourscurieux.fr\/wp-content\/uploads\/2023\/02\/REVUE-LIKE-N18-N07-EPUISE-min.jpg","type":"image\/jpeg"}],"twitter_card":"summary_large_image","twitter_misc":{"Est. reading time":"1 minute"},"schema":{"@context":"https:\/\/schema.org","@graph":[{"@type":"WebPage","@id":"https:\/\/www.touslesjourscurieux.fr\/produit\/il-etait-deux-fois-vivian-maier-like-la-revue-07","url":"https:\/\/www.touslesjourscurieux.fr\/produit\/il-etait-deux-fois-vivian-maier-like-la-revue-07","name":"Il \u00e9tait deux fois Vivian Maier - LIKE la revue #07 - LIKE la revue","isPartOf":{"@id":"https:\/\/www.touslesjourscurieux.fr\/#website"},"primaryImageOfPage":{"@id":"https:\/\/www.touslesjourscurieux.fr\/produit\/il-etait-deux-fois-vivian-maier-like-la-revue-07#primaryimage"},"image":{"@id":"https:\/\/www.touslesjourscurieux.fr\/produit\/il-etait-deux-fois-vivian-maier-like-la-revue-07#primaryimage"},"thumbnailUrl":"https:\/\/i0.wp.com\/www.touslesjourscurieux.fr\/wp-content\/uploads\/2023\/02\/REVUE-LIKE-N18-N07-EPUISE-min.jpg?fit=600%2C600&ssl=1","datePublished":"2023-02-05T20:16:27+00:00","dateModified":"2025-05-22T13:53:12+00:00","description":"Qui \u00e9tait Vivian Maier? Pourquoi son \u0153uvre ne fut-elle pas remarqu\u00e9e de son vivant? Un entretien crois\u00e9 entre Ann Marks et Fran\u00e7oise Perron.","breadcrumb":{"@id":"https:\/\/www.touslesjourscurieux.fr\/produit\/il-etait-deux-fois-vivian-maier-like-la-revue-07#breadcrumb"},"inLanguage":"en-US","potentialAction":[{"@type":"ReadAction","target":["https:\/\/www.touslesjourscurieux.fr\/produit\/il-etait-deux-fois-vivian-maier-like-la-revue-07"]}]},{"@type":"ImageObject","inLanguage":"en-US","@id":"https:\/\/www.touslesjourscurieux.fr\/produit\/il-etait-deux-fois-vivian-maier-like-la-revue-07#primaryimage","url":"https:\/\/i0.wp.com\/www.touslesjourscurieux.fr\/wp-content\/uploads\/2023\/02\/REVUE-LIKE-N18-N07-EPUISE-min.jpg?fit=600%2C600&ssl=1","contentUrl":"https:\/\/i0.wp.com\/www.touslesjourscurieux.fr\/wp-content\/uploads\/2023\/02\/REVUE-LIKE-N18-N07-EPUISE-min.jpg?fit=600%2C600&ssl=1","width":600,"height":600},{"@type":"BreadcrumbList","@id":"https:\/\/www.touslesjourscurieux.fr\/produit\/il-etait-deux-fois-vivian-maier-like-la-revue-07#breadcrumb","itemListElement":[{"@type":"ListItem","position":1,"name":"Accueil","item":"https:\/\/www.touslesjourscurieux.fr\/"},{"@type":"ListItem","position":2,"name":"LIKE la Revue, la boutique","item":"https:\/\/www.touslesjourscurieux.fr\/"},{"@type":"ListItem","position":3,"name":"Il \u00e9tait deux fois Vivian Maier &#8211; LIKE la revue #07"}]},{"@type":"WebSite","@id":"https:\/\/www.touslesjourscurieux.fr\/#website","url":"https:\/\/www.touslesjourscurieux.fr\/","name":"LIKE la revue","description":"petit format grandes photos","publisher":{"@id":"https:\/\/www.touslesjourscurieux.fr\/#organization"},"potentialAction":[{"@type":"SearchAction","target":{"@type":"EntryPoint","urlTemplate":"https:\/\/www.touslesjourscurieux.fr\/?s={search_term_string}"},"query-input":{"@type":"PropertyValueSpecification","valueRequired":true,"valueName":"search_term_string"}}],"inLanguage":"en-US"},{"@type":"Organization","@id":"https:\/\/www.touslesjourscurieux.fr\/#organization","name":"LIKE la revue","url":"https:\/\/www.touslesjourscurieux.fr\/","logo":{"@type":"ImageObject","inLanguage":"en-US","@id":"https:\/\/www.touslesjourscurieux.fr\/#\/schema\/logo\/image\/","url":"https:\/\/i0.wp.com\/www.touslesjourscurieux.fr\/wp-content\/uploads\/2024\/09\/162305199_131399045654938_3947990576801447511_n.jpg?fit=942%2C514&ssl=1","contentUrl":"https:\/\/i0.wp.com\/www.touslesjourscurieux.fr\/wp-content\/uploads\/2024\/09\/162305199_131399045654938_3947990576801447511_n.jpg?fit=942%2C514&ssl=1","width":942,"height":514,"caption":"LIKE la revue"},"image":{"@id":"https:\/\/www.touslesjourscurieux.fr\/#\/schema\/logo\/image\/"},"sameAs":["https:\/\/www.facebook.com\/Touslesjourscurieux","http:\/\/instagram.com\/likelarevuetouslesjourscurieux"]}]}},"jetpack_sharing_enabled":true,"_links":{"self":[{"href":"https:\/\/www.touslesjourscurieux.fr\/en\/wp-json\/wp\/v2\/product\/3051","targetHints":{"allow":["GET"]}}],"collection":[{"href":"https:\/\/www.touslesjourscurieux.fr\/en\/wp-json\/wp\/v2\/product"}],"about":[{"href":"https:\/\/www.touslesjourscurieux.fr\/en\/wp-json\/wp\/v2\/types\/product"}],"replies":[{"embeddable":true,"href":"https:\/\/www.touslesjourscurieux.fr\/en\/wp-json\/wp\/v2\/comments?post=3051"}],"wp:featuredmedia":[{"embeddable":true,"href":"https:\/\/www.touslesjourscurieux.fr\/en\/wp-json\/wp\/v2\/media\/3636"}],"wp:attachment":[{"href":"https:\/\/www.touslesjourscurieux.fr\/en\/wp-json\/wp\/v2\/media?parent=3051"}],"wp:term":[{"taxonomy":"product_brand","embeddable":true,"href":"https:\/\/www.touslesjourscurieux.fr\/en\/wp-json\/wp\/v2\/product_brand?post=3051"},{"taxonomy":"product_cat","embeddable":true,"href":"https:\/\/www.touslesjourscurieux.fr\/en\/wp-json\/wp\/v2\/product_cat?post=3051"},{"taxonomy":"product_tag","embeddable":true,"href":"https:\/\/www.touslesjourscurieux.fr\/en\/wp-json\/wp\/v2\/product_tag?post=3051"}],"curies":[{"name":"wp","href":"https:\/\/api.w.org\/{rel}","templated":true}]}}