{"id":3025,"date":"2023-09-22T07:00:32","date_gmt":"2023-09-22T06:00:32","guid":{"rendered":"https:\/\/www.touslesjourscurieux.fr\/?post_type=product&#038;p=3025"},"modified":"2025-05-22T14:43:29","modified_gmt":"2025-05-22T13:43:29","slug":"kourtney-roy-like-la-revue-16","status":"publish","type":"product","link":"https:\/\/www.touslesjourscurieux.fr\/en\/product\/kourtney-roy-like-la-revue-16","title":{"rendered":"Kourtney Roy- LIKE la revue #16"},"content":{"rendered":"<h1>Kourtney Roy, 3 jours \u00e0 Rimini<\/h1>\n<h2>Kourtney Roy et Mathias Delplanque nous entra\u00eenent dans un road trip<\/h2>\n<p>R\u00e9aliser un projet m\u00ealant photos et musique cr\u00e9\u00e9e tout expr\u00e8s, tel a \u00e9t\u00e9 le d\u00e9fi \u00e0 relever par le duo compos\u00e9 de Kourtney Roy et Mathias Delplanque, laur\u00e9ats du Prix Swiss Life \u00e0 4 mains. Nous pourrons d\u00e9couvrir cet \u00e9t\u00e9 leur Last paradise, qui nous entra\u00eenera dans un road trip \u00e0 travers un Rimini d\u00e9sert\u00e9 par les touristes. Une ambiance post-apocalyptique color\u00e9e, sous un soleil hivernal, dans la ville de naissance de Frederico Fellini. On est all\u00e9 les voir \u00e0 l\u2019\u0153uvre, en pleine cr\u00e9ation. Et on n\u2019a pas regrett\u00e9 !<\/p>\n<h2>Alice Pallot nous alerte!<\/h2>\n<p>Par le biais de la photo, avec rigueur, en lien avec des scientifiques et des mouvements de protection des \u00e9cosyst\u00e8mes, Alice Pallot nous alerte sur la d\u00e9gradation de l\u2019environnement. Et nous pousse \u00e0 r\u00e9agir.<\/p>\n<h2>Visite guid\u00e9e avec Agn\u00e8s b.<\/h2>\n<p>La dame hors mode collectionne comme il lui pla\u00eet. C\u2019est sa marque de fabrique.<\/p>\n<h2>Mohammed Abed est photographe de l\u2019AFP \u00e0 Gaza.<\/h2>\n<p>Il nous raconte ses 7 et 8\u202foctobre, ces deux premiers jours d\u2019une d\u00e9vastation o\u00f9 la sid\u00e9ration se m\u00eale \u00e0 l\u2019effroi.<\/p>\n<h2>Rencontre avec Don McCullin<\/h2>\n<p>Le grand lion rugit encore.<\/p>\n<h2>Cha Gonzalez aime danser<\/h2>\n<p>Elle aime aussi cette ambiance o\u00f9 une fraternit\u00e9 prend corps. Entre deux tournoiements ou discussions, elle saisit son appareil photo.<\/p>\n<h2>Jos\u00e9 Nicolas, photojournaliste<\/h2>\n<p>Il y a tout juste 30 ans \u00e9clatait, parmi les collines du Rwanda, l\u2019une des plus grandes tueries du XXe\u202fsi\u00e8cle.<\/p>\n<h2>Bernard Testemale, pionnier des photos de surf<\/h2>\n<p>Peu connu en France, le nom de Bernard Testemale prononc\u00e9 sur une plage d\u2019Hawa\u00ef ou de Californie suscitera chez tout surfeur une vague d\u2019enthousiasme, gr\u00e2ce \u00e0 ses photos de l\u00e9gendes de la discipline<\/p>\n<h2>\u2022 Les expos \u2022 Notre s\u00e9lection de livres \u2022 et d\u2019autres sujets\u2026<\/h2>","protected":false},"excerpt":{"rendered":"<p>AU SOMMAIRE \u2022 Dolor\u00e8s Marat Quand l\u2019\u00e9motion devient une image \u2022 Youry Bilak et les enfants plong\u00e9s dans la guerre en Ukraine \u2022 Olga Sviblova 2500 expositions \u00e0 son actif \u2022 Photos de genre en Inde Isabeau de Rouffignac \u2022 Photographe dans une cour d\u2019assises Muriel Dovic \u2022 Th\u00e9o Le Foll bouscule la photo de mode \u2022 Ma collection photo Antoine de Galbert \u2022 Pourquoi \u00e9crivez-vous? Franck Court\u00e8s \u2022 Retour de r\u00e9sidence Carline Bourdelas \u2022 Albert Londres photographe Herv\u00e9 Brusini \u2022 Les expos \u2022 Notre s\u00e9lection de livres \u2022 et d\u2019autres sujets\u2026<\/p>","protected":false},"featured_media":3627,"comment_status":"closed","ping_status":"closed","template":"","meta":[],"product_brand":[],"product_cat":[19,25,41],"product_tag":[],"class_list":{"0":"post-3025","1":"product","2":"type-product","3":"status-publish","4":"has-post-thumbnail","6":"product_cat-like-la-revue","7":"product_cat-photographe-et-artiste","8":"product_cat-sur-les-plages-de-rimini-avec-kourtney-roy","9":"product_shipping_class-gratuit","11":"first","12":"instock","13":"virtual","14":"taxable","15":"purchasable","16":"product-type-simple"},"yoast_head":"<!-- This site is optimized with the Yoast SEO plugin v27.3 - https:\/\/yoast.com\/product\/yoast-seo-wordpress\/ -->\n<title>Kourtney Roy- LIKE la revue #16 - LIKE la revue<\/title>\n<meta name=\"description\" content=\"Un projet photo\/musique compos\u00e9 par le duo Kourtney Roy et Mathias Delplanque. Ils nous entra\u00eenent dans un road trip \u00e0 RImini.\" \/>\n<meta name=\"robots\" content=\"index, follow, max-snippet:-1, max-image-preview:large, max-video-preview:-1\" \/>\n<link rel=\"canonical\" href=\"https:\/\/www.touslesjourscurieux.fr\/en\/product\/kourtney-roy-like-la-revue-16\/\" \/>\n<meta property=\"og:locale\" content=\"en_US\" \/>\n<meta property=\"og:type\" content=\"article\" \/>\n<meta property=\"og:title\" content=\"Kourtney Roy- LIKE la revue #16 - LIKE la revue\" \/>\n<meta property=\"og:description\" content=\"Un projet photo\/musique compos\u00e9 par le duo Kourtney Roy et Mathias Delplanque. Ils nous entra\u00eenent dans un road trip \u00e0 RImini.\" \/>\n<meta property=\"og:url\" content=\"https:\/\/www.touslesjourscurieux.fr\/en\/product\/kourtney-roy-like-la-revue-16\/\" \/>\n<meta property=\"og:site_name\" content=\"LIKE la revue\" \/>\n<meta property=\"article:publisher\" content=\"https:\/\/www.facebook.com\/Touslesjourscurieux\" \/>\n<meta property=\"article:modified_time\" content=\"2025-05-22T13:43:29+00:00\" \/>\n<meta property=\"og:image\" content=\"https:\/\/www.touslesjourscurieux.fr\/wp-content\/uploads\/2023\/09\/REVUE-LIKE-N16-600X600-1-1-min.jpg\" \/>\n\t<meta property=\"og:image:width\" content=\"600\" \/>\n\t<meta property=\"og:image:height\" content=\"600\" \/>\n\t<meta property=\"og:image:type\" content=\"image\/jpeg\" \/>\n<meta name=\"twitter:card\" content=\"summary_large_image\" \/>\n<meta name=\"twitter:label1\" content=\"Est. reading time\" \/>\n\t<meta name=\"twitter:data1\" content=\"2 minutes\" \/>\n<script type=\"application\/ld+json\" class=\"yoast-schema-graph\">{\"@context\":\"https:\\\/\\\/schema.org\",\"@graph\":[{\"@type\":\"WebPage\",\"@id\":\"https:\\\/\\\/www.touslesjourscurieux.fr\\\/produit\\\/kourtney-roy-like-la-revue-16\",\"url\":\"https:\\\/\\\/www.touslesjourscurieux.fr\\\/produit\\\/kourtney-roy-like-la-revue-16\",\"name\":\"Kourtney Roy- LIKE la revue #16 - LIKE la revue\",\"isPartOf\":{\"@id\":\"https:\\\/\\\/www.touslesjourscurieux.fr\\\/#website\"},\"primaryImageOfPage\":{\"@id\":\"https:\\\/\\\/www.touslesjourscurieux.fr\\\/produit\\\/kourtney-roy-like-la-revue-16#primaryimage\"},\"image\":{\"@id\":\"https:\\\/\\\/www.touslesjourscurieux.fr\\\/produit\\\/kourtney-roy-like-la-revue-16#primaryimage\"},\"thumbnailUrl\":\"https:\\\/\\\/i0.wp.com\\\/www.touslesjourscurieux.fr\\\/wp-content\\\/uploads\\\/2023\\\/09\\\/REVUE-LIKE-N16-600X600-1-1-min.jpg?fit=600%2C600&ssl=1\",\"datePublished\":\"2023-09-22T06:00:32+00:00\",\"dateModified\":\"2025-05-22T13:43:29+00:00\",\"description\":\"Un projet photo\\\/musique compos\u00e9 par le duo Kourtney Roy et Mathias Delplanque. Ils nous entra\u00eenent dans un road trip \u00e0 RImini.\",\"breadcrumb\":{\"@id\":\"https:\\\/\\\/www.touslesjourscurieux.fr\\\/produit\\\/kourtney-roy-like-la-revue-16#breadcrumb\"},\"inLanguage\":\"en-US\",\"potentialAction\":[{\"@type\":\"ReadAction\",\"target\":[\"https:\\\/\\\/www.touslesjourscurieux.fr\\\/produit\\\/kourtney-roy-like-la-revue-16\"]}]},{\"@type\":\"ImageObject\",\"inLanguage\":\"en-US\",\"@id\":\"https:\\\/\\\/www.touslesjourscurieux.fr\\\/produit\\\/kourtney-roy-like-la-revue-16#primaryimage\",\"url\":\"https:\\\/\\\/i0.wp.com\\\/www.touslesjourscurieux.fr\\\/wp-content\\\/uploads\\\/2023\\\/09\\\/REVUE-LIKE-N16-600X600-1-1-min.jpg?fit=600%2C600&ssl=1\",\"contentUrl\":\"https:\\\/\\\/i0.wp.com\\\/www.touslesjourscurieux.fr\\\/wp-content\\\/uploads\\\/2023\\\/09\\\/REVUE-LIKE-N16-600X600-1-1-min.jpg?fit=600%2C600&ssl=1\",\"width\":600,\"height\":600},{\"@type\":\"BreadcrumbList\",\"@id\":\"https:\\\/\\\/www.touslesjourscurieux.fr\\\/produit\\\/kourtney-roy-like-la-revue-16#breadcrumb\",\"itemListElement\":[{\"@type\":\"ListItem\",\"position\":1,\"name\":\"Accueil\",\"item\":\"https:\\\/\\\/www.touslesjourscurieux.fr\\\/\"},{\"@type\":\"ListItem\",\"position\":2,\"name\":\"LIKE la Revue, la boutique\",\"item\":\"https:\\\/\\\/www.touslesjourscurieux.fr\\\/\"},{\"@type\":\"ListItem\",\"position\":3,\"name\":\"Kourtney Roy- LIKE la revue #16\"}]},{\"@type\":\"WebSite\",\"@id\":\"https:\\\/\\\/www.touslesjourscurieux.fr\\\/#website\",\"url\":\"https:\\\/\\\/www.touslesjourscurieux.fr\\\/\",\"name\":\"LIKE la revue\",\"description\":\"petit format grandes photos\",\"publisher\":{\"@id\":\"https:\\\/\\\/www.touslesjourscurieux.fr\\\/#organization\"},\"potentialAction\":[{\"@type\":\"SearchAction\",\"target\":{\"@type\":\"EntryPoint\",\"urlTemplate\":\"https:\\\/\\\/www.touslesjourscurieux.fr\\\/?s={search_term_string}\"},\"query-input\":{\"@type\":\"PropertyValueSpecification\",\"valueRequired\":true,\"valueName\":\"search_term_string\"}}],\"inLanguage\":\"en-US\"},{\"@type\":\"Organization\",\"@id\":\"https:\\\/\\\/www.touslesjourscurieux.fr\\\/#organization\",\"name\":\"LIKE la revue\",\"url\":\"https:\\\/\\\/www.touslesjourscurieux.fr\\\/\",\"logo\":{\"@type\":\"ImageObject\",\"inLanguage\":\"en-US\",\"@id\":\"https:\\\/\\\/www.touslesjourscurieux.fr\\\/#\\\/schema\\\/logo\\\/image\\\/\",\"url\":\"https:\\\/\\\/i0.wp.com\\\/www.touslesjourscurieux.fr\\\/wp-content\\\/uploads\\\/2024\\\/09\\\/162305199_131399045654938_3947990576801447511_n.jpg?fit=942%2C514&ssl=1\",\"contentUrl\":\"https:\\\/\\\/i0.wp.com\\\/www.touslesjourscurieux.fr\\\/wp-content\\\/uploads\\\/2024\\\/09\\\/162305199_131399045654938_3947990576801447511_n.jpg?fit=942%2C514&ssl=1\",\"width\":942,\"height\":514,\"caption\":\"LIKE la revue\"},\"image\":{\"@id\":\"https:\\\/\\\/www.touslesjourscurieux.fr\\\/#\\\/schema\\\/logo\\\/image\\\/\"},\"sameAs\":[\"https:\\\/\\\/www.facebook.com\\\/Touslesjourscurieux\",\"http:\\\/\\\/instagram.com\\\/likelarevuetouslesjourscurieux\"]}]}<\/script>\n<!-- \/ Yoast SEO plugin. -->","yoast_head_json":{"title":"Kourtney Roy- LIKE la revue #16 - LIKE la revue","description":"Un projet photo\/musique compos\u00e9 par le duo Kourtney Roy et Mathias Delplanque. Ils nous entra\u00eenent dans un road trip \u00e0 RImini.","robots":{"index":"index","follow":"follow","max-snippet":"max-snippet:-1","max-image-preview":"max-image-preview:large","max-video-preview":"max-video-preview:-1"},"canonical":"https:\/\/www.touslesjourscurieux.fr\/en\/product\/kourtney-roy-like-la-revue-16\/","og_locale":"en_US","og_type":"article","og_title":"Kourtney Roy- LIKE la revue #16 - LIKE la revue","og_description":"Un projet photo\/musique compos\u00e9 par le duo Kourtney Roy et Mathias Delplanque. Ils nous entra\u00eenent dans un road trip \u00e0 RImini.","og_url":"https:\/\/www.touslesjourscurieux.fr\/en\/product\/kourtney-roy-like-la-revue-16\/","og_site_name":"LIKE la revue","article_publisher":"https:\/\/www.facebook.com\/Touslesjourscurieux","article_modified_time":"2025-05-22T13:43:29+00:00","og_image":[{"width":600,"height":600,"url":"https:\/\/www.touslesjourscurieux.fr\/wp-content\/uploads\/2023\/09\/REVUE-LIKE-N16-600X600-1-1-min.jpg","type":"image\/jpeg"}],"twitter_card":"summary_large_image","twitter_misc":{"Est. reading time":"2 minutes"},"schema":{"@context":"https:\/\/schema.org","@graph":[{"@type":"WebPage","@id":"https:\/\/www.touslesjourscurieux.fr\/produit\/kourtney-roy-like-la-revue-16","url":"https:\/\/www.touslesjourscurieux.fr\/produit\/kourtney-roy-like-la-revue-16","name":"Kourtney Roy- LIKE la revue #16 - LIKE la revue","isPartOf":{"@id":"https:\/\/www.touslesjourscurieux.fr\/#website"},"primaryImageOfPage":{"@id":"https:\/\/www.touslesjourscurieux.fr\/produit\/kourtney-roy-like-la-revue-16#primaryimage"},"image":{"@id":"https:\/\/www.touslesjourscurieux.fr\/produit\/kourtney-roy-like-la-revue-16#primaryimage"},"thumbnailUrl":"https:\/\/i0.wp.com\/www.touslesjourscurieux.fr\/wp-content\/uploads\/2023\/09\/REVUE-LIKE-N16-600X600-1-1-min.jpg?fit=600%2C600&ssl=1","datePublished":"2023-09-22T06:00:32+00:00","dateModified":"2025-05-22T13:43:29+00:00","description":"Un projet photo\/musique compos\u00e9 par le duo Kourtney Roy et Mathias Delplanque. Ils nous entra\u00eenent dans un road trip \u00e0 RImini.","breadcrumb":{"@id":"https:\/\/www.touslesjourscurieux.fr\/produit\/kourtney-roy-like-la-revue-16#breadcrumb"},"inLanguage":"en-US","potentialAction":[{"@type":"ReadAction","target":["https:\/\/www.touslesjourscurieux.fr\/produit\/kourtney-roy-like-la-revue-16"]}]},{"@type":"ImageObject","inLanguage":"en-US","@id":"https:\/\/www.touslesjourscurieux.fr\/produit\/kourtney-roy-like-la-revue-16#primaryimage","url":"https:\/\/i0.wp.com\/www.touslesjourscurieux.fr\/wp-content\/uploads\/2023\/09\/REVUE-LIKE-N16-600X600-1-1-min.jpg?fit=600%2C600&ssl=1","contentUrl":"https:\/\/i0.wp.com\/www.touslesjourscurieux.fr\/wp-content\/uploads\/2023\/09\/REVUE-LIKE-N16-600X600-1-1-min.jpg?fit=600%2C600&ssl=1","width":600,"height":600},{"@type":"BreadcrumbList","@id":"https:\/\/www.touslesjourscurieux.fr\/produit\/kourtney-roy-like-la-revue-16#breadcrumb","itemListElement":[{"@type":"ListItem","position":1,"name":"Accueil","item":"https:\/\/www.touslesjourscurieux.fr\/"},{"@type":"ListItem","position":2,"name":"LIKE la Revue, la boutique","item":"https:\/\/www.touslesjourscurieux.fr\/"},{"@type":"ListItem","position":3,"name":"Kourtney Roy- LIKE la revue #16"}]},{"@type":"WebSite","@id":"https:\/\/www.touslesjourscurieux.fr\/#website","url":"https:\/\/www.touslesjourscurieux.fr\/","name":"LIKE la revue","description":"petit format grandes photos","publisher":{"@id":"https:\/\/www.touslesjourscurieux.fr\/#organization"},"potentialAction":[{"@type":"SearchAction","target":{"@type":"EntryPoint","urlTemplate":"https:\/\/www.touslesjourscurieux.fr\/?s={search_term_string}"},"query-input":{"@type":"PropertyValueSpecification","valueRequired":true,"valueName":"search_term_string"}}],"inLanguage":"en-US"},{"@type":"Organization","@id":"https:\/\/www.touslesjourscurieux.fr\/#organization","name":"LIKE la revue","url":"https:\/\/www.touslesjourscurieux.fr\/","logo":{"@type":"ImageObject","inLanguage":"en-US","@id":"https:\/\/www.touslesjourscurieux.fr\/#\/schema\/logo\/image\/","url":"https:\/\/i0.wp.com\/www.touslesjourscurieux.fr\/wp-content\/uploads\/2024\/09\/162305199_131399045654938_3947990576801447511_n.jpg?fit=942%2C514&ssl=1","contentUrl":"https:\/\/i0.wp.com\/www.touslesjourscurieux.fr\/wp-content\/uploads\/2024\/09\/162305199_131399045654938_3947990576801447511_n.jpg?fit=942%2C514&ssl=1","width":942,"height":514,"caption":"LIKE la revue"},"image":{"@id":"https:\/\/www.touslesjourscurieux.fr\/#\/schema\/logo\/image\/"},"sameAs":["https:\/\/www.facebook.com\/Touslesjourscurieux","http:\/\/instagram.com\/likelarevuetouslesjourscurieux"]}]}},"jetpack_sharing_enabled":true,"_links":{"self":[{"href":"https:\/\/www.touslesjourscurieux.fr\/en\/wp-json\/wp\/v2\/product\/3025","targetHints":{"allow":["GET"]}}],"collection":[{"href":"https:\/\/www.touslesjourscurieux.fr\/en\/wp-json\/wp\/v2\/product"}],"about":[{"href":"https:\/\/www.touslesjourscurieux.fr\/en\/wp-json\/wp\/v2\/types\/product"}],"replies":[{"embeddable":true,"href":"https:\/\/www.touslesjourscurieux.fr\/en\/wp-json\/wp\/v2\/comments?post=3025"}],"wp:featuredmedia":[{"embeddable":true,"href":"https:\/\/www.touslesjourscurieux.fr\/en\/wp-json\/wp\/v2\/media\/3627"}],"wp:attachment":[{"href":"https:\/\/www.touslesjourscurieux.fr\/en\/wp-json\/wp\/v2\/media?parent=3025"}],"wp:term":[{"taxonomy":"product_brand","embeddable":true,"href":"https:\/\/www.touslesjourscurieux.fr\/en\/wp-json\/wp\/v2\/product_brand?post=3025"},{"taxonomy":"product_cat","embeddable":true,"href":"https:\/\/www.touslesjourscurieux.fr\/en\/wp-json\/wp\/v2\/product_cat?post=3025"},{"taxonomy":"product_tag","embeddable":true,"href":"https:\/\/www.touslesjourscurieux.fr\/en\/wp-json\/wp\/v2\/product_tag?post=3025"}],"curies":[{"name":"wp","href":"https:\/\/api.w.org\/{rel}","templated":true}]}}