{"id":2464,"date":"2025-09-19T08:10:38","date_gmt":"2025-09-19T07:10:38","guid":{"rendered":"https:\/\/www.touslesjourscurieux.fr\/?post_type=product&#038;p=2464"},"modified":"2025-09-29T04:58:58","modified_gmt":"2025-09-29T03:58:58","slug":"joel-meyerowitz-hors-serie-vol-02-like-la-revue","status":"publish","type":"product","link":"https:\/\/www.touslesjourscurieux.fr\/en\/product\/joel-meyerowitz-hors-serie-vol-02-like-la-revue","title":{"rendered":"Joel Meyerowitz\u2022Hors-s\u00e9rie VOL.02\u2022"},"content":{"rendered":"<h1>Joel Meyerowitz<\/h1>\n<h2>Une grande rencontre avec le photographe New-Yorkais Joel Meyerowitz<\/h2>\n<h2>Les photographes de notre Hors-s\u00e9rie Vol.02<\/h2>\n<h3>Et aussi<\/h3>\n<h3>Peter Lindbergh<\/h3>\n<p>De l\u2019autre c\u00f4t\u00e9 du miroir<br \/>\nMirror Images<\/p>\n<h3>Marie-Laure de Decker<\/h3>\n<p>Derni\u00e8re visite<br \/>\nOne Last Visit<\/p>\n<h3>Elliott Landy<\/h3>\n<p>Bob, Janis, Joe et les autres\u2026<br \/>\nBob, Janis, Joe, and the Rest\u2026<\/p>\n<h3>Vivian Maier<\/h3>\n<p>Il \u00e9tait deux fois<br \/>\nA Double Life<\/p>\n<h3>Kourtney Roy<\/h3>\n<p>Last Paradise \u00e0 Rimini<br \/>\nLast Paradise in Rimini<\/p>\n<h3>Russ Melcher<\/h3>\n<p>L\u2019\u00e2ge d\u2019or du photojournalisme<br \/>\nAn American in Paris, the Prime of Photojournalism<\/p>\n<p>&nbsp;<\/p>\n<h3>JE PR\u00c9F\u00c8RE PAYER PAR CH\u00c8QUE:<br \/>\n<a href=\"https:\/\/www.touslesjourscurieux.fr\/wp-content\/uploads\/2025\/05\/BULLETIN-HORS-SERIE-VOL02.pdf\">T\u00c9L\u00c9CHARGEZ LE BON DE COMMANDE<\/a><\/h3>\n<p>LIKE la revue f\u00eate ses 5 ans! Plus de pages, plus de photos, plus d\u2019\u00e9motions! Nous sommes fiers de vous pr\u00e9senter ce hors-s\u00e9rie Vol.02!<br \/>\nDepuis 5 ans, LIKE la revue est l\u00e0 tous les trimestres, avec ses pleines pages de photos, de r\u00e9cits de photographes et acteurs du monde de la photo. Nous tenons bon! Cette revue est un objet pr\u00e9cieux, car il est conduit \u00e0 se rar\u00e9fier: plusieurs confr\u00e8res de la presse photo ont soit disparu, soit largement r\u00e9duit leur voilure. C\u2019est un mauvais signal pour tous. Pour autant, nous restons fid\u00e8les \u00e0 une conviction simple et forte: offrir dans une publication durable une vraie place aux photographes. Soutenez LIKE la revue et d\u00e9couvrez plein de sujets passionnants avec beaucoup de photos bien imprim\u00e9es!!!\u00a0Un grand merci.<\/p>","protected":false},"excerpt":{"rendered":"<p><strong><span style=\"color: #eb1c25;\">Le VOL 01 \ud83d\udc49 <\/span><\/strong>Envoy\u00e9 directement chez vous +Frais de port 2,50\u20ac<\/p>\n<p>212 pages. Format pratique 216X224mm.<\/p>\n<p>Notre hors-s\u00e9rie \u00e0 offrir ou \u00e0 d\u00e9couvrir! 25 rencontres. 25 r\u00e9cits. 25 livres photo. 25 photographes se racontent.<\/p>\n<p>&nbsp;<\/p>","protected":false},"featured_media":3620,"comment_status":"closed","ping_status":"closed","template":"","meta":[],"product_brand":[],"product_cat":[56,28,19,27],"product_tag":[],"class_list":{"0":"post-2464","1":"product","2":"type-product","3":"status-publish","4":"has-post-thumbnail","6":"product_cat-hors-serie-vol-02","7":"product_cat-les-photographes-prennent-la-parole","8":"product_cat-like-la-revue","9":"product_cat-revue-papier-de-photographie","10":"product_shipping_class-revue","12":"first","13":"instock","14":"taxable","15":"shipping-taxable","16":"purchasable","17":"product-type-simple"},"yoast_head":"<!-- This site is optimized with the Yoast SEO plugin v27.3 - https:\/\/yoast.com\/product\/yoast-seo-wordpress\/ -->\n<title>Joel Meyerowitz - Hors-s\u00e9rie VOL.02 - Like la revue<\/title>\n<meta name=\"description\" content=\"Une grande rencontre avec le photographe New-Yorkais Joel Meyerowitz et aussi Marie-Laure de Decker, Peter Lindbergh, Vivian Maier, Kourtney Roy\u2026\" \/>\n<meta name=\"robots\" content=\"index, follow, max-snippet:-1, max-image-preview:large, max-video-preview:-1\" \/>\n<link rel=\"canonical\" href=\"https:\/\/www.touslesjourscurieux.fr\/en\/product\/joel-meyerowitz-hors-serie-vol-02-like-la-revue\/\" \/>\n<meta property=\"og:locale\" content=\"en_US\" \/>\n<meta property=\"og:type\" content=\"article\" \/>\n<meta property=\"og:title\" content=\"Joel Meyerowitz - Hors-s\u00e9rie VOL.02 - Like la revue\" \/>\n<meta property=\"og:description\" content=\"Une grande rencontre avec le photographe New-Yorkais Joel Meyerowitz et aussi Marie-Laure de Decker, Peter Lindbergh, Vivian Maier, Kourtney Roy\u2026\" \/>\n<meta property=\"og:url\" content=\"https:\/\/www.touslesjourscurieux.fr\/en\/product\/joel-meyerowitz-hors-serie-vol-02-like-la-revue\/\" \/>\n<meta property=\"og:site_name\" content=\"LIKE la revue\" \/>\n<meta property=\"article:publisher\" content=\"https:\/\/www.facebook.com\/Touslesjourscurieux\" \/>\n<meta property=\"article:modified_time\" content=\"2025-09-29T03:58:58+00:00\" \/>\n<meta property=\"og:image\" content=\"https:\/\/www.touslesjourscurieux.fr\/wp-content\/uploads\/2025\/03\/REVUE-LIKE-HORS-SERIE-VOL-02-CARREHS-min.jpg\" \/>\n\t<meta property=\"og:image:width\" content=\"600\" \/>\n\t<meta property=\"og:image:height\" content=\"600\" \/>\n\t<meta property=\"og:image:type\" content=\"image\/jpeg\" \/>\n<meta name=\"twitter:card\" content=\"summary_large_image\" \/>\n<meta name=\"twitter:label1\" content=\"Est. reading time\" \/>\n\t<meta name=\"twitter:data1\" content=\"2 minutes\" \/>\n<script type=\"application\/ld+json\" class=\"yoast-schema-graph\">{\"@context\":\"https:\\\/\\\/schema.org\",\"@graph\":[{\"@type\":\"WebPage\",\"@id\":\"https:\\\/\\\/www.touslesjourscurieux.fr\\\/produit\\\/joel-meyerowitz-hors-serie-vol-02-like-la-revue\",\"url\":\"https:\\\/\\\/www.touslesjourscurieux.fr\\\/produit\\\/joel-meyerowitz-hors-serie-vol-02-like-la-revue\",\"name\":\"Joel Meyerowitz - Hors-s\u00e9rie VOL.02 - Like la revue\",\"isPartOf\":{\"@id\":\"https:\\\/\\\/www.touslesjourscurieux.fr\\\/#website\"},\"primaryImageOfPage\":{\"@id\":\"https:\\\/\\\/www.touslesjourscurieux.fr\\\/produit\\\/joel-meyerowitz-hors-serie-vol-02-like-la-revue#primaryimage\"},\"image\":{\"@id\":\"https:\\\/\\\/www.touslesjourscurieux.fr\\\/produit\\\/joel-meyerowitz-hors-serie-vol-02-like-la-revue#primaryimage\"},\"thumbnailUrl\":\"https:\\\/\\\/i0.wp.com\\\/www.touslesjourscurieux.fr\\\/wp-content\\\/uploads\\\/2025\\\/03\\\/REVUE-LIKE-HORS-SERIE-VOL-02-CARREHS-min.jpg?fit=600%2C600&ssl=1\",\"datePublished\":\"2025-09-19T07:10:38+00:00\",\"dateModified\":\"2025-09-29T03:58:58+00:00\",\"description\":\"Une grande rencontre avec le photographe New-Yorkais Joel Meyerowitz et aussi Marie-Laure de Decker, Peter Lindbergh, Vivian Maier, Kourtney Roy\u2026\",\"breadcrumb\":{\"@id\":\"https:\\\/\\\/www.touslesjourscurieux.fr\\\/produit\\\/joel-meyerowitz-hors-serie-vol-02-like-la-revue#breadcrumb\"},\"inLanguage\":\"en-US\",\"potentialAction\":[{\"@type\":\"ReadAction\",\"target\":[\"https:\\\/\\\/www.touslesjourscurieux.fr\\\/produit\\\/joel-meyerowitz-hors-serie-vol-02-like-la-revue\"]}]},{\"@type\":\"ImageObject\",\"inLanguage\":\"en-US\",\"@id\":\"https:\\\/\\\/www.touslesjourscurieux.fr\\\/produit\\\/joel-meyerowitz-hors-serie-vol-02-like-la-revue#primaryimage\",\"url\":\"https:\\\/\\\/i0.wp.com\\\/www.touslesjourscurieux.fr\\\/wp-content\\\/uploads\\\/2025\\\/03\\\/REVUE-LIKE-HORS-SERIE-VOL-02-CARREHS-min.jpg?fit=600%2C600&ssl=1\",\"contentUrl\":\"https:\\\/\\\/i0.wp.com\\\/www.touslesjourscurieux.fr\\\/wp-content\\\/uploads\\\/2025\\\/03\\\/REVUE-LIKE-HORS-SERIE-VOL-02-CARREHS-min.jpg?fit=600%2C600&ssl=1\",\"width\":600,\"height\":600},{\"@type\":\"BreadcrumbList\",\"@id\":\"https:\\\/\\\/www.touslesjourscurieux.fr\\\/produit\\\/joel-meyerowitz-hors-serie-vol-02-like-la-revue#breadcrumb\",\"itemListElement\":[{\"@type\":\"ListItem\",\"position\":1,\"name\":\"Accueil\",\"item\":\"https:\\\/\\\/www.touslesjourscurieux.fr\\\/\"},{\"@type\":\"ListItem\",\"position\":2,\"name\":\"LIKE la Revue, la boutique\",\"item\":\"https:\\\/\\\/www.touslesjourscurieux.fr\\\/\"},{\"@type\":\"ListItem\",\"position\":3,\"name\":\"Joel Meyerowitz\u2022Hors-s\u00e9rie VOL.02\u2022\"}]},{\"@type\":\"WebSite\",\"@id\":\"https:\\\/\\\/www.touslesjourscurieux.fr\\\/#website\",\"url\":\"https:\\\/\\\/www.touslesjourscurieux.fr\\\/\",\"name\":\"LIKE la revue\",\"description\":\"petit format grandes photos\",\"publisher\":{\"@id\":\"https:\\\/\\\/www.touslesjourscurieux.fr\\\/#organization\"},\"potentialAction\":[{\"@type\":\"SearchAction\",\"target\":{\"@type\":\"EntryPoint\",\"urlTemplate\":\"https:\\\/\\\/www.touslesjourscurieux.fr\\\/?s={search_term_string}\"},\"query-input\":{\"@type\":\"PropertyValueSpecification\",\"valueRequired\":true,\"valueName\":\"search_term_string\"}}],\"inLanguage\":\"en-US\"},{\"@type\":\"Organization\",\"@id\":\"https:\\\/\\\/www.touslesjourscurieux.fr\\\/#organization\",\"name\":\"LIKE la revue\",\"url\":\"https:\\\/\\\/www.touslesjourscurieux.fr\\\/\",\"logo\":{\"@type\":\"ImageObject\",\"inLanguage\":\"en-US\",\"@id\":\"https:\\\/\\\/www.touslesjourscurieux.fr\\\/#\\\/schema\\\/logo\\\/image\\\/\",\"url\":\"https:\\\/\\\/i0.wp.com\\\/www.touslesjourscurieux.fr\\\/wp-content\\\/uploads\\\/2024\\\/09\\\/162305199_131399045654938_3947990576801447511_n.jpg?fit=942%2C514&ssl=1\",\"contentUrl\":\"https:\\\/\\\/i0.wp.com\\\/www.touslesjourscurieux.fr\\\/wp-content\\\/uploads\\\/2024\\\/09\\\/162305199_131399045654938_3947990576801447511_n.jpg?fit=942%2C514&ssl=1\",\"width\":942,\"height\":514,\"caption\":\"LIKE la revue\"},\"image\":{\"@id\":\"https:\\\/\\\/www.touslesjourscurieux.fr\\\/#\\\/schema\\\/logo\\\/image\\\/\"},\"sameAs\":[\"https:\\\/\\\/www.facebook.com\\\/Touslesjourscurieux\",\"http:\\\/\\\/instagram.com\\\/likelarevuetouslesjourscurieux\"]}]}<\/script>\n<!-- \/ Yoast SEO plugin. -->","yoast_head_json":{"title":"Joel Meyerowitz - Hors-s\u00e9rie VOL.02 - Like la revue","description":"Une grande rencontre avec le photographe New-Yorkais Joel Meyerowitz et aussi Marie-Laure de Decker, Peter Lindbergh, Vivian Maier, Kourtney Roy\u2026","robots":{"index":"index","follow":"follow","max-snippet":"max-snippet:-1","max-image-preview":"max-image-preview:large","max-video-preview":"max-video-preview:-1"},"canonical":"https:\/\/www.touslesjourscurieux.fr\/en\/product\/joel-meyerowitz-hors-serie-vol-02-like-la-revue\/","og_locale":"en_US","og_type":"article","og_title":"Joel Meyerowitz - Hors-s\u00e9rie VOL.02 - Like la revue","og_description":"Une grande rencontre avec le photographe New-Yorkais Joel Meyerowitz et aussi Marie-Laure de Decker, Peter Lindbergh, Vivian Maier, Kourtney Roy\u2026","og_url":"https:\/\/www.touslesjourscurieux.fr\/en\/product\/joel-meyerowitz-hors-serie-vol-02-like-la-revue\/","og_site_name":"LIKE la revue","article_publisher":"https:\/\/www.facebook.com\/Touslesjourscurieux","article_modified_time":"2025-09-29T03:58:58+00:00","og_image":[{"width":600,"height":600,"url":"https:\/\/www.touslesjourscurieux.fr\/wp-content\/uploads\/2025\/03\/REVUE-LIKE-HORS-SERIE-VOL-02-CARREHS-min.jpg","type":"image\/jpeg"}],"twitter_card":"summary_large_image","twitter_misc":{"Est. reading time":"2 minutes"},"schema":{"@context":"https:\/\/schema.org","@graph":[{"@type":"WebPage","@id":"https:\/\/www.touslesjourscurieux.fr\/produit\/joel-meyerowitz-hors-serie-vol-02-like-la-revue","url":"https:\/\/www.touslesjourscurieux.fr\/produit\/joel-meyerowitz-hors-serie-vol-02-like-la-revue","name":"Joel Meyerowitz - Hors-s\u00e9rie VOL.02 - Like la revue","isPartOf":{"@id":"https:\/\/www.touslesjourscurieux.fr\/#website"},"primaryImageOfPage":{"@id":"https:\/\/www.touslesjourscurieux.fr\/produit\/joel-meyerowitz-hors-serie-vol-02-like-la-revue#primaryimage"},"image":{"@id":"https:\/\/www.touslesjourscurieux.fr\/produit\/joel-meyerowitz-hors-serie-vol-02-like-la-revue#primaryimage"},"thumbnailUrl":"https:\/\/i0.wp.com\/www.touslesjourscurieux.fr\/wp-content\/uploads\/2025\/03\/REVUE-LIKE-HORS-SERIE-VOL-02-CARREHS-min.jpg?fit=600%2C600&ssl=1","datePublished":"2025-09-19T07:10:38+00:00","dateModified":"2025-09-29T03:58:58+00:00","description":"Une grande rencontre avec le photographe New-Yorkais Joel Meyerowitz et aussi Marie-Laure de Decker, Peter Lindbergh, Vivian Maier, Kourtney Roy\u2026","breadcrumb":{"@id":"https:\/\/www.touslesjourscurieux.fr\/produit\/joel-meyerowitz-hors-serie-vol-02-like-la-revue#breadcrumb"},"inLanguage":"en-US","potentialAction":[{"@type":"ReadAction","target":["https:\/\/www.touslesjourscurieux.fr\/produit\/joel-meyerowitz-hors-serie-vol-02-like-la-revue"]}]},{"@type":"ImageObject","inLanguage":"en-US","@id":"https:\/\/www.touslesjourscurieux.fr\/produit\/joel-meyerowitz-hors-serie-vol-02-like-la-revue#primaryimage","url":"https:\/\/i0.wp.com\/www.touslesjourscurieux.fr\/wp-content\/uploads\/2025\/03\/REVUE-LIKE-HORS-SERIE-VOL-02-CARREHS-min.jpg?fit=600%2C600&ssl=1","contentUrl":"https:\/\/i0.wp.com\/www.touslesjourscurieux.fr\/wp-content\/uploads\/2025\/03\/REVUE-LIKE-HORS-SERIE-VOL-02-CARREHS-min.jpg?fit=600%2C600&ssl=1","width":600,"height":600},{"@type":"BreadcrumbList","@id":"https:\/\/www.touslesjourscurieux.fr\/produit\/joel-meyerowitz-hors-serie-vol-02-like-la-revue#breadcrumb","itemListElement":[{"@type":"ListItem","position":1,"name":"Accueil","item":"https:\/\/www.touslesjourscurieux.fr\/"},{"@type":"ListItem","position":2,"name":"LIKE la Revue, la boutique","item":"https:\/\/www.touslesjourscurieux.fr\/"},{"@type":"ListItem","position":3,"name":"Joel Meyerowitz\u2022Hors-s\u00e9rie VOL.02\u2022"}]},{"@type":"WebSite","@id":"https:\/\/www.touslesjourscurieux.fr\/#website","url":"https:\/\/www.touslesjourscurieux.fr\/","name":"LIKE la revue","description":"petit format grandes photos","publisher":{"@id":"https:\/\/www.touslesjourscurieux.fr\/#organization"},"potentialAction":[{"@type":"SearchAction","target":{"@type":"EntryPoint","urlTemplate":"https:\/\/www.touslesjourscurieux.fr\/?s={search_term_string}"},"query-input":{"@type":"PropertyValueSpecification","valueRequired":true,"valueName":"search_term_string"}}],"inLanguage":"en-US"},{"@type":"Organization","@id":"https:\/\/www.touslesjourscurieux.fr\/#organization","name":"LIKE la revue","url":"https:\/\/www.touslesjourscurieux.fr\/","logo":{"@type":"ImageObject","inLanguage":"en-US","@id":"https:\/\/www.touslesjourscurieux.fr\/#\/schema\/logo\/image\/","url":"https:\/\/i0.wp.com\/www.touslesjourscurieux.fr\/wp-content\/uploads\/2024\/09\/162305199_131399045654938_3947990576801447511_n.jpg?fit=942%2C514&ssl=1","contentUrl":"https:\/\/i0.wp.com\/www.touslesjourscurieux.fr\/wp-content\/uploads\/2024\/09\/162305199_131399045654938_3947990576801447511_n.jpg?fit=942%2C514&ssl=1","width":942,"height":514,"caption":"LIKE la revue"},"image":{"@id":"https:\/\/www.touslesjourscurieux.fr\/#\/schema\/logo\/image\/"},"sameAs":["https:\/\/www.facebook.com\/Touslesjourscurieux","http:\/\/instagram.com\/likelarevuetouslesjourscurieux"]}]}},"jetpack_sharing_enabled":true,"_links":{"self":[{"href":"https:\/\/www.touslesjourscurieux.fr\/en\/wp-json\/wp\/v2\/product\/2464","targetHints":{"allow":["GET"]}}],"collection":[{"href":"https:\/\/www.touslesjourscurieux.fr\/en\/wp-json\/wp\/v2\/product"}],"about":[{"href":"https:\/\/www.touslesjourscurieux.fr\/en\/wp-json\/wp\/v2\/types\/product"}],"replies":[{"embeddable":true,"href":"https:\/\/www.touslesjourscurieux.fr\/en\/wp-json\/wp\/v2\/comments?post=2464"}],"wp:featuredmedia":[{"embeddable":true,"href":"https:\/\/www.touslesjourscurieux.fr\/en\/wp-json\/wp\/v2\/media\/3620"}],"wp:attachment":[{"href":"https:\/\/www.touslesjourscurieux.fr\/en\/wp-json\/wp\/v2\/media?parent=2464"}],"wp:term":[{"taxonomy":"product_brand","embeddable":true,"href":"https:\/\/www.touslesjourscurieux.fr\/en\/wp-json\/wp\/v2\/product_brand?post=2464"},{"taxonomy":"product_cat","embeddable":true,"href":"https:\/\/www.touslesjourscurieux.fr\/en\/wp-json\/wp\/v2\/product_cat?post=2464"},{"taxonomy":"product_tag","embeddable":true,"href":"https:\/\/www.touslesjourscurieux.fr\/en\/wp-json\/wp\/v2\/product_tag?post=2464"}],"curies":[{"name":"wp","href":"https:\/\/api.w.org\/{rel}","templated":true}]}}