{"id":2176,"date":"2024-10-21T17:30:58","date_gmt":"2024-10-21T16:30:58","guid":{"rendered":"https:\/\/www.touslesjourscurieux.fr\/?post_type=product&#038;p=2176"},"modified":"2025-05-22T14:41:44","modified_gmt":"2025-05-22T13:41:44","slug":"bernard-plossu-joel-meyerowitz-article-rencontre-interview-reportage-like-la-revue-18","status":"publish","type":"product","link":"https:\/\/www.touslesjourscurieux.fr\/en\/product\/bernard-plossu-joel-meyerowitz-article-rencontre-interview-reportage-like-la-revue-18","title":{"rendered":"Bernard Plossu &#8211;  LIKE la revue #18"},"content":{"rendered":"<h1>AU SOMMAIRE<br \/>\nAu sommaire du N18<\/h1>\n<h2>Bernard Plossu<\/h2>\n<p>\u2022 Bernard Plossu est un photographe marcheur. Pendant 3 jours, nous l&#8217;avons suivi en randonn\u00e9e avec sa petite tribu. Notre reportage!<\/p>\n<p><a href=\"https:\/\/www.touslesjourscurieux.fr\/wp-content\/uploads\/2024\/09\/LIKE-N18-EXTRAITS-BERNARD-PLOSSU.pdf\"><strong><span style=\"color: #3366ff;\">LIRE UN EXTRAIT<\/span><\/strong><\/a><\/p>\n<h2><strong>Joel Meyerowitz<\/strong> et moi<\/h2>\n<p>\u2022 Notre journaliste conna\u00eet tout sur Joel Meyrerowitz. Mais elle ne l&#8217;avait jamais rencontr\u00e9. L&#8217;occasion s&#8217;est pr\u00e9sent\u00e9e \u00e0 Malaga, en Espagne, lors d&#8217;une r\u00e9trospective des premi\u00e8res photos europ\u00e9ennes de l&#8217;artiste. L&#8217;entretien, pr\u00e9vu pour durer de 20 minutes\u2026 s&#8217;est prolong\u00e9 pendant 2 heures. Et les photos de Meyrerowitz<\/p>\n<h2><strong>Luca Melcarne<\/strong><\/h2>\n<p>\u2022 Au t\u00e9l\u00e9phone, il nous a annonc\u00e9: \u00abOn bivouaquera en montagne, je vous dis o\u00f9 on se retrouve.\u00bb Et au lieu d&#8217;une adresse, nous avons re\u00e7u des coordonn\u00e9es GPS. \u00c0 25 ans, <strong>Luca Melcarne<\/strong> est le photographe animalier qui monte. Et qui grimpe.<\/p>\n<h2>Connaissez-vous <strong>Jean-Fran\u00e7ois Bouchard, photographe Canadien<\/strong>?<\/h2>\n<p>\u2022 Ce natif de Montr\u00e9al est une figure de la photo outre-atlantique. Depuis les ann\u00e9es 90, il s&#8217;immerge dans les milieux interlopes de la soci\u00e9t\u00e9 cubaine. Il nous d\u00e9voile la face cach\u00e9e du communisme au soleil. Notre grand porfolio.<\/p>\n<h2><strong>Russ Melcher<\/strong><\/h2>\n<p>\u2022 \u00abEn 1957, je me retrouve, \u00e0 Paris, r\u00e9dacteur en chef de l&#8217;agence Dalmas\u00bb. <strong>Russ Melcher<\/strong> est le plus fran\u00e7ais des photographes am\u00e9ricains. \u00c0 95 ans, il publie un livre photo truff\u00e9 de souvenirs, d&#8217;anecdotes et de fantastiques images. Une merveille! Nous sommes all\u00e9s du c\u00f4t\u00e9 de Carcassonne recueillir son t\u00e9moignage.<\/p>\n<h2><strong>Pascal Rivi\u00e8re<\/strong><\/h2>\n<p>\u2022 Transgenre, habitant Cr\u00e9teil \u2013nous vous pr\u00e9sentons Alex. <strong>Pascal Rivi\u00e8re<\/strong> a suivi toutes les \u00e9tapes de sa transition. Un sujet unique, men\u00e9 avec patience, \u00e0 l&#8217;issue heureuse.<\/p>\n<h2><strong>Jean-Louis Mylonas<\/strong><\/h2>\n<p>\u2022 Il collectionne des photos, des livres et, en quelques ann\u00e9es, a accumul\u00e9 une somme d&#8217;informations in\u00e9dites sur Robert Capa. Portrait d&#8217;un passionn\u00e9 passionnant.<\/p>\n<h2><strong>William Moureaux<\/strong><\/h2>\n<p>\u2022 \u00abJe suis Meilleur Ouvrier de France en photographie!\u00bb Il ne fallait pas en dire plus pour attiser notre curiosit\u00e9. <strong>William Moureaux<\/strong> tient boutique \u00e0 Montpellier et nous raconte le parcours qui l&#8217;a men\u00e9 \u00e0 cette supr\u00eame distinction.<\/p>\n<h2><strong>Gilles Mora<\/strong><\/h2>\n<p>\u2022 L\u2019air du temps pr\u00e9sent, l\u2019humeur de <strong>Gilles Mora<\/strong>. La chronique qui f\u00e2che. Dans cet \u00e9pisode, Mora disserte sur ceux qui (lui compris) ne veulent pas l\u00e2cher la rampe\u2026<\/p>\n<h2><strong>Photos Days<\/strong>, <strong>Planches Contact<\/strong><\/h2>\n<p>\u2022 Une s\u00e9quence importante consacr\u00e9e aux livres de fin d&#8217;ann\u00e9e et aux expos de la rentr\u00e9e \u00e0 ne pas manquer. Et toujours Concordance des temps de <strong>Natalie Amargier,<\/strong> la chronique de <strong>Denis Trasfi,<\/strong> l\u2019amoureux du mat\u00e9riel photo, et les coups de c\u0153ur \u00e9ditoriaux de <strong>Marc Pussemier.<\/strong><\/p>","protected":false},"excerpt":{"rendered":"<p><span style=\"color: #ff0000;\"><strong>Abonnement<\/strong><\/span> <strong>\ud83d\udc49<\/strong>Envoy\u00e9 directement chez vous +Frais de port: 10\u20ac (4X2,50\u20ac)<\/p>","protected":false},"featured_media":3625,"comment_status":"closed","ping_status":"closed","template":"","meta":[],"product_brand":[],"product_cat":[32,19],"product_tag":[],"class_list":{"0":"post-2176","1":"product","2":"type-product","3":"status-publish","4":"has-post-thumbnail","6":"product_cat-le-grand-portrait-de-joel-meyerowitz","7":"product_cat-like-la-revue","8":"product_shipping_class-revue","10":"first","11":"instock","12":"taxable","13":"shipping-taxable","14":"product-type-simple"},"yoast_head":"<!-- This site is optimized with the Yoast SEO plugin v27.3 - https:\/\/yoast.com\/product\/yoast-seo-wordpress\/ -->\n<title>Bernard Plossu - LIKE la revue #18 - LIKE la revue<\/title>\n<meta name=\"description\" content=\"LIKE la revue, le trimestriel papier. Pendant 3 jours, nous avons suivi Bernard Plossu en randonn\u00e9e. R\u00e9cit complet! Tout sur Joel Meyrerowitz.\" \/>\n<meta name=\"robots\" content=\"index, follow, max-snippet:-1, max-image-preview:large, max-video-preview:-1\" \/>\n<link rel=\"canonical\" href=\"https:\/\/www.touslesjourscurieux.fr\/en\/product\/bernard-plossu-joel-meyerowitz-article-rencontre-interview-reportage-like-la-revue-18\/\" \/>\n<meta property=\"og:locale\" content=\"en_US\" \/>\n<meta property=\"og:type\" content=\"article\" \/>\n<meta property=\"og:title\" content=\"Bernard Plossu - LIKE la revue #18 - LIKE la revue\" \/>\n<meta property=\"og:description\" content=\"LIKE la revue, le trimestriel papier. Pendant 3 jours, nous avons suivi Bernard Plossu en randonn\u00e9e. R\u00e9cit complet! Tout sur Joel Meyrerowitz.\" \/>\n<meta property=\"og:url\" content=\"https:\/\/www.touslesjourscurieux.fr\/en\/product\/bernard-plossu-joel-meyerowitz-article-rencontre-interview-reportage-like-la-revue-18\/\" \/>\n<meta property=\"og:site_name\" content=\"LIKE la revue\" \/>\n<meta property=\"article:publisher\" content=\"https:\/\/www.facebook.com\/Touslesjourscurieux\" \/>\n<meta property=\"article:modified_time\" content=\"2025-05-22T13:41:44+00:00\" \/>\n<meta property=\"og:image\" content=\"https:\/\/www.touslesjourscurieux.fr\/wp-content\/uploads\/2024\/10\/REVUE-LIKE-N18-N18-EPUISE-min.jpg\" \/>\n\t<meta property=\"og:image:width\" content=\"1000\" \/>\n\t<meta property=\"og:image:height\" content=\"1000\" \/>\n\t<meta property=\"og:image:type\" content=\"image\/jpeg\" \/>\n<meta name=\"twitter:card\" content=\"summary_large_image\" \/>\n<meta name=\"twitter:label1\" content=\"Est. reading time\" \/>\n\t<meta name=\"twitter:data1\" content=\"3 minutes\" \/>\n<script type=\"application\/ld+json\" class=\"yoast-schema-graph\">{\"@context\":\"https:\\\/\\\/schema.org\",\"@graph\":[{\"@type\":\"WebPage\",\"@id\":\"https:\\\/\\\/www.touslesjourscurieux.fr\\\/produit\\\/bernard-plossu-joel-meyerowitz-article-rencontre-interview-reportage-like-la-revue-18\",\"url\":\"https:\\\/\\\/www.touslesjourscurieux.fr\\\/produit\\\/bernard-plossu-joel-meyerowitz-article-rencontre-interview-reportage-like-la-revue-18\",\"name\":\"Bernard Plossu - LIKE la revue #18 - LIKE la revue\",\"isPartOf\":{\"@id\":\"https:\\\/\\\/www.touslesjourscurieux.fr\\\/#website\"},\"primaryImageOfPage\":{\"@id\":\"https:\\\/\\\/www.touslesjourscurieux.fr\\\/produit\\\/bernard-plossu-joel-meyerowitz-article-rencontre-interview-reportage-like-la-revue-18#primaryimage\"},\"image\":{\"@id\":\"https:\\\/\\\/www.touslesjourscurieux.fr\\\/produit\\\/bernard-plossu-joel-meyerowitz-article-rencontre-interview-reportage-like-la-revue-18#primaryimage\"},\"thumbnailUrl\":\"https:\\\/\\\/i0.wp.com\\\/www.touslesjourscurieux.fr\\\/wp-content\\\/uploads\\\/2024\\\/10\\\/REVUE-LIKE-N18-N18-EPUISE-min.jpg?fit=1000%2C1000&ssl=1\",\"datePublished\":\"2024-10-21T16:30:58+00:00\",\"dateModified\":\"2025-05-22T13:41:44+00:00\",\"description\":\"LIKE la revue, le trimestriel papier. Pendant 3 jours, nous avons suivi Bernard Plossu en randonn\u00e9e. R\u00e9cit complet! Tout sur Joel Meyrerowitz.\",\"breadcrumb\":{\"@id\":\"https:\\\/\\\/www.touslesjourscurieux.fr\\\/produit\\\/bernard-plossu-joel-meyerowitz-article-rencontre-interview-reportage-like-la-revue-18#breadcrumb\"},\"inLanguage\":\"en-US\",\"potentialAction\":[{\"@type\":\"ReadAction\",\"target\":[\"https:\\\/\\\/www.touslesjourscurieux.fr\\\/produit\\\/bernard-plossu-joel-meyerowitz-article-rencontre-interview-reportage-like-la-revue-18\"]}]},{\"@type\":\"ImageObject\",\"inLanguage\":\"en-US\",\"@id\":\"https:\\\/\\\/www.touslesjourscurieux.fr\\\/produit\\\/bernard-plossu-joel-meyerowitz-article-rencontre-interview-reportage-like-la-revue-18#primaryimage\",\"url\":\"https:\\\/\\\/i0.wp.com\\\/www.touslesjourscurieux.fr\\\/wp-content\\\/uploads\\\/2024\\\/10\\\/REVUE-LIKE-N18-N18-EPUISE-min.jpg?fit=1000%2C1000&ssl=1\",\"contentUrl\":\"https:\\\/\\\/i0.wp.com\\\/www.touslesjourscurieux.fr\\\/wp-content\\\/uploads\\\/2024\\\/10\\\/REVUE-LIKE-N18-N18-EPUISE-min.jpg?fit=1000%2C1000&ssl=1\",\"width\":1000,\"height\":1000},{\"@type\":\"BreadcrumbList\",\"@id\":\"https:\\\/\\\/www.touslesjourscurieux.fr\\\/produit\\\/bernard-plossu-joel-meyerowitz-article-rencontre-interview-reportage-like-la-revue-18#breadcrumb\",\"itemListElement\":[{\"@type\":\"ListItem\",\"position\":1,\"name\":\"Accueil\",\"item\":\"https:\\\/\\\/www.touslesjourscurieux.fr\\\/\"},{\"@type\":\"ListItem\",\"position\":2,\"name\":\"LIKE la Revue, la boutique\",\"item\":\"https:\\\/\\\/www.touslesjourscurieux.fr\\\/\"},{\"@type\":\"ListItem\",\"position\":3,\"name\":\"Bernard Plossu &#8211; LIKE la revue #18\"}]},{\"@type\":\"WebSite\",\"@id\":\"https:\\\/\\\/www.touslesjourscurieux.fr\\\/#website\",\"url\":\"https:\\\/\\\/www.touslesjourscurieux.fr\\\/\",\"name\":\"LIKE la revue\",\"description\":\"petit format grandes photos\",\"publisher\":{\"@id\":\"https:\\\/\\\/www.touslesjourscurieux.fr\\\/#organization\"},\"potentialAction\":[{\"@type\":\"SearchAction\",\"target\":{\"@type\":\"EntryPoint\",\"urlTemplate\":\"https:\\\/\\\/www.touslesjourscurieux.fr\\\/?s={search_term_string}\"},\"query-input\":{\"@type\":\"PropertyValueSpecification\",\"valueRequired\":true,\"valueName\":\"search_term_string\"}}],\"inLanguage\":\"en-US\"},{\"@type\":\"Organization\",\"@id\":\"https:\\\/\\\/www.touslesjourscurieux.fr\\\/#organization\",\"name\":\"LIKE la revue\",\"url\":\"https:\\\/\\\/www.touslesjourscurieux.fr\\\/\",\"logo\":{\"@type\":\"ImageObject\",\"inLanguage\":\"en-US\",\"@id\":\"https:\\\/\\\/www.touslesjourscurieux.fr\\\/#\\\/schema\\\/logo\\\/image\\\/\",\"url\":\"https:\\\/\\\/i0.wp.com\\\/www.touslesjourscurieux.fr\\\/wp-content\\\/uploads\\\/2024\\\/09\\\/162305199_131399045654938_3947990576801447511_n.jpg?fit=942%2C514&ssl=1\",\"contentUrl\":\"https:\\\/\\\/i0.wp.com\\\/www.touslesjourscurieux.fr\\\/wp-content\\\/uploads\\\/2024\\\/09\\\/162305199_131399045654938_3947990576801447511_n.jpg?fit=942%2C514&ssl=1\",\"width\":942,\"height\":514,\"caption\":\"LIKE la revue\"},\"image\":{\"@id\":\"https:\\\/\\\/www.touslesjourscurieux.fr\\\/#\\\/schema\\\/logo\\\/image\\\/\"},\"sameAs\":[\"https:\\\/\\\/www.facebook.com\\\/Touslesjourscurieux\",\"http:\\\/\\\/instagram.com\\\/likelarevuetouslesjourscurieux\"]}]}<\/script>\n<!-- \/ Yoast SEO plugin. -->","yoast_head_json":{"title":"Bernard Plossu - LIKE la revue #18 - LIKE la revue","description":"LIKE la revue, le trimestriel papier. Pendant 3 jours, nous avons suivi Bernard Plossu en randonn\u00e9e. R\u00e9cit complet! Tout sur Joel Meyrerowitz.","robots":{"index":"index","follow":"follow","max-snippet":"max-snippet:-1","max-image-preview":"max-image-preview:large","max-video-preview":"max-video-preview:-1"},"canonical":"https:\/\/www.touslesjourscurieux.fr\/en\/product\/bernard-plossu-joel-meyerowitz-article-rencontre-interview-reportage-like-la-revue-18\/","og_locale":"en_US","og_type":"article","og_title":"Bernard Plossu - LIKE la revue #18 - LIKE la revue","og_description":"LIKE la revue, le trimestriel papier. Pendant 3 jours, nous avons suivi Bernard Plossu en randonn\u00e9e. R\u00e9cit complet! Tout sur Joel Meyrerowitz.","og_url":"https:\/\/www.touslesjourscurieux.fr\/en\/product\/bernard-plossu-joel-meyerowitz-article-rencontre-interview-reportage-like-la-revue-18\/","og_site_name":"LIKE la revue","article_publisher":"https:\/\/www.facebook.com\/Touslesjourscurieux","article_modified_time":"2025-05-22T13:41:44+00:00","og_image":[{"width":1000,"height":1000,"url":"https:\/\/www.touslesjourscurieux.fr\/wp-content\/uploads\/2024\/10\/REVUE-LIKE-N18-N18-EPUISE-min.jpg","type":"image\/jpeg"}],"twitter_card":"summary_large_image","twitter_misc":{"Est. reading time":"3 minutes"},"schema":{"@context":"https:\/\/schema.org","@graph":[{"@type":"WebPage","@id":"https:\/\/www.touslesjourscurieux.fr\/produit\/bernard-plossu-joel-meyerowitz-article-rencontre-interview-reportage-like-la-revue-18","url":"https:\/\/www.touslesjourscurieux.fr\/produit\/bernard-plossu-joel-meyerowitz-article-rencontre-interview-reportage-like-la-revue-18","name":"Bernard Plossu - LIKE la revue #18 - LIKE la revue","isPartOf":{"@id":"https:\/\/www.touslesjourscurieux.fr\/#website"},"primaryImageOfPage":{"@id":"https:\/\/www.touslesjourscurieux.fr\/produit\/bernard-plossu-joel-meyerowitz-article-rencontre-interview-reportage-like-la-revue-18#primaryimage"},"image":{"@id":"https:\/\/www.touslesjourscurieux.fr\/produit\/bernard-plossu-joel-meyerowitz-article-rencontre-interview-reportage-like-la-revue-18#primaryimage"},"thumbnailUrl":"https:\/\/i0.wp.com\/www.touslesjourscurieux.fr\/wp-content\/uploads\/2024\/10\/REVUE-LIKE-N18-N18-EPUISE-min.jpg?fit=1000%2C1000&ssl=1","datePublished":"2024-10-21T16:30:58+00:00","dateModified":"2025-05-22T13:41:44+00:00","description":"LIKE la revue, le trimestriel papier. Pendant 3 jours, nous avons suivi Bernard Plossu en randonn\u00e9e. R\u00e9cit complet! Tout sur Joel Meyrerowitz.","breadcrumb":{"@id":"https:\/\/www.touslesjourscurieux.fr\/produit\/bernard-plossu-joel-meyerowitz-article-rencontre-interview-reportage-like-la-revue-18#breadcrumb"},"inLanguage":"en-US","potentialAction":[{"@type":"ReadAction","target":["https:\/\/www.touslesjourscurieux.fr\/produit\/bernard-plossu-joel-meyerowitz-article-rencontre-interview-reportage-like-la-revue-18"]}]},{"@type":"ImageObject","inLanguage":"en-US","@id":"https:\/\/www.touslesjourscurieux.fr\/produit\/bernard-plossu-joel-meyerowitz-article-rencontre-interview-reportage-like-la-revue-18#primaryimage","url":"https:\/\/i0.wp.com\/www.touslesjourscurieux.fr\/wp-content\/uploads\/2024\/10\/REVUE-LIKE-N18-N18-EPUISE-min.jpg?fit=1000%2C1000&ssl=1","contentUrl":"https:\/\/i0.wp.com\/www.touslesjourscurieux.fr\/wp-content\/uploads\/2024\/10\/REVUE-LIKE-N18-N18-EPUISE-min.jpg?fit=1000%2C1000&ssl=1","width":1000,"height":1000},{"@type":"BreadcrumbList","@id":"https:\/\/www.touslesjourscurieux.fr\/produit\/bernard-plossu-joel-meyerowitz-article-rencontre-interview-reportage-like-la-revue-18#breadcrumb","itemListElement":[{"@type":"ListItem","position":1,"name":"Accueil","item":"https:\/\/www.touslesjourscurieux.fr\/"},{"@type":"ListItem","position":2,"name":"LIKE la Revue, la boutique","item":"https:\/\/www.touslesjourscurieux.fr\/"},{"@type":"ListItem","position":3,"name":"Bernard Plossu &#8211; LIKE la revue #18"}]},{"@type":"WebSite","@id":"https:\/\/www.touslesjourscurieux.fr\/#website","url":"https:\/\/www.touslesjourscurieux.fr\/","name":"LIKE la revue","description":"petit format grandes photos","publisher":{"@id":"https:\/\/www.touslesjourscurieux.fr\/#organization"},"potentialAction":[{"@type":"SearchAction","target":{"@type":"EntryPoint","urlTemplate":"https:\/\/www.touslesjourscurieux.fr\/?s={search_term_string}"},"query-input":{"@type":"PropertyValueSpecification","valueRequired":true,"valueName":"search_term_string"}}],"inLanguage":"en-US"},{"@type":"Organization","@id":"https:\/\/www.touslesjourscurieux.fr\/#organization","name":"LIKE la revue","url":"https:\/\/www.touslesjourscurieux.fr\/","logo":{"@type":"ImageObject","inLanguage":"en-US","@id":"https:\/\/www.touslesjourscurieux.fr\/#\/schema\/logo\/image\/","url":"https:\/\/i0.wp.com\/www.touslesjourscurieux.fr\/wp-content\/uploads\/2024\/09\/162305199_131399045654938_3947990576801447511_n.jpg?fit=942%2C514&ssl=1","contentUrl":"https:\/\/i0.wp.com\/www.touslesjourscurieux.fr\/wp-content\/uploads\/2024\/09\/162305199_131399045654938_3947990576801447511_n.jpg?fit=942%2C514&ssl=1","width":942,"height":514,"caption":"LIKE la revue"},"image":{"@id":"https:\/\/www.touslesjourscurieux.fr\/#\/schema\/logo\/image\/"},"sameAs":["https:\/\/www.facebook.com\/Touslesjourscurieux","http:\/\/instagram.com\/likelarevuetouslesjourscurieux"]}]}},"jetpack_sharing_enabled":true,"_links":{"self":[{"href":"https:\/\/www.touslesjourscurieux.fr\/en\/wp-json\/wp\/v2\/product\/2176","targetHints":{"allow":["GET"]}}],"collection":[{"href":"https:\/\/www.touslesjourscurieux.fr\/en\/wp-json\/wp\/v2\/product"}],"about":[{"href":"https:\/\/www.touslesjourscurieux.fr\/en\/wp-json\/wp\/v2\/types\/product"}],"replies":[{"embeddable":true,"href":"https:\/\/www.touslesjourscurieux.fr\/en\/wp-json\/wp\/v2\/comments?post=2176"}],"wp:featuredmedia":[{"embeddable":true,"href":"https:\/\/www.touslesjourscurieux.fr\/en\/wp-json\/wp\/v2\/media\/3625"}],"wp:attachment":[{"href":"https:\/\/www.touslesjourscurieux.fr\/en\/wp-json\/wp\/v2\/media?parent=2176"}],"wp:term":[{"taxonomy":"product_brand","embeddable":true,"href":"https:\/\/www.touslesjourscurieux.fr\/en\/wp-json\/wp\/v2\/product_brand?post=2176"},{"taxonomy":"product_cat","embeddable":true,"href":"https:\/\/www.touslesjourscurieux.fr\/en\/wp-json\/wp\/v2\/product_cat?post=2176"},{"taxonomy":"product_tag","embeddable":true,"href":"https:\/\/www.touslesjourscurieux.fr\/en\/wp-json\/wp\/v2\/product_tag?post=2176"}],"curies":[{"name":"wp","href":"https:\/\/api.w.org\/{rel}","templated":true}]}}