{"id":1902,"date":"2023-12-05T05:30:31","date_gmt":"2023-12-05T04:30:31","guid":{"rendered":"https:\/\/www.touslesjourscurieux.fr\/?post_type=product&#038;p=1902"},"modified":"2025-05-22T14:42:44","modified_gmt":"2025-05-22T13:42:44","slug":"marine-lanier-elliott-landy-le-photographe-de-woodstock-like-la-revue-17","status":"publish","type":"product","link":"https:\/\/www.touslesjourscurieux.fr\/en\/product\/marine-lanier-elliott-landy-le-photographe-de-woodstock-like-la-revue-17","title":{"rendered":"Marine Lanier &#8211; LIKE la revue #17"},"content":{"rendered":"<h1>AU SOMMAIRE<\/h1>\n<h2>Notre article sur Marine Lanier, les jardins extraordinaires<\/h2>\n<h3>\u2022 D\u00e9couvrez les jardins extraordinaires de Marine Lanier.<\/h3>\n<p><a href=\"https:\/\/www.touslesjourscurieux.fr\/wp-content\/uploads\/2024\/09\/LIKE-N18-EXTRAITS-LANIER-1.pdf\"><span style=\"color: #3366ff;\"><strong>LIRE UN EXTRAIT<\/strong><\/span><\/a><\/p>\n<h1>Elliott Landy, le photographe officiel de Woodstock<\/h1>\n<p>\u2022 Elliott Landy, les photos iconiques de Woodstock, c\u2019est lui! Rencontre avec un photographe am\u00e9ricain \u00e0 la m\u00e9moire intacte.<\/p>\n<p><a href=\"https:\/\/www.touslesjourscurieux.fr\/wp-content\/uploads\/2024\/09\/LIKE-N18-EXTRAITS-LANDY.pdf\"><strong><span style=\"color: #3366ff;\">LIRE UN EXTRAIT<\/span><\/strong><\/a><\/p>\n<h2>Mitch Dobrowner<\/h2>\n<p>\u2022 Mitch Dobrowner recherche et poursuit les ouragans La plupart d\u2019entre nous fuiraient, lui s&#8217;en rapproche. Des photos exceptionnelles. L\u2019expo qui ne manque pas d\u2019air au Festival de La Gacilly.<\/p>\n<h2>Corentin Fohlen<\/h2>\n<p>\u2022 Ha\u00efti vit sous l\u2019emprise de la violence et du chaos g\u00e9n\u00e9ralis\u00e9. Corentin Fohlen en revient. Une des expos phares de Visa pour l\u2019image de Perpignan.<\/p>\n<h2>Pierre Delaunay<\/h2>\n<p>\u2022 Le festival BarrObjectif est l\u2019\u0153uvre d\u2019un personnage truculent. Vive Pierre Delaunay!<\/p>\n<h2>La lib\u00e9ration de Paris<\/h2>\n<p>\u2022 L\u2019Agence France Presse ouvre sa galerie. Les photos in\u00e9dites de la lib\u00e9ration de Paris.<\/p>\n<h2>Laurence Le Guen<\/h2>\n<p>\u2022 D\u00e9couvrez l\u2019histoire des livres photo pour enfants.Laurence Le Guen raconte\u2026<\/p>\n<h2><strong>Le sport au f\u00e9minin<\/strong><\/h2>\n<p>\u2022 Championnes! La galerie Roger-Viollet fait revivre le sport au f\u00e9minin au d\u00e9but du XXe si\u00e8cle.<\/p>\n<h2>Luis Tato<\/h2>\n<p>\u2022 Qui se soucie du Soudan? Luis Tato, photojournaliste \u00e0 l\u2019AFP, d\u00e9nonce la situation catastrophique dans laquelle sont plong\u00e9s des centaines de milliers de d\u00e9plac\u00e9s par la guerre civile.<\/p>\n<h2>Fr\u00e9d\u00e9ric Stucin<\/h2>\n<p>\u2022 Fr\u00e9d\u00e9ric Stucin passe des stars aux patients d\u2019un h\u00f4pital psychiatrique. Sa belle expo au Carr\u00e9 de Baudouin \u00e0 Paris.<\/p>\n<h2>Gilles Mora<\/h2>\n<p>\u2022 La chronique de Gilles Mora. \u00abArr\u00eatons d\u2019utiliser le mot po\u00e9sie \u00e0 tout bout de champ pour d\u00e9crire une photo!\u00bb \u2022 Notre s\u00e9lection de livres photo et nos chroniques<\/p>\n<p>&nbsp;<\/p>","protected":false},"excerpt":{"rendered":"<p><span style=\"color: #ff0000;\"><strong>Abonnement<\/strong><\/span> <strong>\ud83d\udc49<\/strong>Envoy\u00e9 directement chez vous +Frais de port: 10\u20ac (4X2,50\u20ac)<\/p>","protected":false},"featured_media":3626,"comment_status":"closed","ping_status":"closed","template":"","meta":[],"product_brand":[],"product_cat":[39,19,25],"product_tag":[],"class_list":{"0":"post-1902","1":"product","2":"type-product","3":"status-publish","4":"has-post-thumbnail","6":"product_cat-le-jardin-extraordinaire-de-marine-lanier","7":"product_cat-like-la-revue","8":"product_cat-photographe-et-artiste","9":"product_shipping_class-revue","11":"first","12":"instock","13":"taxable","14":"shipping-taxable","15":"purchasable","16":"product-type-simple"},"yoast_head":"<!-- This site is optimized with the Yoast SEO plugin v27.3 - https:\/\/yoast.com\/product\/yoast-seo-wordpress\/ -->\n<title>Marine Lanier - LIKE la revue #17 - LIKE la revue<\/title>\n<meta name=\"description\" content=\"En couverture Marine Lanier. D\u00e9couvrez le jardin extraordinaire de Marine Lanier. Et aussi Elliott Landy, les photos iconiques de Woodstock, c\u2019est lui!\" \/>\n<meta name=\"robots\" content=\"index, follow, max-snippet:-1, max-image-preview:large, max-video-preview:-1\" \/>\n<link rel=\"canonical\" href=\"https:\/\/www.touslesjourscurieux.fr\/en\/product\/marine-lanier-elliott-landy-le-photographe-de-woodstock-like-la-revue-17\/\" \/>\n<meta property=\"og:locale\" content=\"en_US\" \/>\n<meta property=\"og:type\" content=\"article\" \/>\n<meta property=\"og:title\" content=\"Marine Lanier - LIKE la revue #17 - LIKE la revue\" \/>\n<meta property=\"og:description\" content=\"En couverture Marine Lanier. D\u00e9couvrez le jardin extraordinaire de Marine Lanier. Et aussi Elliott Landy, les photos iconiques de Woodstock, c\u2019est lui!\" \/>\n<meta property=\"og:url\" content=\"https:\/\/www.touslesjourscurieux.fr\/en\/product\/marine-lanier-elliott-landy-le-photographe-de-woodstock-like-la-revue-17\/\" \/>\n<meta property=\"og:site_name\" content=\"LIKE la revue\" \/>\n<meta property=\"article:publisher\" content=\"https:\/\/www.facebook.com\/Touslesjourscurieux\" \/>\n<meta property=\"article:modified_time\" content=\"2025-05-22T13:42:44+00:00\" \/>\n<meta property=\"og:image\" content=\"https:\/\/www.touslesjourscurieux.fr\/wp-content\/uploads\/2023\/12\/REVUE-LIKE-N17-4-DERNIERES-COUVERTURE4-min.jpg\" \/>\n\t<meta property=\"og:image:width\" content=\"600\" \/>\n\t<meta property=\"og:image:height\" content=\"600\" \/>\n\t<meta property=\"og:image:type\" content=\"image\/jpeg\" \/>\n<meta name=\"twitter:card\" content=\"summary_large_image\" \/>\n<meta name=\"twitter:label1\" content=\"Est. reading time\" \/>\n\t<meta name=\"twitter:data1\" content=\"2 minutes\" \/>\n<script type=\"application\/ld+json\" class=\"yoast-schema-graph\">{\"@context\":\"https:\\\/\\\/schema.org\",\"@graph\":[{\"@type\":\"WebPage\",\"@id\":\"https:\\\/\\\/www.touslesjourscurieux.fr\\\/produit\\\/marine-lanier-elliott-landy-le-photographe-de-woodstock-like-la-revue-17\",\"url\":\"https:\\\/\\\/www.touslesjourscurieux.fr\\\/produit\\\/marine-lanier-elliott-landy-le-photographe-de-woodstock-like-la-revue-17\",\"name\":\"Marine Lanier - LIKE la revue #17 - LIKE la revue\",\"isPartOf\":{\"@id\":\"https:\\\/\\\/www.touslesjourscurieux.fr\\\/#website\"},\"primaryImageOfPage\":{\"@id\":\"https:\\\/\\\/www.touslesjourscurieux.fr\\\/produit\\\/marine-lanier-elliott-landy-le-photographe-de-woodstock-like-la-revue-17#primaryimage\"},\"image\":{\"@id\":\"https:\\\/\\\/www.touslesjourscurieux.fr\\\/produit\\\/marine-lanier-elliott-landy-le-photographe-de-woodstock-like-la-revue-17#primaryimage\"},\"thumbnailUrl\":\"https:\\\/\\\/i0.wp.com\\\/www.touslesjourscurieux.fr\\\/wp-content\\\/uploads\\\/2023\\\/12\\\/REVUE-LIKE-N17-4-DERNIERES-COUVERTURE4-min.jpg?fit=600%2C600&ssl=1\",\"datePublished\":\"2023-12-05T04:30:31+00:00\",\"dateModified\":\"2025-05-22T13:42:44+00:00\",\"description\":\"En couverture Marine Lanier. D\u00e9couvrez le jardin extraordinaire de Marine Lanier. Et aussi Elliott Landy, les photos iconiques de Woodstock, c\u2019est lui!\",\"breadcrumb\":{\"@id\":\"https:\\\/\\\/www.touslesjourscurieux.fr\\\/produit\\\/marine-lanier-elliott-landy-le-photographe-de-woodstock-like-la-revue-17#breadcrumb\"},\"inLanguage\":\"en-US\",\"potentialAction\":[{\"@type\":\"ReadAction\",\"target\":[\"https:\\\/\\\/www.touslesjourscurieux.fr\\\/produit\\\/marine-lanier-elliott-landy-le-photographe-de-woodstock-like-la-revue-17\"]}]},{\"@type\":\"ImageObject\",\"inLanguage\":\"en-US\",\"@id\":\"https:\\\/\\\/www.touslesjourscurieux.fr\\\/produit\\\/marine-lanier-elliott-landy-le-photographe-de-woodstock-like-la-revue-17#primaryimage\",\"url\":\"https:\\\/\\\/i0.wp.com\\\/www.touslesjourscurieux.fr\\\/wp-content\\\/uploads\\\/2023\\\/12\\\/REVUE-LIKE-N17-4-DERNIERES-COUVERTURE4-min.jpg?fit=600%2C600&ssl=1\",\"contentUrl\":\"https:\\\/\\\/i0.wp.com\\\/www.touslesjourscurieux.fr\\\/wp-content\\\/uploads\\\/2023\\\/12\\\/REVUE-LIKE-N17-4-DERNIERES-COUVERTURE4-min.jpg?fit=600%2C600&ssl=1\",\"width\":600,\"height\":600},{\"@type\":\"BreadcrumbList\",\"@id\":\"https:\\\/\\\/www.touslesjourscurieux.fr\\\/produit\\\/marine-lanier-elliott-landy-le-photographe-de-woodstock-like-la-revue-17#breadcrumb\",\"itemListElement\":[{\"@type\":\"ListItem\",\"position\":1,\"name\":\"Accueil\",\"item\":\"https:\\\/\\\/www.touslesjourscurieux.fr\\\/\"},{\"@type\":\"ListItem\",\"position\":2,\"name\":\"LIKE la Revue, la boutique\",\"item\":\"https:\\\/\\\/www.touslesjourscurieux.fr\\\/\"},{\"@type\":\"ListItem\",\"position\":3,\"name\":\"Marine Lanier &#8211; LIKE la revue #17\"}]},{\"@type\":\"WebSite\",\"@id\":\"https:\\\/\\\/www.touslesjourscurieux.fr\\\/#website\",\"url\":\"https:\\\/\\\/www.touslesjourscurieux.fr\\\/\",\"name\":\"LIKE la revue\",\"description\":\"petit format grandes photos\",\"publisher\":{\"@id\":\"https:\\\/\\\/www.touslesjourscurieux.fr\\\/#organization\"},\"potentialAction\":[{\"@type\":\"SearchAction\",\"target\":{\"@type\":\"EntryPoint\",\"urlTemplate\":\"https:\\\/\\\/www.touslesjourscurieux.fr\\\/?s={search_term_string}\"},\"query-input\":{\"@type\":\"PropertyValueSpecification\",\"valueRequired\":true,\"valueName\":\"search_term_string\"}}],\"inLanguage\":\"en-US\"},{\"@type\":\"Organization\",\"@id\":\"https:\\\/\\\/www.touslesjourscurieux.fr\\\/#organization\",\"name\":\"LIKE la revue\",\"url\":\"https:\\\/\\\/www.touslesjourscurieux.fr\\\/\",\"logo\":{\"@type\":\"ImageObject\",\"inLanguage\":\"en-US\",\"@id\":\"https:\\\/\\\/www.touslesjourscurieux.fr\\\/#\\\/schema\\\/logo\\\/image\\\/\",\"url\":\"https:\\\/\\\/i0.wp.com\\\/www.touslesjourscurieux.fr\\\/wp-content\\\/uploads\\\/2024\\\/09\\\/162305199_131399045654938_3947990576801447511_n.jpg?fit=942%2C514&ssl=1\",\"contentUrl\":\"https:\\\/\\\/i0.wp.com\\\/www.touslesjourscurieux.fr\\\/wp-content\\\/uploads\\\/2024\\\/09\\\/162305199_131399045654938_3947990576801447511_n.jpg?fit=942%2C514&ssl=1\",\"width\":942,\"height\":514,\"caption\":\"LIKE la revue\"},\"image\":{\"@id\":\"https:\\\/\\\/www.touslesjourscurieux.fr\\\/#\\\/schema\\\/logo\\\/image\\\/\"},\"sameAs\":[\"https:\\\/\\\/www.facebook.com\\\/Touslesjourscurieux\",\"http:\\\/\\\/instagram.com\\\/likelarevuetouslesjourscurieux\"]}]}<\/script>\n<!-- \/ Yoast SEO plugin. -->","yoast_head_json":{"title":"Marine Lanier - LIKE la revue #17 - LIKE la revue","description":"En couverture Marine Lanier. D\u00e9couvrez le jardin extraordinaire de Marine Lanier. Et aussi Elliott Landy, les photos iconiques de Woodstock, c\u2019est lui!","robots":{"index":"index","follow":"follow","max-snippet":"max-snippet:-1","max-image-preview":"max-image-preview:large","max-video-preview":"max-video-preview:-1"},"canonical":"https:\/\/www.touslesjourscurieux.fr\/en\/product\/marine-lanier-elliott-landy-le-photographe-de-woodstock-like-la-revue-17\/","og_locale":"en_US","og_type":"article","og_title":"Marine Lanier - LIKE la revue #17 - LIKE la revue","og_description":"En couverture Marine Lanier. D\u00e9couvrez le jardin extraordinaire de Marine Lanier. Et aussi Elliott Landy, les photos iconiques de Woodstock, c\u2019est lui!","og_url":"https:\/\/www.touslesjourscurieux.fr\/en\/product\/marine-lanier-elliott-landy-le-photographe-de-woodstock-like-la-revue-17\/","og_site_name":"LIKE la revue","article_publisher":"https:\/\/www.facebook.com\/Touslesjourscurieux","article_modified_time":"2025-05-22T13:42:44+00:00","og_image":[{"width":600,"height":600,"url":"https:\/\/www.touslesjourscurieux.fr\/wp-content\/uploads\/2023\/12\/REVUE-LIKE-N17-4-DERNIERES-COUVERTURE4-min.jpg","type":"image\/jpeg"}],"twitter_card":"summary_large_image","twitter_misc":{"Est. reading time":"2 minutes"},"schema":{"@context":"https:\/\/schema.org","@graph":[{"@type":"WebPage","@id":"https:\/\/www.touslesjourscurieux.fr\/produit\/marine-lanier-elliott-landy-le-photographe-de-woodstock-like-la-revue-17","url":"https:\/\/www.touslesjourscurieux.fr\/produit\/marine-lanier-elliott-landy-le-photographe-de-woodstock-like-la-revue-17","name":"Marine Lanier - LIKE la revue #17 - LIKE la revue","isPartOf":{"@id":"https:\/\/www.touslesjourscurieux.fr\/#website"},"primaryImageOfPage":{"@id":"https:\/\/www.touslesjourscurieux.fr\/produit\/marine-lanier-elliott-landy-le-photographe-de-woodstock-like-la-revue-17#primaryimage"},"image":{"@id":"https:\/\/www.touslesjourscurieux.fr\/produit\/marine-lanier-elliott-landy-le-photographe-de-woodstock-like-la-revue-17#primaryimage"},"thumbnailUrl":"https:\/\/i0.wp.com\/www.touslesjourscurieux.fr\/wp-content\/uploads\/2023\/12\/REVUE-LIKE-N17-4-DERNIERES-COUVERTURE4-min.jpg?fit=600%2C600&ssl=1","datePublished":"2023-12-05T04:30:31+00:00","dateModified":"2025-05-22T13:42:44+00:00","description":"En couverture Marine Lanier. D\u00e9couvrez le jardin extraordinaire de Marine Lanier. Et aussi Elliott Landy, les photos iconiques de Woodstock, c\u2019est lui!","breadcrumb":{"@id":"https:\/\/www.touslesjourscurieux.fr\/produit\/marine-lanier-elliott-landy-le-photographe-de-woodstock-like-la-revue-17#breadcrumb"},"inLanguage":"en-US","potentialAction":[{"@type":"ReadAction","target":["https:\/\/www.touslesjourscurieux.fr\/produit\/marine-lanier-elliott-landy-le-photographe-de-woodstock-like-la-revue-17"]}]},{"@type":"ImageObject","inLanguage":"en-US","@id":"https:\/\/www.touslesjourscurieux.fr\/produit\/marine-lanier-elliott-landy-le-photographe-de-woodstock-like-la-revue-17#primaryimage","url":"https:\/\/i0.wp.com\/www.touslesjourscurieux.fr\/wp-content\/uploads\/2023\/12\/REVUE-LIKE-N17-4-DERNIERES-COUVERTURE4-min.jpg?fit=600%2C600&ssl=1","contentUrl":"https:\/\/i0.wp.com\/www.touslesjourscurieux.fr\/wp-content\/uploads\/2023\/12\/REVUE-LIKE-N17-4-DERNIERES-COUVERTURE4-min.jpg?fit=600%2C600&ssl=1","width":600,"height":600},{"@type":"BreadcrumbList","@id":"https:\/\/www.touslesjourscurieux.fr\/produit\/marine-lanier-elliott-landy-le-photographe-de-woodstock-like-la-revue-17#breadcrumb","itemListElement":[{"@type":"ListItem","position":1,"name":"Accueil","item":"https:\/\/www.touslesjourscurieux.fr\/"},{"@type":"ListItem","position":2,"name":"LIKE la Revue, la boutique","item":"https:\/\/www.touslesjourscurieux.fr\/"},{"@type":"ListItem","position":3,"name":"Marine Lanier &#8211; LIKE la revue #17"}]},{"@type":"WebSite","@id":"https:\/\/www.touslesjourscurieux.fr\/#website","url":"https:\/\/www.touslesjourscurieux.fr\/","name":"LIKE la revue","description":"petit format grandes photos","publisher":{"@id":"https:\/\/www.touslesjourscurieux.fr\/#organization"},"potentialAction":[{"@type":"SearchAction","target":{"@type":"EntryPoint","urlTemplate":"https:\/\/www.touslesjourscurieux.fr\/?s={search_term_string}"},"query-input":{"@type":"PropertyValueSpecification","valueRequired":true,"valueName":"search_term_string"}}],"inLanguage":"en-US"},{"@type":"Organization","@id":"https:\/\/www.touslesjourscurieux.fr\/#organization","name":"LIKE la revue","url":"https:\/\/www.touslesjourscurieux.fr\/","logo":{"@type":"ImageObject","inLanguage":"en-US","@id":"https:\/\/www.touslesjourscurieux.fr\/#\/schema\/logo\/image\/","url":"https:\/\/i0.wp.com\/www.touslesjourscurieux.fr\/wp-content\/uploads\/2024\/09\/162305199_131399045654938_3947990576801447511_n.jpg?fit=942%2C514&ssl=1","contentUrl":"https:\/\/i0.wp.com\/www.touslesjourscurieux.fr\/wp-content\/uploads\/2024\/09\/162305199_131399045654938_3947990576801447511_n.jpg?fit=942%2C514&ssl=1","width":942,"height":514,"caption":"LIKE la revue"},"image":{"@id":"https:\/\/www.touslesjourscurieux.fr\/#\/schema\/logo\/image\/"},"sameAs":["https:\/\/www.facebook.com\/Touslesjourscurieux","http:\/\/instagram.com\/likelarevuetouslesjourscurieux"]}]}},"jetpack_sharing_enabled":true,"_links":{"self":[{"href":"https:\/\/www.touslesjourscurieux.fr\/en\/wp-json\/wp\/v2\/product\/1902","targetHints":{"allow":["GET"]}}],"collection":[{"href":"https:\/\/www.touslesjourscurieux.fr\/en\/wp-json\/wp\/v2\/product"}],"about":[{"href":"https:\/\/www.touslesjourscurieux.fr\/en\/wp-json\/wp\/v2\/types\/product"}],"replies":[{"embeddable":true,"href":"https:\/\/www.touslesjourscurieux.fr\/en\/wp-json\/wp\/v2\/comments?post=1902"}],"wp:featuredmedia":[{"embeddable":true,"href":"https:\/\/www.touslesjourscurieux.fr\/en\/wp-json\/wp\/v2\/media\/3626"}],"wp:attachment":[{"href":"https:\/\/www.touslesjourscurieux.fr\/en\/wp-json\/wp\/v2\/media?parent=1902"}],"wp:term":[{"taxonomy":"product_brand","embeddable":true,"href":"https:\/\/www.touslesjourscurieux.fr\/en\/wp-json\/wp\/v2\/product_brand?post=1902"},{"taxonomy":"product_cat","embeddable":true,"href":"https:\/\/www.touslesjourscurieux.fr\/en\/wp-json\/wp\/v2\/product_cat?post=1902"},{"taxonomy":"product_tag","embeddable":true,"href":"https:\/\/www.touslesjourscurieux.fr\/en\/wp-json\/wp\/v2\/product_tag?post=1902"}],"curies":[{"name":"wp","href":"https:\/\/api.w.org\/{rel}","templated":true}]}}