{"id":1081,"date":"2023-09-22T05:06:47","date_gmt":"2023-09-22T04:06:47","guid":{"rendered":"https:\/\/www.touslesjourscurieux.fr\/?post_type=product&#038;p=1081"},"modified":"2025-05-22T14:44:23","modified_gmt":"2025-05-22T13:44:23","slug":"like-la-revue-15-dolores-marat-franck-courtes-albert-londres","status":"publish","type":"product","link":"https:\/\/www.touslesjourscurieux.fr\/en\/product\/like-la-revue-15-dolores-marat-franck-courtes-albert-londres","title":{"rendered":"Dolor\u00e8s Marat &#8211; LIKE la revue #15"},"content":{"rendered":"<h1>Notre grand portrait de Dolor\u00e8s Marat<\/h1>\n<h2>La vie de Dolor\u00e8s Marat ressemble un roman! Quand l\u2019\u00e9motion devient une image!<\/h2>\n<p>Soixante ans apr\u00e8s ses d\u00e9buts, malgr\u00e9 les vicissitudes d\u2019une vie personnelle chaotique, Dolor\u00e8s Marat trouve enfin la reconnaissance m\u00e9rit\u00e9e. Une visite \u00e0 Avignon s\u2019imposait.<\/p>\n<p><a href=\"https:\/\/www.touslesjourscurieux.fr\/wp-content\/uploads\/2024\/09\/LIKE-N18-EXTRAITS-MARAT.pdf\"><strong><span style=\"color: #3366ff;\">LIRE UN EXTRAIT<\/span><\/strong><\/a><\/p>\n<h1>Youry Bilak Les enfants plong\u00e9s dans la guerre en Ukraine<\/h1>\n<p>Youry Bilak est un artiste et photographe d\u2019origine ukrainienne. Il agit pour son pays plong\u00e9 dans la guerre et a recueillit la parole des enfants. Autant de t\u00e9moignages qui m\u00ealent dans un m\u00eame \u00e9lan innocence et horreur.<\/p>\n<h2>Isabeau de Rouffignac Photos de genre en Inde<\/h2>\n<p>Isabeau de Rouffignac parcourt l\u2019Inde depuis plus de vingt ans, entre approche documentaire, d\u00e9marche artistique et enqu\u00eates digne du meilleur journalisme. H\u00f4tel dignit\u00e9 en Inde nous parle de ceux que le pays ne veut pas voir.<\/p>\n<h2><strong>Muriel Dovic <\/strong>Seule photographe dans une cour d\u2019assises<\/h2>\n<p>Muriel Dovic a r\u00e9alis\u00e9e ce que personne n\u2019est autoris\u00e9 \u00e0 faire\u2009: prendre des photos dans une cour d\u2019assises. Voici pour vous le d\u00e9roulement en images d\u2019un proc\u00e8s, avec tous ses acteurs. Un reportage unique<\/p>\n<h2>Th\u00e9o Le Foll Il\u00a0 bouscule la photo de mode<\/h2>\n<p>Il n\u2019aura fallu qu\u2019une minute pour que Th\u00e9o Le Foll nous ouvre, g\u00e9n\u00e9reux, les portes de son univers\u00a0: celui d\u2019un jeune photographe parisien r\u00e9cemment surgi avec brio sur le devant de la sc\u00e8ne. Il bouscule la photo de mode et vit \u00e0 100 \u00e0 l\u2019heure ses multiples passions.<\/p>\n<h2>Antoine de Galbert Ma collection photo<\/h2>\n<p>En rencontrant Antoine de Galbert, on ne sait plus tr\u00e8s bien si la photo est une photo ou une \u0153uvre, si elle contient un simple t\u00e9moignage ou \u00e0 vocation \u00e0 \u00eatre admir\u00e9e comme une ic\u00f4ne incontournable, ou les deux. Ce collectionneur passionn\u00e9 est insaisissable. Discussion en toute libert\u00e9.<\/p>\n<h2><strong>Franck Court\u00e8s <\/strong>Pourquoi \u00e9crivez-vous?<\/h2>\n<p>Franck Court\u00e8s est romancier apr\u00e8s six livres publi\u00e9s. Dans \u00c0 pied d\u2019\u0153uvre, il raconte son d\u00e9classement social, lui, le photographe reconnu qui gagnait si bien sa vie. Tout au long de 192\u00a0pages qu\u2019on ne l\u00e2che pas, il se met en sc\u00e8ne, dans un effet miroir qui parle de sa vie d\u2019avant et de sa foi dans celle d\u2019aujourd\u2019hui.<\/p>\n<h2>Carline Bourdelas Retour de r\u00e9sidence<\/h2>\n<p>Parmi les multiples aides \u00e0 la cr\u00e9ation offertes aux photographes par diff\u00e9rentes institutions, il en existe une de plus en plus pris\u00e9e, la r\u00e9sidence. Carline Bourdelas, raconte l\u2019exp\u00e9rience qui fut la sienne \u00e0 Planches contact de Deauville.<\/p>\n<h2>Albert Londres photographe C&#8217;est Herv\u00e9 Brusiniqui en parle le mieux!<\/h2>\n<p>Herv\u00e9 Brusini n\u2019a pas son pareil pour faire vivre la m\u00e9moire de son mod\u00e8le, Albert Londres, auquel il vient de consacrer un livre. Une belle d\u00e9couverte\u00a0!<\/p>\n<h2>\u2022 Les expos \u2022 Notre s\u00e9lection de livres \u2022 et d\u2019autres sujets\u2026<\/h2>","protected":false},"excerpt":{"rendered":"<p>AU SOMMAIRE \u2022 Dolor\u00e8s Marat Quand l\u2019\u00e9motion devient une image \u2022 Youry Bilak et les enfants plong\u00e9s dans la guerre en Ukraine \u2022 Olga Sviblova 2500 expositions \u00e0 son actif \u2022 Photos de genre en Inde Isabeau de Rouffignac \u2022 Photographe dans une cour d\u2019assises Muriel Dovic \u2022 Th\u00e9o Le Foll bouscule la photo de mode \u2022 Ma collection photo Antoine de Galbert \u2022 Pourquoi \u00e9crivez-vous? Franck Court\u00e8s \u2022 Retour de r\u00e9sidence Carline Bourdelas \u2022 Albert Londres photographe Herv\u00e9 Brusini \u2022 Les expos \u2022 Notre s\u00e9lection de livres \u2022 et d\u2019autres sujets\u2026<\/p>","protected":false},"featured_media":3628,"comment_status":"closed","ping_status":"closed","template":"","meta":[],"product_brand":[],"product_cat":[42,19,25],"product_tag":[],"class_list":{"0":"post-1081","1":"product","2":"type-product","3":"status-publish","4":"has-post-thumbnail","6":"product_cat-dolores-marat-photo-emotion","7":"product_cat-like-la-revue","8":"product_cat-photographe-et-artiste","9":"product_shipping_class-gratuit","11":"first","12":"instock","13":"virtual","14":"taxable","15":"product-type-simple"},"yoast_head":"<!-- This site is optimized with the Yoast SEO plugin v27.3 - https:\/\/yoast.com\/product\/yoast-seo-wordpress\/ -->\n<title>Dolor\u00e8s Marat - LIKE la revue #15 - LIKE la revue<\/title>\n<meta name=\"description\" content=\"Dolor\u00e8s Marat. Quand l\u2019\u00e9motion devient une image. Pourquoi \u00e9crivez-vous? Franck Court\u00e8s. Albert Londres photographe. Ma collection photo Antoine de Galbert\" \/>\n<meta name=\"robots\" content=\"index, follow, max-snippet:-1, max-image-preview:large, max-video-preview:-1\" \/>\n<link rel=\"canonical\" href=\"https:\/\/www.touslesjourscurieux.fr\/en\/product\/like-la-revue-15-dolores-marat-franck-courtes-albert-londres\/\" \/>\n<meta property=\"og:locale\" content=\"en_US\" \/>\n<meta property=\"og:type\" content=\"article\" \/>\n<meta property=\"og:title\" content=\"Dolor\u00e8s Marat - LIKE la revue #15 - LIKE la revue\" \/>\n<meta property=\"og:description\" content=\"Dolor\u00e8s Marat. Quand l\u2019\u00e9motion devient une image. Pourquoi \u00e9crivez-vous? Franck Court\u00e8s. Albert Londres photographe. Ma collection photo Antoine de Galbert\" \/>\n<meta property=\"og:url\" content=\"https:\/\/www.touslesjourscurieux.fr\/en\/product\/like-la-revue-15-dolores-marat-franck-courtes-albert-londres\/\" \/>\n<meta property=\"og:site_name\" content=\"LIKE la revue\" \/>\n<meta property=\"article:publisher\" content=\"https:\/\/www.facebook.com\/Touslesjourscurieux\" \/>\n<meta property=\"article:modified_time\" content=\"2025-05-22T13:44:23+00:00\" \/>\n<meta property=\"og:image\" content=\"https:\/\/www.touslesjourscurieux.fr\/wp-content\/uploads\/2023\/09\/REVUE-LIKE-N15-EPUISE-min.jpg\" \/>\n\t<meta property=\"og:image:width\" content=\"600\" \/>\n\t<meta property=\"og:image:height\" content=\"600\" \/>\n\t<meta property=\"og:image:type\" content=\"image\/jpeg\" \/>\n<meta name=\"twitter:card\" content=\"summary_large_image\" \/>\n<meta name=\"twitter:label1\" content=\"Est. reading time\" \/>\n\t<meta name=\"twitter:data1\" content=\"3 minutes\" \/>\n<script type=\"application\/ld+json\" class=\"yoast-schema-graph\">{\"@context\":\"https:\\\/\\\/schema.org\",\"@graph\":[{\"@type\":\"WebPage\",\"@id\":\"https:\\\/\\\/www.touslesjourscurieux.fr\\\/produit\\\/like-la-revue-15-dolores-marat-franck-courtes-albert-londres\",\"url\":\"https:\\\/\\\/www.touslesjourscurieux.fr\\\/produit\\\/like-la-revue-15-dolores-marat-franck-courtes-albert-londres\",\"name\":\"Dolor\u00e8s Marat - LIKE la revue #15 - LIKE la revue\",\"isPartOf\":{\"@id\":\"https:\\\/\\\/www.touslesjourscurieux.fr\\\/#website\"},\"primaryImageOfPage\":{\"@id\":\"https:\\\/\\\/www.touslesjourscurieux.fr\\\/produit\\\/like-la-revue-15-dolores-marat-franck-courtes-albert-londres#primaryimage\"},\"image\":{\"@id\":\"https:\\\/\\\/www.touslesjourscurieux.fr\\\/produit\\\/like-la-revue-15-dolores-marat-franck-courtes-albert-londres#primaryimage\"},\"thumbnailUrl\":\"https:\\\/\\\/i0.wp.com\\\/www.touslesjourscurieux.fr\\\/wp-content\\\/uploads\\\/2023\\\/09\\\/REVUE-LIKE-N15-EPUISE-min.jpg?fit=600%2C600&ssl=1\",\"datePublished\":\"2023-09-22T04:06:47+00:00\",\"dateModified\":\"2025-05-22T13:44:23+00:00\",\"description\":\"Dolor\u00e8s Marat. Quand l\u2019\u00e9motion devient une image. Pourquoi \u00e9crivez-vous? Franck Court\u00e8s. Albert Londres photographe. Ma collection photo Antoine de Galbert\",\"breadcrumb\":{\"@id\":\"https:\\\/\\\/www.touslesjourscurieux.fr\\\/produit\\\/like-la-revue-15-dolores-marat-franck-courtes-albert-londres#breadcrumb\"},\"inLanguage\":\"en-US\",\"potentialAction\":[{\"@type\":\"ReadAction\",\"target\":[\"https:\\\/\\\/www.touslesjourscurieux.fr\\\/produit\\\/like-la-revue-15-dolores-marat-franck-courtes-albert-londres\"]}]},{\"@type\":\"ImageObject\",\"inLanguage\":\"en-US\",\"@id\":\"https:\\\/\\\/www.touslesjourscurieux.fr\\\/produit\\\/like-la-revue-15-dolores-marat-franck-courtes-albert-londres#primaryimage\",\"url\":\"https:\\\/\\\/i0.wp.com\\\/www.touslesjourscurieux.fr\\\/wp-content\\\/uploads\\\/2023\\\/09\\\/REVUE-LIKE-N15-EPUISE-min.jpg?fit=600%2C600&ssl=1\",\"contentUrl\":\"https:\\\/\\\/i0.wp.com\\\/www.touslesjourscurieux.fr\\\/wp-content\\\/uploads\\\/2023\\\/09\\\/REVUE-LIKE-N15-EPUISE-min.jpg?fit=600%2C600&ssl=1\",\"width\":600,\"height\":600},{\"@type\":\"BreadcrumbList\",\"@id\":\"https:\\\/\\\/www.touslesjourscurieux.fr\\\/produit\\\/like-la-revue-15-dolores-marat-franck-courtes-albert-londres#breadcrumb\",\"itemListElement\":[{\"@type\":\"ListItem\",\"position\":1,\"name\":\"Accueil\",\"item\":\"https:\\\/\\\/www.touslesjourscurieux.fr\\\/\"},{\"@type\":\"ListItem\",\"position\":2,\"name\":\"LIKE la Revue, la boutique\",\"item\":\"https:\\\/\\\/www.touslesjourscurieux.fr\\\/\"},{\"@type\":\"ListItem\",\"position\":3,\"name\":\"Dolor\u00e8s Marat &#8211; LIKE la revue #15\"}]},{\"@type\":\"WebSite\",\"@id\":\"https:\\\/\\\/www.touslesjourscurieux.fr\\\/#website\",\"url\":\"https:\\\/\\\/www.touslesjourscurieux.fr\\\/\",\"name\":\"LIKE la revue\",\"description\":\"petit format grandes photos\",\"publisher\":{\"@id\":\"https:\\\/\\\/www.touslesjourscurieux.fr\\\/#organization\"},\"potentialAction\":[{\"@type\":\"SearchAction\",\"target\":{\"@type\":\"EntryPoint\",\"urlTemplate\":\"https:\\\/\\\/www.touslesjourscurieux.fr\\\/?s={search_term_string}\"},\"query-input\":{\"@type\":\"PropertyValueSpecification\",\"valueRequired\":true,\"valueName\":\"search_term_string\"}}],\"inLanguage\":\"en-US\"},{\"@type\":\"Organization\",\"@id\":\"https:\\\/\\\/www.touslesjourscurieux.fr\\\/#organization\",\"name\":\"LIKE la revue\",\"url\":\"https:\\\/\\\/www.touslesjourscurieux.fr\\\/\",\"logo\":{\"@type\":\"ImageObject\",\"inLanguage\":\"en-US\",\"@id\":\"https:\\\/\\\/www.touslesjourscurieux.fr\\\/#\\\/schema\\\/logo\\\/image\\\/\",\"url\":\"https:\\\/\\\/i0.wp.com\\\/www.touslesjourscurieux.fr\\\/wp-content\\\/uploads\\\/2024\\\/09\\\/162305199_131399045654938_3947990576801447511_n.jpg?fit=942%2C514&ssl=1\",\"contentUrl\":\"https:\\\/\\\/i0.wp.com\\\/www.touslesjourscurieux.fr\\\/wp-content\\\/uploads\\\/2024\\\/09\\\/162305199_131399045654938_3947990576801447511_n.jpg?fit=942%2C514&ssl=1\",\"width\":942,\"height\":514,\"caption\":\"LIKE la revue\"},\"image\":{\"@id\":\"https:\\\/\\\/www.touslesjourscurieux.fr\\\/#\\\/schema\\\/logo\\\/image\\\/\"},\"sameAs\":[\"https:\\\/\\\/www.facebook.com\\\/Touslesjourscurieux\",\"http:\\\/\\\/instagram.com\\\/likelarevuetouslesjourscurieux\"]}]}<\/script>\n<!-- \/ Yoast SEO plugin. -->","yoast_head_json":{"title":"Dolor\u00e8s Marat - LIKE la revue #15 - LIKE la revue","description":"Dolor\u00e8s Marat. Quand l\u2019\u00e9motion devient une image. Pourquoi \u00e9crivez-vous? Franck Court\u00e8s. Albert Londres photographe. Ma collection photo Antoine de Galbert","robots":{"index":"index","follow":"follow","max-snippet":"max-snippet:-1","max-image-preview":"max-image-preview:large","max-video-preview":"max-video-preview:-1"},"canonical":"https:\/\/www.touslesjourscurieux.fr\/en\/product\/like-la-revue-15-dolores-marat-franck-courtes-albert-londres\/","og_locale":"en_US","og_type":"article","og_title":"Dolor\u00e8s Marat - LIKE la revue #15 - LIKE la revue","og_description":"Dolor\u00e8s Marat. Quand l\u2019\u00e9motion devient une image. Pourquoi \u00e9crivez-vous? Franck Court\u00e8s. Albert Londres photographe. Ma collection photo Antoine de Galbert","og_url":"https:\/\/www.touslesjourscurieux.fr\/en\/product\/like-la-revue-15-dolores-marat-franck-courtes-albert-londres\/","og_site_name":"LIKE la revue","article_publisher":"https:\/\/www.facebook.com\/Touslesjourscurieux","article_modified_time":"2025-05-22T13:44:23+00:00","og_image":[{"width":600,"height":600,"url":"https:\/\/www.touslesjourscurieux.fr\/wp-content\/uploads\/2023\/09\/REVUE-LIKE-N15-EPUISE-min.jpg","type":"image\/jpeg"}],"twitter_card":"summary_large_image","twitter_misc":{"Est. reading time":"3 minutes"},"schema":{"@context":"https:\/\/schema.org","@graph":[{"@type":"WebPage","@id":"https:\/\/www.touslesjourscurieux.fr\/produit\/like-la-revue-15-dolores-marat-franck-courtes-albert-londres","url":"https:\/\/www.touslesjourscurieux.fr\/produit\/like-la-revue-15-dolores-marat-franck-courtes-albert-londres","name":"Dolor\u00e8s Marat - LIKE la revue #15 - LIKE la revue","isPartOf":{"@id":"https:\/\/www.touslesjourscurieux.fr\/#website"},"primaryImageOfPage":{"@id":"https:\/\/www.touslesjourscurieux.fr\/produit\/like-la-revue-15-dolores-marat-franck-courtes-albert-londres#primaryimage"},"image":{"@id":"https:\/\/www.touslesjourscurieux.fr\/produit\/like-la-revue-15-dolores-marat-franck-courtes-albert-londres#primaryimage"},"thumbnailUrl":"https:\/\/i0.wp.com\/www.touslesjourscurieux.fr\/wp-content\/uploads\/2023\/09\/REVUE-LIKE-N15-EPUISE-min.jpg?fit=600%2C600&ssl=1","datePublished":"2023-09-22T04:06:47+00:00","dateModified":"2025-05-22T13:44:23+00:00","description":"Dolor\u00e8s Marat. Quand l\u2019\u00e9motion devient une image. Pourquoi \u00e9crivez-vous? Franck Court\u00e8s. Albert Londres photographe. Ma collection photo Antoine de Galbert","breadcrumb":{"@id":"https:\/\/www.touslesjourscurieux.fr\/produit\/like-la-revue-15-dolores-marat-franck-courtes-albert-londres#breadcrumb"},"inLanguage":"en-US","potentialAction":[{"@type":"ReadAction","target":["https:\/\/www.touslesjourscurieux.fr\/produit\/like-la-revue-15-dolores-marat-franck-courtes-albert-londres"]}]},{"@type":"ImageObject","inLanguage":"en-US","@id":"https:\/\/www.touslesjourscurieux.fr\/produit\/like-la-revue-15-dolores-marat-franck-courtes-albert-londres#primaryimage","url":"https:\/\/i0.wp.com\/www.touslesjourscurieux.fr\/wp-content\/uploads\/2023\/09\/REVUE-LIKE-N15-EPUISE-min.jpg?fit=600%2C600&ssl=1","contentUrl":"https:\/\/i0.wp.com\/www.touslesjourscurieux.fr\/wp-content\/uploads\/2023\/09\/REVUE-LIKE-N15-EPUISE-min.jpg?fit=600%2C600&ssl=1","width":600,"height":600},{"@type":"BreadcrumbList","@id":"https:\/\/www.touslesjourscurieux.fr\/produit\/like-la-revue-15-dolores-marat-franck-courtes-albert-londres#breadcrumb","itemListElement":[{"@type":"ListItem","position":1,"name":"Accueil","item":"https:\/\/www.touslesjourscurieux.fr\/"},{"@type":"ListItem","position":2,"name":"LIKE la Revue, la boutique","item":"https:\/\/www.touslesjourscurieux.fr\/"},{"@type":"ListItem","position":3,"name":"Dolor\u00e8s Marat &#8211; LIKE la revue #15"}]},{"@type":"WebSite","@id":"https:\/\/www.touslesjourscurieux.fr\/#website","url":"https:\/\/www.touslesjourscurieux.fr\/","name":"LIKE la revue","description":"petit format grandes photos","publisher":{"@id":"https:\/\/www.touslesjourscurieux.fr\/#organization"},"potentialAction":[{"@type":"SearchAction","target":{"@type":"EntryPoint","urlTemplate":"https:\/\/www.touslesjourscurieux.fr\/?s={search_term_string}"},"query-input":{"@type":"PropertyValueSpecification","valueRequired":true,"valueName":"search_term_string"}}],"inLanguage":"en-US"},{"@type":"Organization","@id":"https:\/\/www.touslesjourscurieux.fr\/#organization","name":"LIKE la revue","url":"https:\/\/www.touslesjourscurieux.fr\/","logo":{"@type":"ImageObject","inLanguage":"en-US","@id":"https:\/\/www.touslesjourscurieux.fr\/#\/schema\/logo\/image\/","url":"https:\/\/i0.wp.com\/www.touslesjourscurieux.fr\/wp-content\/uploads\/2024\/09\/162305199_131399045654938_3947990576801447511_n.jpg?fit=942%2C514&ssl=1","contentUrl":"https:\/\/i0.wp.com\/www.touslesjourscurieux.fr\/wp-content\/uploads\/2024\/09\/162305199_131399045654938_3947990576801447511_n.jpg?fit=942%2C514&ssl=1","width":942,"height":514,"caption":"LIKE la revue"},"image":{"@id":"https:\/\/www.touslesjourscurieux.fr\/#\/schema\/logo\/image\/"},"sameAs":["https:\/\/www.facebook.com\/Touslesjourscurieux","http:\/\/instagram.com\/likelarevuetouslesjourscurieux"]}]}},"jetpack_sharing_enabled":true,"_links":{"self":[{"href":"https:\/\/www.touslesjourscurieux.fr\/en\/wp-json\/wp\/v2\/product\/1081","targetHints":{"allow":["GET"]}}],"collection":[{"href":"https:\/\/www.touslesjourscurieux.fr\/en\/wp-json\/wp\/v2\/product"}],"about":[{"href":"https:\/\/www.touslesjourscurieux.fr\/en\/wp-json\/wp\/v2\/types\/product"}],"replies":[{"embeddable":true,"href":"https:\/\/www.touslesjourscurieux.fr\/en\/wp-json\/wp\/v2\/comments?post=1081"}],"wp:featuredmedia":[{"embeddable":true,"href":"https:\/\/www.touslesjourscurieux.fr\/en\/wp-json\/wp\/v2\/media\/3628"}],"wp:attachment":[{"href":"https:\/\/www.touslesjourscurieux.fr\/en\/wp-json\/wp\/v2\/media?parent=1081"}],"wp:term":[{"taxonomy":"product_brand","embeddable":true,"href":"https:\/\/www.touslesjourscurieux.fr\/en\/wp-json\/wp\/v2\/product_brand?post=1081"},{"taxonomy":"product_cat","embeddable":true,"href":"https:\/\/www.touslesjourscurieux.fr\/en\/wp-json\/wp\/v2\/product_cat?post=1081"},{"taxonomy":"product_tag","embeddable":true,"href":"https:\/\/www.touslesjourscurieux.fr\/en\/wp-json\/wp\/v2\/product_tag?post=1081"}],"curies":[{"name":"wp","href":"https:\/\/api.w.org\/{rel}","templated":true}]}}