{"id":1016,"date":"2023-09-22T03:28:54","date_gmt":"2023-09-22T02:28:54","guid":{"rendered":"https:\/\/www.touslesjourscurieux.fr\/?post_type=product&#038;p=1016"},"modified":"2025-05-22T14:45:26","modified_gmt":"2025-05-22T13:45:26","slug":"sophie-calle-like-la-revue-14","status":"publish","type":"product","link":"https:\/\/www.touslesjourscurieux.fr\/en\/product\/sophie-calle-like-la-revue-14","title":{"rendered":"Sophie Calle &#8211; LIKE la revue #14"},"content":{"rendered":"<h1>Une journ\u00e9e particuli\u00e8re avec Sophie Calle<\/h1>\n<h2>Le guide s&#8217;appelle Sophie Calle!<\/h2>\n<p>Sophie Calle a un nouveau terrain de Je\u2009: quatre \u00e9tages de pages blanches au mus\u00e9e Picasso, \u00e0 noircir selon un mode d\u2019emploi qui n\u2019appartient qu\u2019\u00e0 elle. Dix jours avant le vernissage, elle luttait encore contre le temps, apprivoisant sinon la mort, du moins l\u2019id\u00e9e m\u00eame de la mort, ce qui est la raison d\u2019\u00eatre de la m\u00e9moire et des souvenirs. Une invitation au voyage qui, partie de l\u2019infiniment intime, entre en r\u00e9sonance avec notre sensibilit\u00e9 collective.<\/p>\n<p><span style=\"color: #3366ff;\"><a style=\"color: #3366ff;\" href=\"https:\/\/www.touslesjourscurieux.fr\/wp-content\/uploads\/2024\/09\/LIKE-N18-EXTRAITS-SOPHIE-CALLE.pdf\"><strong>LIRE UN EXTRAIT<\/strong><\/a><\/span><\/p>\n<h2>Visite exclusive \u00e0 Beaubourg avec <strong>Marin Karmitz<\/strong><\/h2>\n<p>Commencer une exposition par la fin dans la demi-p\u00e9nombre de la derni\u00e8re salle en seule compagnie du flou de regards et de visages noir et blanc aux murs. Se rendre progressivement compte de tout le chemin \u00e0 parcourir et ressentir la r\u00e9v\u00e9lation imm\u00e9diate de la compl\u00e9mentarit\u00e9 dans ce \u00abCorps \u00e0 corps\u00bb. Afin de v\u00e9ritablement remonter le cours de ce dispositif en rencontrer les initiateurs, voici les regards crois\u00e9s de Julie Jones, pour Beaubourg, et du grand collectionneur de photos qu\u2019est Marin Karmitz.<\/p>\n<h2><strong>Jean-Marie P\u00e9rier<\/strong> \u00abJe ne suis pas que le photographe des y\u00e9y\u00e9s!\u00bb<\/h2>\n<p>Au moment de prendre la photo, Jean-Marie P\u00e9rier, dans un \u00e9clat de rire, nous conseille de tourner le dos \u00e0 la lumi\u00e8re. Lui qui refuse de se dire photographe montre \u00e0 ce moment pr\u00e9cis ses r\u00e9flexes aiguis\u00e9s de professionnel. Des photos, il en a pris par milliers tout en nous faisant croire que cette \u0153uvre est une simple imposture, une accumulation de moments futiles. Jean-Marie P\u00e9rier est un iconoclaste g\u00e9n\u00e9reux qui cache ses sentiments derri\u00e8re des punchlines.<\/p>\n<h2>Les mots vrais de <strong>Flore<\/strong><\/h2>\n<p>De flore, nous avions \u00e0 l\u2019esprit de superbes images, \u00e0 la fois nostalgiques et hors du temps, pr\u00e9cieuses dans le raffinement. Nous ne savions cependant pas grand-chose de l\u2019artiste. C\u2019est en ayant la curiosit\u00e9 de lire sa Conversation avec Christian Caujolle, parue en juin, que nous avons d\u00e9couvert ce qui l\u2019a motiv\u00e9e et guid\u00e9e depuis l\u2019enfance, et appr\u00e9ci\u00e9 sa r\u00e9flexion approfondie sur la photo.<\/p>\n<h2>La grande saga des agences photos <strong>Fran\u00e7oise Denoyelle<\/strong><\/h2>\n<p>Elle est toujours tr\u00e8s occup\u00e9e et vous le prouve en dressant la liste des articles qu\u2019elle doit rendre sans tarder. Fran\u00e7oise Denoyelle a construit pas \u00e0 pas et sans esbroufe une \u0153uvre encyclop\u00e9dique sur la photo, avec plus de trente ouvrages \u00e0 la cl\u00e9. Celui qui nous occupe aujourd\u2019hui concerne les agences photos depuis le d\u00e9but du XXe\u202fsi\u00e8cle. Nous voici au c\u0153ur d\u2019un r\u00e9cit romanesque dont les photographes sont les h\u00e9ros. Une saga de la presse pour tous les amoureux du journalisme visuel.<\/p>\n<h2><strong>ImageSinguli\u00e8res<\/strong> tourne la page Val\u00e9rie Laquittant&amp;Gilles Favier<\/h2>\n<p>Depuis quinze ans, ImageSinguli\u00e8res ouvre la saison des \u00e9v\u00e9nements. Malgr\u00e9 une ambiance festive toujours au rendez-vous, un sentiment de fin de cycle r\u00e9gnait sur le festival. Quelques semaines plus tard, la nouvelle tombait\u2009: cette 15e \u00e9dition serait la derni\u00e8re\u2026 Val\u00e9rie Laquittant et Gilles Favier, les fondateurs, reviennent pour nous sur l\u2019histoire de cette aventure. Et comme ils ne sont pas du genre \u00e0 renoncer, ils nous parlent de leur nouveau projet. Ouf, on pr\u00e9f\u00e8re!<\/p>\n<h2>Reportage \u00e0 la r\u00e9sidence am\u00e9ricaine de <strong>J\u00e9r\u00f4me De Perlinghi<\/strong><\/h2>\n<p>Depuis dix ans, J\u00e9r\u00f4me de Perlinghi organise un festival photo dans<br \/>\nsa ville de Wilson en Caroline du Nord. 100 photographes sont ainsi montr\u00e9s en grands formats. Autre attraction, et non des moindres, des r\u00e9sidences pour<br \/>\nles photographes venus des 4 coins du monde sont aussi propos\u00e9es. Louise Oligny et Patrick Artinian en reviennent. R\u00e9cit et portfolio.<\/p>\n<h2>La photo en chantant <strong>Agathe Catel<\/strong><\/h2>\n<p>Peut-on \u00e0 la fois vivre de sa photo, partir en tourn\u00e9e chanter son r\u00e9pertoire, restaurer une maison, proposer des animations culturelles dans son village, parler six langues dont trois comme traductrice dipl\u00f4m\u00e9e? Cette addition d\u00e9finit Agathe Catel. On pourrait la croire d\u00e9bord\u00e9e par ce trop-plein d\u2019activit\u00e9s, \u00e0 la limite du burn-out. Pas le moins du monde. Rencontre en toute s\u00e9r\u00e9nit\u00e9.<\/p>\n<h2>Nos pages livres et nos chroniques<\/h2>","protected":false},"excerpt":{"rendered":"<p><strong><span style=\"color: #ff0000;\">Le N\u00b0 12<\/span> \ud83d\udc49<\/strong>Envoy\u00e9 directement chez vous +Frais de port 2,50\u20ac<\/p>\n<p>Sebasti\u00e3o Salgado L\u2019entretien v\u00e9rit\u00e9\u2022les premiers photographes de lib\u00e9ration\u2022Dominique Issermann Histoire de mon timbre\u2022Pierre de Vallombreuse 2 ans au commissariat\u2022Marie Baronnet La grande marche des migrants\u2022St\u00e9phanie Lacombe L\u2019ordinaire au menu \u2022Jean-Denis Walter La photo de sport et rien d\u2019autre\u2022Rapha\u00ebl Blasselle La vie des paroissiens\u2022Les petits papiers de Thomas Demand\u2022100 photos de Marc Riboud\u2022 Nos pages livres et nos chroniques.<\/p>","protected":false},"featured_media":3629,"comment_status":"closed","ping_status":"closed","template":"","meta":[],"product_brand":[],"product_cat":[19,25,27,43],"product_tag":[],"class_list":{"0":"post-1016","1":"product","2":"type-product","3":"status-publish","4":"has-post-thumbnail","6":"product_cat-like-la-revue","7":"product_cat-photographe-et-artiste","8":"product_cat-revue-papier-de-photographie","9":"product_cat-une-journee-particuliere-avec-sophie-calle","10":"product_shipping_class-revue","12":"first","13":"instock","14":"taxable","15":"shipping-taxable","16":"purchasable","17":"product-type-simple"},"yoast_head":"<!-- This site is optimized with the Yoast SEO plugin v27.3 - https:\/\/yoast.com\/product\/yoast-seo-wordpress\/ -->\n<title>Sophie Calle - LIKE la revue #14 - LIKE la revue<\/title>\n<meta name=\"description\" content=\"Une journ\u00e9e avec Sophie Calle \u2022 Suivez le guide! Jean-Marie P\u00e9rier \u00abJe ne suis pas que le photographe des y\u00e9y\u00e9s!\u00bb Visite \u00e0 Beaubourg avec Marin Karmitz.\" \/>\n<meta name=\"robots\" content=\"index, follow, max-snippet:-1, max-image-preview:large, max-video-preview:-1\" \/>\n<link rel=\"canonical\" href=\"https:\/\/www.touslesjourscurieux.fr\/en\/product\/sophie-calle-like-la-revue-14\/\" \/>\n<meta property=\"og:locale\" content=\"en_US\" \/>\n<meta property=\"og:type\" content=\"article\" \/>\n<meta property=\"og:title\" content=\"Sophie Calle - LIKE la revue #14 - LIKE la revue\" \/>\n<meta property=\"og:description\" content=\"Une journ\u00e9e avec Sophie Calle \u2022 Suivez le guide! Jean-Marie P\u00e9rier \u00abJe ne suis pas que le photographe des y\u00e9y\u00e9s!\u00bb Visite \u00e0 Beaubourg avec Marin Karmitz.\" \/>\n<meta property=\"og:url\" content=\"https:\/\/www.touslesjourscurieux.fr\/en\/product\/sophie-calle-like-la-revue-14\/\" \/>\n<meta property=\"og:site_name\" content=\"LIKE la revue\" \/>\n<meta property=\"article:publisher\" content=\"https:\/\/www.facebook.com\/Touslesjourscurieux\" \/>\n<meta property=\"article:modified_time\" content=\"2025-05-22T13:45:26+00:00\" \/>\n<meta property=\"og:image\" content=\"https:\/\/www.touslesjourscurieux.fr\/wp-content\/uploads\/2023\/09\/REVUE-LIKE-N14-TOUTES-LES-COUVES-CARRE-2-min.jpg\" \/>\n\t<meta property=\"og:image:width\" content=\"600\" \/>\n\t<meta property=\"og:image:height\" content=\"600\" \/>\n\t<meta property=\"og:image:type\" content=\"image\/jpeg\" \/>\n<meta name=\"twitter:card\" content=\"summary_large_image\" \/>\n<meta name=\"twitter:label1\" content=\"Est. reading time\" \/>\n\t<meta name=\"twitter:data1\" content=\"4 minutes\" \/>\n<script type=\"application\/ld+json\" class=\"yoast-schema-graph\">{\"@context\":\"https:\\\/\\\/schema.org\",\"@graph\":[{\"@type\":\"WebPage\",\"@id\":\"https:\\\/\\\/www.touslesjourscurieux.fr\\\/produit\\\/sophie-calle-like-la-revue-14\",\"url\":\"https:\\\/\\\/www.touslesjourscurieux.fr\\\/produit\\\/sophie-calle-like-la-revue-14\",\"name\":\"Sophie Calle - LIKE la revue #14 - LIKE la revue\",\"isPartOf\":{\"@id\":\"https:\\\/\\\/www.touslesjourscurieux.fr\\\/#website\"},\"primaryImageOfPage\":{\"@id\":\"https:\\\/\\\/www.touslesjourscurieux.fr\\\/produit\\\/sophie-calle-like-la-revue-14#primaryimage\"},\"image\":{\"@id\":\"https:\\\/\\\/www.touslesjourscurieux.fr\\\/produit\\\/sophie-calle-like-la-revue-14#primaryimage\"},\"thumbnailUrl\":\"https:\\\/\\\/i0.wp.com\\\/www.touslesjourscurieux.fr\\\/wp-content\\\/uploads\\\/2023\\\/09\\\/REVUE-LIKE-N14-TOUTES-LES-COUVES-CARRE-2-min.jpg?fit=600%2C600&ssl=1\",\"datePublished\":\"2023-09-22T02:28:54+00:00\",\"dateModified\":\"2025-05-22T13:45:26+00:00\",\"description\":\"Une journ\u00e9e avec Sophie Calle \u2022 Suivez le guide! Jean-Marie P\u00e9rier \u00abJe ne suis pas que le photographe des y\u00e9y\u00e9s!\u00bb Visite \u00e0 Beaubourg avec Marin Karmitz.\",\"breadcrumb\":{\"@id\":\"https:\\\/\\\/www.touslesjourscurieux.fr\\\/produit\\\/sophie-calle-like-la-revue-14#breadcrumb\"},\"inLanguage\":\"en-US\",\"potentialAction\":[{\"@type\":\"ReadAction\",\"target\":[\"https:\\\/\\\/www.touslesjourscurieux.fr\\\/produit\\\/sophie-calle-like-la-revue-14\"]}]},{\"@type\":\"ImageObject\",\"inLanguage\":\"en-US\",\"@id\":\"https:\\\/\\\/www.touslesjourscurieux.fr\\\/produit\\\/sophie-calle-like-la-revue-14#primaryimage\",\"url\":\"https:\\\/\\\/i0.wp.com\\\/www.touslesjourscurieux.fr\\\/wp-content\\\/uploads\\\/2023\\\/09\\\/REVUE-LIKE-N14-TOUTES-LES-COUVES-CARRE-2-min.jpg?fit=600%2C600&ssl=1\",\"contentUrl\":\"https:\\\/\\\/i0.wp.com\\\/www.touslesjourscurieux.fr\\\/wp-content\\\/uploads\\\/2023\\\/09\\\/REVUE-LIKE-N14-TOUTES-LES-COUVES-CARRE-2-min.jpg?fit=600%2C600&ssl=1\",\"width\":600,\"height\":600},{\"@type\":\"BreadcrumbList\",\"@id\":\"https:\\\/\\\/www.touslesjourscurieux.fr\\\/produit\\\/sophie-calle-like-la-revue-14#breadcrumb\",\"itemListElement\":[{\"@type\":\"ListItem\",\"position\":1,\"name\":\"Accueil\",\"item\":\"https:\\\/\\\/www.touslesjourscurieux.fr\\\/\"},{\"@type\":\"ListItem\",\"position\":2,\"name\":\"LIKE la Revue, la boutique\",\"item\":\"https:\\\/\\\/www.touslesjourscurieux.fr\\\/\"},{\"@type\":\"ListItem\",\"position\":3,\"name\":\"Sophie Calle &#8211; LIKE la revue #14\"}]},{\"@type\":\"WebSite\",\"@id\":\"https:\\\/\\\/www.touslesjourscurieux.fr\\\/#website\",\"url\":\"https:\\\/\\\/www.touslesjourscurieux.fr\\\/\",\"name\":\"LIKE la revue\",\"description\":\"petit format grandes photos\",\"publisher\":{\"@id\":\"https:\\\/\\\/www.touslesjourscurieux.fr\\\/#organization\"},\"potentialAction\":[{\"@type\":\"SearchAction\",\"target\":{\"@type\":\"EntryPoint\",\"urlTemplate\":\"https:\\\/\\\/www.touslesjourscurieux.fr\\\/?s={search_term_string}\"},\"query-input\":{\"@type\":\"PropertyValueSpecification\",\"valueRequired\":true,\"valueName\":\"search_term_string\"}}],\"inLanguage\":\"en-US\"},{\"@type\":\"Organization\",\"@id\":\"https:\\\/\\\/www.touslesjourscurieux.fr\\\/#organization\",\"name\":\"LIKE la revue\",\"url\":\"https:\\\/\\\/www.touslesjourscurieux.fr\\\/\",\"logo\":{\"@type\":\"ImageObject\",\"inLanguage\":\"en-US\",\"@id\":\"https:\\\/\\\/www.touslesjourscurieux.fr\\\/#\\\/schema\\\/logo\\\/image\\\/\",\"url\":\"https:\\\/\\\/i0.wp.com\\\/www.touslesjourscurieux.fr\\\/wp-content\\\/uploads\\\/2024\\\/09\\\/162305199_131399045654938_3947990576801447511_n.jpg?fit=942%2C514&ssl=1\",\"contentUrl\":\"https:\\\/\\\/i0.wp.com\\\/www.touslesjourscurieux.fr\\\/wp-content\\\/uploads\\\/2024\\\/09\\\/162305199_131399045654938_3947990576801447511_n.jpg?fit=942%2C514&ssl=1\",\"width\":942,\"height\":514,\"caption\":\"LIKE la revue\"},\"image\":{\"@id\":\"https:\\\/\\\/www.touslesjourscurieux.fr\\\/#\\\/schema\\\/logo\\\/image\\\/\"},\"sameAs\":[\"https:\\\/\\\/www.facebook.com\\\/Touslesjourscurieux\",\"http:\\\/\\\/instagram.com\\\/likelarevuetouslesjourscurieux\"]}]}<\/script>\n<!-- \/ Yoast SEO plugin. -->","yoast_head_json":{"title":"Sophie Calle - LIKE la revue #14 - LIKE la revue","description":"Une journ\u00e9e avec Sophie Calle \u2022 Suivez le guide! Jean-Marie P\u00e9rier \u00abJe ne suis pas que le photographe des y\u00e9y\u00e9s!\u00bb Visite \u00e0 Beaubourg avec Marin Karmitz.","robots":{"index":"index","follow":"follow","max-snippet":"max-snippet:-1","max-image-preview":"max-image-preview:large","max-video-preview":"max-video-preview:-1"},"canonical":"https:\/\/www.touslesjourscurieux.fr\/en\/product\/sophie-calle-like-la-revue-14\/","og_locale":"en_US","og_type":"article","og_title":"Sophie Calle - LIKE la revue #14 - LIKE la revue","og_description":"Une journ\u00e9e avec Sophie Calle \u2022 Suivez le guide! Jean-Marie P\u00e9rier \u00abJe ne suis pas que le photographe des y\u00e9y\u00e9s!\u00bb Visite \u00e0 Beaubourg avec Marin Karmitz.","og_url":"https:\/\/www.touslesjourscurieux.fr\/en\/product\/sophie-calle-like-la-revue-14\/","og_site_name":"LIKE la revue","article_publisher":"https:\/\/www.facebook.com\/Touslesjourscurieux","article_modified_time":"2025-05-22T13:45:26+00:00","og_image":[{"width":600,"height":600,"url":"https:\/\/www.touslesjourscurieux.fr\/wp-content\/uploads\/2023\/09\/REVUE-LIKE-N14-TOUTES-LES-COUVES-CARRE-2-min.jpg","type":"image\/jpeg"}],"twitter_card":"summary_large_image","twitter_misc":{"Est. reading time":"4 minutes"},"schema":{"@context":"https:\/\/schema.org","@graph":[{"@type":"WebPage","@id":"https:\/\/www.touslesjourscurieux.fr\/produit\/sophie-calle-like-la-revue-14","url":"https:\/\/www.touslesjourscurieux.fr\/produit\/sophie-calle-like-la-revue-14","name":"Sophie Calle - LIKE la revue #14 - LIKE la revue","isPartOf":{"@id":"https:\/\/www.touslesjourscurieux.fr\/#website"},"primaryImageOfPage":{"@id":"https:\/\/www.touslesjourscurieux.fr\/produit\/sophie-calle-like-la-revue-14#primaryimage"},"image":{"@id":"https:\/\/www.touslesjourscurieux.fr\/produit\/sophie-calle-like-la-revue-14#primaryimage"},"thumbnailUrl":"https:\/\/i0.wp.com\/www.touslesjourscurieux.fr\/wp-content\/uploads\/2023\/09\/REVUE-LIKE-N14-TOUTES-LES-COUVES-CARRE-2-min.jpg?fit=600%2C600&ssl=1","datePublished":"2023-09-22T02:28:54+00:00","dateModified":"2025-05-22T13:45:26+00:00","description":"Une journ\u00e9e avec Sophie Calle \u2022 Suivez le guide! Jean-Marie P\u00e9rier \u00abJe ne suis pas que le photographe des y\u00e9y\u00e9s!\u00bb Visite \u00e0 Beaubourg avec Marin Karmitz.","breadcrumb":{"@id":"https:\/\/www.touslesjourscurieux.fr\/produit\/sophie-calle-like-la-revue-14#breadcrumb"},"inLanguage":"en-US","potentialAction":[{"@type":"ReadAction","target":["https:\/\/www.touslesjourscurieux.fr\/produit\/sophie-calle-like-la-revue-14"]}]},{"@type":"ImageObject","inLanguage":"en-US","@id":"https:\/\/www.touslesjourscurieux.fr\/produit\/sophie-calle-like-la-revue-14#primaryimage","url":"https:\/\/i0.wp.com\/www.touslesjourscurieux.fr\/wp-content\/uploads\/2023\/09\/REVUE-LIKE-N14-TOUTES-LES-COUVES-CARRE-2-min.jpg?fit=600%2C600&ssl=1","contentUrl":"https:\/\/i0.wp.com\/www.touslesjourscurieux.fr\/wp-content\/uploads\/2023\/09\/REVUE-LIKE-N14-TOUTES-LES-COUVES-CARRE-2-min.jpg?fit=600%2C600&ssl=1","width":600,"height":600},{"@type":"BreadcrumbList","@id":"https:\/\/www.touslesjourscurieux.fr\/produit\/sophie-calle-like-la-revue-14#breadcrumb","itemListElement":[{"@type":"ListItem","position":1,"name":"Accueil","item":"https:\/\/www.touslesjourscurieux.fr\/"},{"@type":"ListItem","position":2,"name":"LIKE la Revue, la boutique","item":"https:\/\/www.touslesjourscurieux.fr\/"},{"@type":"ListItem","position":3,"name":"Sophie Calle &#8211; LIKE la revue #14"}]},{"@type":"WebSite","@id":"https:\/\/www.touslesjourscurieux.fr\/#website","url":"https:\/\/www.touslesjourscurieux.fr\/","name":"LIKE la revue","description":"petit format grandes photos","publisher":{"@id":"https:\/\/www.touslesjourscurieux.fr\/#organization"},"potentialAction":[{"@type":"SearchAction","target":{"@type":"EntryPoint","urlTemplate":"https:\/\/www.touslesjourscurieux.fr\/?s={search_term_string}"},"query-input":{"@type":"PropertyValueSpecification","valueRequired":true,"valueName":"search_term_string"}}],"inLanguage":"en-US"},{"@type":"Organization","@id":"https:\/\/www.touslesjourscurieux.fr\/#organization","name":"LIKE la revue","url":"https:\/\/www.touslesjourscurieux.fr\/","logo":{"@type":"ImageObject","inLanguage":"en-US","@id":"https:\/\/www.touslesjourscurieux.fr\/#\/schema\/logo\/image\/","url":"https:\/\/i0.wp.com\/www.touslesjourscurieux.fr\/wp-content\/uploads\/2024\/09\/162305199_131399045654938_3947990576801447511_n.jpg?fit=942%2C514&ssl=1","contentUrl":"https:\/\/i0.wp.com\/www.touslesjourscurieux.fr\/wp-content\/uploads\/2024\/09\/162305199_131399045654938_3947990576801447511_n.jpg?fit=942%2C514&ssl=1","width":942,"height":514,"caption":"LIKE la revue"},"image":{"@id":"https:\/\/www.touslesjourscurieux.fr\/#\/schema\/logo\/image\/"},"sameAs":["https:\/\/www.facebook.com\/Touslesjourscurieux","http:\/\/instagram.com\/likelarevuetouslesjourscurieux"]}]}},"jetpack_sharing_enabled":true,"_links":{"self":[{"href":"https:\/\/www.touslesjourscurieux.fr\/en\/wp-json\/wp\/v2\/product\/1016","targetHints":{"allow":["GET"]}}],"collection":[{"href":"https:\/\/www.touslesjourscurieux.fr\/en\/wp-json\/wp\/v2\/product"}],"about":[{"href":"https:\/\/www.touslesjourscurieux.fr\/en\/wp-json\/wp\/v2\/types\/product"}],"replies":[{"embeddable":true,"href":"https:\/\/www.touslesjourscurieux.fr\/en\/wp-json\/wp\/v2\/comments?post=1016"}],"wp:featuredmedia":[{"embeddable":true,"href":"https:\/\/www.touslesjourscurieux.fr\/en\/wp-json\/wp\/v2\/media\/3629"}],"wp:attachment":[{"href":"https:\/\/www.touslesjourscurieux.fr\/en\/wp-json\/wp\/v2\/media?parent=1016"}],"wp:term":[{"taxonomy":"product_brand","embeddable":true,"href":"https:\/\/www.touslesjourscurieux.fr\/en\/wp-json\/wp\/v2\/product_brand?post=1016"},{"taxonomy":"product_cat","embeddable":true,"href":"https:\/\/www.touslesjourscurieux.fr\/en\/wp-json\/wp\/v2\/product_cat?post=1016"},{"taxonomy":"product_tag","embeddable":true,"href":"https:\/\/www.touslesjourscurieux.fr\/en\/wp-json\/wp\/v2\/product_tag?post=1016"}],"curies":[{"name":"wp","href":"https:\/\/api.w.org\/{rel}","templated":true}]}}