{"id":2,"date":"2023-02-05T16:19:49","date_gmt":"2023-02-05T15:19:49","guid":{"rendered":"http:\/\/larevuelike.fr\/?page_id=2"},"modified":"2025-05-01T09:49:14","modified_gmt":"2025-05-01T08:49:14","slug":"mentions-legales","status":"publish","type":"page","link":"https:\/\/www.touslesjourscurieux.fr\/en\/mentions-legales","title":{"rendered":"Mentions l\u00e9gales"},"content":{"rendered":"<p>Touslesjourscurieux est \u00e9dit\u00e9 par Touslesjourscurieux, SA au capital de 10.000 \u20ac, dont le si\u00e8ge est au 56, avenue de la Gare 66400 C\u00e9ret en cours d&#8217;immatriculation&nbsp;au Registre du Commerce et des Soci\u00e9t\u00e9s de Perpignan<\/p>\n\n\n\n<p>Siret\u2005:82954817100018<\/p>\n\n\n\n<p>TVA intracommunautaire (FR 12 829548171)<\/p>\n\n\n\n<p>T\u00e9l\u00e9phone&nbsp; 06 84 30 17 37<\/p>\n\n\n\n<p>Email :&nbsp;<a href=\"mailto:contact@touslesjourscurieux.fr\" target=\"_blank\" rel=\"noreferrer noopener\">contact@touslesjourscurieu<\/a><a href=\"\/en\/jjfarre@larevuelike.fr\/\" target=\"_blank\" rel=\"noreferrer noopener\">x.fr<\/a><\/p>\n\n\n\n<p>Repr\u00e9sentant l\u00e9gal et Directeur de la Publication : Jean-Jacques Farr\u00e9<\/p>\n\n\n\n<p>Conform\u00e9ment aux dispositions de l&#8217;article 6-III-1 de la Loi n\u00b02004-575 du 21 juin 2004 pour la confiance dans l&#8217;\u00e9conomie num\u00e9rique, nous vous informons que le site <a href=\"mailto:contact@touslesjourscurieux.fr\" target=\"_blank\" rel=\"noreferrer noopener\">touslesjourscurieux.fr<\/a> est h\u00e9berg\u00e9 par la soci\u00e9t\u00e9<\/p>\n\n\n\n<p>LIKE la revue\/TOUSLESJOURSCURIEUX<\/p>\n\n\n\n<p>56 AVENUE DE LA GARE<\/p>\n\n\n\n<p>66400 C\u00c9RET<\/p>\n\n\n\n<p>FRANCE<\/p>\n\n\n\n<p>Conform\u00e9ment \u00e0 la loi du 6 janvier 1978 relative \u00e0 l&#8217;informatique, aux fichiers et aux libert\u00e9s, ce site web a fait l&#8217;objet d&#8217;une d\u00e9claration aupr\u00e8s de la Commission Nationale Informatique et Libert\u00e9s (CNIL). D\u00e9claration en cours.<\/p>\n\n\n\n<p><strong>Acc\u00e8s au site<\/strong><br>Nous vous rappelons les caract\u00e9ristiques et les limites du r\u00e9seau Internet et d\u00e9clinons toute responsabilit\u00e9 li\u00e9e aux cons\u00e9quences de votre connexion \u00e0 ce r\u00e9seau via ce site. Plus particuli\u00e8rement, nous ne saurions \u00eatre tenus responsables de tout dommage, mat\u00e9riel ou immat\u00e9riel caus\u00e9 \u00e0 vos \u00e9quipements informatiques et aux donn\u00e9es qui y sont stock\u00e9es, ni des cons\u00e9quences pouvant en d\u00e9couler sur votre activit\u00e9 personnelle, professionnelle ou commerciale. Nous ne saurions davantage \u00eatre tenus responsables au cas o\u00f9 vous ne pourriez parvenir \u00e0 vous connecter au site du fait de tout d\u00e9faut technique ou de tout probl\u00e8me li\u00e9 notamment \u00e0 l&#8217;encombrement du r\u00e9seau.<\/p>\n\n\n\n<p><strong>Informations<\/strong><br>Les informations \u00e9dit\u00e9es par Touslesjourscurieux sont fournies \u00e0 titre indicatif. Elles doivent en tout \u00e9tat de cause \u00eatre prises en consid\u00e9ration au moment de leur mise en ligne et non au moment de la consultation du site. Notre responsabilit\u00e9 ne saurait \u00eatre engag\u00e9e du fait de ces informations.<\/p>\n\n\n\n<p><strong>Liens hypertextes<\/strong><br>Si vous souhaitez \u00e9tablir un lien vers Touslesjourscurieux vous devrez obtenir une autorisation expresse pr\u00e9alable en la sollicitant \u00e0 l&#8217;adresse \u00e9lectronique suivante : contact@Touslesjourscurieux. En tout \u00e9tat de cause, vous vous engagez \u00e0 ne pas utiliser la technique du lien profond (\u00ab deep linking \u00bb), technique selon laquelle les pages des sites seront imbriqu\u00e9es \u00e0 l&#8217;int\u00e9rieur des pages de votre site. Touslesjourscurieux peut contenir des liens hypertextes renvoyant vers d&#8217;autres sites Internet g\u00e9r\u00e9s par des tiers et sur lesquels nous n&#8217;exer\u00e7ons aucun contr\u00f4le. En cons\u00e9quence, nous ne sommes en aucun cas responsables du contenu, des informations, des produits et des services offerts sur les sites accessibles via les liens hypertextes contenus sur notre site et notre responsabilit\u00e9 ne pourra en aucun cas \u00eatre engag\u00e9e pour d&#8217;\u00e9ventuels dommages directs ou indirects r\u00e9sultant de l&#8217;utilisation de ces sites.<\/p>\n\n\n\n<p><strong>Cookies<\/strong><br>Touslesjourscurieux n\u00e9cessitent l\u2019implantation d\u2019un cookie dans votre ordinateur. De mani\u00e8re g\u00e9n\u00e9rale, ils enregistrent des informations relatives \u00e0 la navigation de votre ordinateur sur notre site (les pages que vous avez consult\u00e9es, la date et l&#8217;heure de la consultation, etc.) que nous pourrons lire lors de vos visites ult\u00e9rieures. Le cookie permet, si vous \u00eates inscrits aux services communautaires, votre identification automatique sans avoir \u00e0 ressaisir votre pseudo et votre mot de passe \u00e0 chaque connexion. Nous vous informons que vous pouvez vous opposer \u00e0 l&#8217;enregistrement de &#8220;cookies&#8221; en configurant votre navigateur.<\/p>\n\n\n\n<p><strong>Modification des conditions d\u2019utilisation<\/strong><br>Touslesjourscurieux se r\u00e9serve le droit de modifier les pr\u00e9sentes conditions d\u2019utilisation \u00e0 tout moment. Dans ce cas, les conditions applicables seront celles en vigueur \u00e0 la date de votre connexion au site. Les pr\u00e9sentes conditions d\u2019utilisation sont soumises \u00e0 la loi fran\u00e7aise.<\/p>\n\n\n\n<p><strong>Conditions d\u2019utilisation<\/strong><br>La r\u00e9daction n\u2019est pas responsable des textes, illustrations, photos et dessins publi\u00e9s qui engagent la seule responsabilit\u00e9 de leurs auteurs. Les documents re\u00e7us ne sont pas rendus et leur envoi implique l\u2019accord de l\u2019auteur pour leur libre publication. La reproduction des textes, photographies et dessins publi\u00e9s est interdite. Ils sont la propri\u00e9t\u00e9 exclusive de touslesjourscurieux SA qui se r\u00e9serve tous les droits de reproduction et de traduction dans le monde entier.<\/p>\n\n\n\n<p><strong>Donn\u00e9es personnelles<\/strong><br>Les informations vous concernant sont destin\u00e9es \u00e0 Like, la revue de touslesjourscurieux.fr. Vous disposez d\u2019un droit d\u2019acc\u00e8s de modification, de rectification et de suppression des donn\u00e9es qui vous concernent (art. 34 de la loi \u201cInformatique et Libert\u00e9s\u201d).<\/p>\n\n\n\n<p>Pour l\u2019exercer, adressez-vous \u00e0 :<br>LIKE\/tljc<br>56, Avenue de la Gare<br>66400 C\u00e9ret<br><\/p>\n\n\n\n<p><strong>Signalez un abus<\/strong><br>Vous avez d\u00e9couvert sur rollingstone.fr un contenu qui, selon vous, porte atteinte \u00e0 la dignit\u00e9 humaine ou pr\u00e9sente un danger pour des mineurs ?<br>On entend par \u00ab contenus attentatoires \u00e0 la dignit\u00e9 humaine \u00bb, les contenus illicites vis\u00e9s par l\u2019article 6, I-7 de la Loi sur les Communications \u00c9lectroniques Num\u00e9riques (LCEN), soit :<br>\u2013 l\u2019apologie des crimes contre l\u2019humanit\u00e9,<br>\u2013 l\u2019incitation \u00e0 la haine raciale,<br>\u2013 la pornographie enfantine.<br>N\u2019h\u00e9sitez pas \u00e0 le signaler en utilisant notre <a href=\"https:\/\/www.touslesjourscurieux.fr\/en\/contact\/\">formulaire de contact<\/a> en mentionnant les propos mis en cause et l\u2019url de la page concern\u00e9e.<\/p>\n\n\n\n<p>Derni\u00e8re Mise \u00e0 jour : Juin 2020.<\/p>","protected":false},"excerpt":{"rendered":"<p>Touslesjourscurieux est \u00e9dit\u00e9 par Touslesjourscurieux, SA au capital de 10.000 \u20ac, dont le si\u00e8ge est au 56, avenue de la Gare 66400 C\u00e9ret en cours d&#8217;immatriculation&nbsp;au Registre du Commerce et des Soci\u00e9t\u00e9s de Perpignan Siret\u2005:82954817100018 TVA intracommunautaire (FR 12 829548171) T\u00e9l\u00e9phone&nbsp; 06 84 30 17 37 Email :&nbsp;contact@touslesjourscurieux.fr Repr\u00e9sentant l\u00e9gal et Directeur de la Publication : Jean-Jacques Farr\u00e9 Conform\u00e9ment aux [&hellip;]<\/p>\n","protected":false},"author":1,"featured_media":0,"parent":0,"menu_order":0,"comment_status":"closed","ping_status":"closed","template":"","meta":{"footnotes":""},"class_list":["post-2","page","type-page","status-publish","hentry"],"yoast_head":"<!-- This site is optimized with the Yoast SEO plugin v27.3 - https:\/\/yoast.com\/product\/yoast-seo-wordpress\/ -->\n<title>Mentions l\u00e9gales - LIKE la revue<\/title>\n<meta name=\"robots\" content=\"index, follow, max-snippet:-1, max-image-preview:large, max-video-preview:-1\" \/>\n<link rel=\"canonical\" href=\"https:\/\/www.touslesjourscurieux.fr\/en\/mentions-legales\/\" \/>\n<meta property=\"og:locale\" content=\"en_US\" \/>\n<meta property=\"og:type\" content=\"article\" \/>\n<meta property=\"og:title\" content=\"Mentions l\u00e9gales - LIKE la revue\" \/>\n<meta property=\"og:description\" content=\"Touslesjourscurieux est \u00e9dit\u00e9 par Touslesjourscurieux, SA au capital de 10.000 \u20ac, dont le si\u00e8ge est au 56, avenue de la Gare 66400 C\u00e9ret en cours d&#8217;immatriculation&nbsp;au Registre du Commerce et des Soci\u00e9t\u00e9s de Perpignan Siret\u2005:82954817100018 TVA intracommunautaire (FR 12 829548171) T\u00e9l\u00e9phone&nbsp; 06 84 30 17 37 Email :&nbsp;contact@touslesjourscurieux.fr Repr\u00e9sentant l\u00e9gal et Directeur de la Publication : Jean-Jacques Farr\u00e9 Conform\u00e9ment aux [&hellip;]\" \/>\n<meta property=\"og:url\" content=\"https:\/\/www.touslesjourscurieux.fr\/en\/mentions-legales\/\" \/>\n<meta property=\"og:site_name\" content=\"LIKE la revue\" \/>\n<meta property=\"article:publisher\" content=\"https:\/\/www.facebook.com\/Touslesjourscurieux\" \/>\n<meta property=\"article:modified_time\" content=\"2025-05-01T08:49:14+00:00\" \/>\n<meta name=\"twitter:card\" content=\"summary_large_image\" \/>\n<meta name=\"twitter:label1\" content=\"Est. reading time\" \/>\n\t<meta name=\"twitter:data1\" content=\"5 minutes\" \/>\n<script type=\"application\/ld+json\" class=\"yoast-schema-graph\">{\"@context\":\"https:\\\/\\\/schema.org\",\"@graph\":[{\"@type\":\"WebPage\",\"@id\":\"https:\\\/\\\/www.touslesjourscurieux.fr\\\/mentions-legales\",\"url\":\"https:\\\/\\\/www.touslesjourscurieux.fr\\\/mentions-legales\",\"name\":\"Mentions l\u00e9gales - LIKE la revue\",\"isPartOf\":{\"@id\":\"https:\\\/\\\/www.touslesjourscurieux.fr\\\/#website\"},\"datePublished\":\"2023-02-05T15:19:49+00:00\",\"dateModified\":\"2025-05-01T08:49:14+00:00\",\"breadcrumb\":{\"@id\":\"https:\\\/\\\/www.touslesjourscurieux.fr\\\/mentions-legales#breadcrumb\"},\"inLanguage\":\"en-US\",\"potentialAction\":[{\"@type\":\"ReadAction\",\"target\":[\"https:\\\/\\\/www.touslesjourscurieux.fr\\\/mentions-legales\"]}]},{\"@type\":\"BreadcrumbList\",\"@id\":\"https:\\\/\\\/www.touslesjourscurieux.fr\\\/mentions-legales#breadcrumb\",\"itemListElement\":[{\"@type\":\"ListItem\",\"position\":1,\"name\":\"Accueil\",\"item\":\"https:\\\/\\\/www.touslesjourscurieux.fr\\\/\"},{\"@type\":\"ListItem\",\"position\":2,\"name\":\"Mentions l\u00e9gales\"}]},{\"@type\":\"WebSite\",\"@id\":\"https:\\\/\\\/www.touslesjourscurieux.fr\\\/#website\",\"url\":\"https:\\\/\\\/www.touslesjourscurieux.fr\\\/\",\"name\":\"LIKE la revue\",\"description\":\"petit format grandes photos\",\"publisher\":{\"@id\":\"https:\\\/\\\/www.touslesjourscurieux.fr\\\/#organization\"},\"potentialAction\":[{\"@type\":\"SearchAction\",\"target\":{\"@type\":\"EntryPoint\",\"urlTemplate\":\"https:\\\/\\\/www.touslesjourscurieux.fr\\\/?s={search_term_string}\"},\"query-input\":{\"@type\":\"PropertyValueSpecification\",\"valueRequired\":true,\"valueName\":\"search_term_string\"}}],\"inLanguage\":\"en-US\"},{\"@type\":\"Organization\",\"@id\":\"https:\\\/\\\/www.touslesjourscurieux.fr\\\/#organization\",\"name\":\"LIKE la revue\",\"url\":\"https:\\\/\\\/www.touslesjourscurieux.fr\\\/\",\"logo\":{\"@type\":\"ImageObject\",\"inLanguage\":\"en-US\",\"@id\":\"https:\\\/\\\/www.touslesjourscurieux.fr\\\/#\\\/schema\\\/logo\\\/image\\\/\",\"url\":\"https:\\\/\\\/i0.wp.com\\\/www.touslesjourscurieux.fr\\\/wp-content\\\/uploads\\\/2024\\\/09\\\/162305199_131399045654938_3947990576801447511_n.jpg?fit=942%2C514&ssl=1\",\"contentUrl\":\"https:\\\/\\\/i0.wp.com\\\/www.touslesjourscurieux.fr\\\/wp-content\\\/uploads\\\/2024\\\/09\\\/162305199_131399045654938_3947990576801447511_n.jpg?fit=942%2C514&ssl=1\",\"width\":942,\"height\":514,\"caption\":\"LIKE la revue\"},\"image\":{\"@id\":\"https:\\\/\\\/www.touslesjourscurieux.fr\\\/#\\\/schema\\\/logo\\\/image\\\/\"},\"sameAs\":[\"https:\\\/\\\/www.facebook.com\\\/Touslesjourscurieux\",\"http:\\\/\\\/instagram.com\\\/likelarevuetouslesjourscurieux\"]}]}<\/script>\n<!-- \/ Yoast SEO plugin. -->","yoast_head_json":{"title":"Mentions l\u00e9gales - LIKE la revue","robots":{"index":"index","follow":"follow","max-snippet":"max-snippet:-1","max-image-preview":"max-image-preview:large","max-video-preview":"max-video-preview:-1"},"canonical":"https:\/\/www.touslesjourscurieux.fr\/en\/mentions-legales\/","og_locale":"en_US","og_type":"article","og_title":"Mentions l\u00e9gales - LIKE la revue","og_description":"Touslesjourscurieux est \u00e9dit\u00e9 par Touslesjourscurieux, SA au capital de 10.000 \u20ac, dont le si\u00e8ge est au 56, avenue de la Gare 66400 C\u00e9ret en cours d&#8217;immatriculation&nbsp;au Registre du Commerce et des Soci\u00e9t\u00e9s de Perpignan Siret\u2005:82954817100018 TVA intracommunautaire (FR 12 829548171) T\u00e9l\u00e9phone&nbsp; 06 84 30 17 37 Email :&nbsp;contact@touslesjourscurieux.fr Repr\u00e9sentant l\u00e9gal et Directeur de la Publication : Jean-Jacques Farr\u00e9 Conform\u00e9ment aux [&hellip;]","og_url":"https:\/\/www.touslesjourscurieux.fr\/en\/mentions-legales\/","og_site_name":"LIKE la revue","article_publisher":"https:\/\/www.facebook.com\/Touslesjourscurieux","article_modified_time":"2025-05-01T08:49:14+00:00","twitter_card":"summary_large_image","twitter_misc":{"Est. reading time":"5 minutes"},"schema":{"@context":"https:\/\/schema.org","@graph":[{"@type":"WebPage","@id":"https:\/\/www.touslesjourscurieux.fr\/mentions-legales","url":"https:\/\/www.touslesjourscurieux.fr\/mentions-legales","name":"Mentions l\u00e9gales - LIKE la revue","isPartOf":{"@id":"https:\/\/www.touslesjourscurieux.fr\/#website"},"datePublished":"2023-02-05T15:19:49+00:00","dateModified":"2025-05-01T08:49:14+00:00","breadcrumb":{"@id":"https:\/\/www.touslesjourscurieux.fr\/mentions-legales#breadcrumb"},"inLanguage":"en-US","potentialAction":[{"@type":"ReadAction","target":["https:\/\/www.touslesjourscurieux.fr\/mentions-legales"]}]},{"@type":"BreadcrumbList","@id":"https:\/\/www.touslesjourscurieux.fr\/mentions-legales#breadcrumb","itemListElement":[{"@type":"ListItem","position":1,"name":"Accueil","item":"https:\/\/www.touslesjourscurieux.fr\/"},{"@type":"ListItem","position":2,"name":"Mentions l\u00e9gales"}]},{"@type":"WebSite","@id":"https:\/\/www.touslesjourscurieux.fr\/#website","url":"https:\/\/www.touslesjourscurieux.fr\/","name":"LIKE la revue","description":"petit format grandes photos","publisher":{"@id":"https:\/\/www.touslesjourscurieux.fr\/#organization"},"potentialAction":[{"@type":"SearchAction","target":{"@type":"EntryPoint","urlTemplate":"https:\/\/www.touslesjourscurieux.fr\/?s={search_term_string}"},"query-input":{"@type":"PropertyValueSpecification","valueRequired":true,"valueName":"search_term_string"}}],"inLanguage":"en-US"},{"@type":"Organization","@id":"https:\/\/www.touslesjourscurieux.fr\/#organization","name":"LIKE la revue","url":"https:\/\/www.touslesjourscurieux.fr\/","logo":{"@type":"ImageObject","inLanguage":"en-US","@id":"https:\/\/www.touslesjourscurieux.fr\/#\/schema\/logo\/image\/","url":"https:\/\/i0.wp.com\/www.touslesjourscurieux.fr\/wp-content\/uploads\/2024\/09\/162305199_131399045654938_3947990576801447511_n.jpg?fit=942%2C514&ssl=1","contentUrl":"https:\/\/i0.wp.com\/www.touslesjourscurieux.fr\/wp-content\/uploads\/2024\/09\/162305199_131399045654938_3947990576801447511_n.jpg?fit=942%2C514&ssl=1","width":942,"height":514,"caption":"LIKE la revue"},"image":{"@id":"https:\/\/www.touslesjourscurieux.fr\/#\/schema\/logo\/image\/"},"sameAs":["https:\/\/www.facebook.com\/Touslesjourscurieux","http:\/\/instagram.com\/likelarevuetouslesjourscurieux"]}]}},"jetpack_sharing_enabled":true,"_links":{"self":[{"href":"https:\/\/www.touslesjourscurieux.fr\/en\/wp-json\/wp\/v2\/pages\/2","targetHints":{"allow":["GET"]}}],"collection":[{"href":"https:\/\/www.touslesjourscurieux.fr\/en\/wp-json\/wp\/v2\/pages"}],"about":[{"href":"https:\/\/www.touslesjourscurieux.fr\/en\/wp-json\/wp\/v2\/types\/page"}],"author":[{"embeddable":true,"href":"https:\/\/www.touslesjourscurieux.fr\/en\/wp-json\/wp\/v2\/users\/1"}],"replies":[{"embeddable":true,"href":"https:\/\/www.touslesjourscurieux.fr\/en\/wp-json\/wp\/v2\/comments?post=2"}],"version-history":[{"count":7,"href":"https:\/\/www.touslesjourscurieux.fr\/en\/wp-json\/wp\/v2\/pages\/2\/revisions"}],"predecessor-version":[{"id":3488,"href":"https:\/\/www.touslesjourscurieux.fr\/en\/wp-json\/wp\/v2\/pages\/2\/revisions\/3488"}],"wp:attachment":[{"href":"https:\/\/www.touslesjourscurieux.fr\/en\/wp-json\/wp\/v2\/media?parent=2"}],"curies":[{"name":"wp","href":"https:\/\/api.w.org\/{rel}","templated":true}]}}