{"id":115,"date":"2023-02-06T16:47:42","date_gmt":"2023-02-06T15:47:42","guid":{"rendered":"https:\/\/larevuelike.fr\/liste-de-souhaits"},"modified":"2023-02-06T16:47:42","modified_gmt":"2023-02-06T15:47:42","slug":"liste-de-souhaits","status":"publish","type":"page","link":"https:\/\/www.touslesjourscurieux.fr\/en\/liste-de-souhaits","title":{"rendered":"Liste de souhaits"},"content":{"rendered":"<form\n\tid=\"yith-wcwl-form\"\n\taction=\"https:\/\/www.touslesjourscurieux.fr\/en\/liste-de-souhaits\/\"\n\tmethod=\"post\"\n\tclass=\"woocommerce yith-wcwl-form wishlist-fragment\"\n\tdata-fragment-options=\"{&quot;per_page&quot;:5,&quot;current_page&quot;:1,&quot;pagination&quot;:&quot;no&quot;,&quot;wishlist_id&quot;:false,&quot;action_params&quot;:false,&quot;no_interactions&quot;:false,&quot;layout&quot;:&quot;&quot;,&quot;wishlist&quot;:false,&quot;is_default&quot;:true,&quot;is_custom_list&quot;:false,&quot;wishlist_token&quot;:&quot;&quot;,&quot;is_private&quot;:false,&quot;count&quot;:0,&quot;page_title&quot;:&quot;Ma liste de souhait&quot;,&quot;default_wishlsit_title&quot;:&quot;Ma liste de souhait&quot;,&quot;page_links&quot;:false,&quot;is_user_logged_in&quot;:false,&quot;is_user_owner&quot;:true,&quot;can_user_edit_title&quot;:false,&quot;show_price&quot;:true,&quot;show_dateadded&quot;:false,&quot;show_stock_status&quot;:true,&quot;show_add_to_cart&quot;:true,&quot;show_remove_product&quot;:true,&quot;add_to_cart_text&quot;:&quot;Ajouter au panier&quot;,&quot;show_ask_estimate_button&quot;:false,&quot;ask_estimate_url&quot;:&quot;&quot;,&quot;price_excl_tax&quot;:false,&quot;show_cb&quot;:false,&quot;show_quantity&quot;:false,&quot;show_variation&quot;:false,&quot;show_price_variations&quot;:false,&quot;show_update&quot;:false,&quot;enable_drag_n_drop&quot;:false,&quot;enable_add_all_to_cart&quot;:false,&quot;move_to_another_wishlist&quot;:false,&quot;repeat_remove_button&quot;:false,&quot;show_last_column&quot;:true,&quot;heading_icon&quot;:&quot;&lt;i class=\\&quot;fa heart-outline\\&quot;&gt;&lt;\\\/i&gt;&quot;,&quot;share_enabled&quot;:false,&quot;template_part&quot;:&quot;view&quot;,&quot;additional_info&quot;:false,&quot;available_multi_wishlist&quot;:false,&quot;form_action&quot;:&quot;https:\\\/\\\/www.touslesjourscurieux.fr\\\/en\\\/liste-de-souhaits&quot;,&quot;item&quot;:&quot;wishlist&quot;}\" data-trp-original-action=\"https:\/\/www.touslesjourscurieux.fr\/en\/liste-de-souhaits\"\n>\n\n\t<!-- TITLE -->\n\t\t\t<div class=\"wishlist-title-container\">\n\t\t\t<div class=\"wishlist-title\">\n\t\t\t\t<h2>Ma liste de souhait<\/h2>\t\t\t\t\t\t\t<\/div>\n\t\t\t\t\t<\/div>\n\t\n\r\n<div class=\"container\">\r\n\r\n\t<div id=\"yith-wcwl-messages\"><\/div>\r\n\r\n\t            \t            <div class=\"help-bar clearfix\">\r\n\t                <span>Besoin d'aide? N'h\u00e9sitez pas nous envoyer un e-mail<\/span>\r\n\t                <ul>\r\n\t                    \t                        <li><a href=\"#email-form\" class=\"inline\"\r\n\t                               data-toggle=\"modal\">Email <\/a><\/li>\r\n\t                    \t                    \t                        <li><a href=\"#shipping-information\" class=\"inline\"\r\n\t                               data-toggle=\"modal\">CGV<\/a><\/li>\r\n\t                    \t                    \t                    \t                <\/ul>\r\n\t            <\/div>\r\n\r\n\t            \t                <div id=\"email-form\" class=\"modal fade\" tabindex=\"-1\" role=\"dialog\" aria-labelledby=\"email-form-modal\"\r\n\t                     aria-hidden=\"true\">\r\n\t                    <div class=\"modal-dialog\">\r\n\t                        <div class=\"modal-content\">\r\n\t                            <div class=\"modal-header\">\r\n\t                                <button type=\"button\" class=\"close\" data-dismiss=\"modal\" aria-hidden=\"true\"><i class=\"sf-icon-close\"><\/i><\/button>\r\n\t                                <h3 id=\"email-form-modal\">Email <\/h3>\r\n\t                            <\/div>\r\n\t                            <div class=\"modal-body\">\r\n\t                                <p style=\"color:#000000\"> Envoyez nous un e-mail \u00e0 <a href=\"mailto:contact@revuelike.fr\">contact@revuelike.fr<\/a><\/p>\t                            <\/div>\r\n\t                        <\/div>\r\n\t                    <\/div>\r\n\t                <\/div>\r\n\t            \r\n\t            \t                <div id=\"shipping-information\" class=\"modal fade\" tabindex=\"-1\" role=\"dialog\"\r\n\t                     aria-labelledby=\"shipping-modal\" aria-hidden=\"true\">\r\n\t                    <div class=\"modal-dialog\">\r\n\t                        <div class=\"modal-content\">\r\n\t                            <div class=\"modal-header\">\r\n\t                                <button type=\"button\" class=\"close\" data-dismiss=\"modal\" aria-hidden=\"true\"><i class=\"sf-icon-close\"><\/i><\/button>\r\n\t                                <h3 id=\"shipping-modal\">CGV<\/h3>\r\n\t                            <\/div>\r\n\t                            <div class=\"modal-body\">\r\n\t                                <p style=\"color:#000000\"> Voir les <a style=\"color:#212121\" href=\"\/en\/conditions-generales-de-vente-et-dabonnement\/\">Conditions g\u00e9n\u00e9rales de vente et d\u2019abonnement<\/a><\/p>\t                            <\/div>\r\n\t                        <\/div>\r\n\t                    <\/div>\r\n\t                <\/div>\r\n\t            \r\n\t            \r\n\t            \t\t\t        \r\n\t<div class=\"my-account-left\">\r\n\r\n\t\t<h4 class=\"lined-heading\"><span>My Account<\/span><\/h4>\r\n\t\t<ul class=\"nav my-account-nav\">\r\n\t\t\t\t\t\t<li><a href=\"https:\/\/www.touslesjourscurieux.fr\/en\/\">Shop<\/a><\/li>\r\n\t\t\t<li><a href=\"https:\/\/www.touslesjourscurieux.fr\/en\/mon-compte\">Create Account \/ Login<\/a><\/li>\r\n\t\t\t\t\t<\/ul>\r\n\r\n\t<\/div>\r\n\r\n\t<div class=\"my-account-right tab-content\">\r\n\r\n\t\t\r\n\t\t\t\r\n\t\t\t<form id=\"yith-wcwl-form\" action=\"https:\/\/www.touslesjourscurieux.fr\/en\/liste-de-souhaits\" method=\"post\" class=\"woocommerce\">\r\n\r\n\t\t\t    <input type=\"hidden\" id=\"yith_wcwl_form_nonce\" name=\"yith_wcwl_form_nonce\" value=\"77dde61cc2\" \/><input type=\"hidden\" name=\"_wp_http_referer\" value=\"\/en\/wp-json\/wp\/v2\/pages\/115\" \/>\r\n\t\t\t    \r\n\t\t\t    <!-- WISHLIST TABLE -->\r\n\t\t\t\t<table class=\"shop_table cart wishlist_table\" data-pagination=\"no\" data-per-page=\"5\" data-page=\"1\" data-id=\"\" data-token=\"\">\r\n\r\n\t\t\t\t    \r\n\t\t\t\t\t<thead>\r\n\t\t\t\t\t\t<tr>\r\n\t\t\t\t\t\t\t\r\n\t\t\t\t\t\t\t\t\t\t\t\t\t\t\t\t\t\t\t\t\t\t\t<th class=\"product-remove\">\r\n\t\t\t\t\t\t\t\t\t<span class=\"nobr\">\r\n\t\t\t\t\t\t\t\t\t\t\t\t\t\t\t\t\t\t\t<\/span>\r\n\t\t\t\t\t\t\t\t<\/th>\r\n\t\t\t\t\t\t\t\r\n\t\t\t\t\t\t\t<th class=\"product-thumbnail\"><\/th>\r\n\r\n\t\t\t\t\t\t\t<th class=\"product-name\">\r\n\t\t\t\t\t\t\t\t<span class=\"nobr\">\r\n\t\t\t\t\t\t\t\t\tProduct name\t\t\t\t\t\t\t\t<\/span>\r\n\t\t\t\t\t\t\t<\/th>\r\n\r\n\t\t\t\t\t\t\t\t\t\t\t\t\t\t\t\t\t\t\t\t\t\t\t<th class=\"product-price\">\r\n\t\t\t\t\t\t\t\t\t<span class=\"nobr\">\r\n\t\t\t\t\t\t\t\t\t\tUnit price\t\t\t\t\t\t\t\t\t<\/span>\r\n\t\t\t\t\t\t\t\t<\/th>\r\n\t\t\t\t\t\t\t\r\n\t\t\t\t\t\t\t\r\n\t\t\t\t\t\t\t\t\t\t\t\t\t\t\t\t\t\t\t\t\t\t\t<th class=\"product-stock-status\">\r\n\t\t\t\t\t\t\t\t\t<span class=\"nobr\">\r\n\t\t\t\t\t\t\t\t\t\tStock status\t\t\t\t\t\t\t\t\t<\/span>\r\n\t\t\t\t\t\t\t\t<\/th>\r\n\t\t\t\t\t\t\t\r\n\t\t\t\t\t\t\t\t\t\t\t\t\t\t\t\t\t\t\t\t\t\t\t<th class=\"product-add-to-cart\">\r\n\t\t\t\t\t\t\t\t\t<span class=\"nobr\">\r\n\t\t\t\t\t\t\t\t\t\t\t\t\t\t\t\t\t\t\t<\/span>\r\n\t\t\t\t\t\t\t\t<\/th>\r\n\t\t\t\t\t\t\t\r\n\t\t\t\t\t\t\t\t\t\t\t\t\t<\/tr>\r\n\t\t\t\t\t\t<\/thead>\r\n\r\n\t\t\t        <tbody>\r\n\t\t\t        \t\t\t            <tr>\r\n\t\t\t                <td colspan=\"6\" class=\"wishlist-empty\">No products were added to the wishlist<\/td>\r\n\t\t\t            <\/tr>\r\n\t\t\t        \t\t\t        <\/tbody>\r\n\r\n\t\t\t        <tfoot>\r\n\t\t\t        <tr>\r\n\t\t\t\t        <td colspan=\"6\">\r\n\t\t\t\t            \r\n\t\t\t\t            \r\n\t\t\t\t\t        \t\t\t\t        <\/td>\r\n\t\t\t        <\/tr>\r\n\t\t\t        <\/tfoot>\r\n\r\n\t\t\t    <\/table>\r\n\r\n\t\t\t    <input type=\"hidden\" id=\"yith_wcwl_edit_wishlist\" name=\"yith_wcwl_edit_wishlist\" value=\"3ba05b7324\" \/><input type=\"hidden\" name=\"_wp_http_referer\" value=\"\/en\/wp-json\/wp\/v2\/pages\/115\" \/>\r\n\t\t\t    \r\n\t\t\t    \r\n\t\t\t<\/form>\r\n\r\n\t\t\t\r\n\t\t\t\r\n\t\t\t<a class=\"continue-shopping accent\" href=\"https:\/\/www.touslesjourscurieux.fr\/en\/\">Continue shopping<\/a>\r\n\r\n\t\t\t<\/div>\r\n<\/div>\r\n\n<div class=\"yith_wcwl_wishlist_footer\">\n\t\n\n\t\n\n\t\n\t<\/div>\n\n<input type=\"hidden\" id=\"yith_wcwl_edit_wishlist\" name=\"yith_wcwl_edit_wishlist\" value=\"3ba05b7324\" \/><input type=\"hidden\" name=\"_wp_http_referer\" value=\"\/en\/wp-json\/wp\/v2\/pages\/115\" \/><input type=\"hidden\" value=\"\" name=\"wishlist_id\" id=\"wishlist_id\">\n\n\n<input type=\"hidden\" name=\"trp-form-language\" value=\"en\"\/><\/form>","protected":false},"excerpt":{"rendered":"Ma liste de souhait Besoin d'aide? N'h\u00e9sitez pas nous envoyer un e-mail Email CGV Email Envoyez nous un e-mail \u00e0 contact@revuelike.fr CGV Voir les Conditions g\u00e9n\u00e9rales de vente et d\u2019abonnement My Account Shop Create Account \/ Login Product name Unit price Stock status No products were added to the wishlist Continue shopping","protected":false},"author":1,"featured_media":0,"parent":0,"menu_order":0,"comment_status":"closed","ping_status":"closed","template":"","meta":{"footnotes":""},"class_list":["post-115","page","type-page","status-publish","hentry"],"yoast_head":"<!-- This site is optimized with the Yoast SEO plugin v27.3 - https:\/\/yoast.com\/product\/yoast-seo-wordpress\/ -->\n<title>Liste de souhaits - LIKE la revue<\/title>\n<meta name=\"robots\" content=\"index, follow, max-snippet:-1, max-image-preview:large, max-video-preview:-1\" \/>\n<link rel=\"canonical\" href=\"https:\/\/www.touslesjourscurieux.fr\/en\/liste-de-souhaits\/\" \/>\n<meta property=\"og:locale\" content=\"en_US\" \/>\n<meta property=\"og:type\" content=\"article\" \/>\n<meta property=\"og:title\" content=\"Liste de souhaits - LIKE la revue\" \/>\n<meta property=\"og:url\" content=\"https:\/\/www.touslesjourscurieux.fr\/en\/liste-de-souhaits\/\" \/>\n<meta property=\"og:site_name\" content=\"LIKE la revue\" \/>\n<meta property=\"article:publisher\" content=\"https:\/\/www.facebook.com\/Touslesjourscurieux\" \/>\n<meta name=\"twitter:card\" content=\"summary_large_image\" \/>\n<script type=\"application\/ld+json\" class=\"yoast-schema-graph\">{\"@context\":\"https:\\\/\\\/schema.org\",\"@graph\":[{\"@type\":\"WebPage\",\"@id\":\"https:\\\/\\\/www.touslesjourscurieux.fr\\\/liste-de-souhaits\",\"url\":\"https:\\\/\\\/www.touslesjourscurieux.fr\\\/liste-de-souhaits\",\"name\":\"Liste de souhaits - LIKE la revue\",\"isPartOf\":{\"@id\":\"https:\\\/\\\/www.touslesjourscurieux.fr\\\/#website\"},\"datePublished\":\"2023-02-06T15:47:42+00:00\",\"breadcrumb\":{\"@id\":\"https:\\\/\\\/www.touslesjourscurieux.fr\\\/liste-de-souhaits#breadcrumb\"},\"inLanguage\":\"en-US\",\"potentialAction\":[{\"@type\":\"ReadAction\",\"target\":[\"https:\\\/\\\/www.touslesjourscurieux.fr\\\/liste-de-souhaits\"]}]},{\"@type\":\"BreadcrumbList\",\"@id\":\"https:\\\/\\\/www.touslesjourscurieux.fr\\\/liste-de-souhaits#breadcrumb\",\"itemListElement\":[{\"@type\":\"ListItem\",\"position\":1,\"name\":\"Accueil\",\"item\":\"https:\\\/\\\/www.touslesjourscurieux.fr\\\/\"},{\"@type\":\"ListItem\",\"position\":2,\"name\":\"Liste de souhaits\"}]},{\"@type\":\"WebSite\",\"@id\":\"https:\\\/\\\/www.touslesjourscurieux.fr\\\/#website\",\"url\":\"https:\\\/\\\/www.touslesjourscurieux.fr\\\/\",\"name\":\"LIKE la revue\",\"description\":\"petit format grandes photos\",\"publisher\":{\"@id\":\"https:\\\/\\\/www.touslesjourscurieux.fr\\\/#organization\"},\"potentialAction\":[{\"@type\":\"SearchAction\",\"target\":{\"@type\":\"EntryPoint\",\"urlTemplate\":\"https:\\\/\\\/www.touslesjourscurieux.fr\\\/?s={search_term_string}\"},\"query-input\":{\"@type\":\"PropertyValueSpecification\",\"valueRequired\":true,\"valueName\":\"search_term_string\"}}],\"inLanguage\":\"en-US\"},{\"@type\":\"Organization\",\"@id\":\"https:\\\/\\\/www.touslesjourscurieux.fr\\\/#organization\",\"name\":\"LIKE la revue\",\"url\":\"https:\\\/\\\/www.touslesjourscurieux.fr\\\/\",\"logo\":{\"@type\":\"ImageObject\",\"inLanguage\":\"en-US\",\"@id\":\"https:\\\/\\\/www.touslesjourscurieux.fr\\\/#\\\/schema\\\/logo\\\/image\\\/\",\"url\":\"https:\\\/\\\/i0.wp.com\\\/www.touslesjourscurieux.fr\\\/wp-content\\\/uploads\\\/2024\\\/09\\\/162305199_131399045654938_3947990576801447511_n.jpg?fit=942%2C514&ssl=1\",\"contentUrl\":\"https:\\\/\\\/i0.wp.com\\\/www.touslesjourscurieux.fr\\\/wp-content\\\/uploads\\\/2024\\\/09\\\/162305199_131399045654938_3947990576801447511_n.jpg?fit=942%2C514&ssl=1\",\"width\":942,\"height\":514,\"caption\":\"LIKE la revue\"},\"image\":{\"@id\":\"https:\\\/\\\/www.touslesjourscurieux.fr\\\/#\\\/schema\\\/logo\\\/image\\\/\"},\"sameAs\":[\"https:\\\/\\\/www.facebook.com\\\/Touslesjourscurieux\",\"http:\\\/\\\/instagram.com\\\/likelarevuetouslesjourscurieux\"]}]}<\/script>\n<!-- \/ Yoast SEO plugin. -->","yoast_head_json":{"title":"Liste de souhaits - LIKE la revue","robots":{"index":"index","follow":"follow","max-snippet":"max-snippet:-1","max-image-preview":"max-image-preview:large","max-video-preview":"max-video-preview:-1"},"canonical":"https:\/\/www.touslesjourscurieux.fr\/en\/liste-de-souhaits\/","og_locale":"en_US","og_type":"article","og_title":"Liste de souhaits - LIKE la revue","og_url":"https:\/\/www.touslesjourscurieux.fr\/en\/liste-de-souhaits\/","og_site_name":"LIKE la revue","article_publisher":"https:\/\/www.facebook.com\/Touslesjourscurieux","twitter_card":"summary_large_image","schema":{"@context":"https:\/\/schema.org","@graph":[{"@type":"WebPage","@id":"https:\/\/www.touslesjourscurieux.fr\/liste-de-souhaits","url":"https:\/\/www.touslesjourscurieux.fr\/liste-de-souhaits","name":"Liste de souhaits - LIKE la revue","isPartOf":{"@id":"https:\/\/www.touslesjourscurieux.fr\/#website"},"datePublished":"2023-02-06T15:47:42+00:00","breadcrumb":{"@id":"https:\/\/www.touslesjourscurieux.fr\/liste-de-souhaits#breadcrumb"},"inLanguage":"en-US","potentialAction":[{"@type":"ReadAction","target":["https:\/\/www.touslesjourscurieux.fr\/liste-de-souhaits"]}]},{"@type":"BreadcrumbList","@id":"https:\/\/www.touslesjourscurieux.fr\/liste-de-souhaits#breadcrumb","itemListElement":[{"@type":"ListItem","position":1,"name":"Accueil","item":"https:\/\/www.touslesjourscurieux.fr\/"},{"@type":"ListItem","position":2,"name":"Liste de souhaits"}]},{"@type":"WebSite","@id":"https:\/\/www.touslesjourscurieux.fr\/#website","url":"https:\/\/www.touslesjourscurieux.fr\/","name":"LIKE la revue","description":"petit format grandes photos","publisher":{"@id":"https:\/\/www.touslesjourscurieux.fr\/#organization"},"potentialAction":[{"@type":"SearchAction","target":{"@type":"EntryPoint","urlTemplate":"https:\/\/www.touslesjourscurieux.fr\/?s={search_term_string}"},"query-input":{"@type":"PropertyValueSpecification","valueRequired":true,"valueName":"search_term_string"}}],"inLanguage":"en-US"},{"@type":"Organization","@id":"https:\/\/www.touslesjourscurieux.fr\/#organization","name":"LIKE la revue","url":"https:\/\/www.touslesjourscurieux.fr\/","logo":{"@type":"ImageObject","inLanguage":"en-US","@id":"https:\/\/www.touslesjourscurieux.fr\/#\/schema\/logo\/image\/","url":"https:\/\/i0.wp.com\/www.touslesjourscurieux.fr\/wp-content\/uploads\/2024\/09\/162305199_131399045654938_3947990576801447511_n.jpg?fit=942%2C514&ssl=1","contentUrl":"https:\/\/i0.wp.com\/www.touslesjourscurieux.fr\/wp-content\/uploads\/2024\/09\/162305199_131399045654938_3947990576801447511_n.jpg?fit=942%2C514&ssl=1","width":942,"height":514,"caption":"LIKE la revue"},"image":{"@id":"https:\/\/www.touslesjourscurieux.fr\/#\/schema\/logo\/image\/"},"sameAs":["https:\/\/www.facebook.com\/Touslesjourscurieux","http:\/\/instagram.com\/likelarevuetouslesjourscurieux"]}]}},"jetpack_sharing_enabled":true,"_links":{"self":[{"href":"https:\/\/www.touslesjourscurieux.fr\/en\/wp-json\/wp\/v2\/pages\/115","targetHints":{"allow":["GET"]}}],"collection":[{"href":"https:\/\/www.touslesjourscurieux.fr\/en\/wp-json\/wp\/v2\/pages"}],"about":[{"href":"https:\/\/www.touslesjourscurieux.fr\/en\/wp-json\/wp\/v2\/types\/page"}],"author":[{"embeddable":true,"href":"https:\/\/www.touslesjourscurieux.fr\/en\/wp-json\/wp\/v2\/users\/1"}],"replies":[{"embeddable":true,"href":"https:\/\/www.touslesjourscurieux.fr\/en\/wp-json\/wp\/v2\/comments?post=115"}],"version-history":[{"count":0,"href":"https:\/\/www.touslesjourscurieux.fr\/en\/wp-json\/wp\/v2\/pages\/115\/revisions"}],"wp:attachment":[{"href":"https:\/\/www.touslesjourscurieux.fr\/en\/wp-json\/wp\/v2\/media?parent=115"}],"curies":[{"name":"wp","href":"https:\/\/api.w.org\/{rel}","templated":true}]}}